{"id":8887,"date":"2023-02-10T14:22:49","date_gmt":"2023-02-10T14:22:49","guid":{"rendered":"https:\/\/starlediluminacion.com\/?post_type=product&#038;p=8887"},"modified":"2023-02-10T14:22:49","modified_gmt":"2023-02-10T14:22:49","slug":"ventilador-led-de-techo-nerhea-38w-cct-132cm","status":"publish","type":"product","link":"https:\/\/starlediluminacion.com\/fr\/product\/ceiling-led-fan-nerhea-38w-cct-132cm\/","title":{"rendered":"<p>NERHEA Ventilateur de plafond LED - 38W - CCT -132cm<\/p>"},"content":{"rendered":"<h1>NERHEA Ventilateur de plafond \u00e0 LED - 38W - CCT - IP20<p>Ventilateur&nbsp;<strong>137cm<\/strong>&nbsp;et moteur \u00e0 courant continu et finition nickel mat. Grande taille avec une hauteur ajust\u00e9e, pour les plafonds peu \u00e9lev\u00e9s. Gr\u00e2ce \u00e0 son moteur \u00e0 courant continu, il assure une ventilation ad\u00e9quate avec un minimum de bruit et de consommation d'\u00e9nergie. Permet de s\u00e9lectionner&nbsp;<strong>3<\/strong>&nbsp;diff\u00e9rentes teintes claires, chaudes, neutres et froides, ce qui permet de l'adapter \u00e0 diff\u00e9rents usages en fonction des besoins du client. Lames en&nbsp;<strong>ABS<\/strong>&nbsp;de couleur marron clair. Fonction \u00e9t\u00e9\/hiver et fonction retard.<\/p><p>Gr\u00e2ce \u00e0 son&nbsp;<strong>Syst\u00e8me d'inversion<\/strong>le ventilateur a&nbsp;<strong>deux fonctions<\/strong>option&nbsp;<strong>\u00e9t\u00e9\/hiver<\/strong>Dans ce mode, le moteur inverse la rotation des pales pour dissiper l'air chaud en \u00e9t\u00e9 et r\u00e9partir uniform\u00e9ment l'air chaud du chauffage en hiver, ce qui am\u00e9liore la sensation thermique et optimise le fonctionnement du chauffage.<\/p><p>Les&nbsp;<strong>lumi\u00e8re<\/strong>&nbsp;comprend la technologie&nbsp;<strong>TDC<\/strong>Vous pouvez maintenant s\u00e9lectionner la couleur blanche entre lumi\u00e8re chaude et lumi\u00e8re vive.&nbsp;<strong>3000K<\/strong>lumi\u00e8re naturelle&nbsp;<strong>4000K<\/strong>lumi\u00e8re froide&nbsp;<strong>6000K<\/strong>.<\/p><p>Tous nos ventilateurs utilisent les meilleures technologies pour des performances optimales. Votre&nbsp;<strong>syst\u00e8me silencieux<\/strong>&nbsp;le fait fonctionner sans provoquer de bruits d\u00e9sagr\u00e9ables dans l'environnement.<\/p><p>&nbsp;<\/p><h2>\nUtilisations du ventilateur de plafond \u00e0 LED NERHEA - 38W - CCT - IP20<\/h2><ul>\n<li>Salons<\/li>\n<li>Bureaux<\/li>\n<li>Chambres<\/li>\n<li>Cuisines<\/li>\n<li>Porches<\/li>\n<li>Salles d'attente<\/li>\n<li>Restaurants<\/li>\n<\/ul><h3 class=\"page-product-heading\">DONN\u00c9ES TECHNIQUES<\/h3><div class=\"col-xs-12 col-md-6\">\n<table class=\"table table-data-sheet 1\">\n<tbody>\n<tr class=\"odd\">\n<td valign=\"middle\" width=\"32\"><\/td>\n<td valign=\"middle\">REFERENCE :<\/td>\n<td valign=\"middle\">SLVT13738WCCT<\/td>\n<\/tr>\n<tr class=\"even\">\n<td valign=\"middle\" width=\"32\"><\/td>\n<td valign=\"middle\">Puissance nominale :<\/td>\n<td valign=\"middle\">38W<\/td>\n<\/tr>\n<tr class=\"odd\">\n<td valign=\"middle\" width=\"32\"><\/td>\n<td valign=\"middle\">Tension nominale :<\/td>\n<td valign=\"middle\">220-240 V<\/td>\n<\/tr>\n<tr class=\"even\">\n<td valign=\"middle\" width=\"32\"><\/td>\n<td valign=\"middle\">Temp\u00e9rature de la lumi\u00e8re :<\/td>\n<td valign=\"middle\">3000K - 4000K - 6000K<\/td>\n<\/tr>\n<tr class=\"odd\">\n<td valign=\"middle\" width=\"32\"><\/td>\n<td valign=\"middle\">CRI - Indice de rendu des couleurs :<\/td>\n<td valign=\"middle\">80<\/td>\n<\/tr>\n<tr class=\"even\">\n<td valign=\"middle\" width=\"32\"><\/td>\n<td valign=\"middle\">Luminosit\u00e9-Lm :<\/td>\n<td valign=\"middle\">1600Lm<\/td>\n<\/tr>\n<tr class=\"odd\">\n<td valign=\"middle\" width=\"32\"><\/td>\n<td valign=\"middle\">Angle d'ouverture (\u00ba) :<\/td>\n<td valign=\"middle\">180\u00ba<\/td>\n<\/tr>\n<tr class=\"even\">\n<td valign=\"middle\" width=\"32\"><\/td>\n<td valign=\"middle\">Certificats :<\/td>\n<td valign=\"middle\">CE - ROHS<\/td>\n<\/tr>\n<tr class=\"odd\">\n<td valign=\"middle\" width=\"32\"><\/td>\n<td valign=\"middle\">Indice de protection IP :<\/td>\n<td valign=\"middle\">IP20<\/td>\n<\/tr>\n<tr class=\"even\">\n<td valign=\"middle\" width=\"32\"><\/td>\n<td valign=\"middle\">Dur\u00e9e de vie estim\u00e9e de la diode LED (H) :<\/td>\n<td valign=\"middle\">35.000<\/td>\n<\/tr>\n<tr class=\"odd\">\n<td valign=\"middle\" width=\"32\"><\/td>\n<td valign=\"middle\">Fr\u00e9quence de travail (Hz) :<\/td>\n<td valign=\"middle\">50\/60Hz<\/td>\n<\/tr>\n<tr class=\"even\">\n<td valign=\"middle\" width=\"32\"><\/td>\n<td valign=\"middle\">Cycles d'allumage :<\/td>\n<td valign=\"middle\">100.000<\/td>\n<\/tr>\n<tr class=\"odd\">\n<td valign=\"middle\" width=\"32\"><\/td>\n<td valign=\"middle\">Classe \u00e9nerg\u00e9tique (2023 - EU-2019\/2015) :<\/td>\n<td valign=\"middle\">F<\/td>\n<\/tr>\n<\/tbody>\n<\/table>\n<\/div><div class=\"col-xs-12 col-md-6 2\">\n<table class=\"table table-data-sheet 2\">\n<tbody>\n<tr class=\"odd\">\n<td valign=\"middle\" width=\"32\"><\/td>\n<td valign=\"middle\">Ann\u00e9es de garantie :<\/td>\n<td valign=\"middle\">3<\/td>\n<\/tr>\n<tr class=\"even\">\n<td valign=\"middle\" width=\"32\"><\/td>\n<td valign=\"middle\">Couleur de la carrosserie :<\/td>\n<td valign=\"middle\">Nickel<\/td>\n<\/tr>\n<tr class=\"odd\">\n<td valign=\"middle\" width=\"32\"><\/td>\n<td valign=\"middle\">Finition :<\/td>\n<td valign=\"middle\">Luminosit\u00e9<\/td>\n<\/tr>\n<tr class=\"even\">\n<td valign=\"middle\" width=\"32\"><\/td>\n<td valign=\"middle\">Couleur des lames :<\/td>\n<td valign=\"middle\">Blanc \/ Bois<\/td>\n<\/tr>\n<tr class=\"odd\">\n<td valign=\"middle\" width=\"32\"><\/td>\n<td valign=\"middle\">Mat\u00e9riau de la lame :<\/td>\n<td valign=\"middle\">ABS<\/td>\n<\/tr>\n<tr class=\"even\">\n<td valign=\"middle\" width=\"32\"><\/td>\n<td valign=\"middle\">Nombre de lames :<\/td>\n<td valign=\"middle\">3<\/td>\n<\/tr>\n<tr class=\"odd\">\n<td valign=\"middle\" width=\"32\"><\/td>\n<td valign=\"middle\">Mat\u00e9riau du diffuseur :<\/td>\n<td valign=\"middle\">Acrylique<\/td>\n<\/tr>\n<tr class=\"even\">\n<td valign=\"middle\" width=\"32\"><\/td>\n<td valign=\"middle\">Lames r\u00e9versibles :<\/td>\n<td valign=\"middle\">Oui<\/td>\n<\/tr>\n<tr class=\"odd\">\n<td valign=\"middle\" width=\"32\"><\/td>\n<td valign=\"middle\">Type de moteur :<\/td>\n<td valign=\"middle\">DC<\/td>\n<\/tr>\n<tr class=\"even\">\n<td valign=\"middle\" width=\"32\"><\/td>\n<td valign=\"middle\">Mode \u00e9t\u00e9 \/ hiver :<\/td>\n<td valign=\"middle\">Oui<\/td>\n<\/tr>\n<tr class=\"odd\">\n<td valign=\"middle\" width=\"32\"><\/td>\n<td valign=\"middle\">Pente maximale du toit :<\/td>\n<td valign=\"middle\">15\u00ba<\/td>\n<\/tr>\n<tr class=\"even\">\n<td valign=\"middle\" width=\"32\"><\/td>\n<td valign=\"middle\">Installation :<\/td>\n<td valign=\"middle\">Une tige de selle<\/td>\n<\/tr>\n<tr class=\"odd\">\n<td valign=\"middle\" width=\"32\"><\/td>\n<td valign=\"middle\">Volume :<\/td>\n<td valign=\"middle\">0.0329m3<\/td>\n<\/tr>\n<\/tbody>\n<\/table>\n<\/div><\/h1>","protected":false},"excerpt":{"rendered":"<p><strong><label>R\u00c9F\u00c9RENCE : SLVT13738WCCT<\/label><\/strong><p><strong>Ventilateur 137cm<\/strong>&nbsp;et moteur \u00e0 courant continu et finition&nbsp;<strong>nickel<\/strong>&nbsp;mat. Grande taille avec une faible hauteur, pour les plafonds peu \u00e9lev\u00e9s.<\/p><p>R\u00e9duisez la temp\u00e9rature de la pi\u00e8ce gr\u00e2ce \u00e0 l'air frais de nos ventilateurs tout en \u00e9conomisant sur votre facture d'\u00e9lectricit\u00e9 gr\u00e2ce \u00e0 l'\u00e9clairage LED.<\/p><div class=\"col-md-12\"><i class=\"fa fa-truck\"><\/i>&nbsp;<span class=\"text-muted textprop\">Livraison dans les 24\/48 heures<\/span><\/div><div class=\"col-md-12\"><i class=\"fa fa-exchange\"><\/i>&nbsp;<span class=\"text-muted textprop\">Garantie assur\u00e9e<\/span><\/div><div class=\"col-md-12\"><i class=\"fa fa-box\"><\/i>&nbsp;<span class=\"text-muted textprop\">1 unit\u00e9(s) par bo\u00eete \u00e0 outils<\/span><\/div><\/p>","protected":false},"featured_media":8892,"template":"","meta":{"site-sidebar-layout":"default","site-content-layout":"default","ast-global-header-display":"","ast-main-header-display":"","ast-hfb-above-header-display":"","ast-hfb-below-header-display":"","ast-hfb-mobile-header-display":"","site-post-title":"","ast-breadcrumbs-content":"","ast-featured-img":"","footer-sml-layout":"","theme-transparent-header-meta":"default","adv-header-id-meta":"","stick-header-meta":"","header-above-stick-meta":"","header-main-stick-meta":"","header-below-stick-meta":""},"product_cat":[36,67],"product_tag":[],"class_list":["post-8887","product","type-product","status-publish","has-post-thumbnail","hentry","product_cat-apliques-led-y-decoracion","product_cat-ventiladores-techo-led"],"_links":{"self":[{"href":"https:\/\/starlediluminacion.com\/fr\/wp-json\/wp\/v3\/product\/8887","targetHints":{"allow":["GET"]}}],"collection":[{"href":"https:\/\/starlediluminacion.com\/fr\/wp-json\/wp\/v3\/product"}],"about":[{"href":"https:\/\/starlediluminacion.com\/fr\/wp-json\/wp\/v2\/types\/product"}],"wp:featuredmedia":[{"embeddable":true,"href":"https:\/\/starlediluminacion.com\/fr\/wp-json\/wp\/v2\/media\/8892"}],"wp:attachment":[{"href":"https:\/\/starlediluminacion.com\/fr\/wp-json\/wp\/v2\/media?parent=8887"}],"wp:term":[{"taxonomy":"product_cat","embeddable":true,"href":"https:\/\/starlediluminacion.com\/fr\/wp-json\/wp\/v2\/product_cat?post=8887"},{"taxonomy":"product_tag","embeddable":true,"href":"https:\/\/starlediluminacion.com\/fr\/wp-json\/wp\/v2\/product_tag?post=8887"}],"curies":[{"name":"wp","href":"https:\/\/api.w.org\/{rel}","templated":true}]}}