{"id":8882,"date":"2023-02-10T14:17:55","date_gmt":"2023-02-10T14:17:55","guid":{"rendered":"https:\/\/starlediluminacion.com\/?post_type=product&#038;p=8882"},"modified":"2023-02-10T14:17:55","modified_gmt":"2023-02-10T14:17:55","slug":"ventilador-led-de-techo-mustang-76w-3000k-127cm","status":"publish","type":"product","link":"https:\/\/starlediluminacion.com\/fr\/product\/ventilador-led-de-techo-mustang-76w-3000k-127cm\/","title":{"rendered":"<p>Ventilateur de plafond LED MUSTANG - 76W - 3000K -127cm<\/p>"},"content":{"rendered":"<h1>Ventilateur de plafond \u00e0 LED MUSTANG - 76W - 3000K - IP20<p><strong>Ventilateur<\/strong>&nbsp;avec&nbsp;<strong>Moteur \u00e0 courant alternatif<\/strong>&nbsp;y&nbsp;<strong>127cm<\/strong>&nbsp;de diam\u00e8tre, avec un corps m\u00e9tallique et des lames en&nbsp;<strong>ABS<\/strong>&nbsp;Le moteur est inclus dans une enveloppe blanche. Comprend&nbsp;<strong>deux<\/strong>&nbsp;les poteaux d'installation et&nbsp;<strong>minuterie<\/strong>&nbsp;sur le contr\u00f4le.<\/p><p>Gr\u00e2ce \u00e0 son&nbsp;<strong>Syst\u00e8me d'inversion<\/strong>le ventilateur a&nbsp;<strong>deux fonctions<\/strong>option&nbsp;<strong>\u00e9t\u00e9\/hiver<\/strong>Dans ce mode, le moteur inverse la rotation des pales pour dissiper l'air chaud en \u00e9t\u00e9 et r\u00e9partir uniform\u00e9ment l'air chaud du chauffage en hiver, ce qui am\u00e9liore la sensation thermique et optimise le fonctionnement du chauffage.<\/p><p>Tous nos ventilateurs utilisent les meilleures technologies pour des performances optimales. Votre&nbsp;<strong>syst\u00e8me silencieux<\/strong>&nbsp;le fait fonctionner sans provoquer de bruits d\u00e9sagr\u00e9ables dans l'environnement.<\/p><p>&nbsp;<\/p><h2>\nUtilisations du plafonnier LED MUSTANG - 76W - 3000K - IP20<\/h2><ul>\n<li>Salons<\/li>\n<li>Bureaux<\/li>\n<li>Chambres<\/li>\n<li>Cuisines<\/li>\n<li>Porches<\/li>\n<li>Salles d'attente<\/li>\n<li>Restaurants<\/li>\n<\/ul><h3 class=\"page-product-heading\">DONN\u00c9ES TECHNIQUES<\/h3><div class=\"col-xs-12 col-md-6\">\n<table class=\"table table-data-sheet 1\">\n<tbody>\n<tr class=\"odd\">\n<td valign=\"middle\" width=\"32\"><\/td>\n<td valign=\"middle\">REFERENCE :<\/td>\n<td valign=\"middle\">SLVT12776W3K<\/td>\n<\/tr>\n<tr class=\"even\">\n<td valign=\"middle\" width=\"32\"><\/td>\n<td valign=\"middle\">Puissance nominale :<\/td>\n<td valign=\"middle\">18w<\/td>\n<\/tr>\n<tr class=\"odd\">\n<td valign=\"middle\" width=\"32\"><\/td>\n<td valign=\"middle\">Tension nominale :<\/td>\n<td valign=\"middle\">220-240V<\/td>\n<\/tr>\n<tr class=\"even\">\n<td valign=\"middle\" width=\"32\"><\/td>\n<td valign=\"middle\">Temp\u00e9rature de la lumi\u00e8re :<\/td>\n<td valign=\"middle\">3000K<\/td>\n<\/tr>\n<tr class=\"odd\">\n<td valign=\"middle\" width=\"32\"><\/td>\n<td valign=\"middle\">CRI - Indice de rendu des couleurs :<\/td>\n<td valign=\"middle\">80<\/td>\n<\/tr>\n<tr class=\"even\">\n<td valign=\"middle\" width=\"32\"><\/td>\n<td valign=\"middle\">Luminosit\u00e9-Lm :<\/td>\n<td valign=\"middle\">1600<\/td>\n<\/tr>\n<tr class=\"odd\">\n<td valign=\"middle\" width=\"32\"><\/td>\n<td valign=\"middle\">Angle d'ouverture (\u00ba) :<\/td>\n<td valign=\"middle\">180\u00ba<\/td>\n<\/tr>\n<tr class=\"even\">\n<td valign=\"middle\" width=\"32\"><\/td>\n<td valign=\"middle\">Certificats :<\/td>\n<td valign=\"middle\">CE - ROHS<\/td>\n<\/tr>\n<tr class=\"odd\">\n<td valign=\"middle\" width=\"32\"><\/td>\n<td valign=\"middle\">Indice de protection IP :<\/td>\n<td valign=\"middle\">IP20<\/td>\n<\/tr>\n<tr class=\"even\">\n<td valign=\"middle\" width=\"32\"><\/td>\n<td valign=\"middle\">Classe \u00e9nerg\u00e9tique (2023 - EU-2019\/2015) :<\/td>\n<td valign=\"middle\">F<\/td>\n<\/tr>\n<tr class=\"odd\">\n<td valign=\"middle\" width=\"32\"><\/td>\n<td valign=\"middle\">Ann\u00e9es de garantie :<\/td>\n<td valign=\"middle\">3<\/td>\n<\/tr>\n<tr class=\"even\">\n<td valign=\"middle\" width=\"32\"><\/td>\n<td valign=\"middle\">Couleur de la carrosserie :<\/td>\n<td valign=\"middle\">Blanc<\/td>\n<\/tr>\n<\/tbody>\n<\/table>\n<\/div><div class=\"col-xs-12 col-md-6 2\">\n<table class=\"table table-data-sheet 2\">\n<tbody>\n<tr class=\"odd\">\n<td valign=\"middle\" width=\"32\"><\/td>\n<td valign=\"middle\">Finition :<\/td>\n<td valign=\"middle\">Luminosit\u00e9<\/td>\n<\/tr>\n<tr class=\"even\">\n<td valign=\"middle\" width=\"32\"><\/td>\n<td valign=\"middle\">Couleur des lames :<\/td>\n<td valign=\"middle\">Blanc<\/td>\n<\/tr>\n<tr class=\"odd\">\n<td valign=\"middle\" width=\"32\"><\/td>\n<td valign=\"middle\">Mat\u00e9riau de la lame :<\/td>\n<td valign=\"middle\">ABS<\/td>\n<\/tr>\n<tr class=\"even\">\n<td valign=\"middle\" width=\"32\"><\/td>\n<td valign=\"middle\">Mat\u00e9riau du corps :<\/td>\n<td valign=\"middle\">M\u00e9tal<\/td>\n<\/tr>\n<tr class=\"odd\">\n<td valign=\"middle\" width=\"32\"><\/td>\n<td valign=\"middle\">Nombre de lames :<\/td>\n<td valign=\"middle\">3<\/td>\n<\/tr>\n<tr class=\"even\">\n<td valign=\"middle\" width=\"32\"><\/td>\n<td valign=\"middle\">Mat\u00e9riau du diffuseur :<\/td>\n<td valign=\"middle\">Acrylique<\/td>\n<\/tr>\n<tr class=\"odd\">\n<td valign=\"middle\" width=\"32\"><\/td>\n<td valign=\"middle\">Type de moteur :<\/td>\n<td valign=\"middle\">AC<\/td>\n<\/tr>\n<tr class=\"even\">\n<td valign=\"middle\" width=\"32\"><\/td>\n<td valign=\"middle\">Pente maximale du toit :<\/td>\n<td valign=\"middle\">15\u00ba<\/td>\n<\/tr>\n<tr class=\"odd\">\n<td valign=\"middle\" width=\"32\"><\/td>\n<td valign=\"middle\">Installation :<\/td>\n<td valign=\"middle\">Deux tiges de selle<\/td>\n<\/tr>\n<tr class=\"even\">\n<td valign=\"middle\" width=\"32\"><\/td>\n<td valign=\"middle\">Volume :<\/td>\n<td valign=\"middle\">0.0709m3<\/td>\n<\/tr>\n<tr class=\"odd\">\n<td valign=\"middle\" width=\"32\"><\/td>\n<td valign=\"middle\">Source lumineuse :<\/td>\n<td valign=\"middle\">LED<\/td>\n<\/tr>\n<\/tbody>\n<\/table>\n<p>&nbsp;<\/p>\n<\/div><\/h1>","protected":false},"excerpt":{"rendered":"<p><strong><label>R\u00c9F\u00c9RENCE : SLVT12776W3K<\/label><\/strong><p><strong>Ventilateur<\/strong>&nbsp;avec&nbsp;<strong>Moteur \u00e0 courant alternatif<\/strong>&nbsp;y&nbsp;<strong>127cm<\/strong>&nbsp;de diam\u00e8tre, avec un corps m\u00e9tallique et des lames en&nbsp;<strong>ABS<\/strong>&nbsp;Le moteur est inclus dans une enveloppe blanche. Comprend&nbsp;<strong>deux<\/strong>&nbsp;les poteaux d'installation et&nbsp;<strong>minuterie<\/strong>&nbsp;sur le contr\u00f4le.<\/p><p>R\u00e9duisez la temp\u00e9rature de la pi\u00e8ce gr\u00e2ce \u00e0 l'air frais de nos ventilateurs tout en \u00e9conomisant sur votre facture d'\u00e9lectricit\u00e9 gr\u00e2ce \u00e0 l'\u00e9clairage LED.<\/p><div class=\"col-md-12\"><i class=\"fa fa-truck\"><\/i>&nbsp;<span class=\"text-muted textprop\">Livraison dans les 24\/48 heures<\/span><\/div><div class=\"col-md-12\"><i class=\"fa fa-exchange\"><\/i>&nbsp;<span class=\"text-muted textprop\">Garantie assur\u00e9e<\/span><\/div><div class=\"col-md-12\"><i class=\"fa fa-box\"><\/i>&nbsp;<span class=\"text-muted textprop\">1 unit\u00e9(s) par bo\u00eete \u00e0 outils<\/span><\/div><\/p>","protected":false},"featured_media":8886,"template":"","meta":{"site-sidebar-layout":"default","site-content-layout":"default","ast-global-header-display":"","ast-main-header-display":"","ast-hfb-above-header-display":"","ast-hfb-below-header-display":"","ast-hfb-mobile-header-display":"","site-post-title":"","ast-breadcrumbs-content":"","ast-featured-img":"","footer-sml-layout":"","theme-transparent-header-meta":"default","adv-header-id-meta":"","stick-header-meta":"","header-above-stick-meta":"","header-main-stick-meta":"","header-below-stick-meta":""},"product_cat":[36,67],"product_tag":[],"class_list":["post-8882","product","type-product","status-publish","has-post-thumbnail","hentry","product_cat-apliques-led-y-decoracion","product_cat-ventiladores-techo-led"],"_links":{"self":[{"href":"https:\/\/starlediluminacion.com\/fr\/wp-json\/wp\/v3\/product\/8882","targetHints":{"allow":["GET"]}}],"collection":[{"href":"https:\/\/starlediluminacion.com\/fr\/wp-json\/wp\/v3\/product"}],"about":[{"href":"https:\/\/starlediluminacion.com\/fr\/wp-json\/wp\/v2\/types\/product"}],"wp:featuredmedia":[{"embeddable":true,"href":"https:\/\/starlediluminacion.com\/fr\/wp-json\/wp\/v2\/media\/8886"}],"wp:attachment":[{"href":"https:\/\/starlediluminacion.com\/fr\/wp-json\/wp\/v2\/media?parent=8882"}],"wp:term":[{"taxonomy":"product_cat","embeddable":true,"href":"https:\/\/starlediluminacion.com\/fr\/wp-json\/wp\/v2\/product_cat?post=8882"},{"taxonomy":"product_tag","embeddable":true,"href":"https:\/\/starlediluminacion.com\/fr\/wp-json\/wp\/v2\/product_tag?post=8882"}],"curies":[{"name":"wp","href":"https:\/\/api.w.org\/{rel}","templated":true}]}}