{"id":8868,"date":"2023-02-10T14:10:45","date_gmt":"2023-02-10T14:10:45","guid":{"rendered":"https:\/\/starlediluminacion.com\/?post_type=product&#038;p=8868"},"modified":"2023-02-10T14:10:45","modified_gmt":"2023-02-10T14:10:45","slug":"ventilador-led-de-techo-tico-37w-cct-92cm","status":"publish","type":"product","link":"https:\/\/starlediluminacion.com\/fr\/product\/ventilateur-de-plafond-led-fan-37w-cct-92cm\/","title":{"rendered":"<p>Ventilateur de plafond \u00e0 LED TICO - 37W CCT - 92cm<\/p>"},"content":{"rendered":"<h1>Ventilateur de plafond \u00e0 LED TICO - 18W CCT - IP20<p><strong>Ventilateur LED<\/strong>&nbsp;<strong>92cm<\/strong>&nbsp;de&nbsp;<strong>diam\u00e8tre<\/strong>avec finition du corps en blanc et<strong>&nbsp;quatre lames r\u00e9versibles<\/strong>&nbsp;inclus : blanc et pin lav\u00e9. Avec&nbsp;<strong>verre<\/strong>&nbsp;opale. Il est activ\u00e9 au moyen de deux cha\u00eenes avec une poign\u00e9e d\u00e9corative. Il peut \u00eatre mont\u00e9 \u00e0 deux hauteurs diff\u00e9rentes, l'une avec une tige et l'autre directement sur le moteur. Fonction \u00e9t\u00e9\/hiver.<\/p><p>Il est activ\u00e9 par deux cha\u00eenes avec une poign\u00e9e d\u00e9corative et peut \u00eatre mont\u00e9 \u00e0 deux hauteurs, l'une avec une tige de si\u00e8ge et l'autre directement sur le moteur. Gr\u00e2ce \u00e0 son&nbsp;<strong>Syst\u00e8me d'inversion<\/strong>le ventilateur a&nbsp;<strong>deux fonctions<\/strong>option&nbsp;<strong>\u00e9t\u00e9\/hiver<\/strong>Dans ce mode, le moteur inverse la rotation des pales pour dissiper l'air chaud en \u00e9t\u00e9 et r\u00e9partir uniform\u00e9ment l'air chaud du chauffage en hiver, ce qui am\u00e9liore la sensation thermique et optimise le fonctionnement du chauffage.<\/p><p>Les&nbsp;<strong>lumi\u00e8re<\/strong>&nbsp;comprend la technologie&nbsp;<strong>TDC<\/strong>Vous pouvez maintenant s\u00e9lectionner la couleur blanche entre lumi\u00e8re chaude et lumi\u00e8re vive.&nbsp;<strong>3000K<\/strong>lumi\u00e8re naturelle&nbsp;<strong>4000K<\/strong>lumi\u00e8re froide&nbsp;<strong>6000K<\/strong>.<\/p><p>Tous nos ventilateurs utilisent les meilleures technologies pour des performances optimales. Votre&nbsp;<strong>syst\u00e8me silencieux<\/strong>&nbsp;le fait fonctionner sans provoquer de bruits d\u00e9sagr\u00e9ables dans l'environnement.<\/p><h3 class=\"page-product-heading\">DONN\u00c9ES TECHNIQUES<\/h3><div class=\"col-xs-12 col-md-6\">\n<table class=\"table table-data-sheet 1\">\n<tbody>\n<tr class=\"odd\">\n<td valign=\"middle\" width=\"32\"><\/td>\n<td valign=\"middle\">REFERENCE :<\/td>\n<td valign=\"middle\">SLVT9212WCCT<\/td>\n<\/tr>\n<tr class=\"even\">\n<td valign=\"middle\" width=\"32\"><\/td>\n<td valign=\"middle\">Puissance nominale :<\/td>\n<td valign=\"middle\">12w<\/td>\n<\/tr>\n<tr class=\"odd\">\n<td valign=\"middle\" width=\"32\"><\/td>\n<td valign=\"middle\">Tension nominale :<\/td>\n<td valign=\"middle\">220V-240V<\/td>\n<\/tr>\n<tr class=\"even\">\n<td valign=\"middle\" width=\"32\"><\/td>\n<td valign=\"middle\">Temp\u00e9rature de la lumi\u00e8re :<\/td>\n<td valign=\"middle\">COULEUR S\u00c9LECTIONNABLE : 3000K-4000K-6000K<\/td>\n<\/tr>\n<tr class=\"odd\">\n<td valign=\"middle\" width=\"32\"><\/td>\n<td valign=\"middle\">CRI - Indice de rendu des couleurs :<\/td>\n<td valign=\"middle\">80<\/td>\n<\/tr>\n<tr class=\"even\">\n<td valign=\"middle\" width=\"32\"><\/td>\n<td valign=\"middle\">Luminosit\u00e9-Lm :<\/td>\n<td valign=\"middle\">950Lm<\/td>\n<\/tr>\n<tr class=\"odd\">\n<td valign=\"middle\" width=\"32\"><\/td>\n<td valign=\"middle\">Angle d'ouverture (\u00ba) :<\/td>\n<td valign=\"middle\">120\u00ba<\/td>\n<\/tr>\n<tr class=\"even\">\n<td valign=\"middle\" width=\"32\"><\/td>\n<td valign=\"middle\">Certificats :<\/td>\n<td valign=\"middle\">CE - ROHS<\/td>\n<\/tr>\n<tr class=\"odd\">\n<td valign=\"middle\" width=\"32\"><\/td>\n<td valign=\"middle\">Indice de protection IP :<\/td>\n<td valign=\"middle\">IP20<\/td>\n<\/tr>\n<tr class=\"even\">\n<td valign=\"middle\" width=\"32\"><\/td>\n<td valign=\"middle\">Dimensions (mm) :<\/td>\n<td valign=\"middle\">\u00d8920\u00d7390 mm<\/td>\n<\/tr>\n<tr class=\"odd\">\n<td valign=\"middle\" width=\"32\"><\/td>\n<td valign=\"middle\">Cycles d'allumage :<\/td>\n<td valign=\"middle\">100.000<\/td>\n<\/tr>\n<tr class=\"even\">\n<td valign=\"middle\" width=\"32\"><\/td>\n<td valign=\"middle\">Ann\u00e9es de garantie :<\/td>\n<td valign=\"middle\">3<\/td>\n<\/tr>\n<tr class=\"odd\">\n<td valign=\"middle\" width=\"32\"><\/td>\n<td valign=\"middle\">Style :<\/td>\n<td valign=\"middle\">Moderne<\/td>\n<\/tr>\n<tr class=\"even\">\n<td valign=\"middle\" width=\"32\"><\/td>\n<td valign=\"middle\">Couleur de la carrosserie :<\/td>\n<td valign=\"middle\">Blanc<\/td>\n<\/tr>\n<tr class=\"odd\">\n<td valign=\"middle\" width=\"32\"><\/td>\n<td valign=\"middle\">Finition :<\/td>\n<td valign=\"middle\">Compagnon<\/td>\n<\/tr>\n<tr class=\"even\">\n<td valign=\"middle\" width=\"32\"><\/td>\n<td valign=\"middle\">Couleur des lames :<\/td>\n<td valign=\"middle\">Blanc\/Bois<\/td>\n<\/tr>\n<\/tbody>\n<\/table>\n<\/div><div class=\"col-xs-12 col-md-6 2\">\n<table class=\"table table-data-sheet 2\">\n<tbody>\n<tr class=\"odd\">\n<td valign=\"middle\" width=\"32\"><\/td>\n<td valign=\"middle\">Mat\u00e9riau de la lame :<\/td>\n<td valign=\"middle\">Contreplaqu\u00e9<\/td>\n<\/tr>\n<tr class=\"even\">\n<td valign=\"middle\" width=\"32\"><\/td>\n<td valign=\"middle\">Mat\u00e9riau du corps :<\/td>\n<td valign=\"middle\">Assiette<\/td>\n<\/tr>\n<tr class=\"odd\">\n<td valign=\"middle\" width=\"32\"><\/td>\n<td valign=\"middle\">Nombre de lames :<\/td>\n<td valign=\"middle\">4<\/td>\n<\/tr>\n<tr class=\"even\">\n<td valign=\"middle\" width=\"32\"><\/td>\n<td valign=\"middle\">Mat\u00e9riau du diffuseur :<\/td>\n<td valign=\"middle\">Verre<\/td>\n<\/tr>\n<tr class=\"odd\">\n<td valign=\"middle\" width=\"32\"><\/td>\n<td valign=\"middle\">Type de moteur :<\/td>\n<td valign=\"middle\">DC<\/td>\n<\/tr>\n<tr class=\"even\">\n<td valign=\"middle\" width=\"32\"><\/td>\n<td valign=\"middle\">Mode \u00e9t\u00e9 \/ hiver :<\/td>\n<td valign=\"middle\">Oui<\/td>\n<\/tr>\n<tr class=\"odd\">\n<td valign=\"middle\" width=\"32\"><\/td>\n<td valign=\"middle\">Position de montage :<\/td>\n<td valign=\"middle\">Deux \u00e9chalas<\/td>\n<\/tr>\n<tr class=\"even\">\n<td valign=\"middle\" width=\"32\"><\/td>\n<td valign=\"middle\">Pente maximale du toit :<\/td>\n<td valign=\"middle\">15\u00ba<\/td>\n<\/tr>\n<tr class=\"odd\">\n<td valign=\"middle\" width=\"32\"><\/td>\n<td valign=\"middle\">Installation :<\/td>\n<td valign=\"middle\">2 - 3m<\/td>\n<\/tr>\n<tr class=\"even\">\n<td valign=\"middle\" width=\"32\"><\/td>\n<td valign=\"middle\">Vitesses :<\/td>\n<td valign=\"middle\">5<\/td>\n<\/tr>\n<tr class=\"odd\">\n<td valign=\"middle\" width=\"32\"><\/td>\n<td valign=\"middle\">RPM :<\/td>\n<td valign=\"middle\">95,130,170,205,240<\/td>\n<\/tr>\n<tr class=\"even\">\n<td valign=\"middle\" width=\"32\"><\/td>\n<td valign=\"middle\">D\u00e9bit d'air :<\/td>\n<td valign=\"middle\">4080, 4980, 7080, 7980, 8700 m3\/h<\/td>\n<\/tr>\n<tr class=\"odd\">\n<td valign=\"middle\" width=\"32\"><\/td>\n<td valign=\"middle\">Niveau sonore :<\/td>\n<td valign=\"middle\">38,42,48,50,55 dB<\/td>\n<\/tr>\n<tr class=\"even\">\n<td valign=\"middle\" width=\"32\"><\/td>\n<td valign=\"middle\">Consommation :<\/td>\n<td valign=\"middle\">37w<\/td>\n<\/tr>\n<tr class=\"odd\">\n<td valign=\"middle\" width=\"32\"><\/td>\n<td valign=\"middle\">Bo\u00eetes par article :<\/td>\n<td valign=\"middle\">1<\/td>\n<\/tr>\n<tr class=\"even\">\n<td valign=\"middle\" width=\"32\"><\/td>\n<td valign=\"middle\">Volume :<\/td>\n<td valign=\"middle\">0.0441 m3<\/td>\n<\/tr>\n<\/tbody>\n<\/table>\n<p>&nbsp;<\/p>\n<\/div><\/h1>","protected":false},"excerpt":{"rendered":"<p><strong>R\u00c9F\u00c9RENCE : SLVT9218WCCT<\/strong><p><strong>Ventilateur LED 92cm&nbsp;<\/strong>de<strong>&nbsp;diam\u00e8tre<\/strong>avec finition du corps en blanc et&nbsp;<strong>quatre<\/strong>&nbsp;<strong>lames r\u00e9versibles<\/strong>&nbsp;inclus : blanc et pin lav\u00e9. Avec&nbsp;<strong>verre<\/strong>&nbsp;opale.<\/p><p>R\u00e9duisez la temp\u00e9rature de la pi\u00e8ce gr\u00e2ce \u00e0 l'air frais de nos ventilateurs tout en \u00e9conomisant sur votre facture d'\u00e9lectricit\u00e9 gr\u00e2ce \u00e0 l'\u00e9clairage LED.<\/p><div class=\"col-md-12\"><i class=\"fa fa-truck\"><\/i>&nbsp;<span class=\"text-muted textprop\">Livraison dans les 24\/48 heures<\/span><\/div><div class=\"col-md-12\"><i class=\"fa fa-exchange\"><\/i>&nbsp;<span class=\"text-muted textprop\">Garantie assur\u00e9e<\/span><\/div><div class=\"col-md-12\"><i class=\"fa fa-box\"><\/i>&nbsp;<span class=\"text-muted textprop\">1 unit\u00e9(s) par bo\u00eete \u00e0 outils<\/span><\/div><\/p>","protected":false},"featured_media":8874,"template":"","meta":{"site-sidebar-layout":"default","site-content-layout":"default","ast-global-header-display":"","ast-main-header-display":"","ast-hfb-above-header-display":"","ast-hfb-below-header-display":"","ast-hfb-mobile-header-display":"","site-post-title":"","ast-breadcrumbs-content":"","ast-featured-img":"","footer-sml-layout":"","theme-transparent-header-meta":"default","adv-header-id-meta":"","stick-header-meta":"","header-above-stick-meta":"","header-main-stick-meta":"","header-below-stick-meta":""},"product_cat":[36,67],"product_tag":[],"class_list":["post-8868","product","type-product","status-publish","has-post-thumbnail","hentry","product_cat-apliques-led-y-decoracion","product_cat-ventiladores-techo-led"],"_links":{"self":[{"href":"https:\/\/starlediluminacion.com\/fr\/wp-json\/wp\/v3\/product\/8868","targetHints":{"allow":["GET"]}}],"collection":[{"href":"https:\/\/starlediluminacion.com\/fr\/wp-json\/wp\/v3\/product"}],"about":[{"href":"https:\/\/starlediluminacion.com\/fr\/wp-json\/wp\/v2\/types\/product"}],"wp:featuredmedia":[{"embeddable":true,"href":"https:\/\/starlediluminacion.com\/fr\/wp-json\/wp\/v2\/media\/8874"}],"wp:attachment":[{"href":"https:\/\/starlediluminacion.com\/fr\/wp-json\/wp\/v2\/media?parent=8868"}],"wp:term":[{"taxonomy":"product_cat","embeddable":true,"href":"https:\/\/starlediluminacion.com\/fr\/wp-json\/wp\/v2\/product_cat?post=8868"},{"taxonomy":"product_tag","embeddable":true,"href":"https:\/\/starlediluminacion.com\/fr\/wp-json\/wp\/v2\/product_tag?post=8868"}],"curies":[{"name":"wp","href":"https:\/\/api.w.org\/{rel}","templated":true}]}}