{"id":8677,"date":"2023-02-10T11:38:12","date_gmt":"2023-02-10T11:38:12","guid":{"rendered":"https:\/\/starlediluminacion.com\/?post_type=product&#038;p=8677"},"modified":"2023-07-27T13:39:24","modified_gmt":"2023-07-27T13:39:24","slug":"aplique-techo-led-negro-de-aluminio-para-gu10-led-ip65","status":"publish","type":"product","link":"https:\/\/starlediluminacion.com\/fr\/product\/plafond-mural-led-noir-aluminium-appareil-gu10-led-ip65\/","title":{"rendered":"<p>Plafonnier LED en aluminium noir pour LED GU10 - IP65<\/p>"},"content":{"rendered":"<h1>Plafonnier LED Aluminium noir - Effet double anneau - pour LED GU10<p>Notre&nbsp;<strong>Applique \u00e0 Led&nbsp;<\/strong>de<strong>&nbsp;toit noir&nbsp;<\/strong>est un \u00e9l\u00e9ment de haute qualit\u00e9 d\u00e9corative qui s'adapte \u00e0 tous les styles. Vous obtiendrez un \u00e9clairage chaleureux.<\/p><p>Le luminaire comporte un anneau qui est \u00e9clair\u00e9 par la m\u00eame ampoule, ce qui permet d'obtenir un bel effet de design en diffusant la lumi\u00e8re \u00e0 travers le m\u00eame anneau.  L'effet de l'anneau qui s'allume en m\u00eame temps qu'il \u00e9claire la zone de la lampe \u00e0 incandescence est un bel effet de design.&nbsp;<strong>Ampoule GU10.<\/strong><\/p><p>Remplacement facile de l'ampoule si n\u00e9cessaire.<\/p><p>Les&nbsp;<strong>Plafonnier<\/strong>&nbsp;est fabriqu\u00e9 en aluminium, un mat\u00e9riau de haute qualit\u00e9 qui conf\u00e8re au produit un niveau \u00e9lev\u00e9 de solidit\u00e9, de duret\u00e9 et de consistance. Il peut \u00eatre utilis\u00e9 \u00e0 l'int\u00e9rieur comme \u00e0 l'ext\u00e9rieur (toujours dans des endroits couverts et sans contact avec la pluie). Il est recommand\u00e9 pour toutes les pi\u00e8ces qui requi\u00e8rent un \u00e9clairage d\u00e9coratif et \u00e9l\u00e9gant, avec une lumi\u00e8re indirecte ou une lumi\u00e8re d'accompagnement.<\/p><h2>Uses Plafonnier LED Aluminium noir - Effet double anneau - pour LED GU10<\/h2><ul>\n<li>Murs<\/li>\n<li>Corridors<\/li>\n<li>Chambres<\/li>\n<li>H\u00f4tels<\/li>\n<li>Billets<\/li>\n<li>Porches<\/li>\n<\/ul><p>Avec cette&nbsp;<strong>technologie<\/strong>&nbsp;<strong>dirig\u00e9<\/strong>vous pourrez&nbsp;<strong>sauver<\/strong>&nbsp;beaucoup plus sur votre facture d'\u00e9lectricit\u00e9.<\/p><h3 class=\"page-product-heading\">DONN\u00c9ES TECHNIQUES<\/h3><div class=\"col-xs-12 col-md-6\">\n<table class=\"table table-data-sheet 1\">\n<tbody>\n<tr class=\"odd\">\n<td valign=\"middle\" width=\"32\"><\/td>\n<td valign=\"middle\">REFERENCE :<\/td>\n<td valign=\"middle\">SL90900<\/td>\n<\/tr>\n<tr class=\"even\">\n<td valign=\"middle\" width=\"32\"><\/td>\n<td valign=\"middle\">Mat\u00e9riaux de construction :<\/td>\n<td valign=\"middle\">Aluminium<\/td>\n<\/tr>\n<tr class=\"odd\">\n<td valign=\"middle\" width=\"32\"><\/td>\n<td valign=\"middle\">Douille :<\/td>\n<td valign=\"middle\">GU10<\/td>\n<\/tr>\n<tr class=\"even\">\n<td valign=\"middle\" width=\"32\"><\/td>\n<td valign=\"middle\">Certificats :<\/td>\n<td valign=\"middle\">CE - ROHS<\/td>\n<\/tr>\n<\/tbody>\n<\/table>\n<\/div><div class=\"col-xs-12 col-md-6 2\">\n<table class=\"table table-data-sheet 2\">\n<tbody>\n<tr class=\"odd\">\n<td valign=\"middle\" width=\"32\"><\/td>\n<td valign=\"middle\">Indice de protection IP :<\/td>\n<td valign=\"middle\">IP65-Ext\u00e9rieur<\/td>\n<\/tr>\n<tr class=\"even\">\n<td valign=\"middle\" width=\"32\"><\/td>\n<td valign=\"middle\">Dimensions (mm) :<\/td>\n<td valign=\"middle\">\u00d860mm * H100mm<\/td>\n<\/tr>\n<tr class=\"odd\">\n<td valign=\"middle\" width=\"32\"><\/td>\n<td valign=\"middle\">Protection contre les chocs (IK) :<\/td>\n<td valign=\"middle\">IK06<\/td>\n<\/tr>\n<tr class=\"even\">\n<td valign=\"middle\" width=\"32\"><\/td>\n<td valign=\"middle\">Ann\u00e9es de garantie :<\/td>\n<td valign=\"middle\">3<\/td>\n<\/tr>\n<\/tbody>\n<\/table>\n<p>&nbsp;<\/p>\n<\/div><\/h1>","protected":false},"excerpt":{"rendered":"<p><strong><label>R\u00c9F\u00c9RENCE : SL90900<\/label><\/strong><p>Le pr\u00e9sent&nbsp;<strong>appliquer<\/strong>&nbsp;de&nbsp;<strong>toit noir<\/strong>&nbsp;design en aluminium&nbsp;<strong>cylindrique<\/strong>a un anneau d\u00e9coratif que le m\u00eame&nbsp;<strong>Ampoule GU10<\/strong>&nbsp;La lumi\u00e8re \u00e9claire, ce qui donne l'effet d'un double cerceau qui, en m\u00eame temps qu'il \u00e9claire la zone, vous donne une impression de s\u00e9curit\u00e9.&nbsp;<strong>l'\u00e9clairage<\/strong>&nbsp;Il s'agit d'un lieu chaleureux et accueillant, qui apporte une touche d'\u00e9l\u00e9gance et de modernit\u00e9. (<strong>Ampoule GU10 non incluse<\/strong>)<\/p><div class=\"col-md-12\"><i class=\"fa fa-truck\"><\/i>&nbsp;<span class=\"text-muted textprop\">Livraison dans les 24\/48 heures<\/span><\/div><div class=\"col-md-12\"><i class=\"fa fa-exchange\"><\/i>&nbsp;<span class=\"text-muted textprop\">Garantie assur\u00e9e<\/span><\/div><div class=\"col-md-12\"><i class=\"fa fa-box\"><\/i>&nbsp;<span class=\"text-muted textprop\">20 unit\u00e9(s) par bo\u00eete \u00e0 outils<\/span><\/div><\/p>","protected":false},"featured_media":8678,"template":"","meta":{"site-sidebar-layout":"default","site-content-layout":"default","ast-global-header-display":"","ast-main-header-display":"","ast-hfb-above-header-display":"","ast-hfb-below-header-display":"","ast-hfb-mobile-header-display":"","site-post-title":"","ast-breadcrumbs-content":"","ast-featured-img":"","footer-sml-layout":"","theme-transparent-header-meta":"default","adv-header-id-meta":"","stick-header-meta":"","header-above-stick-meta":"","header-main-stick-meta":"","header-below-stick-meta":""},"product_cat":[64,36],"product_tag":[],"class_list":["post-8677","product","type-product","status-publish","has-post-thumbnail","hentry","product_cat-apliques-led","product_cat-apliques-led-y-decoracion"],"_links":{"self":[{"href":"https:\/\/starlediluminacion.com\/fr\/wp-json\/wp\/v3\/product\/8677","targetHints":{"allow":["GET"]}}],"collection":[{"href":"https:\/\/starlediluminacion.com\/fr\/wp-json\/wp\/v3\/product"}],"about":[{"href":"https:\/\/starlediluminacion.com\/fr\/wp-json\/wp\/v2\/types\/product"}],"wp:featuredmedia":[{"embeddable":true,"href":"https:\/\/starlediluminacion.com\/fr\/wp-json\/wp\/v2\/media\/8678"}],"wp:attachment":[{"href":"https:\/\/starlediluminacion.com\/fr\/wp-json\/wp\/v2\/media?parent=8677"}],"wp:term":[{"taxonomy":"product_cat","embeddable":true,"href":"https:\/\/starlediluminacion.com\/fr\/wp-json\/wp\/v2\/product_cat?post=8677"},{"taxonomy":"product_tag","embeddable":true,"href":"https:\/\/starlediluminacion.com\/fr\/wp-json\/wp\/v2\/product_tag?post=8677"}],"curies":[{"name":"wp","href":"https:\/\/api.w.org\/{rel}","templated":true}]}}