{"id":8585,"date":"2023-02-10T10:32:29","date_gmt":"2023-02-10T10:32:29","guid":{"rendered":"https:\/\/starlediluminacion.com\/?post_type=product&#038;p=8585"},"modified":"2023-05-23T15:30:36","modified_gmt":"2023-05-23T15:30:36","slug":"lampara-led-ar111-24w-22w-20w-18w-cri-92-luz-seleccionable-cct","status":"publish","type":"product","link":"https:\/\/starlediluminacion.com\/fr\/product\/lampara-led-ar111-24w-22w-20w-18w-cri-92-luz-seleccionable-cct\/","title":{"rendered":"<p>L&aacute;mpara LED AR111 24W -22W &ndash; 20W -18W &ndash; CRI +92 &ndash; LUZ SELECCIONABLE &ndash; CCT<\/p>"},"content":{"rendered":"<h1>L&aacute;mpara LED AR111 &ndash; 24W&nbsp;&nbsp;CRI +90 &ndash; LUZ SELECCIONABLE &ndash; CCT<p>Les&nbsp;<strong>Lampe LED AR111<\/strong>&nbsp;COB de&nbsp;<strong>24W&nbsp;<\/strong>Contrairement aux autres AR111 disponibles sur le march\u00e9, il est dot\u00e9 d'un&nbsp;<strong>pilote externe<\/strong>&nbsp;pour faciliter la connexion directe \u00e0 220v.<\/p><p>Su lente semiesf&eacute;rica est&aacute; fabricada en PMMA&nbsp;(poli metacrilato de metilo) combinado con su reflector curvo de aluminio pulido especular en rombos, nos da una luz base con &aacute;ngulos m&aacute;s concentrados para enfatizar los elementos expuestos&nbsp;sin provocar sombras acentuadas en los art&iacute;culos.&nbsp;De esta forma obtenemos un &aacute;ngulo primario de 45&ordm; grados y un secundario de menor potencia pero con 110&ordm; grados.<\/p><p>La lampara incorpora un diodo&nbsp;<strong>COB<\/strong>&nbsp;avec&nbsp;<strong>Bridgelux<\/strong>&nbsp;Chips de 4 colores&nbsp;<strong>5700K, 4000K, 3000K y 2700K<\/strong>.<\/p><p>Gr\u00e2ce \u00e0 son&nbsp;<strong>s\u00e9lection des couleurs<\/strong>&nbsp;de&nbsp;<strong>lumi\u00e8re<\/strong>&nbsp;vous pouvez l'adapter aux besoins de votre entreprise, en choisissant la couleur souhait\u00e9e pour chaque pi\u00e8ce. Obtenez-le maintenant de mani\u00e8re simple \u00e0 travers notre boutique en ligne.<\/p><p>Adem&aacute;s dispone de un&nbsp;<strong>selector de potencia<\/strong>&nbsp;en la cual podr&aacute;s elegir entre 4 potencias:&nbsp;<strong>18W &ndash; 20W &ndash; 22W y<\/strong>&nbsp;<strong>24W<\/strong>.&nbsp;Gracias a este selector podr&aacute;s adaptar la l&aacute;mpara a tus necesidades en cualquier momento.<\/p><p>Parmi ses avantages, citons ses excellentes performances en tant que LED et son indice de rendu des couleurs \u00e9lev\u00e9, sup\u00e9rieur \u00e0 celui d'une LED classique.<strong>&nbsp;(CRI) +92<\/strong>&nbsp;ce qui permet une reproduction fid\u00e8le des couleurs. Pour ces raisons, c'est une ampoule id\u00e9ale pour les espaces commerciaux tels que les magasins, les restaurants ou les h\u00f4tels.<\/p><p>&nbsp;<\/p><h2>Usos de la&nbsp;L&aacute;mpara LED AR111 &ndash; 24W&nbsp;&nbsp;&ndash; LUZ SELECCIONABLE &ndash; CCT<\/h2><ul>\n<li>&nbsp;Magasins<\/li>\n<li>&nbsp;Restaurants<\/li>\n<li>&nbsp;Mus\u00e9es<\/li>\n<li>&nbsp;Galeries marchandes<\/li>\n<li>&nbsp;Centres commerciaux<\/li>\n<li>&nbsp;Bureaux<\/li>\n<li>&nbsp;Corridors<\/li>\n<li>&nbsp;Vitrine<\/li>\n<\/ul><h3 class=\"page-product-heading\">DONN\u00c9ES TECHNIQUES<\/h3><div class=\"col-xs-12 col-md-6\">\n<table class=\"table table-data-sheet 1\">\n<tbody>\n<tr class=\"odd\">\n<td valign=\"middle\" width=\"32\"><\/td>\n<td valign=\"middle\">REFERENCE :<\/td>\n<td valign=\"middle\">SLSL24-CCT-90987<\/td>\n<\/tr>\n<tr class=\"even\">\n<td valign=\"middle\" width=\"32\"><\/td>\n<td valign=\"middle\">Puissance nominale :<\/td>\n<td valign=\"middle\">18W - 20W - 22W - 24W<\/td>\n<\/tr>\n<tr class=\"odd\">\n<td valign=\"middle\" width=\"32\"><\/td>\n<td valign=\"middle\">Tension nominale :<\/td>\n<td valign=\"middle\">220-240V<\/td>\n<\/tr>\n<tr class=\"even\">\n<td valign=\"middle\" width=\"32\"><\/td>\n<td valign=\"middle\">Temp\u00e9rature de la lumi\u00e8re :<\/td>\n<td valign=\"middle\">2700K - 3000K - 4000K - 5700K<\/td>\n<\/tr>\n<tr class=\"odd\">\n<td valign=\"middle\" width=\"32\"><\/td>\n<td valign=\"middle\">CRI - Indice de rendu des couleurs :<\/td>\n<td valign=\"middle\">92<\/td>\n<\/tr>\n<tr class=\"even\">\n<td valign=\"middle\" width=\"32\"><\/td>\n<td valign=\"middle\">Luminosit\u00e9-Lm :<\/td>\n<td valign=\"middle\">3000<\/td>\n<\/tr>\n<tr class=\"odd\">\n<td valign=\"middle\" width=\"32\"><\/td>\n<td valign=\"middle\">Type de DEL :<\/td>\n<td valign=\"middle\">COB Bridgelux Chip 2240 DS-C30<\/td>\n<\/tr>\n<tr class=\"even\">\n<td valign=\"middle\" width=\"32\"><\/td>\n<td valign=\"middle\">Angle d'ouverture (\u00ba) :<\/td>\n<td valign=\"middle\">Primary angle: 45&ordm; Secondary angle: 110&ordm;<\/td>\n<\/tr>\n<tr class=\"odd\">\n<td valign=\"middle\" width=\"32\"><\/td>\n<td valign=\"middle\">Efficacit\u00e9 de la diode LED (Lm\/W) :<\/td>\n<td valign=\"middle\">130Lm\/W<\/td>\n<\/tr>\n<tr class=\"even\">\n<td valign=\"middle\" width=\"32\"><\/td>\n<td valign=\"middle\">Efficacit\u00e9 lumineuse (Lm\/W) :<\/td>\n<td valign=\"middle\">125 Lm\/W<\/td>\n<\/tr>\n<tr class=\"odd\">\n<td valign=\"middle\" width=\"32\"><\/td>\n<td valign=\"middle\">Douille :<\/td>\n<td valign=\"middle\">AR111<\/td>\n<\/tr>\n<\/tbody>\n<\/table>\n<\/div><div class=\"col-xs-12 col-md-6 2\">\n<table class=\"table table-data-sheet 2\">\n<tbody>\n<tr class=\"odd\">\n<td valign=\"middle\" width=\"32\"><\/td>\n<td valign=\"middle\">Certificats :<\/td>\n<td valign=\"middle\">CE - ROHS<\/td>\n<\/tr>\n<tr class=\"even\">\n<td valign=\"middle\" width=\"32\"><\/td>\n<td valign=\"middle\">Indice de protection IP :<\/td>\n<td valign=\"middle\">IP20<\/td>\n<\/tr>\n<tr class=\"odd\">\n<td valign=\"middle\" width=\"32\"><\/td>\n<td valign=\"middle\">Dur\u00e9e de vie estim\u00e9e de la diode LED (H) :<\/td>\n<td valign=\"middle\">35.000<\/td>\n<\/tr>\n<tr class=\"even\">\n<td valign=\"middle\" width=\"32\"><\/td>\n<td valign=\"middle\">Dimensions (mm) :<\/td>\n<td valign=\"middle\">&Oslash;111mm * H57mm<\/td>\n<\/tr>\n<tr class=\"odd\">\n<td valign=\"middle\" width=\"32\"><\/td>\n<td valign=\"middle\">Fr\u00e9quence de travail (Hz) :<\/td>\n<td valign=\"middle\">50\/60Hz<\/td>\n<\/tr>\n<tr class=\"even\">\n<td valign=\"middle\" width=\"32\"><\/td>\n<td valign=\"middle\">Cycles d'allumage :<\/td>\n<td valign=\"middle\">100.000<\/td>\n<\/tr>\n<tr class=\"odd\">\n<td valign=\"middle\" width=\"32\"><\/td>\n<td valign=\"middle\">Temps de d\u00e9marrage (s) :<\/td>\n<td valign=\"middle\">0,2s<\/td>\n<\/tr>\n<tr class=\"even\">\n<td valign=\"middle\" width=\"32\"><\/td>\n<td valign=\"middle\">Pilote inclus :<\/td>\n<td valign=\"middle\">GXTronic OUT: 18-24V -650mA<\/td>\n<\/tr>\n<tr class=\"odd\">\n<td valign=\"middle\" width=\"32\"><\/td>\n<td valign=\"middle\">Classe \u00e9nerg\u00e9tique (2021-EU-2019\/2015) :<\/td>\n<td valign=\"middle\">A++<\/td>\n<\/tr>\n<tr class=\"even\">\n<td valign=\"middle\" width=\"32\"><\/td>\n<td valign=\"middle\">Classe \u00e9nerg\u00e9tique (2023 - EU-2019\/2015) :<\/td>\n<td valign=\"middle\">E<\/td>\n<\/tr>\n<tr class=\"odd\">\n<td valign=\"middle\" width=\"32\"><\/td>\n<td valign=\"middle\">Ann\u00e9es de garantie :<\/td>\n<td valign=\"middle\">3<\/td>\n<\/tr>\n<\/tbody>\n<\/table>\n<p>&nbsp;<\/p>\n<\/div><\/h1>","protected":false},"excerpt":{"rendered":"<p><strong><label>REFERENCIA: SLSL24W-CCT-90987<\/label><\/strong><p>Ampoule&nbsp;<strong>L&aacute;mpara AR111 de 24W&nbsp;<\/strong>y diodo COB con&nbsp;<strong>IRC +92<\/strong>&nbsp;pour remplacer l'ampoule halog\u00e8ne dans les spots encastr\u00e9s. Gr\u00e2ce \u00e0 son pilote externe, nous facilitons la connexion au 220V.<strong>&nbsp;POTENCIA Y<\/strong>&nbsp;<strong>COULEUR DE LUMI\u00c8RE S\u00c9LECTIONNABLE :<\/strong>&nbsp;Nuestra AR111 LED de&nbsp;<strong>18W-20W-22W-24W<\/strong>&nbsp;dispone de selector de temperatura de color, pudiendo escoger entre el&nbsp;<strong>blanco fr&iacute;o, blanco neutro y blanco c&aacute;lido.<\/strong>&nbsp;Lente PMMA con &aacute;ngulo primario de 45&ordm; y secundario m&aacute;s suave de 110&ordm;.<\/p><div class=\"col-md-12\"><i class=\"fa fa-truck\"><\/i>&nbsp;<span class=\"text-muted textprop\">Livraison dans les 24\/48 heures<\/span><\/div><div class=\"col-md-12\"><i class=\"fa fa-exchange\"><\/i>&nbsp;<span class=\"text-muted textprop\">Garantie assur\u00e9e<\/span><\/div><div class=\"col-md-12\"><i class=\"fa fa-box\"><\/i>&nbsp;<span class=\"text-muted textprop\">30 unit\u00e9(s) par bo\u00eete \u00e0 outils<\/span><\/div><\/p>","protected":false},"featured_media":8591,"template":"","meta":{"site-sidebar-layout":"default","site-content-layout":"default","ast-global-header-display":"","ast-main-header-display":"","ast-hfb-above-header-display":"","ast-hfb-below-header-display":"","ast-hfb-mobile-header-display":"","site-post-title":"","ast-breadcrumbs-content":"","ast-featured-img":"","footer-sml-layout":"","theme-transparent-header-meta":"default","adv-header-id-meta":"","stick-header-meta":"","header-above-stick-meta":"","header-main-stick-meta":"","header-below-stick-meta":""},"product_cat":[61,23],"product_tag":[],"class_list":["post-8585","product","type-product","status-publish","has-post-thumbnail","hentry","product_cat-bombillas-led-ar111","product_cat-bombillas-y-lamparas-led"],"_links":{"self":[{"href":"https:\/\/starlediluminacion.com\/fr\/wp-json\/wp\/v3\/product\/8585","targetHints":{"allow":["GET"]}}],"collection":[{"href":"https:\/\/starlediluminacion.com\/fr\/wp-json\/wp\/v3\/product"}],"about":[{"href":"https:\/\/starlediluminacion.com\/fr\/wp-json\/wp\/v2\/types\/product"}],"wp:featuredmedia":[{"embeddable":true,"href":"https:\/\/starlediluminacion.com\/fr\/wp-json\/wp\/v2\/media\/8591"}],"wp:attachment":[{"href":"https:\/\/starlediluminacion.com\/fr\/wp-json\/wp\/v2\/media?parent=8585"}],"wp:term":[{"taxonomy":"product_cat","embeddable":true,"href":"https:\/\/starlediluminacion.com\/fr\/wp-json\/wp\/v2\/product_cat?post=8585"},{"taxonomy":"product_tag","embeddable":true,"href":"https:\/\/starlediluminacion.com\/fr\/wp-json\/wp\/v2\/product_tag?post=8585"}],"curies":[{"name":"wp","href":"https:\/\/api.w.org\/{rel}","templated":true}]}}