{"id":8338,"date":"2022-11-23T10:23:04","date_gmt":"2022-11-23T10:23:04","guid":{"rendered":"https:\/\/starlediluminacion.com\/?post_type=product&#038;p=8338"},"modified":"2023-02-10T09:33:56","modified_gmt":"2023-02-10T09:33:56","slug":"sensor-regulable-de-luz-crepuscular-fotoelectrico-1-10v","status":"publish","type":"product","link":"https:\/\/starlediluminacion.com\/fr\/product\/capteur-photoelectrique-a-lumiere-crepusculaire-graduable-1-10v\/","title":{"rendered":"<p>Capteur de lumi\u00e8re graduable - cr\u00e9pusculaire - photo\u00e9lectrique - 1-10V<\/p>"},"content":{"rendered":"<p><label>R\u00c9F\u00c9RENCE : SLFLMS10<\/label><p>Si vous avez besoin&nbsp;<strong>des \u00e9conomies suppl\u00e9mentaires,<\/strong>&nbsp;sans r\u00e9duire la quantit\u00e9 de lumi\u00e8re, ce produit est con\u00e7u \u00e0 cet effet. Il utilise la lumi\u00e8re du jour pour \u00e9conomiser la consommation du luminaire. Ce variateur d\u00e9tecte la quantit\u00e9 de lumi\u00e8re du jour qui entre dans le capteur, et<strong>&nbsp;fait varier automatiquement l'intensit\u00e9 lumineuse de vos luminaires 1-10V<\/strong>,&nbsp;<strong>une r\u00e9duction significative de la consommation d'\u00e9lectricit\u00e9<\/strong>.<\/p><p>Con\u00e7u pour une utilisation en int\u00e9rieur avec un montage \u00e0 proximit\u00e9 des entr\u00e9es de lumi\u00e8re naturelle, telles que les fen\u00eatres, les portes de puits de lumi\u00e8re, etc...<\/p><h1>IP20 Capteur cr\u00e9pusculaire<\/h1><p><b>Ce capteur cr\u00e9pusculaire d'int\u00e9rieur permet d'\u00e9conomiser beaucoup d'\u00e9nergie en faisant varier automatiquement la luminosit\u00e9 de vos luminaires 1-10V en fonction de la lumi\u00e8re ambiante naturelle.&nbsp;<\/b><\/p><p>L'angle du capteur photo\u00e9lectrique\/cr\u00e9pusculaire 1-10V a un angle de d\u00e9tection de 360\u00b0 et une plage de r\u00e9glage de 1-100%.<\/p><p>Ce capteur cr\u00e9pusculaire est destin\u00e9 aux luminaires \u00e9quip\u00e9s de pilotes 1-10V \u00e0 gradation.<\/p><h3 class=\"page-product-heading\">DONN\u00c9ES TECHNIQUES<\/h3><div class=\"col-xs-12 col-md-6\">\n<table class=\"table table-data-sheet 1\">\n<tbody>\n<tr class=\"odd\">\n<td valign=\"middle\" width=\"32\"><\/td>\n<td valign=\"middle\">REFERENCE :<\/td>\n<td valign=\"middle\">SLFLMS10<\/td>\n<\/tr>\n<tr class=\"even\">\n<td valign=\"middle\" width=\"32\"><\/td>\n<td valign=\"middle\">Tension nominale :<\/td>\n<td valign=\"middle\">1-10V<\/td>\n<\/tr>\n<tr class=\"odd\">\n<td valign=\"middle\" width=\"32\"><\/td>\n<td valign=\"middle\">Mat\u00e9riaux de construction :<\/td>\n<td valign=\"middle\">Thermoplastique<\/td>\n<\/tr>\n<tr class=\"even\">\n<td valign=\"middle\" width=\"32\"><\/td>\n<td valign=\"middle\">Angle d'ouverture (\u00ba) :<\/td>\n<td valign=\"middle\">360\u00ba<\/td>\n<\/tr>\n<tr class=\"odd\">\n<td valign=\"middle\" width=\"32\"><\/td>\n<td valign=\"middle\">Certificats :<\/td>\n<td valign=\"middle\">CE<\/td>\n<\/tr>\n<\/tbody>\n<\/table>\n<\/div><div class=\"col-xs-12 col-md-6 2\">\n<table class=\"table table-data-sheet 2\">\n<tbody>\n<tr class=\"odd\">\n<td valign=\"middle\" width=\"32\"><\/td>\n<td valign=\"middle\">Indice de protection IP :<\/td>\n<td valign=\"middle\">IP20<\/td>\n<\/tr>\n<tr class=\"even\">\n<td valign=\"middle\" width=\"32\"><\/td>\n<td valign=\"middle\">Dimensions (mm) :<\/td>\n<td valign=\"middle\">?70 x 60 mm<\/td>\n<\/tr>\n<tr class=\"odd\">\n<td valign=\"middle\" width=\"32\"><\/td>\n<td valign=\"middle\">Fr\u00e9quence de travail (Hz) :<\/td>\n<td valign=\"middle\">50\/60Hz<\/td>\n<\/tr>\n<tr class=\"even\">\n<td valign=\"middle\" width=\"32\"><\/td>\n<td valign=\"middle\">Plage de temp\u00e9rature (\u00baC) :<\/td>\n<td valign=\"middle\">-10\u00b0C ~ +40\u00b0C<\/td>\n<\/tr>\n<tr class=\"odd\">\n<td valign=\"middle\" width=\"32\"><\/td>\n<td valign=\"middle\">Ann\u00e9es de garantie :<\/td>\n<td valign=\"middle\">3<\/td>\n<\/tr>\n<\/tbody>\n<\/table>\n<p>&nbsp;<\/p>\n<\/div><\/p>","protected":false},"excerpt":{"rendered":"<div class=\"col-md-12\"><i class=\"fa fa-truck\"><\/i>&nbsp;<span class=\"text-muted textprop\">Livraison dans les 24\/48 heures<\/span><div class=\"col-md-12\"><i class=\"fa fa-exchange\"><\/i>&nbsp;<span class=\"text-muted textprop\">Garantie assur\u00e9e<\/span><\/div><div class=\"col-md-12\"><i class=\"fa fa-box\"><\/i>&nbsp;<span class=\"text-muted textprop\">1 unit\u00e9(s) par bo\u00eete \u00e0 outils<\/span><\/div><\/div>","protected":false},"featured_media":8347,"template":"","meta":{"site-sidebar-layout":"default","site-content-layout":"default","ast-global-header-display":"","ast-main-header-display":"","ast-hfb-above-header-display":"","ast-hfb-below-header-display":"","ast-hfb-mobile-header-display":"","site-post-title":"","ast-breadcrumbs-content":"","ast-featured-img":"","footer-sml-layout":"","theme-transparent-header-meta":"default","adv-header-id-meta":"","stick-header-meta":"","header-above-stick-meta":"","header-main-stick-meta":"","header-below-stick-meta":""},"product_cat":[15],"product_tag":[],"class_list":["post-8338","product","type-product","status-publish","has-post-thumbnail","hentry","product_cat-bombillas-led-par"],"yoast_head":"<!-- This site is optimized with the Yoast SEO plugin v27.4 - https:\/\/yoast.com\/product\/yoast-seo-wordpress\/ -->\n<title>Sensor regulable de Luz - Crepuscular - Fotoel\u00e9ctrico - 1-10V - STARLED Iluminacion<\/title>\n<meta name=\"robots\" content=\"index, follow, max-snippet:-1, max-image-preview:large, max-video-preview:-1\" \/>\n<link rel=\"canonical\" href=\"https:\/\/starlediluminacion.com\/fr\/product\/capteur-photoelectrique-a-lumiere-crepusculaire-graduable-1-10v\/\" \/>\n<meta property=\"og:locale\" content=\"fr_FR\" \/>\n<meta property=\"og:type\" content=\"article\" \/>\n<meta property=\"og:title\" content=\"Sensor regulable de Luz - Crepuscular - Fotoel\u00e9ctrico - 1-10V - STARLED Iluminacion\" \/>\n<meta property=\"og:description\" content=\"\u00a0Entrega en 24\/48 horas \u00a0Garant\u00eda asegurada \u00a01 unidad(es) por Masterbox\" \/>\n<meta property=\"og:url\" content=\"https:\/\/starlediluminacion.com\/fr\/product\/capteur-photoelectrique-a-lumiere-crepusculaire-graduable-1-10v\/\" \/>\n<meta property=\"og:site_name\" content=\"STARLED Iluminacion\" \/>\n<meta property=\"article:modified_time\" content=\"2023-02-10T09:33:56+00:00\" \/>\n<meta property=\"og:image\" content=\"https:\/\/starlediluminacion.com\/wp-content\/uploads\/2022\/11\/sensor-regulable-de-luz-crepuscular-fotoelectrico-1-10v-factorled.jpg\" \/>\n\t<meta property=\"og:image:width\" content=\"1000\" \/>\n\t<meta property=\"og:image:height\" content=\"1000\" \/>\n\t<meta property=\"og:image:type\" content=\"image\/jpeg\" \/>\n<meta name=\"twitter:card\" content=\"summary_large_image\" \/>\n<meta name=\"twitter:label1\" content=\"Dur\u00e9e de lecture estim\u00e9e\" \/>\n\t<meta name=\"twitter:data1\" content=\"1 minute\" \/>\n<script type=\"application\/ld+json\" class=\"yoast-schema-graph\">{\"@context\":\"https:\\\/\\\/schema.org\",\"@graph\":[{\"@type\":\"WebPage\",\"@id\":\"https:\\\/\\\/starlediluminacion.com\\\/producto\\\/sensor-regulable-de-luz-crepuscular-fotoelectrico-1-10v\\\/\",\"url\":\"https:\\\/\\\/starlediluminacion.com\\\/producto\\\/sensor-regulable-de-luz-crepuscular-fotoelectrico-1-10v\\\/\",\"name\":\"Sensor regulable de Luz - Crepuscular - Fotoel\u00e9ctrico - 1-10V - STARLED Iluminacion\",\"isPartOf\":{\"@id\":\"https:\\\/\\\/starlediluminacion.com\\\/#website\"},\"primaryImageOfPage\":{\"@id\":\"https:\\\/\\\/starlediluminacion.com\\\/producto\\\/sensor-regulable-de-luz-crepuscular-fotoelectrico-1-10v\\\/#primaryimage\"},\"image\":{\"@id\":\"https:\\\/\\\/starlediluminacion.com\\\/producto\\\/sensor-regulable-de-luz-crepuscular-fotoelectrico-1-10v\\\/#primaryimage\"},\"thumbnailUrl\":\"https:\\\/\\\/starlediluminacion.com\\\/wp-content\\\/uploads\\\/2022\\\/11\\\/sensor-regulable-de-luz-crepuscular-fotoelectrico-1-10v-factorled.jpg\",\"datePublished\":\"2022-11-23T10:23:04+00:00\",\"dateModified\":\"2023-02-10T09:33:56+00:00\",\"breadcrumb\":{\"@id\":\"https:\\\/\\\/starlediluminacion.com\\\/producto\\\/sensor-regulable-de-luz-crepuscular-fotoelectrico-1-10v\\\/#breadcrumb\"},\"inLanguage\":\"fr-FR\",\"potentialAction\":[{\"@type\":\"ReadAction\",\"target\":[\"https:\\\/\\\/starlediluminacion.com\\\/producto\\\/sensor-regulable-de-luz-crepuscular-fotoelectrico-1-10v\\\/\"]}]},{\"@type\":\"ImageObject\",\"inLanguage\":\"fr-FR\",\"@id\":\"https:\\\/\\\/starlediluminacion.com\\\/producto\\\/sensor-regulable-de-luz-crepuscular-fotoelectrico-1-10v\\\/#primaryimage\",\"url\":\"https:\\\/\\\/starlediluminacion.com\\\/wp-content\\\/uploads\\\/2022\\\/11\\\/sensor-regulable-de-luz-crepuscular-fotoelectrico-1-10v-factorled.jpg\",\"contentUrl\":\"https:\\\/\\\/starlediluminacion.com\\\/wp-content\\\/uploads\\\/2022\\\/11\\\/sensor-regulable-de-luz-crepuscular-fotoelectrico-1-10v-factorled.jpg\",\"width\":1000,\"height\":1000},{\"@type\":\"BreadcrumbList\",\"@id\":\"https:\\\/\\\/starlediluminacion.com\\\/producto\\\/sensor-regulable-de-luz-crepuscular-fotoelectrico-1-10v\\\/#breadcrumb\",\"itemListElement\":[{\"@type\":\"ListItem\",\"position\":1,\"name\":\"Portada\",\"item\":\"https:\\\/\\\/starlediluminacion.com\\\/\"},{\"@type\":\"ListItem\",\"position\":2,\"name\":\"Shop\",\"item\":\"https:\\\/\\\/starlediluminacion.com\\\/shop-2\\\/\"},{\"@type\":\"ListItem\",\"position\":3,\"name\":\"Sensor regulable de Luz &#8211; Crepuscular &#8211; Fotoel\u00e9ctrico &#8211; 1-10V\"}]},{\"@type\":\"WebSite\",\"@id\":\"https:\\\/\\\/starlediluminacion.com\\\/#website\",\"url\":\"https:\\\/\\\/starlediluminacion.com\\\/\",\"name\":\"STARLED Iluminacion\",\"description\":\"\",\"potentialAction\":[{\"@type\":\"SearchAction\",\"target\":{\"@type\":\"EntryPoint\",\"urlTemplate\":\"https:\\\/\\\/starlediluminacion.com\\\/?s={search_term_string}\"},\"query-input\":{\"@type\":\"PropertyValueSpecification\",\"valueRequired\":true,\"valueName\":\"search_term_string\"}}],\"inLanguage\":\"fr-FR\"}]}<\/script>\n<!-- \/ Yoast SEO plugin. -->","yoast_head_json":{"title":"Sensor regulable de Luz - Crepuscular - Fotoel\u00e9ctrico - 1-10V - STARLED Iluminacion","robots":{"index":"index","follow":"follow","max-snippet":"max-snippet:-1","max-image-preview":"max-image-preview:large","max-video-preview":"max-video-preview:-1"},"canonical":"https:\/\/starlediluminacion.com\/fr\/product\/capteur-photoelectrique-a-lumiere-crepusculaire-graduable-1-10v\/","og_locale":"fr_FR","og_type":"article","og_title":"Sensor regulable de Luz - Crepuscular - Fotoel\u00e9ctrico - 1-10V - STARLED Iluminacion","og_description":"\u00a0Entrega en 24\/48 horas \u00a0Garant\u00eda asegurada \u00a01 unidad(es) por Masterbox","og_url":"https:\/\/starlediluminacion.com\/fr\/product\/capteur-photoelectrique-a-lumiere-crepusculaire-graduable-1-10v\/","og_site_name":"STARLED Iluminacion","article_modified_time":"2023-02-10T09:33:56+00:00","og_image":[{"width":1000,"height":1000,"url":"https:\/\/starlediluminacion.com\/wp-content\/uploads\/2022\/11\/sensor-regulable-de-luz-crepuscular-fotoelectrico-1-10v-factorled.jpg","type":"image\/jpeg"}],"twitter_card":"summary_large_image","twitter_misc":{"Dur\u00e9e de lecture estim\u00e9e":"1 minute"},"schema":{"@context":"https:\/\/schema.org","@graph":[{"@type":"WebPage","@id":"https:\/\/starlediluminacion.com\/producto\/sensor-regulable-de-luz-crepuscular-fotoelectrico-1-10v\/","url":"https:\/\/starlediluminacion.com\/producto\/sensor-regulable-de-luz-crepuscular-fotoelectrico-1-10v\/","name":"Sensor regulable de Luz - Crepuscular - Fotoel\u00e9ctrico - 1-10V - STARLED Iluminacion","isPartOf":{"@id":"https:\/\/starlediluminacion.com\/#website"},"primaryImageOfPage":{"@id":"https:\/\/starlediluminacion.com\/producto\/sensor-regulable-de-luz-crepuscular-fotoelectrico-1-10v\/#primaryimage"},"image":{"@id":"https:\/\/starlediluminacion.com\/producto\/sensor-regulable-de-luz-crepuscular-fotoelectrico-1-10v\/#primaryimage"},"thumbnailUrl":"https:\/\/starlediluminacion.com\/wp-content\/uploads\/2022\/11\/sensor-regulable-de-luz-crepuscular-fotoelectrico-1-10v-factorled.jpg","datePublished":"2022-11-23T10:23:04+00:00","dateModified":"2023-02-10T09:33:56+00:00","breadcrumb":{"@id":"https:\/\/starlediluminacion.com\/producto\/sensor-regulable-de-luz-crepuscular-fotoelectrico-1-10v\/#breadcrumb"},"inLanguage":"fr-FR","potentialAction":[{"@type":"ReadAction","target":["https:\/\/starlediluminacion.com\/producto\/sensor-regulable-de-luz-crepuscular-fotoelectrico-1-10v\/"]}]},{"@type":"ImageObject","inLanguage":"fr-FR","@id":"https:\/\/starlediluminacion.com\/producto\/sensor-regulable-de-luz-crepuscular-fotoelectrico-1-10v\/#primaryimage","url":"https:\/\/starlediluminacion.com\/wp-content\/uploads\/2022\/11\/sensor-regulable-de-luz-crepuscular-fotoelectrico-1-10v-factorled.jpg","contentUrl":"https:\/\/starlediluminacion.com\/wp-content\/uploads\/2022\/11\/sensor-regulable-de-luz-crepuscular-fotoelectrico-1-10v-factorled.jpg","width":1000,"height":1000},{"@type":"BreadcrumbList","@id":"https:\/\/starlediluminacion.com\/producto\/sensor-regulable-de-luz-crepuscular-fotoelectrico-1-10v\/#breadcrumb","itemListElement":[{"@type":"ListItem","position":1,"name":"Portada","item":"https:\/\/starlediluminacion.com\/"},{"@type":"ListItem","position":2,"name":"Shop","item":"https:\/\/starlediluminacion.com\/shop-2\/"},{"@type":"ListItem","position":3,"name":"Sensor regulable de Luz &#8211; Crepuscular &#8211; Fotoel\u00e9ctrico &#8211; 1-10V"}]},{"@type":"WebSite","@id":"https:\/\/starlediluminacion.com\/#website","url":"https:\/\/starlediluminacion.com\/","name":"STARLED Iluminacion","description":"","potentialAction":[{"@type":"SearchAction","target":{"@type":"EntryPoint","urlTemplate":"https:\/\/starlediluminacion.com\/?s={search_term_string}"},"query-input":{"@type":"PropertyValueSpecification","valueRequired":true,"valueName":"search_term_string"}}],"inLanguage":"fr-FR"}]}},"_links":{"self":[{"href":"https:\/\/starlediluminacion.com\/fr\/wp-json\/wp\/v3\/product\/8338","targetHints":{"allow":["GET"]}}],"collection":[{"href":"https:\/\/starlediluminacion.com\/fr\/wp-json\/wp\/v3\/product"}],"about":[{"href":"https:\/\/starlediluminacion.com\/fr\/wp-json\/wp\/v2\/types\/product"}],"wp:featuredmedia":[{"embeddable":true,"href":"https:\/\/starlediluminacion.com\/fr\/wp-json\/wp\/v2\/media\/8347"}],"wp:attachment":[{"href":"https:\/\/starlediluminacion.com\/fr\/wp-json\/wp\/v2\/media?parent=8338"}],"wp:term":[{"taxonomy":"product_cat","embeddable":true,"href":"https:\/\/starlediluminacion.com\/fr\/wp-json\/wp\/v2\/product_cat?post=8338"},{"taxonomy":"product_tag","embeddable":true,"href":"https:\/\/starlediluminacion.com\/fr\/wp-json\/wp\/v2\/product_tag?post=8338"}],"curies":[{"name":"wp","href":"https:\/\/api.w.org\/{rel}","templated":true}]}}