{"id":8159,"date":"2022-09-09T13:36:15","date_gmt":"2022-09-09T13:36:15","guid":{"rendered":"https:\/\/starlediluminacion.com\/?post_type=product&#038;p=8159"},"modified":"2022-09-09T13:36:15","modified_gmt":"2022-09-09T13:36:15","slug":"aplique-led-6w-sotra-cromado-4000k","status":"publish","type":"product","link":"https:\/\/starlediluminacion.com\/fr\/product\/aplique-led-6w-sotra-cromado-4000k\/","title":{"rendered":"<p>SOTRA Applique LED 6W - Chrome - 4000K<\/p>"},"content":{"rendered":"<p>R\u00c9F\u00c9RENCE : SL90534<p>Le pr\u00e9sent<strong>&nbsp;Applique LED 6W<\/strong>&nbsp;est parfait pour mettre en \u00e9vidence des objets,&nbsp;<strong>tables<\/strong>&nbsp;ainsi que pour l'utilisation de&nbsp;<strong>toilettes<\/strong>&nbsp;et les toilettes. Avec ce produit LED, la t\u00e2che quotidienne de trouver l'\u00e9clairage parfait dans la salle de bains et les toilettes appartient au pass\u00e9.<\/p><p>Notre lampe LED moderne est \u00e9galement parfaite pour \u00e9clairer&nbsp;<strong>miroirs<\/strong>Les diodes \u00e9lectroluminescentes (DEL) en forme de tube et d'une luminosit\u00e9 de 4000K assurent un bon \u00e9clairage. Son design moderne mettra en valeur vos objets et salles de bains.<\/p><h1>Applique LED 6W SOTRA- Chrome - 4000K<\/h1><p><strong>Lampe LED<\/strong>pour&nbsp;<strong>tables<\/strong>met en valeur les objets et&nbsp;<strong>toilettes<\/strong>&nbsp;style minimaliste avec profil frontal.<\/p><p>Le pr\u00e9sent&nbsp;<strong>Applique LED<\/strong>&nbsp;a une finition chrom\u00e9e brillante et est fabriqu\u00e9 en PC, ce qui \u00e9vite la rouille dans les zones \u00e0 forte humidit\u00e9. Il est dot\u00e9 d'un&nbsp;<strong>Puissance de 6W<\/strong>.<\/p><p>Cette application r\u00e9siste aux zones humides,&nbsp;<strong>IP44<\/strong>Elle est parfaite pour \u00eatre utilis\u00e9e comme lumi\u00e8re d'appoint, car elle \u00e9met une luminosit\u00e9 suppl\u00e9mentaire id\u00e9ale pour, par exemple, se maquiller. Elle est id\u00e9ale pour toutes les pi\u00e8ces de la maison, y compris la salle de bains ou les toilettes.<\/p><p>L'apparence de l'applique LED est tr\u00e8s esth\u00e9tique et a une expression harmonieuse. Elle s'int\u00e8gre parfaitement dans les espaces de vie modernes, auxquels elle conf\u00e8re un effet \u00e9l\u00e9gant et chaleureux.<\/p><p>&nbsp;<\/p><h2>Utilisations de l'applique LED SOTRA 6W - Chrome - 4000K<\/h2><ul>\n<li>Miroirs<\/li>\n<li>Photos<\/li>\n<li>H\u00f4tels<\/li>\n<\/ul><h3 class=\"page-product-heading\">DONN\u00c9ES TECHNIQUES<\/h3><div class=\"col-xs-12 col-md-6\">\n<table class=\"table table-data-sheet 1\">\n<tbody>\n<tr class=\"odd\">\n<td valign=\"middle\" width=\"32\"><\/td>\n<td valign=\"middle\">REFERENCE :<\/td>\n<td valign=\"middle\">SL90534<\/td>\n<\/tr>\n<tr class=\"even\">\n<td valign=\"middle\" width=\"32\"><\/td>\n<td valign=\"middle\">Puissance nominale :<\/td>\n<td valign=\"middle\">6w<\/td>\n<\/tr>\n<tr class=\"odd\">\n<td valign=\"middle\" width=\"32\"><\/td>\n<td valign=\"middle\">Tension nominale :<\/td>\n<td valign=\"middle\">220V-240V<\/td>\n<\/tr>\n<tr class=\"even\">\n<td valign=\"middle\" width=\"32\"><\/td>\n<td valign=\"middle\">Temp\u00e9rature de la lumi\u00e8re :<\/td>\n<td valign=\"middle\">4000K<\/td>\n<\/tr>\n<tr class=\"odd\">\n<td valign=\"middle\" width=\"32\"><\/td>\n<td valign=\"middle\">CRI - Indice de rendu des couleurs :<\/td>\n<td valign=\"middle\">85<\/td>\n<\/tr>\n<tr class=\"even\">\n<td valign=\"middle\" width=\"32\"><\/td>\n<td valign=\"middle\">Type de DEL :<\/td>\n<td valign=\"middle\">SMD 2835<\/td>\n<\/tr>\n<tr class=\"odd\">\n<td valign=\"middle\" width=\"32\"><\/td>\n<td valign=\"middle\">Angle d'ouverture (\u00ba) :<\/td>\n<td valign=\"middle\">120\u00b0<\/td>\n<\/tr>\n<\/tbody>\n<\/table>\n<\/div><div class=\"col-xs-12 col-md-6 2\">\n<table class=\"table table-data-sheet 2\">\n<tbody>\n<tr class=\"odd\">\n<td valign=\"middle\" width=\"32\"><\/td>\n<td valign=\"middle\">Certificats :<\/td>\n<td valign=\"middle\">CE - ROHS<\/td>\n<\/tr>\n<tr class=\"even\">\n<td valign=\"middle\" width=\"32\"><\/td>\n<td valign=\"middle\">Indice de protection IP :<\/td>\n<td valign=\"middle\">IP44<\/td>\n<\/tr>\n<tr class=\"odd\">\n<td valign=\"middle\" width=\"32\"><\/td>\n<td valign=\"middle\">Dimensions (mm) :<\/td>\n<td valign=\"middle\">300x110mm<\/td>\n<\/tr>\n<tr class=\"even\">\n<td valign=\"middle\" width=\"32\"><\/td>\n<td valign=\"middle\">Fr\u00e9quence de travail (Hz) :<\/td>\n<td valign=\"middle\">50\/60Hz<\/td>\n<\/tr>\n<tr class=\"odd\">\n<td valign=\"middle\" width=\"32\"><\/td>\n<td valign=\"middle\">Classe \u00e9nerg\u00e9tique (2021-EU-2019\/2015) :<\/td>\n<td valign=\"middle\">A<\/td>\n<\/tr>\n<tr class=\"even\">\n<td valign=\"middle\" width=\"32\"><\/td>\n<td valign=\"middle\">Ann\u00e9es de garantie :<\/td>\n<td valign=\"middle\">2<\/td>\n<\/tr>\n<\/tbody>\n<\/table>\n<\/div><\/p>","protected":false},"excerpt":{"rendered":"<div class=\"col-md-12\"><i class=\"fa fa-truck\"><\/i>&nbsp;<span class=\"text-muted textprop\">Livraison dans les 24\/48 heures<\/span><div class=\"col-md-12\"><i class=\"fa fa-exchange\"><\/i>&nbsp;<span class=\"text-muted textprop\">Garantie assur\u00e9e<\/span><\/div><div class=\"col-md-12\"><i class=\"fa fa-box\"><\/i>&nbsp;<span class=\"text-muted textprop\">20 unit\u00e9(s) par bo\u00eete \u00e0 outils<\/span><\/div><\/div>","protected":false},"featured_media":8166,"template":"","meta":{"site-sidebar-layout":"default","site-content-layout":"default","ast-global-header-display":"","ast-main-header-display":"","ast-hfb-above-header-display":"","ast-hfb-below-header-display":"","ast-hfb-mobile-header-display":"","site-post-title":"","ast-breadcrumbs-content":"","ast-featured-img":"","footer-sml-layout":"","theme-transparent-header-meta":"default","adv-header-id-meta":"","stick-header-meta":"","header-above-stick-meta":"","header-main-stick-meta":"","header-below-stick-meta":""},"product_cat":[64,36],"product_tag":[],"class_list":["post-8159","product","type-product","status-publish","has-post-thumbnail","hentry","product_cat-apliques-led","product_cat-apliques-led-y-decoracion"],"_links":{"self":[{"href":"https:\/\/starlediluminacion.com\/fr\/wp-json\/wp\/v3\/product\/8159","targetHints":{"allow":["GET"]}}],"collection":[{"href":"https:\/\/starlediluminacion.com\/fr\/wp-json\/wp\/v3\/product"}],"about":[{"href":"https:\/\/starlediluminacion.com\/fr\/wp-json\/wp\/v2\/types\/product"}],"wp:featuredmedia":[{"embeddable":true,"href":"https:\/\/starlediluminacion.com\/fr\/wp-json\/wp\/v2\/media\/8166"}],"wp:attachment":[{"href":"https:\/\/starlediluminacion.com\/fr\/wp-json\/wp\/v2\/media?parent=8159"}],"wp:term":[{"taxonomy":"product_cat","embeddable":true,"href":"https:\/\/starlediluminacion.com\/fr\/wp-json\/wp\/v2\/product_cat?post=8159"},{"taxonomy":"product_tag","embeddable":true,"href":"https:\/\/starlediluminacion.com\/fr\/wp-json\/wp\/v2\/product_tag?post=8159"}],"curies":[{"name":"wp","href":"https:\/\/api.w.org\/{rel}","templated":true}]}}