{"id":8150,"date":"2022-09-09T13:28:41","date_gmt":"2022-09-09T13:28:41","guid":{"rendered":"https:\/\/starlediluminacion.com\/?post_type=product&#038;p=8150"},"modified":"2022-09-09T13:28:41","modified_gmt":"2022-09-09T13:28:41","slug":"aplique-lineal-led-washington-blanco-0-44m-0-94m-1-44m-1-94m-ip54","status":"publish","type":"product","link":"https:\/\/starlediluminacion.com\/fr\/product\/aplique-lineal-led-washington-blanco-0-44m-0-94m-1-44m-1-94m-ip54\/","title":{"rendered":"<p>Applique lin\u00e9aire LED - BLANC WASHINGTON - 0.44m - 0.94m - 1.44m - 1.94m - IP54<\/p>"},"content":{"rendered":"<p>R\u00c9F\u00c9RENCE : SLA-09054-B<p>Notre&nbsp;<strong>Luminaire professionnel<\/strong>&nbsp;lin\u00e9aire<strong>&nbsp;<\/strong>&nbsp;<strong>-&nbsp;<\/strong>WASHINGTON Blanc&nbsp;<strong>-<\/strong>&nbsp;est con\u00e7u pour une utilisation intensive et ininterrompue de 24 heures. Nos&nbsp;<strong>appliquer&nbsp;<\/strong>pour<strong>&nbsp;mur<\/strong>&nbsp;est fabriqu\u00e9 \u00e0 la main en Europe - aucun retour n'est autoris\u00e9 car il s'agit d'un produit sur mesure.  Aluminium pur 98%, la source lumineuse&nbsp;<strong>IP54<\/strong>&nbsp;d\u00e9livre 2 x 1 500 lumens par m\u00e8tre - 140 leds\/m\u00e8tre SMD 2835 ? Dimmable par TRIAC.  5 ans de garantie.<\/p><p>Notre diffuseur est blanc opale.<\/p><p>Le d\u00e9lai de production est de 5 \u00e0 7 jours ouvrables.<strong>&nbsp;<\/strong>(du lundi au vendredi).<\/p><h1>Applique lin\u00e9aire LED - WASHINGTON WHITE - IP54<\/h1><p>&nbsp;<\/p><p>Notre&nbsp;<strong>appliques lin\u00e9aires<\/strong>&nbsp;LED -&nbsp;<strong>WASHINGTON&nbsp;<\/strong>- est une gamme polyvalente et intemporelle, qui peut \u00eatre le protagoniste de la d\u00e9coration int\u00e9rieure d'un espace ou s'y adapter. Gr\u00e2ce aux diff\u00e9rents formats et couleurs disponibles, elle peut offrir une grande vari\u00e9t\u00e9 de sensations visuelles qui d\u00e9finiront l'espace d'une nouvelle perspective.<\/p><p>La LED lin\u00e9aire<strong>&nbsp;-WASHINGTON-<\/strong>&nbsp;&nbsp;dessine des lignes lumineuses homog\u00e8nes qui s'adaptent \u00e0 une grande vari\u00e9t\u00e9 d'espaces avec un impact visuel minimal, r\u00e9pondant \u00e0 la fois aux besoins d'\u00e9clairage g\u00e9n\u00e9ral et \u00e0 l'\u00e9clairage par projecteurs des plans verticaux.<\/p><p>La conception de notre&nbsp;<strong>appliquer<\/strong>&nbsp;pour&nbsp;<strong>mur<\/strong>&nbsp;combine des diffuseurs \u00e0 haute transmission qui offrent un confort visuel et une efficacit\u00e9 \u00e9nerg\u00e9tique \u00e9lev\u00e9s.<\/p><p>La source lumineuse de notre&nbsp;<strong>Luminaire lin\u00e9aire \u00e0 LED<\/strong>&nbsp;incorpore 2 bandes de LED de 140 Leds\/m\u00e8tre de haute luminosit\u00e9 SMD2835 qui fournit 1500lm\/m\u00e8tre ; les diodes LED incorporent une double soudure de fil d'or pour une plus longue dur\u00e9e de vie et une plus grande fiabilit\u00e9. Niveau de clignotement tr\u00e8s bas.<\/p><p><strong>Les 140 LED\/m\u00e8tre de 0,6 W fonctionnent seules \u00e0 0,1 W ; ensuite, elles fonctionnent seules \u00e0 17% de leur capacit\u00e9 nominale, de sorte que la source lumineuse LED ne chauffe pas du tout. Elle peut fonctionner sans interruption 24 heures sur 24 et augmente la dur\u00e9e de vie \u00e0 plus de 50 000 heures.<\/strong><\/p><p>Il peut \u00e9galement \u00eatre utilis\u00e9 dans des zones \u00e0 forte humidit\u00e9 gr\u00e2ce \u00e0 sa source lumineuse.<strong>&nbsp;IP54<\/strong>&nbsp;est isol\u00e9e avec du silicone de haute qualit\u00e9 (UC Class F1 UL94 et sans COV), qui emp\u00eache le jaunissement et la fissuration au fil des ans.<\/p><p>Il se connecte directement \u00e0&nbsp;<strong>220v<\/strong>L'alimentation et le pont redresseur ne sont pas n\u00e9cessaires.<\/p><p>La consommation du luminaire est de 14W pour 44cm ; 28W pour 94cm ; 42W pour 144cm ; et 56W pour 194cm.<\/p><p>Il est fabriqu\u00e9 en aluminium 6063\/6060 de grande puret\u00e9 (98%), avec traitement thermique UNE EN 755 et UNE EN 12020-1. Le laquage de l'appareil, de haute r\u00e9sistance et qualit\u00e9, est textur\u00e9 en noir et blanc - Qualicoat -, et anodis\u00e9 en argent - Qualanod - avec une \u00e9paisseur de 15 microns pour une longue dur\u00e9e de vie.<\/p><p>Notre luminaire lin\u00e9aire \u00e0 LED -<strong>&nbsp;WASHINGTON -<\/strong>&nbsp; Comme il est fabriqu\u00e9 sur mesure, il offre plusieurs possibilit\u00e9s de choisir entre un \u00e9clairage plus chaud, neutre ou froid, et des finitions anodis\u00e9es en argent, blanc et noir. Le luminaire est fabriqu\u00e9 \u00e0 la main en Europe aux dimensions souhait\u00e9es par le client. Ce produit ne peut donc pas faire l'objet d'un retour, puisqu'il s'agit d'un produit sur mesure.<\/p><p>Le d\u00e9lai de production est de 5 \u00e0 7 jours ouvrables.<\/p><p>&nbsp;<\/p><h2>Utilisations de l'applique lin\u00e9aire LED - WASHINGTON WHITE - IP54<\/h2><ul>\n<li>Magasins<\/li>\n<li>Expositions<\/li>\n<li>Industries<\/li>\n<li>Bureaux<\/li>\n<li>M\u00e9nages<\/li>\n<\/ul><h3 class=\"page-product-heading\">DONN\u00c9ES TECHNIQUES<\/h3><div class=\"col-xs-12 col-md-6\">\n<table class=\"table table-data-sheet 1\">\n<tbody>\n<tr class=\"odd\">\n<td valign=\"middle\" width=\"32\"><\/td>\n<td valign=\"middle\">REFERENCE :<\/td>\n<td valign=\"middle\">SLA-09054-B<\/td>\n<\/tr>\n<tr class=\"even\">\n<td valign=\"middle\" width=\"32\"><\/td>\n<td valign=\"middle\">Puissance nominale :<\/td>\n<td valign=\"middle\">14W 0.44m - 28W 0.94m - 42W 1.44m - 56W 1.94m - IP54<\/td>\n<\/tr>\n<tr class=\"odd\">\n<td valign=\"middle\" width=\"32\"><\/td>\n<td valign=\"middle\">Tension nominale :<\/td>\n<td valign=\"middle\">85-265V<\/td>\n<\/tr>\n<tr class=\"even\">\n<td valign=\"middle\" width=\"32\"><\/td>\n<td valign=\"middle\">Temp\u00e9rature de la lumi\u00e8re :<\/td>\n<td valign=\"middle\">2700K - 3000K - 4000K - 6000K<\/td>\n<\/tr>\n<tr class=\"odd\">\n<td valign=\"middle\" width=\"32\"><\/td>\n<td valign=\"middle\">CRI - Indice de rendu des couleurs :<\/td>\n<td valign=\"middle\">80<\/td>\n<\/tr>\n<tr class=\"even\">\n<td valign=\"middle\" width=\"32\"><\/td>\n<td valign=\"middle\">Mat\u00e9riaux de construction :<\/td>\n<td valign=\"middle\">Aluminium +PC<\/td>\n<\/tr>\n<tr class=\"odd\">\n<td valign=\"middle\" width=\"32\"><\/td>\n<td valign=\"middle\">Luminosit\u00e9-Lm :<\/td>\n<td valign=\"middle\">1M:1500\u00d72 Lm\/2M : 3000 Lmx2 - Bande LED<\/td>\n<\/tr>\n<tr class=\"even\">\n<td valign=\"middle\" width=\"32\"><\/td>\n<td valign=\"middle\">Type de DEL :<\/td>\n<td valign=\"middle\">SMD2835 - 140 LEDs\/M PCB12mm<\/td>\n<\/tr>\n<tr class=\"odd\">\n<td valign=\"middle\" width=\"32\"><\/td>\n<td valign=\"middle\">Angle d'ouverture (\u00ba) :<\/td>\n<td valign=\"middle\">120\u00ba<\/td>\n<\/tr>\n<tr class=\"even\">\n<td valign=\"middle\" width=\"32\"><\/td>\n<td valign=\"middle\">Efficacit\u00e9 de la diode LED (Lm\/W) :<\/td>\n<td valign=\"middle\">160 Lm\/w<\/td>\n<\/tr>\n<tr class=\"odd\">\n<td valign=\"middle\" width=\"32\"><\/td>\n<td valign=\"middle\">Efficacit\u00e9 lumineuse (Lm\/W) :<\/td>\n<td valign=\"middle\">110 Lm\/W<\/td>\n<\/tr>\n<tr class=\"even\">\n<td valign=\"middle\" width=\"32\"><\/td>\n<td valign=\"middle\">Dimmable :<\/td>\n<td valign=\"middle\">TRIAC 40%-100%<\/td>\n<\/tr>\n<\/tbody>\n<\/table>\n<\/div><div class=\"col-xs-12 col-md-6 2\">\n<table class=\"table table-data-sheet 2\">\n<tbody>\n<tr class=\"odd\">\n<td valign=\"middle\" width=\"32\"><\/td>\n<td valign=\"middle\">Certificats :<\/td>\n<td valign=\"middle\">CE - ROHS<\/td>\n<\/tr>\n<tr class=\"even\">\n<td valign=\"middle\" width=\"32\"><\/td>\n<td valign=\"middle\">Indice de protection IP :<\/td>\n<td valign=\"middle\">IP54<\/td>\n<\/tr>\n<tr class=\"odd\">\n<td valign=\"middle\" width=\"32\"><\/td>\n<td valign=\"middle\">Dur\u00e9e de vie estim\u00e9e de la diode LED (H) :<\/td>\n<td valign=\"middle\">40.000<\/td>\n<\/tr>\n<tr class=\"even\">\n<td valign=\"middle\" width=\"32\"><\/td>\n<td valign=\"middle\">Dimensions (mm) :<\/td>\n<td valign=\"middle\">L : 0,44 m - 0,94 m - 1,44 m - 1,94 m<\/td>\n<\/tr>\n<tr class=\"odd\">\n<td valign=\"middle\" width=\"32\"><\/td>\n<td valign=\"middle\">Facteur de puissance (PF) :<\/td>\n<td valign=\"middle\">0,91<\/td>\n<\/tr>\n<tr class=\"even\">\n<td valign=\"middle\" width=\"32\"><\/td>\n<td valign=\"middle\">Fr\u00e9quence de travail (Hz) :<\/td>\n<td valign=\"middle\">50\/60Hz<\/td>\n<\/tr>\n<tr class=\"odd\">\n<td valign=\"middle\" width=\"32\"><\/td>\n<td valign=\"middle\">Plage de temp\u00e9rature (\u00baC) :<\/td>\n<td valign=\"middle\">-20\u00b0C ~ +55\u00b0C<\/td>\n<\/tr>\n<tr class=\"even\">\n<td valign=\"middle\" width=\"32\"><\/td>\n<td valign=\"middle\">Cycles d'allumage :<\/td>\n<td valign=\"middle\">100.000<\/td>\n<\/tr>\n<tr class=\"odd\">\n<td valign=\"middle\" width=\"32\"><\/td>\n<td valign=\"middle\">Temps de d\u00e9marrage (s) :<\/td>\n<td valign=\"middle\">0,2s<\/td>\n<\/tr>\n<tr class=\"odd\">\n<td valign=\"middle\" width=\"32\"><\/td>\n<td valign=\"middle\">Classe \u00e9nerg\u00e9tique (2021-EU-2019\/2015) :<\/td>\n<td valign=\"middle\">A+<\/td>\n<\/tr>\n<tr class=\"even\">\n<td valign=\"middle\" width=\"32\"><\/td>\n<td valign=\"middle\">Ann\u00e9es de garantie :<\/td>\n<td valign=\"middle\">5<\/td>\n<\/tr>\n<\/tbody>\n<\/table>\n<\/div><\/p>","protected":false},"excerpt":{"rendered":"<div class=\"col-md-12\">\n<div class=\"col-md-12\"><i class=\"fa fa-truck\"><\/i>&nbsp;<span class=\"text-muted textprop\">Livraison dans les 24\/48 heures<\/span><\/div>\n<div class=\"col-md-12\"><i class=\"fa fa-exchange\"><\/i>&nbsp;<span class=\"text-muted textprop\">Garantie assur\u00e9e<\/span><\/div>\n<div class=\"col-md-12\"><i class=\"fa fa-box\"><\/i>&nbsp;<span class=\"text-muted textprop\">20 unit\u00e9(s) par bo\u00eete \u00e0 outils<\/span><\/div>\n<div><strong>TEMP\u00c9RATURE DE COULEUR : 2700K-3000K-4500K-6500K<\/strong><\/div>\n<p><i class=\"fa fa-truck\"><\/i><\/p><\/div>","protected":false},"featured_media":8158,"template":"","meta":{"site-sidebar-layout":"default","site-content-layout":"default","ast-global-header-display":"","ast-main-header-display":"","ast-hfb-above-header-display":"","ast-hfb-below-header-display":"","ast-hfb-mobile-header-display":"","site-post-title":"","ast-breadcrumbs-content":"","ast-featured-img":"","footer-sml-layout":"","theme-transparent-header-meta":"default","adv-header-id-meta":"","stick-header-meta":"","header-above-stick-meta":"","header-main-stick-meta":"","header-below-stick-meta":""},"product_cat":[64,36],"product_tag":[],"class_list":["post-8150","product","type-product","status-publish","has-post-thumbnail","hentry","product_cat-apliques-led","product_cat-apliques-led-y-decoracion"],"_links":{"self":[{"href":"https:\/\/starlediluminacion.com\/fr\/wp-json\/wp\/v3\/product\/8150","targetHints":{"allow":["GET"]}}],"collection":[{"href":"https:\/\/starlediluminacion.com\/fr\/wp-json\/wp\/v3\/product"}],"about":[{"href":"https:\/\/starlediluminacion.com\/fr\/wp-json\/wp\/v2\/types\/product"}],"wp:featuredmedia":[{"embeddable":true,"href":"https:\/\/starlediluminacion.com\/fr\/wp-json\/wp\/v2\/media\/8158"}],"wp:attachment":[{"href":"https:\/\/starlediluminacion.com\/fr\/wp-json\/wp\/v2\/media?parent=8150"}],"wp:term":[{"taxonomy":"product_cat","embeddable":true,"href":"https:\/\/starlediluminacion.com\/fr\/wp-json\/wp\/v2\/product_cat?post=8150"},{"taxonomy":"product_tag","embeddable":true,"href":"https:\/\/starlediluminacion.com\/fr\/wp-json\/wp\/v2\/product_tag?post=8150"}],"curies":[{"name":"wp","href":"https:\/\/api.w.org\/{rel}","templated":true}]}}