{"id":8100,"date":"2022-09-09T12:56:06","date_gmt":"2022-09-09T12:56:06","guid":{"rendered":"https:\/\/starlediluminacion.com\/?post_type=product&#038;p=8100"},"modified":"2022-09-09T12:56:06","modified_gmt":"2022-09-09T12:56:06","slug":"aplique-led-interior-exterior-ip65-gu10-x2-2","status":"publish","type":"product","link":"https:\/\/starlediluminacion.com\/fr\/product\/aplique-led-interior-exterior-ip65-gu10-x2-2\/","title":{"rendered":"<p>Applique LED d'int\u00e9rieur et d'ext\u00e9rieur IP65 - GU10 x2<\/p>"},"content":{"rendered":"<p>R\u00c9F\u00c9RENCE : SL90575<p><strong>Applique LED&nbsp;<\/strong>de&nbsp;<strong>mur<\/strong>type de protection&nbsp;<strong>IP65&nbsp;<\/strong>L'utilisation de ce produit est donc r\u00e9sistante \u00e0 tout changement brusque de temp\u00e9rature, tant en hiver qu'en \u00e9t\u00e9.<\/p><p>Le pr\u00e9sent<strong>&nbsp;appliquer&nbsp;<\/strong>de<strong>&nbsp;murs int\u00e9rieurs et ext\u00e9rieurs<\/strong><strong>&nbsp;<\/strong>est particuli\u00e8rement adapt\u00e9 \u00e0 l'\u00e9clairage des espaces ext\u00e9rieurs, en leur donnant un design moderne. Il cr\u00e9e des atmosph\u00e8res relaxantes pour profiter de votre jardin, de vos entr\u00e9es, de vos porches, etc...<\/p><h1>Lampe murale \u00e0 projecteur LED pour l'int\u00e9rieur et l'ext\u00e9rieur IP65<\/h1><p><strong>Applique&nbsp;<\/strong>est un \u00e9l\u00e9ment de haute qualit\u00e9 d\u00e9corative qui s'adapte \u00e0 tous les styles. Vous obtiendrez un \u00e9clairage chaleureux.<\/p><p>Notre&nbsp;<strong>lampe murale<\/strong>avec des mesures&nbsp;<em>160*68*78mm<\/em>En aluminium et avec un diffuseur en verre, il est parfait pour l'int\u00e9rieur et l'ext\u00e9rieur, gr\u00e2ce \u00e0 son design et \u00e0 son design.&nbsp;<strong>IP65&nbsp;<\/strong>Il r\u00e9siste ainsi \u00e0 la poussi\u00e8re et aux \u00e9claboussures de pluie. Sa source lumineuse est une ampoule du type&nbsp;<strong>GU10<\/strong>.<\/p><p><em>Lampe GU10 vendue s\u00e9par\u00e9ment<\/em><\/p><p>&nbsp;<\/p><h2>Utilisations Projecteur LED int\u00e9rieur - ext\u00e9rieur IP65<\/h2><ul>\n<li>Murs<\/li>\n<li>Corridors<\/li>\n<li>Chambres<\/li>\n<li>H\u00f4tels<\/li>\n<li>Billets<\/li>\n<li>Porches<\/li>\n<\/ul><h3 class=\"page-product-heading\">DONN\u00c9ES TECHNIQUES<\/h3><div class=\"col-xs-12 col-md-6\">\n<table class=\"table table-data-sheet 1\">\n<tbody>\n<tr class=\"odd\">\n<td valign=\"middle\" width=\"32\"><\/td>\n<td valign=\"middle\">REFERENCE :<\/td>\n<td valign=\"middle\">SL90575<\/td>\n<\/tr>\n<tr class=\"even\">\n<td valign=\"middle\" width=\"32\"><\/td>\n<td valign=\"middle\">Tension nominale :<\/td>\n<td valign=\"middle\">175-265V<\/td>\n<\/tr>\n<tr class=\"odd\">\n<td valign=\"middle\" width=\"32\"><\/td>\n<td valign=\"middle\">Mat\u00e9riaux de construction :<\/td>\n<td valign=\"middle\">Aluminium + verre<\/td>\n<\/tr>\n<tr class=\"even\">\n<td valign=\"middle\" width=\"32\"><\/td>\n<td valign=\"middle\">Douille :<\/td>\n<td valign=\"middle\">GU10 x2<\/td>\n<\/tr>\n<tr class=\"odd\">\n<td valign=\"middle\" width=\"32\"><\/td>\n<td valign=\"middle\">Certificats :<\/td>\n<td valign=\"middle\">CE - ROHS<\/td>\n<\/tr>\n<tr class=\"even\">\n<td valign=\"middle\" width=\"32\"><\/td>\n<td valign=\"middle\">Indice de protection IP :<\/td>\n<td valign=\"middle\">IP65-Ext\u00e9rieur<\/td>\n<\/tr>\n<\/tbody>\n<\/table>\n<\/div><div class=\"col-xs-12 col-md-6 2\">\n<table class=\"table table-data-sheet 2\">\n<tbody>\n<tr class=\"odd\">\n<td valign=\"middle\" width=\"32\"><\/td>\n<td valign=\"middle\">Dimensions (mm) :<\/td>\n<td valign=\"middle\">160*68*78mm<\/td>\n<\/tr>\n<tr class=\"even\">\n<td valign=\"middle\" width=\"32\"><\/td>\n<td valign=\"middle\">Fr\u00e9quence de travail (Hz) :<\/td>\n<td valign=\"middle\">50\/60Hz<\/td>\n<\/tr>\n<tr class=\"odd\">\n<td valign=\"middle\" width=\"32\"><\/td>\n<td valign=\"middle\">Plage de temp\u00e9rature (\u00baC) :<\/td>\n<td valign=\"middle\">-20\u00b0C ~ +55\u00b0C<\/td>\n<\/tr>\n<tr class=\"even\">\n<td valign=\"middle\" width=\"32\"><\/td>\n<td valign=\"middle\">Cycles d'allumage :<\/td>\n<td valign=\"middle\">100.000<\/td>\n<\/tr>\n<tr class=\"odd\">\n<td valign=\"middle\" width=\"32\"><\/td>\n<td valign=\"middle\">Ann\u00e9es de garantie :<\/td>\n<td valign=\"middle\">2<\/td>\n<\/tr>\n<\/tbody>\n<\/table>\n<\/div><\/p>","protected":false},"excerpt":{"rendered":"<div class=\"col-md-12\"><i class=\"fa fa-truck\"><\/i>&nbsp;<span class=\"text-muted textprop\">Livraison dans les 24\/48 heures<\/span><div class=\"col-md-12\"><i class=\"fa fa-exchange\"><\/i>&nbsp;<span class=\"text-muted textprop\">Garantie assur\u00e9e<\/span><\/div><div class=\"col-md-12\"><i class=\"fa fa-box\"><\/i>&nbsp;<span class=\"text-muted textprop\">20 unit\u00e9(s) par bo\u00eete \u00e0 outils<\/span><\/div><\/div>","protected":false},"featured_media":8106,"template":"","meta":{"site-sidebar-layout":"default","site-content-layout":"default","ast-global-header-display":"","ast-main-header-display":"","ast-hfb-above-header-display":"","ast-hfb-below-header-display":"","ast-hfb-mobile-header-display":"","site-post-title":"","ast-breadcrumbs-content":"","ast-featured-img":"","footer-sml-layout":"","theme-transparent-header-meta":"default","adv-header-id-meta":"","stick-header-meta":"","header-above-stick-meta":"","header-main-stick-meta":"","header-below-stick-meta":""},"product_cat":[64,36],"product_tag":[],"class_list":["post-8100","product","type-product","status-publish","has-post-thumbnail","hentry","product_cat-apliques-led","product_cat-apliques-led-y-decoracion"],"_links":{"self":[{"href":"https:\/\/starlediluminacion.com\/fr\/wp-json\/wp\/v3\/product\/8100","targetHints":{"allow":["GET"]}}],"collection":[{"href":"https:\/\/starlediluminacion.com\/fr\/wp-json\/wp\/v3\/product"}],"about":[{"href":"https:\/\/starlediluminacion.com\/fr\/wp-json\/wp\/v2\/types\/product"}],"wp:featuredmedia":[{"embeddable":true,"href":"https:\/\/starlediluminacion.com\/fr\/wp-json\/wp\/v2\/media\/8106"}],"wp:attachment":[{"href":"https:\/\/starlediluminacion.com\/fr\/wp-json\/wp\/v2\/media?parent=8100"}],"wp:term":[{"taxonomy":"product_cat","embeddable":true,"href":"https:\/\/starlediluminacion.com\/fr\/wp-json\/wp\/v2\/product_cat?post=8100"},{"taxonomy":"product_tag","embeddable":true,"href":"https:\/\/starlediluminacion.com\/fr\/wp-json\/wp\/v2\/product_tag?post=8100"}],"curies":[{"name":"wp","href":"https:\/\/api.w.org\/{rel}","templated":true}]}}