{"id":7690,"date":"2022-08-25T18:57:12","date_gmt":"2022-08-25T18:57:12","guid":{"rendered":"https:\/\/starlediluminacion.com\/?post_type=product&#038;p=7690"},"modified":"2022-08-25T18:57:13","modified_gmt":"2022-08-25T18:57:13","slug":"cruceta-de-acero-de-2-brazos","status":"publish","type":"product","link":"https:\/\/starlediluminacion.com\/fr\/product\/cruceta-de-acero-de-2-brazos\/","title":{"rendered":"<p>Cruceta de Acero de 2 Brazos<\/p>"},"content":{"rendered":"<p>REFERENCIA: SLCRUCETA2B<div class=\"hidden-xs parrafo\">\n<p><strong>Cruceta<\/strong>&nbsp;de tubo de acero para dos&nbsp;<strong>luminaires<\/strong>&nbsp;o&nbsp;<strong>focos proyectores<\/strong>. Se puede&nbsp;instalar en B&aacute;culos, Columnas y Farolas LED<\/p>\n<\/div><div id=\"views_block-1\" class=\"clearfix\">\n<div id=\"thumbs_list\">\n<h1>Cruceta de acero de dos brazos<\/h1>\n<p>Les&nbsp;<strong>Cruceta de 2 brazos<\/strong>&nbsp;est&aacute; fabricada en&nbsp;<strong>tubo de acero<\/strong>. Tiene la posibilidad de elegir la terminaci&oacute;n en diferentes di&aacute;metros&nbsp;<em>(bajo pedido)<\/em>. Recubrimiento de pintura en polvo de poli&eacute;ster, pulverizado electro-est&aacute;ticamente y sublimado al horno.&nbsp;<strong>Resistente a la corrosi&oacute;n<\/strong>. Su color est&aacute;ndar es en negro pero tiene la posibilidad de pintarla en cualquier color de la carta RAL&nbsp;<em>(bajo pedido)<\/em><\/p>\n<h2>Usos de la&nbsp;Cruceta de acero de&nbsp;dos&nbsp; brazos<\/h2>\n<ul>\n<li>Personnel<\/li>\n<li>Colonnes<\/li>\n<li>Lampes de rue<\/li>\n<li>Id\u00e9al pour les parkings, les ronds-points, les rues, les places...<\/li>\n<\/ul>\n<h3 class=\"page-product-heading\">DONN\u00c9ES TECHNIQUES<\/h3>\n<div class=\"col-xs-12 col-md-6\">\n<table class=\"table table-data-sheet 1\">\n<tbody>\n<tr class=\"odd\">\n<td valign=\"middle\" width=\"32\"><\/td>\n<td valign=\"middle\">REFERENCE :<\/td>\n<td valign=\"middle\">SLCRUCETA2B<\/td>\n<\/tr>\n<tr class=\"even\">\n<td valign=\"middle\" width=\"32\"><\/td>\n<td valign=\"middle\">Mat\u00e9riaux de construction :<\/td>\n<td valign=\"middle\">Acier<\/td>\n<\/tr>\n<tr class=\"odd\">\n<td valign=\"middle\" width=\"32\"><\/td>\n<td valign=\"middle\">Certificats :<\/td>\n<td valign=\"middle\">CE - ROHS<\/td>\n<\/tr>\n<\/tbody>\n<\/table>\n<\/div>\n<div class=\"col-xs-12 col-md-6 2\">\n<table class=\"table table-data-sheet 2\">\n<tbody>\n<tr class=\"odd\">\n<td valign=\"middle\" width=\"32\"><\/td>\n<td valign=\"middle\">Dimensions (mm) :<\/td>\n<td valign=\"middle\">2x500XH300mm<\/td>\n<\/tr>\n<tr class=\"even\">\n<td valign=\"middle\" width=\"32\"><\/td>\n<td valign=\"middle\">Informations compl\u00e9mentaires :<\/td>\n<td valign=\"middle\">\u00d8Tubes \u00e0 trous 60-64<\/td>\n<\/tr>\n<tr class=\"odd\">\n<td valign=\"middle\" width=\"32\"><\/td>\n<td valign=\"middle\">Ann\u00e9es de garantie :<\/td>\n<td valign=\"middle\">2<\/td>\n<\/tr>\n<\/tbody>\n<\/table>\n<\/div>\n<\/div>\n<\/div><\/p>","protected":false},"excerpt":{"rendered":"<div class=\"col-md-12\"><i class=\"fa fa-truck\"><\/i>&nbsp;<span class=\"text-muted textprop\">Livraison dans les 24\/48 heures<\/span><div class=\"col-md-12\"><i class=\"fa fa-exchange\"><\/i>&nbsp;<span class=\"text-muted textprop\">Garantie assur\u00e9e<\/span><\/div><div class=\"col-md-12\"><i class=\"fa fa-box\"><\/i>&nbsp;<span class=\"text-muted textprop\">1 unit\u00e9(s) par bo\u00eete \u00e0 outils<\/span><\/div><div class=\"col-md-12 certificados\"><\/div><\/div>","protected":false},"featured_media":7695,"template":"","meta":{"site-sidebar-layout":"default","site-content-layout":"default","ast-global-header-display":"","ast-main-header-display":"","ast-hfb-above-header-display":"","ast-hfb-below-header-display":"","ast-hfb-mobile-header-display":"","site-post-title":"","ast-breadcrumbs-content":"","ast-featured-img":"","footer-sml-layout":"","theme-transparent-header-meta":"default","adv-header-id-meta":"","stick-header-meta":"","header-above-stick-meta":"","header-main-stick-meta":"","header-below-stick-meta":""},"product_cat":[99,30],"product_tag":[],"class_list":["post-7690","product","type-product","status-publish","has-post-thumbnail","hentry","product_cat-accesorios-para-farolas-led","product_cat-iluminacion-publica-y-vial"],"_links":{"self":[{"href":"https:\/\/starlediluminacion.com\/fr\/wp-json\/wp\/v3\/product\/7690","targetHints":{"allow":["GET"]}}],"collection":[{"href":"https:\/\/starlediluminacion.com\/fr\/wp-json\/wp\/v3\/product"}],"about":[{"href":"https:\/\/starlediluminacion.com\/fr\/wp-json\/wp\/v2\/types\/product"}],"wp:featuredmedia":[{"embeddable":true,"href":"https:\/\/starlediluminacion.com\/fr\/wp-json\/wp\/v2\/media\/7695"}],"wp:attachment":[{"href":"https:\/\/starlediluminacion.com\/fr\/wp-json\/wp\/v2\/media?parent=7690"}],"wp:term":[{"taxonomy":"product_cat","embeddable":true,"href":"https:\/\/starlediluminacion.com\/fr\/wp-json\/wp\/v2\/product_cat?post=7690"},{"taxonomy":"product_tag","embeddable":true,"href":"https:\/\/starlediluminacion.com\/fr\/wp-json\/wp\/v2\/product_tag?post=7690"}],"curies":[{"name":"wp","href":"https:\/\/api.w.org\/{rel}","templated":true}]}}