{"id":7631,"date":"2022-08-23T16:02:11","date_gmt":"2022-08-23T16:02:11","guid":{"rendered":"https:\/\/starlediluminacion.com\/?post_type=product&#038;p=7631"},"modified":"2022-08-23T16:02:11","modified_gmt":"2022-08-23T16:02:11","slug":"ventilador-led-de-techo-rainbow-infantil-e27-53w-ip20","status":"publish","type":"product","link":"https:\/\/starlediluminacion.com\/fr\/product\/ceiling-led-fan-rainbow-infantil-e27-53w-ip20\/","title":{"rendered":"<p>Ventilateur de plafond LED RAINBOW pour enfants - E27 - 53W - IP20<\/p>"},"content":{"rendered":"<p>R\u00c9F\u00c9RENCE : SLVL75165<p><strong>Ventilateur<\/strong>&nbsp;<strong>LED 76cm<\/strong>&nbsp;de&nbsp;<strong>diam\u00e8tre<\/strong>avec carrosserie color\u00e9e et&nbsp;<strong>six lames r\u00e9versibles<\/strong>&nbsp;inclus : blanc et pin lav\u00e9. Avec&nbsp;<strong>verre<\/strong>&nbsp;opale.<\/p><p>R\u00e9duisez la temp\u00e9rature de la pi\u00e8ce gr\u00e2ce \u00e0 l'air frais de nos ventilateurs tout en \u00e9conomisant sur votre facture d'\u00e9lectricit\u00e9 gr\u00e2ce \u00e0 l'\u00e9clairage LED.<\/p><h1>Ventilateur de plafond LED RAINBOW Colours - E27 - 53W - IP20<\/h1><p><strong>Ventilateur<\/strong>&nbsp;<strong>LED 76cm<\/strong>&nbsp;de&nbsp;<strong>diam\u00e8tre<\/strong>avec carrosserie color\u00e9e et&nbsp;<strong>six lames r\u00e9versibles<\/strong>&nbsp;inclus : blanc et pin lav\u00e9. Avec&nbsp;<strong>verre<\/strong>&nbsp;opale. Elle s'active au moyen de deux cha\u00eenes avec une poign\u00e9e d\u00e9corative. Elle est \u00e9quip\u00e9e d'une douille E27 qui permet d'installer l'ampoule la mieux adapt\u00e9e \u00e0 vos besoins et peut \u00eatre mont\u00e9e \u00e0 deux hauteurs, l'une avec une tige et l'autre directement sur le moteur. Fonction \u00e9t\u00e9\/hiver.<\/p><p>Il est activ\u00e9 par deux cha\u00eenes avec une poign\u00e9e d\u00e9corative et peut \u00eatre mont\u00e9 \u00e0 deux hauteurs, l'une avec une tige de si\u00e8ge et l'autre directement sur le moteur. Gr\u00e2ce \u00e0 son&nbsp;<strong>Syst\u00e8me d'inversion<\/strong>le ventilateur a&nbsp;<strong>deux fonctions<\/strong>option&nbsp;<strong>\u00e9t\u00e9\/hiver<\/strong>Dans ce mode, le moteur inverse la rotation des pales pour dissiper l'air chaud en \u00e9t\u00e9 et r\u00e9partir uniform\u00e9ment l'air chaud du chauffage en hiver, ce qui am\u00e9liore la sensation thermique et optimise le fonctionnement du chauffage.<\/p><p>Tous nos ventilateurs utilisent les meilleures technologies pour des performances optimales. Votre&nbsp;<strong>syst\u00e8me silencieux<\/strong>&nbsp;le fait fonctionner sans provoquer de bruits d\u00e9sagr\u00e9ables dans l'environnement.<\/p><h4><\/h4><div class=\"rte\">\n<h1>Ventilateur de plafond LED RAINBOW Colours - E27 - 53W - IP20<\/h1>\n<p><strong>Ventilateur<\/strong>&nbsp;<strong>LED 76cm<\/strong>&nbsp;de&nbsp;<strong>diam\u00e8tre<\/strong>avec carrosserie color\u00e9e et&nbsp;<strong>six lames r\u00e9versibles<\/strong>&nbsp;inclus : blanc et pin lav\u00e9. Avec&nbsp;<strong>verre<\/strong>&nbsp;opale. Elle s'active au moyen de deux cha\u00eenes avec une poign\u00e9e d\u00e9corative. Elle est \u00e9quip\u00e9e d'une douille E27 qui permet d'installer l'ampoule la mieux adapt\u00e9e \u00e0 vos besoins et peut \u00eatre mont\u00e9e \u00e0 deux hauteurs, l'une avec une tige et l'autre directement sur le moteur. Fonction \u00e9t\u00e9\/hiver.<\/p>\n<p>Il est activ\u00e9 par deux cha\u00eenes avec une poign\u00e9e d\u00e9corative et peut \u00eatre mont\u00e9 \u00e0 deux hauteurs, l'une avec une tige de si\u00e8ge et l'autre directement sur le moteur. Gr\u00e2ce \u00e0 son&nbsp;<strong>Syst\u00e8me d'inversion<\/strong>le ventilateur a&nbsp;<strong>deux fonctions<\/strong>option&nbsp;<strong>\u00e9t\u00e9\/hiver<\/strong>Dans ce mode, le moteur inverse la rotation des pales pour dissiper l'air chaud en \u00e9t\u00e9 et r\u00e9partir uniform\u00e9ment l'air chaud du chauffage en hiver, ce qui am\u00e9liore la sensation thermique et optimise le fonctionnement du chauffage.<\/p>\n<p>Tous nos ventilateurs utilisent les meilleures technologies pour des performances optimales. Votre&nbsp;<strong>syst\u00e8me silencieux<\/strong>&nbsp;le fait fonctionner sans provoquer de bruits d\u00e9sagr\u00e9ables dans l'environnement.<\/p>\n<p><span style=\"font-size: 1.5em; font-weight: bold;\">Utilisations du ventilateur de plafond LED RAINBOW - 53W - E27 - IP20<\/span><\/p>\n<div class=\"stk-technical\">\n<ul>\n<li>Salons<\/li>\n<li>Bureaux<\/li>\n<li>Chambres<\/li>\n<li>Cuisines<\/li>\n<li>Porches<\/li>\n<li>Salles d'attente<\/li>\n<li>Restaurants<\/li>\n<\/ul>\n<h3 class=\"page-product-heading\">DONN\u00c9ES TECHNIQUES<\/h3>\n<div class=\"col-xs-12 col-md-6\">\n<table class=\"table table-data-sheet 1\">\n<tbody>\n<tr class=\"odd\">\n<td valign=\"middle\" width=\"32\"><\/td>\n<td valign=\"middle\">REFERENCE :<\/td>\n<td valign=\"middle\">SLVL75165<\/td>\n<\/tr>\n<tr class=\"even\">\n<td valign=\"middle\" width=\"32\"><\/td>\n<td valign=\"middle\">Tension nominale :<\/td>\n<td valign=\"middle\">220-240V<\/td>\n<\/tr>\n<tr class=\"odd\">\n<td valign=\"middle\" width=\"32\"><\/td>\n<td valign=\"middle\">Douille :<\/td>\n<td valign=\"middle\">E27<\/td>\n<\/tr>\n<tr class=\"even\">\n<td valign=\"middle\" width=\"32\"><\/td>\n<td valign=\"middle\">Certificats :<\/td>\n<td valign=\"middle\">CE - ROHS<\/td>\n<\/tr>\n<tr class=\"odd\">\n<td valign=\"middle\" width=\"32\"><\/td>\n<td valign=\"middle\">Indice de protection IP :<\/td>\n<td valign=\"middle\">IP20<\/td>\n<\/tr>\n<tr class=\"even\">\n<td valign=\"middle\" width=\"32\"><\/td>\n<td valign=\"middle\">Dimensions (mm) :<\/td>\n<td valign=\"middle\">\u00d8760\u00d7280 mm<\/td>\n<\/tr>\n<tr class=\"odd\">\n<td valign=\"middle\" width=\"32\"><\/td>\n<td valign=\"middle\">Fr\u00e9quence de travail (Hz) :<\/td>\n<td valign=\"middle\">50\/60Hz<\/td>\n<\/tr>\n<tr class=\"even\">\n<td valign=\"middle\" width=\"32\"><\/td>\n<td valign=\"middle\">Ann\u00e9es de garantie :<\/td>\n<td valign=\"middle\">5<\/td>\n<\/tr>\n<tr class=\"odd\">\n<td valign=\"middle\" width=\"32\"><\/td>\n<td valign=\"middle\">Style :<\/td>\n<td valign=\"middle\">Classique<\/td>\n<\/tr>\n<tr class=\"even\">\n<td valign=\"middle\" width=\"32\"><\/td>\n<td valign=\"middle\">Couleur de la carrosserie :<\/td>\n<td valign=\"middle\">Blanc<\/td>\n<\/tr>\n<tr class=\"odd\">\n<td valign=\"middle\" width=\"32\"><\/td>\n<td valign=\"middle\">Finition :<\/td>\n<td valign=\"middle\">Luminosit\u00e9<\/td>\n<\/tr>\n<tr class=\"even\">\n<td valign=\"middle\" width=\"32\"><\/td>\n<td valign=\"middle\">Mat\u00e9riau de la lame :<\/td>\n<td valign=\"middle\">Bois<\/td>\n<\/tr>\n<tr class=\"odd\">\n<td valign=\"middle\" width=\"32\"><\/td>\n<td valign=\"middle\">Nombre de lames :<\/td>\n<td valign=\"middle\">6<\/td>\n<\/tr>\n<tr class=\"even\">\n<td valign=\"middle\" width=\"32\"><\/td>\n<td valign=\"middle\">Mat\u00e9riau du diffuseur :<\/td>\n<td valign=\"middle\">Verre<\/td>\n<\/tr>\n<\/tbody>\n<\/table>\n<\/div>\n<div class=\"col-xs-12 col-md-6 2\">\n<table class=\"table table-data-sheet 2\">\n<tbody>\n<tr class=\"odd\">\n<td valign=\"middle\" width=\"32\"><\/td>\n<td valign=\"middle\">Lames r\u00e9versibles :<\/td>\n<td valign=\"middle\">Oui<\/td>\n<\/tr>\n<tr class=\"even\">\n<td valign=\"middle\" width=\"32\"><\/td>\n<td valign=\"middle\">Type de moteur :<\/td>\n<td valign=\"middle\">AC<\/td>\n<\/tr>\n<tr class=\"odd\">\n<td valign=\"middle\" width=\"32\"><\/td>\n<td valign=\"middle\">Mode \u00e9t\u00e9 \/ hiver :<\/td>\n<td valign=\"middle\">Oui<\/td>\n<\/tr>\n<tr class=\"even\">\n<td valign=\"middle\" width=\"32\"><\/td>\n<td valign=\"middle\">Longueur des lames :<\/td>\n<td valign=\"middle\">295<\/td>\n<\/tr>\n<tr class=\"odd\">\n<td valign=\"middle\" width=\"32\"><\/td>\n<td valign=\"middle\">Position de montage :<\/td>\n<td valign=\"middle\">Une tige de selle + ancrage direct au plafond<\/td>\n<\/tr>\n<tr class=\"even\">\n<td valign=\"middle\" width=\"32\"><\/td>\n<td valign=\"middle\">Pente maximale du toit :<\/td>\n<td valign=\"middle\">15\u00ba<\/td>\n<\/tr>\n<tr class=\"odd\">\n<td valign=\"middle\" width=\"32\"><\/td>\n<td valign=\"middle\">Installation :<\/td>\n<td valign=\"middle\">2 - 3m<\/td>\n<\/tr>\n<tr class=\"even\">\n<td valign=\"middle\" width=\"32\"><\/td>\n<td valign=\"middle\">Vitesses :<\/td>\n<td valign=\"middle\">3<\/td>\n<\/tr>\n<tr class=\"odd\">\n<td valign=\"middle\" width=\"32\"><\/td>\n<td valign=\"middle\">RPM :<\/td>\n<td valign=\"middle\">131,187,237<\/td>\n<\/tr>\n<tr class=\"even\">\n<td valign=\"middle\" width=\"32\"><\/td>\n<td valign=\"middle\">D\u00e9bit d'air :<\/td>\n<td valign=\"middle\">2880, 4020, 5760 m3\/h<\/td>\n<\/tr>\n<tr class=\"odd\">\n<td valign=\"middle\" width=\"32\"><\/td>\n<td valign=\"middle\">Niveau sonore :<\/td>\n<td valign=\"middle\">30,42,46 dB<\/td>\n<\/tr>\n<tr class=\"even\">\n<td valign=\"middle\" width=\"32\"><\/td>\n<td valign=\"middle\">Consommation :<\/td>\n<td valign=\"middle\">16 \/ 27 \/ 53 W\/h<\/td>\n<\/tr>\n<tr class=\"odd\">\n<td valign=\"middle\" width=\"32\"><\/td>\n<td valign=\"middle\">Nombre de douilles :<\/td>\n<td valign=\"middle\">1<\/td>\n<\/tr>\n<tr class=\"even\">\n<td valign=\"middle\" width=\"32\"><\/td>\n<td valign=\"middle\">Ampoule incluse :<\/td>\n<td valign=\"middle\">Non<\/td>\n<\/tr>\n<\/tbody>\n<\/table>\n<\/div>\n<p>&nbsp;<\/p>\n<\/div>\n<\/div><\/p>","protected":false},"excerpt":{"rendered":"<div class=\"col-md-12\"><i class=\"fa fa-truck\"><\/i>&nbsp;<span class=\"text-muted textprop\">Livraison dans les 24\/48 heures<\/span><div class=\"col-md-12\"><i class=\"fa fa-exchange\"><\/i>&nbsp;<span class=\"text-muted textprop\">Garantie assur\u00e9e<\/span><\/div><div class=\"col-md-12\"><i class=\"fa fa-box\"><\/i>&nbsp;<span class=\"text-muted textprop\">1 unit\u00e9(s) par bo\u00eete \u00e0 outils<\/span><\/div><\/div>","protected":false},"featured_media":7632,"template":"","meta":{"site-sidebar-layout":"default","site-content-layout":"default","ast-global-header-display":"","ast-main-header-display":"","ast-hfb-above-header-display":"","ast-hfb-below-header-display":"","ast-hfb-mobile-header-display":"","site-post-title":"","ast-breadcrumbs-content":"","ast-featured-img":"","footer-sml-layout":"","theme-transparent-header-meta":"default","adv-header-id-meta":"","stick-header-meta":"","header-above-stick-meta":"","header-main-stick-meta":"","header-below-stick-meta":""},"product_cat":[36,67],"product_tag":[],"class_list":["post-7631","product","type-product","status-publish","has-post-thumbnail","hentry","product_cat-apliques-led-y-decoracion","product_cat-ventiladores-techo-led"],"yoast_head":"<!-- This site is optimized with the Yoast SEO plugin v27.4 - https:\/\/yoast.com\/product\/yoast-seo-wordpress\/ -->\n<title>Ventilador LED de Techo RAINBOW Infantil - E27 - 53W - IP20 - STARLED Iluminacion<\/title>\n<meta name=\"robots\" content=\"index, follow, max-snippet:-1, max-image-preview:large, max-video-preview:-1\" \/>\n<link rel=\"canonical\" href=\"https:\/\/starlediluminacion.com\/fr\/product\/ceiling-led-fan-rainbow-infantil-e27-53w-ip20\/\" \/>\n<meta property=\"og:locale\" content=\"fr_FR\" \/>\n<meta property=\"og:type\" content=\"article\" \/>\n<meta property=\"og:title\" content=\"Ventilador LED de Techo RAINBOW Infantil - E27 - 53W - IP20 - STARLED Iluminacion\" \/>\n<meta property=\"og:description\" content=\"\u00a0Entrega en 24\/48 horas \u00a0Garant\u00eda asegurada \u00a01 unidad(es) por Masterbox\" \/>\n<meta property=\"og:url\" content=\"https:\/\/starlediluminacion.com\/fr\/product\/ceiling-led-fan-rainbow-infantil-e27-53w-ip20\/\" \/>\n<meta property=\"og:site_name\" content=\"STARLED Iluminacion\" \/>\n<meta property=\"og:image\" content=\"https:\/\/starlediluminacion.com\/wp-content\/uploads\/2022\/08\/ventilador-led-de-techo-rainbow-infantil-e27-53w-ip20-factorled-1.jpg\" \/>\n\t<meta property=\"og:image:width\" content=\"1000\" \/>\n\t<meta property=\"og:image:height\" content=\"1000\" \/>\n\t<meta property=\"og:image:type\" content=\"image\/jpeg\" \/>\n<meta name=\"twitter:card\" content=\"summary_large_image\" \/>\n<meta name=\"twitter:label1\" content=\"Dur\u00e9e de lecture estim\u00e9e\" \/>\n\t<meta name=\"twitter:data1\" content=\"3 minutes\" \/>\n<script type=\"application\/ld+json\" class=\"yoast-schema-graph\">{\"@context\":\"https:\\\/\\\/schema.org\",\"@graph\":[{\"@type\":\"WebPage\",\"@id\":\"https:\\\/\\\/starlediluminacion.com\\\/producto\\\/ventilador-led-de-techo-rainbow-infantil-e27-53w-ip20\\\/\",\"url\":\"https:\\\/\\\/starlediluminacion.com\\\/producto\\\/ventilador-led-de-techo-rainbow-infantil-e27-53w-ip20\\\/\",\"name\":\"Ventilador LED de Techo RAINBOW Infantil - E27 - 53W - IP20 - STARLED Iluminacion\",\"isPartOf\":{\"@id\":\"https:\\\/\\\/starlediluminacion.com\\\/#website\"},\"primaryImageOfPage\":{\"@id\":\"https:\\\/\\\/starlediluminacion.com\\\/producto\\\/ventilador-led-de-techo-rainbow-infantil-e27-53w-ip20\\\/#primaryimage\"},\"image\":{\"@id\":\"https:\\\/\\\/starlediluminacion.com\\\/producto\\\/ventilador-led-de-techo-rainbow-infantil-e27-53w-ip20\\\/#primaryimage\"},\"thumbnailUrl\":\"https:\\\/\\\/starlediluminacion.com\\\/wp-content\\\/uploads\\\/2022\\\/08\\\/ventilador-led-de-techo-rainbow-infantil-e27-53w-ip20-factorled-1.jpg\",\"datePublished\":\"2022-08-23T16:02:11+00:00\",\"breadcrumb\":{\"@id\":\"https:\\\/\\\/starlediluminacion.com\\\/producto\\\/ventilador-led-de-techo-rainbow-infantil-e27-53w-ip20\\\/#breadcrumb\"},\"inLanguage\":\"fr-FR\",\"potentialAction\":[{\"@type\":\"ReadAction\",\"target\":[\"https:\\\/\\\/starlediluminacion.com\\\/producto\\\/ventilador-led-de-techo-rainbow-infantil-e27-53w-ip20\\\/\"]}]},{\"@type\":\"ImageObject\",\"inLanguage\":\"fr-FR\",\"@id\":\"https:\\\/\\\/starlediluminacion.com\\\/producto\\\/ventilador-led-de-techo-rainbow-infantil-e27-53w-ip20\\\/#primaryimage\",\"url\":\"https:\\\/\\\/starlediluminacion.com\\\/wp-content\\\/uploads\\\/2022\\\/08\\\/ventilador-led-de-techo-rainbow-infantil-e27-53w-ip20-factorled-1.jpg\",\"contentUrl\":\"https:\\\/\\\/starlediluminacion.com\\\/wp-content\\\/uploads\\\/2022\\\/08\\\/ventilador-led-de-techo-rainbow-infantil-e27-53w-ip20-factorled-1.jpg\",\"width\":1000,\"height\":1000},{\"@type\":\"BreadcrumbList\",\"@id\":\"https:\\\/\\\/starlediluminacion.com\\\/producto\\\/ventilador-led-de-techo-rainbow-infantil-e27-53w-ip20\\\/#breadcrumb\",\"itemListElement\":[{\"@type\":\"ListItem\",\"position\":1,\"name\":\"Portada\",\"item\":\"https:\\\/\\\/starlediluminacion.com\\\/\"},{\"@type\":\"ListItem\",\"position\":2,\"name\":\"Shop\",\"item\":\"https:\\\/\\\/starlediluminacion.com\\\/shop-2\\\/\"},{\"@type\":\"ListItem\",\"position\":3,\"name\":\"Ventilador LED de Techo RAINBOW Infantil &#8211; E27 &#8211; 53W &#8211; IP20\"}]},{\"@type\":\"WebSite\",\"@id\":\"https:\\\/\\\/starlediluminacion.com\\\/#website\",\"url\":\"https:\\\/\\\/starlediluminacion.com\\\/\",\"name\":\"STARLED Iluminacion\",\"description\":\"\",\"potentialAction\":[{\"@type\":\"SearchAction\",\"target\":{\"@type\":\"EntryPoint\",\"urlTemplate\":\"https:\\\/\\\/starlediluminacion.com\\\/?s={search_term_string}\"},\"query-input\":{\"@type\":\"PropertyValueSpecification\",\"valueRequired\":true,\"valueName\":\"search_term_string\"}}],\"inLanguage\":\"fr-FR\"}]}<\/script>\n<!-- \/ Yoast SEO plugin. -->","yoast_head_json":{"title":"Ventilador LED de Techo RAINBOW Infantil - E27 - 53W - IP20 - STARLED Iluminacion","robots":{"index":"index","follow":"follow","max-snippet":"max-snippet:-1","max-image-preview":"max-image-preview:large","max-video-preview":"max-video-preview:-1"},"canonical":"https:\/\/starlediluminacion.com\/fr\/product\/ceiling-led-fan-rainbow-infantil-e27-53w-ip20\/","og_locale":"fr_FR","og_type":"article","og_title":"Ventilador LED de Techo RAINBOW Infantil - E27 - 53W - IP20 - STARLED Iluminacion","og_description":"\u00a0Entrega en 24\/48 horas \u00a0Garant\u00eda asegurada \u00a01 unidad(es) por Masterbox","og_url":"https:\/\/starlediluminacion.com\/fr\/product\/ceiling-led-fan-rainbow-infantil-e27-53w-ip20\/","og_site_name":"STARLED Iluminacion","og_image":[{"width":1000,"height":1000,"url":"https:\/\/starlediluminacion.com\/wp-content\/uploads\/2022\/08\/ventilador-led-de-techo-rainbow-infantil-e27-53w-ip20-factorled-1.jpg","type":"image\/jpeg"}],"twitter_card":"summary_large_image","twitter_misc":{"Dur\u00e9e de lecture estim\u00e9e":"3 minutes"},"schema":{"@context":"https:\/\/schema.org","@graph":[{"@type":"WebPage","@id":"https:\/\/starlediluminacion.com\/producto\/ventilador-led-de-techo-rainbow-infantil-e27-53w-ip20\/","url":"https:\/\/starlediluminacion.com\/producto\/ventilador-led-de-techo-rainbow-infantil-e27-53w-ip20\/","name":"Ventilador LED de Techo RAINBOW Infantil - E27 - 53W - IP20 - STARLED Iluminacion","isPartOf":{"@id":"https:\/\/starlediluminacion.com\/#website"},"primaryImageOfPage":{"@id":"https:\/\/starlediluminacion.com\/producto\/ventilador-led-de-techo-rainbow-infantil-e27-53w-ip20\/#primaryimage"},"image":{"@id":"https:\/\/starlediluminacion.com\/producto\/ventilador-led-de-techo-rainbow-infantil-e27-53w-ip20\/#primaryimage"},"thumbnailUrl":"https:\/\/starlediluminacion.com\/wp-content\/uploads\/2022\/08\/ventilador-led-de-techo-rainbow-infantil-e27-53w-ip20-factorled-1.jpg","datePublished":"2022-08-23T16:02:11+00:00","breadcrumb":{"@id":"https:\/\/starlediluminacion.com\/producto\/ventilador-led-de-techo-rainbow-infantil-e27-53w-ip20\/#breadcrumb"},"inLanguage":"fr-FR","potentialAction":[{"@type":"ReadAction","target":["https:\/\/starlediluminacion.com\/producto\/ventilador-led-de-techo-rainbow-infantil-e27-53w-ip20\/"]}]},{"@type":"ImageObject","inLanguage":"fr-FR","@id":"https:\/\/starlediluminacion.com\/producto\/ventilador-led-de-techo-rainbow-infantil-e27-53w-ip20\/#primaryimage","url":"https:\/\/starlediluminacion.com\/wp-content\/uploads\/2022\/08\/ventilador-led-de-techo-rainbow-infantil-e27-53w-ip20-factorled-1.jpg","contentUrl":"https:\/\/starlediluminacion.com\/wp-content\/uploads\/2022\/08\/ventilador-led-de-techo-rainbow-infantil-e27-53w-ip20-factorled-1.jpg","width":1000,"height":1000},{"@type":"BreadcrumbList","@id":"https:\/\/starlediluminacion.com\/producto\/ventilador-led-de-techo-rainbow-infantil-e27-53w-ip20\/#breadcrumb","itemListElement":[{"@type":"ListItem","position":1,"name":"Portada","item":"https:\/\/starlediluminacion.com\/"},{"@type":"ListItem","position":2,"name":"Shop","item":"https:\/\/starlediluminacion.com\/shop-2\/"},{"@type":"ListItem","position":3,"name":"Ventilador LED de Techo RAINBOW Infantil &#8211; E27 &#8211; 53W &#8211; IP20"}]},{"@type":"WebSite","@id":"https:\/\/starlediluminacion.com\/#website","url":"https:\/\/starlediluminacion.com\/","name":"STARLED Iluminacion","description":"","potentialAction":[{"@type":"SearchAction","target":{"@type":"EntryPoint","urlTemplate":"https:\/\/starlediluminacion.com\/?s={search_term_string}"},"query-input":{"@type":"PropertyValueSpecification","valueRequired":true,"valueName":"search_term_string"}}],"inLanguage":"fr-FR"}]}},"_links":{"self":[{"href":"https:\/\/starlediluminacion.com\/fr\/wp-json\/wp\/v3\/product\/7631","targetHints":{"allow":["GET"]}}],"collection":[{"href":"https:\/\/starlediluminacion.com\/fr\/wp-json\/wp\/v3\/product"}],"about":[{"href":"https:\/\/starlediluminacion.com\/fr\/wp-json\/wp\/v2\/types\/product"}],"wp:featuredmedia":[{"embeddable":true,"href":"https:\/\/starlediluminacion.com\/fr\/wp-json\/wp\/v2\/media\/7632"}],"wp:attachment":[{"href":"https:\/\/starlediluminacion.com\/fr\/wp-json\/wp\/v2\/media?parent=7631"}],"wp:term":[{"taxonomy":"product_cat","embeddable":true,"href":"https:\/\/starlediluminacion.com\/fr\/wp-json\/wp\/v2\/product_cat?post=7631"},{"taxonomy":"product_tag","embeddable":true,"href":"https:\/\/starlediluminacion.com\/fr\/wp-json\/wp\/v2\/product_tag?post=7631"}],"curies":[{"name":"wp","href":"https:\/\/api.w.org\/{rel}","templated":true}]}}