{"id":7626,"date":"2022-08-23T15:59:32","date_gmt":"2022-08-23T15:59:32","guid":{"rendered":"https:\/\/starlediluminacion.com\/?post_type=product&#038;p=7626"},"modified":"2022-12-18T09:57:32","modified_gmt":"2022-12-18T09:57:32","slug":"lampara-led-colgante-circular-negra-37w-space-venus-60cm","status":"publish","type":"product","link":"https:\/\/starlediluminacion.com\/fr\/product\/lampe-led-pendant-circulaire-circulaire-noir-37w-espace-venus-60cm\/","title":{"rendered":"<p>Lampe pendante circulaire LED noire - 37W - SPACE VENUS - 60cm<\/p>"},"content":{"rendered":"<p>R\u00c9F\u00c9RENCE : SLC-80121-NG<p>Notre luminaire<strong>&nbsp;pendentif professionnel<\/strong>&nbsp; d\u00e9corative -circulaire - LED 37W -&nbsp;<strong>ESPACE V\u00c9NUS<\/strong><strong>&nbsp;<\/strong>- Couleur Noir - Noir - Noir - Noir - Noir - Noir - Noir - Noir&nbsp;<strong>est con\u00e7u pour une utilisation intensive et ininterrompue de 24 heures.<\/strong>s. Notre lampe suspendue est<strong>&nbsp;fabriqu\u00e9s en Europe,<\/strong>&nbsp;pour r\u00e9pondre \u00e0 vos besoins. Aluminium extrud\u00e9 98% puret\u00e9, source lumineuse SMD2835 garantie 5 ans.<\/p><p>D\u00e9lai de production : 5 \u00e0 7 jours ouvrables (du lundi au vendredi).<\/p><h1 dir=\"ltr\">Lampe pendante circulaire LED noire - 37W - SPACE VENUS - 60cm<\/h1><p dir=\"ltr\">Son design simple, propre et \u00e9l\u00e9gant convient \u00e0 la d\u00e9coration de couloirs, de cuisines, de bureaux et\/ou d'espaces commerciaux, entre autres. Le luminaire LED mesure 60 cm de diam\u00e8tre. Il est \u00e9quip\u00e9 d'une alimentation 24 volts robuste de la prestigieuse marque&nbsp;<strong>ECOLED ,&nbsp;<\/strong>&nbsp;ce qui augmente la dur\u00e9e de vie du luminaire \u00e0 LED.<\/p><p dir=\"ltr\">Sa diode SMD2835 \u00e0 haute luminosit\u00e9 lui permet de diffuser une lumi\u00e8re uniforme sur l'ensemble du panneau, ce qui donne un effet d\u00e9coratif spectaculaire.<\/p><p dir=\"ltr\">Le luminaire est enti\u00e8rement fabriqu\u00e9 en aluminium extrud\u00e9, ce qui am\u00e9liore la dissipation des diodes LED.<\/p><p>Gr\u00e2ce \u00e0 son syst\u00e8me d'allumage instantan\u00e9 et sans scintillement, ce luminaire suspendu \u00e0 LED est id\u00e9al pour les endroits o\u00f9 l'on souhaite maximiser l'espace \u00e9clair\u00e9, en projetant la lumi\u00e8re de mani\u00e8re homog\u00e8ne et sans \u00e9blouissement.<\/p><p>&nbsp;<\/p><p dir=\"ltr\">Il poss\u00e8de un indice de rendu des couleurs tr\u00e8s \u00e9lev\u00e9 de 80, offrant des couleurs vives et naturelles.<\/p><p dir=\"ltr\">Le luminaire est laqu\u00e9 avec un vernis noir et blanc de haute qualit\u00e9 - Qualicoat - textur\u00e9 - d'une \u00e9paisseur de 15 microns pour une longue dur\u00e9e de vie.<\/p><h2>Utilisations de la lampe pendante circulaire LED noire - 37W - SPACE VENUS - 60cm :<\/h2><ul>\n<li>Bureaux<\/li>\n<li>H\u00f4pitaux<\/li>\n<li>Centres commerciaux<\/li>\n<li>Restaurants<\/li>\n<li>Supermarch\u00e9s<\/li>\n<li>H\u00f4tels<\/li>\n<li>Cuisines<\/li>\n<\/ul><h3 class=\"page-product-heading\">DONN\u00c9ES TECHNIQUES<\/h3><div class=\"col-xs-12 col-md-6\">\n<table class=\"table table-data-sheet 1\">\n<tbody>\n<tr class=\"odd\">\n<td valign=\"middle\" width=\"32\"><\/td>\n<td valign=\"middle\">REFERENCE :<\/td>\n<td valign=\"middle\">SLC-80121-NG<\/td>\n<\/tr>\n<tr class=\"even\">\n<td valign=\"middle\" width=\"32\"><\/td>\n<td valign=\"middle\">Puissance nominale :<\/td>\n<td valign=\"middle\">37W<\/td>\n<\/tr>\n<tr class=\"odd\">\n<td valign=\"middle\" width=\"32\"><\/td>\n<td valign=\"middle\">Tension nominale :<\/td>\n<td valign=\"middle\">85V-265V<\/td>\n<\/tr>\n<tr class=\"even\">\n<td valign=\"middle\" width=\"32\"><\/td>\n<td valign=\"middle\">Temp\u00e9rature de la lumi\u00e8re :<\/td>\n<td valign=\"middle\">2700K-4000K-6500K<\/td>\n<\/tr>\n<tr class=\"odd\">\n<td valign=\"middle\" width=\"32\"><\/td>\n<td valign=\"middle\">CRI - Indice de rendu des couleurs :<\/td>\n<td valign=\"middle\">80<\/td>\n<\/tr>\n<tr class=\"even\">\n<td valign=\"middle\" width=\"32\"><\/td>\n<td valign=\"middle\">Mat\u00e9riaux de construction :<\/td>\n<td valign=\"middle\">Aluminium<\/td>\n<\/tr>\n<tr class=\"odd\">\n<td valign=\"middle\" width=\"32\"><\/td>\n<td valign=\"middle\">Luminosit\u00e9-Lm :<\/td>\n<td valign=\"middle\">3330<\/td>\n<\/tr>\n<tr class=\"even\">\n<td valign=\"middle\" width=\"32\"><\/td>\n<td valign=\"middle\">Type de DEL :<\/td>\n<td valign=\"middle\">SMD 2835<\/td>\n<\/tr>\n<tr class=\"odd\">\n<td valign=\"middle\" width=\"32\"><\/td>\n<td valign=\"middle\">Angle d'ouverture (\u00ba) :<\/td>\n<td valign=\"middle\">120\u00ba<\/td>\n<\/tr>\n<tr class=\"even\">\n<td valign=\"middle\" width=\"32\"><\/td>\n<td valign=\"middle\">Efficacit\u00e9 de la diode LED (Lm\/W) :<\/td>\n<td valign=\"middle\">140 Lm\/W<\/td>\n<\/tr>\n<tr class=\"odd\">\n<td valign=\"middle\" width=\"32\"><\/td>\n<td valign=\"middle\">Efficacit\u00e9 lumineuse (Lm\/W) :<\/td>\n<td valign=\"middle\">90 Lm\/W<\/td>\n<\/tr>\n<\/tbody>\n<\/table>\n<\/div><div class=\"col-xs-12 col-md-6 2\">\n<table class=\"table table-data-sheet 2\">\n<tbody>\n<tr class=\"odd\">\n<td valign=\"middle\" width=\"32\"><\/td>\n<td valign=\"middle\">Certificats :<\/td>\n<td valign=\"middle\">CE - ROHS<\/td>\n<\/tr>\n<tr class=\"even\">\n<td valign=\"middle\" width=\"32\"><\/td>\n<td valign=\"middle\">Indice de protection IP :<\/td>\n<td valign=\"middle\">IP20<\/td>\n<\/tr>\n<tr class=\"odd\">\n<td valign=\"middle\" width=\"32\"><\/td>\n<td valign=\"middle\">Dur\u00e9e de vie estim\u00e9e de la diode LED (H) :<\/td>\n<td valign=\"middle\">50.000<\/td>\n<\/tr>\n<tr class=\"even\">\n<td valign=\"middle\" width=\"32\"><\/td>\n<td valign=\"middle\">Dimensions (mm) :<\/td>\n<td valign=\"middle\">\u00d8600<\/td>\n<\/tr>\n<tr class=\"odd\">\n<td valign=\"middle\" width=\"32\"><\/td>\n<td valign=\"middle\">Facteur de puissance (PF) :<\/td>\n<td valign=\"middle\">0.95<\/td>\n<\/tr>\n<tr class=\"even\">\n<td valign=\"middle\" width=\"32\"><\/td>\n<td valign=\"middle\">Fr\u00e9quence de travail (Hz) :<\/td>\n<td valign=\"middle\">50\/60Hz<\/td>\n<\/tr>\n<tr class=\"odd\">\n<td valign=\"middle\" width=\"32\"><\/td>\n<td valign=\"middle\">Plage de temp\u00e9rature (\u00baC) :<\/td>\n<td valign=\"middle\">-20\u00b0C ~ +55\u00b0C<\/td>\n<\/tr>\n<tr class=\"even\">\n<td valign=\"middle\" width=\"32\"><\/td>\n<td valign=\"middle\">Cycles d'allumage :<\/td>\n<td valign=\"middle\">100.000<\/td>\n<\/tr>\n<tr class=\"odd\">\n<td valign=\"middle\" width=\"32\"><\/td>\n<td valign=\"middle\">Temps de d\u00e9marrage (s) :<\/td>\n<td valign=\"middle\">0,2s<\/td>\n<\/tr>\n<tr class=\"even\">\n<td valign=\"middle\" width=\"32\"><\/td>\n<td valign=\"middle\">Classe \u00e9nerg\u00e9tique (2021-EU-2019\/2015) :<\/td>\n<td valign=\"middle\">A+<\/td>\n<\/tr>\n<tr class=\"odd\">\n<td valign=\"middle\" width=\"32\"><\/td>\n<td valign=\"middle\">Ann\u00e9es de garantie :<\/td>\n<td valign=\"middle\">5<\/td>\n<\/tr>\n<\/tbody>\n<\/table>\n<\/div><\/p>","protected":false},"excerpt":{"rendered":"<div class=\"col-md-12\"><i class=\"fa fa-truck\"><\/i>&nbsp;<span class=\"text-muted textprop\">Livraison dans les 24\/48 heures<\/span><div class=\"col-md-12\"><i class=\"fa fa-exchange\"><\/i>&nbsp;<span class=\"text-muted textprop\">Garantie assur\u00e9e<\/span><\/div><div class=\"col-md-12\"><i class=\"fa fa-box\"><\/i>&nbsp;<span class=\"text-muted textprop\">1 unit\u00e9(s) par bo\u00eete \u00e0 outils<\/span><\/div><div><strong>TEMP\u00c9RATURE DE COULEUR : 2700K\/4000K\/6500K<\/strong><\/div><\/div>","protected":false},"featured_media":8475,"template":"","meta":{"site-sidebar-layout":"default","site-content-layout":"default","ast-global-header-display":"","ast-main-header-display":"","ast-hfb-above-header-display":"","ast-hfb-below-header-display":"","ast-hfb-mobile-header-display":"","site-post-title":"","ast-breadcrumbs-content":"","ast-featured-img":"","footer-sml-layout":"","theme-transparent-header-meta":"default","adv-header-id-meta":"","stick-header-meta":"","header-above-stick-meta":"","header-main-stick-meta":"","header-below-stick-meta":""},"product_cat":[36,66],"product_tag":[],"class_list":["post-7626","product","type-product","status-publish","has-post-thumbnail","hentry","product_cat-apliques-led-y-decoracion","product_cat-lamparas-colgantes-led"],"yoast_head":"<!-- This site is optimized with the Yoast SEO plugin v27.4 - https:\/\/yoast.com\/product\/yoast-seo-wordpress\/ -->\n<title>L\u00e1mpara LED Colgante Circular Negra - 37W - SPACE VENUS - 60cm - STARLED Iluminacion<\/title>\n<meta name=\"robots\" content=\"index, follow, max-snippet:-1, max-image-preview:large, max-video-preview:-1\" \/>\n<link rel=\"canonical\" href=\"https:\/\/starlediluminacion.com\/fr\/product\/lampe-led-pendant-circulaire-circulaire-noir-37w-espace-venus-60cm\/\" \/>\n<meta property=\"og:locale\" content=\"fr_FR\" \/>\n<meta property=\"og:type\" content=\"article\" \/>\n<meta property=\"og:title\" content=\"L\u00e1mpara LED Colgante Circular Negra - 37W - SPACE VENUS - 60cm - STARLED Iluminacion\" \/>\n<meta property=\"og:description\" content=\"\u00a0Entrega en 24\/48 horas \u00a0Garant\u00eda asegurada \u00a01 unidad(es) por Masterbox TEMPERATURA DE COLOR: 2700K\/4000K\/6500K\" \/>\n<meta property=\"og:url\" content=\"https:\/\/starlediluminacion.com\/fr\/product\/lampe-led-pendant-circulaire-circulaire-noir-37w-espace-venus-60cm\/\" \/>\n<meta property=\"og:site_name\" content=\"STARLED Iluminacion\" \/>\n<meta property=\"article:modified_time\" content=\"2022-12-18T09:57:32+00:00\" \/>\n<meta property=\"og:image\" content=\"https:\/\/starlediluminacion.com\/wp-content\/uploads\/2022\/08\/bateria-de-emergencia-para-luminaria-led-max50w-factorled-6.jpg\" \/>\n\t<meta property=\"og:image:width\" content=\"1000\" \/>\n\t<meta property=\"og:image:height\" content=\"1000\" \/>\n\t<meta property=\"og:image:type\" content=\"image\/jpeg\" \/>\n<meta name=\"twitter:card\" content=\"summary_large_image\" \/>\n<meta name=\"twitter:label1\" content=\"Dur\u00e9e de lecture estim\u00e9e\" \/>\n\t<meta name=\"twitter:data1\" content=\"2 minutes\" \/>\n<script type=\"application\/ld+json\" class=\"yoast-schema-graph\">{\"@context\":\"https:\\\/\\\/schema.org\",\"@graph\":[{\"@type\":\"WebPage\",\"@id\":\"https:\\\/\\\/starlediluminacion.com\\\/producto\\\/lampara-led-colgante-circular-negra-37w-space-venus-60cm\\\/\",\"url\":\"https:\\\/\\\/starlediluminacion.com\\\/producto\\\/lampara-led-colgante-circular-negra-37w-space-venus-60cm\\\/\",\"name\":\"L\u00e1mpara LED Colgante Circular Negra - 37W - SPACE VENUS - 60cm - STARLED Iluminacion\",\"isPartOf\":{\"@id\":\"https:\\\/\\\/starlediluminacion.com\\\/#website\"},\"primaryImageOfPage\":{\"@id\":\"https:\\\/\\\/starlediluminacion.com\\\/producto\\\/lampara-led-colgante-circular-negra-37w-space-venus-60cm\\\/#primaryimage\"},\"image\":{\"@id\":\"https:\\\/\\\/starlediluminacion.com\\\/producto\\\/lampara-led-colgante-circular-negra-37w-space-venus-60cm\\\/#primaryimage\"},\"thumbnailUrl\":\"https:\\\/\\\/starlediluminacion.com\\\/wp-content\\\/uploads\\\/2022\\\/08\\\/bateria-de-emergencia-para-luminaria-led-max50w-factorled-6.jpg\",\"datePublished\":\"2022-08-23T15:59:32+00:00\",\"dateModified\":\"2022-12-18T09:57:32+00:00\",\"breadcrumb\":{\"@id\":\"https:\\\/\\\/starlediluminacion.com\\\/producto\\\/lampara-led-colgante-circular-negra-37w-space-venus-60cm\\\/#breadcrumb\"},\"inLanguage\":\"fr-FR\",\"potentialAction\":[{\"@type\":\"ReadAction\",\"target\":[\"https:\\\/\\\/starlediluminacion.com\\\/producto\\\/lampara-led-colgante-circular-negra-37w-space-venus-60cm\\\/\"]}]},{\"@type\":\"ImageObject\",\"inLanguage\":\"fr-FR\",\"@id\":\"https:\\\/\\\/starlediluminacion.com\\\/producto\\\/lampara-led-colgante-circular-negra-37w-space-venus-60cm\\\/#primaryimage\",\"url\":\"https:\\\/\\\/starlediluminacion.com\\\/wp-content\\\/uploads\\\/2022\\\/08\\\/bateria-de-emergencia-para-luminaria-led-max50w-factorled-6.jpg\",\"contentUrl\":\"https:\\\/\\\/starlediluminacion.com\\\/wp-content\\\/uploads\\\/2022\\\/08\\\/bateria-de-emergencia-para-luminaria-led-max50w-factorled-6.jpg\",\"width\":1000,\"height\":1000},{\"@type\":\"BreadcrumbList\",\"@id\":\"https:\\\/\\\/starlediluminacion.com\\\/producto\\\/lampara-led-colgante-circular-negra-37w-space-venus-60cm\\\/#breadcrumb\",\"itemListElement\":[{\"@type\":\"ListItem\",\"position\":1,\"name\":\"Portada\",\"item\":\"https:\\\/\\\/starlediluminacion.com\\\/\"},{\"@type\":\"ListItem\",\"position\":2,\"name\":\"Shop\",\"item\":\"https:\\\/\\\/starlediluminacion.com\\\/shop-2\\\/\"},{\"@type\":\"ListItem\",\"position\":3,\"name\":\"L\u00e1mpara LED Colgante Circular Negra &#8211; 37W &#8211; SPACE VENUS &#8211; 60cm\"}]},{\"@type\":\"WebSite\",\"@id\":\"https:\\\/\\\/starlediluminacion.com\\\/#website\",\"url\":\"https:\\\/\\\/starlediluminacion.com\\\/\",\"name\":\"STARLED Iluminacion\",\"description\":\"\",\"potentialAction\":[{\"@type\":\"SearchAction\",\"target\":{\"@type\":\"EntryPoint\",\"urlTemplate\":\"https:\\\/\\\/starlediluminacion.com\\\/?s={search_term_string}\"},\"query-input\":{\"@type\":\"PropertyValueSpecification\",\"valueRequired\":true,\"valueName\":\"search_term_string\"}}],\"inLanguage\":\"fr-FR\"}]}<\/script>\n<!-- \/ Yoast SEO plugin. -->","yoast_head_json":{"title":"L\u00e1mpara LED Colgante Circular Negra - 37W - SPACE VENUS - 60cm - STARLED Iluminacion","robots":{"index":"index","follow":"follow","max-snippet":"max-snippet:-1","max-image-preview":"max-image-preview:large","max-video-preview":"max-video-preview:-1"},"canonical":"https:\/\/starlediluminacion.com\/fr\/product\/lampe-led-pendant-circulaire-circulaire-noir-37w-espace-venus-60cm\/","og_locale":"fr_FR","og_type":"article","og_title":"L\u00e1mpara LED Colgante Circular Negra - 37W - SPACE VENUS - 60cm - STARLED Iluminacion","og_description":"\u00a0Entrega en 24\/48 horas \u00a0Garant\u00eda asegurada \u00a01 unidad(es) por Masterbox TEMPERATURA DE COLOR: 2700K\/4000K\/6500K","og_url":"https:\/\/starlediluminacion.com\/fr\/product\/lampe-led-pendant-circulaire-circulaire-noir-37w-espace-venus-60cm\/","og_site_name":"STARLED Iluminacion","article_modified_time":"2022-12-18T09:57:32+00:00","og_image":[{"width":1000,"height":1000,"url":"https:\/\/starlediluminacion.com\/wp-content\/uploads\/2022\/08\/bateria-de-emergencia-para-luminaria-led-max50w-factorled-6.jpg","type":"image\/jpeg"}],"twitter_card":"summary_large_image","twitter_misc":{"Dur\u00e9e de lecture estim\u00e9e":"2 minutes"},"schema":{"@context":"https:\/\/schema.org","@graph":[{"@type":"WebPage","@id":"https:\/\/starlediluminacion.com\/producto\/lampara-led-colgante-circular-negra-37w-space-venus-60cm\/","url":"https:\/\/starlediluminacion.com\/producto\/lampara-led-colgante-circular-negra-37w-space-venus-60cm\/","name":"L\u00e1mpara LED Colgante Circular Negra - 37W - SPACE VENUS - 60cm - STARLED Iluminacion","isPartOf":{"@id":"https:\/\/starlediluminacion.com\/#website"},"primaryImageOfPage":{"@id":"https:\/\/starlediluminacion.com\/producto\/lampara-led-colgante-circular-negra-37w-space-venus-60cm\/#primaryimage"},"image":{"@id":"https:\/\/starlediluminacion.com\/producto\/lampara-led-colgante-circular-negra-37w-space-venus-60cm\/#primaryimage"},"thumbnailUrl":"https:\/\/starlediluminacion.com\/wp-content\/uploads\/2022\/08\/bateria-de-emergencia-para-luminaria-led-max50w-factorled-6.jpg","datePublished":"2022-08-23T15:59:32+00:00","dateModified":"2022-12-18T09:57:32+00:00","breadcrumb":{"@id":"https:\/\/starlediluminacion.com\/producto\/lampara-led-colgante-circular-negra-37w-space-venus-60cm\/#breadcrumb"},"inLanguage":"fr-FR","potentialAction":[{"@type":"ReadAction","target":["https:\/\/starlediluminacion.com\/producto\/lampara-led-colgante-circular-negra-37w-space-venus-60cm\/"]}]},{"@type":"ImageObject","inLanguage":"fr-FR","@id":"https:\/\/starlediluminacion.com\/producto\/lampara-led-colgante-circular-negra-37w-space-venus-60cm\/#primaryimage","url":"https:\/\/starlediluminacion.com\/wp-content\/uploads\/2022\/08\/bateria-de-emergencia-para-luminaria-led-max50w-factorled-6.jpg","contentUrl":"https:\/\/starlediluminacion.com\/wp-content\/uploads\/2022\/08\/bateria-de-emergencia-para-luminaria-led-max50w-factorled-6.jpg","width":1000,"height":1000},{"@type":"BreadcrumbList","@id":"https:\/\/starlediluminacion.com\/producto\/lampara-led-colgante-circular-negra-37w-space-venus-60cm\/#breadcrumb","itemListElement":[{"@type":"ListItem","position":1,"name":"Portada","item":"https:\/\/starlediluminacion.com\/"},{"@type":"ListItem","position":2,"name":"Shop","item":"https:\/\/starlediluminacion.com\/shop-2\/"},{"@type":"ListItem","position":3,"name":"L\u00e1mpara LED Colgante Circular Negra &#8211; 37W &#8211; SPACE VENUS &#8211; 60cm"}]},{"@type":"WebSite","@id":"https:\/\/starlediluminacion.com\/#website","url":"https:\/\/starlediluminacion.com\/","name":"STARLED Iluminacion","description":"","potentialAction":[{"@type":"SearchAction","target":{"@type":"EntryPoint","urlTemplate":"https:\/\/starlediluminacion.com\/?s={search_term_string}"},"query-input":{"@type":"PropertyValueSpecification","valueRequired":true,"valueName":"search_term_string"}}],"inLanguage":"fr-FR"}]}},"_links":{"self":[{"href":"https:\/\/starlediluminacion.com\/fr\/wp-json\/wp\/v3\/product\/7626","targetHints":{"allow":["GET"]}}],"collection":[{"href":"https:\/\/starlediluminacion.com\/fr\/wp-json\/wp\/v3\/product"}],"about":[{"href":"https:\/\/starlediluminacion.com\/fr\/wp-json\/wp\/v2\/types\/product"}],"wp:featuredmedia":[{"embeddable":true,"href":"https:\/\/starlediluminacion.com\/fr\/wp-json\/wp\/v2\/media\/8475"}],"wp:attachment":[{"href":"https:\/\/starlediluminacion.com\/fr\/wp-json\/wp\/v2\/media?parent=7626"}],"wp:term":[{"taxonomy":"product_cat","embeddable":true,"href":"https:\/\/starlediluminacion.com\/fr\/wp-json\/wp\/v2\/product_cat?post=7626"},{"taxonomy":"product_tag","embeddable":true,"href":"https:\/\/starlediluminacion.com\/fr\/wp-json\/wp\/v2\/product_tag?post=7626"}],"curies":[{"name":"wp","href":"https:\/\/api.w.org\/{rel}","templated":true}]}}