{"id":7553,"date":"2022-08-22T13:19:57","date_gmt":"2022-08-22T13:19:57","guid":{"rendered":"https:\/\/starlediluminacion.com\/?post_type=product&#038;p=7553"},"modified":"2022-08-22T13:19:57","modified_gmt":"2022-08-22T13:19:57","slug":"columna-reka-negro-3-metros-4-metros","status":"publish","type":"product","link":"https:\/\/starlediluminacion.com\/fr\/product\/columna-reka-negro-3-metros-4-metros\/","title":{"rendered":"<p>Columna REKA Negro &ndash; 3 metros &ndash; 4 metros<\/p>"},"content":{"rendered":"<div class=\"product-info-line\">\n<p id=\"product_reference\"><label>REFERENCIA: SL2124<br>\n<\/label><\/p>\n<div class=\"hidden-xs parrafo\">\n<p><strong>Service imm\u00e9diat<\/strong>: Columna o b&aacute;culo para farola para alumbrado p&uacute;blico, zonas residenciales, viales, urbanizaciones. Fabricado en tubo de acero de 60mm y 90mm, con 3mm di&aacute;metro de grosor, pintura en&nbsp;<strong>Negro Brillo &ndash; RAL9005 &ndash;&nbsp;&nbsp;<\/strong>de la maxima calidad de poliester al horno para una gran dureza y resistencia.&nbsp;<strong>ISO 12944-2 Clase 3 &ndash;&nbsp;<\/strong>&nbsp;Acabado en punta con tuerca 3\/4? para acoplar faroles. Facil transporte y montaje al poderse montar en 2 piezas, lo que facilita mucho la instalacion por una sola persona. Cumple la norma de requisitos ambientales&nbsp;<strong>UNE-EN ISO 14001:2015<\/strong>et la norme de qualit\u00e9&nbsp;<strong>UNE- EN ISO 9001:2015.<\/strong><\/p>\n<h1>Columna REKA Negro &ndash;&nbsp; 3 metros&nbsp; &ndash; 4 metros<\/h1>\n<p>Les&nbsp;<strong>Colonne REKA<\/strong>&nbsp;est con\u00e7u pour \u00eatre plac\u00e9 dans n'importe quelle zone de la ville, il est \u00e9l\u00e9gant et moderne et est id\u00e9al pour donner une touche plus moderne \u00e0 l'environnement.<\/p>\n<p>Notre borne est con\u00e7ue et certifi\u00e9e pour \u00eatre utilis\u00e9e dans les rues et sur les voies publiques.<\/p>\n<p><strong>TRANSPORT ET ASSEMBLAGE FACILES :<\/strong>&nbsp;Le lampadaire est con\u00e7u en 2 sections pour faciliter le transport. Le montage est tr\u00e8s facile et peut \u00eatre effectu\u00e9 par une seule personne.<\/p>\n<p>Sa hauteur est de&nbsp;<strong>3 -4 m\u00e8tres&nbsp;<\/strong>&nbsp;r\u00e9sistant aux changements de temp\u00e9rature extr\u00eames.<\/p>\n<p>Su terminaci&oacute;n es perfecta&nbsp;para acoplar faroles, puerta de registro a la altura homologada, pletina sujeci&oacute;n de caja porta fusibles.<\/p>\n<p>&nbsp;<\/p>\n<p><strong>Pintura anti corrosi&oacute;n de alta calidad:&nbsp;<\/strong><strong>ISO 12944-2&nbsp; &ndash; CLASS-3&nbsp; &ndash; Atm&oacute;sferas urbanas e industriales, con moderada contaminaci&oacute;n de di&oacute;xido de azufre<\/strong>:&nbsp; Nuestra columna dispone incorpora pintura en polvo de poli&eacute;ster sublimada al horno (60-90 micras), preparada para resistir condiciones climatol&oacute;gicas dif&iacute;ciles, como la lluvia, el viento, el sol?.&nbsp; La alta calidad del proceso de pintura nos permite clasificarla dentro del grupo profesional Clase 3, que indica&nbsp;<strong>7 a&ntilde;os de garantia anticorrosi&oacute;n sobre acero.&nbsp;<\/strong><\/p>\n<p>&nbsp;<\/p>\n<p><strong>Service imm\u00e9diat 24 heures sur 24.<\/strong><\/p>\n<p>&nbsp;<\/p>\n<p>Opcionalmente disponemos bajo pedido por fabricaci&oacute;n,&nbsp; de distintas opciones para mejor disminuci&oacute;n de costes de mantenimiento de la columna LED:<\/p>\n<p><strong>-Tratamiento&nbsp;ISO 12944-2&nbsp;&ndash; Clase 5- I-:&nbsp;&nbsp;<\/strong>Tratamiento de doble capa para resistir en &aacute;reas industriales con elevada humedad y con atm&oacute;sferas agresivas.<\/p>\n<p><strong>-Tratamiento&nbsp;&nbsp;ISO 12944-2&nbsp;&ndash;&nbsp;Clase 5- M-:&nbsp;&nbsp;<\/strong>Tratamiento de triple capa para resistir en &aacute;reas costeras y mar&iacute;timas con elevada salinidad.<\/p>\n<p><strong>&ndash; Tratamiento con pintura anti-orina: &nbsp;&nbsp;<\/strong>Se aplica en la base de la columna (65cm de altura) con pintura de poliester termopl&aacute;stica. (250-300 micras).<\/p>\n<p><strong>-Tratamiento anti-graffiti :&nbsp;<\/strong>&nbsp;Se aplica hasta los 3 metros de altura, un barniz transparente de poliuretano alif&aacute;tico, que impide que las pinturas&nbsp; se adhieran.<\/p>\n<p><strong>-Tratamiento anti-pegatinas:<\/strong>&nbsp; Se aplica hasta los 3 metros de altura, un barniz transparente rugoso, que impide que las pegatinas se adhieran.<\/p>\n<p>&nbsp;<\/p>\n<p>Conforme \u00e0 la norme sur les exigences environnementales&nbsp;<strong>UNE-EN ISO 14001:2015<\/strong>et la norme de qualit\u00e9&nbsp;<strong>UNE- EN ISO 9001:2015.<\/strong><\/p>\n<p><strong>La colonne ne comprend pas les boulons de fixation au sol.<\/strong><\/p>\n<p>&nbsp;<\/p>\n<h2>Usos de la&nbsp;Columna REKA negro- circular 3-4 metros<\/h2>\n<ul>\n<li>Eclairage public<\/li>\n<li>Rues<\/li>\n<li>Lieux<\/li>\n<li>R\u00e9sidences<\/li>\n<li>Les parcs<\/li>\n<li>Urbanisations<\/li>\n<li>Routes<\/li>\n<\/ul>\n<h3 class=\"page-product-heading\">DONN\u00c9ES TECHNIQUES<\/h3>\n<div class=\"col-xs-12 col-md-6\">\n<table class=\"table table-data-sheet 1\">\n<tbody>\n<tr class=\"odd\">\n<td valign=\"middle\" width=\"32\"><\/td>\n<td valign=\"middle\">REFERENCE :<\/td>\n<td valign=\"middle\">SL2124<\/td>\n<\/tr>\n<tr class=\"even\">\n<td valign=\"middle\" width=\"32\"><\/td>\n<td valign=\"middle\">Mat\u00e9riaux de construction :<\/td>\n<td valign=\"middle\">Acier + \u00e9mail polyur\u00e9thane<\/td>\n<\/tr>\n<tr class=\"odd\">\n<td valign=\"middle\" width=\"32\"><\/td>\n<td valign=\"middle\">Certificats :<\/td>\n<td valign=\"middle\">CE<\/td>\n<\/tr>\n<\/tbody>\n<\/table>\n<\/div>\n<div class=\"col-xs-12 col-md-6 2\">\n<table class=\"table table-data-sheet 2\">\n<tbody>\n<tr class=\"odd\">\n<td valign=\"middle\" width=\"32\"><\/td>\n<td valign=\"middle\">Dimensions (mm) :<\/td>\n<td valign=\"middle\">3000<\/td>\n<\/tr>\n<tr class=\"even\">\n<td valign=\"middle\" width=\"32\"><\/td>\n<td valign=\"middle\">Informations compl\u00e9mentaires :<\/td>\n<td valign=\"middle\">Tube en acier : 3mm (\u00d890mm x3mm) (\u00d860x3mm) 3\/4 ?<\/td>\n<\/tr>\n<\/tbody>\n<\/table>\n<\/div>\n<\/div>\n<\/div>","protected":false},"excerpt":{"rendered":"<div class=\"col-md-12\"><i class=\"fa fa-truck\"><\/i>&nbsp;<span class=\"text-muted textprop\">Livraison dans les 24\/48 heures<\/span><div class=\"col-md-12\"><i class=\"fa fa-exchange\"><\/i>&nbsp;<span class=\"text-muted textprop\">Garantie assur\u00e9e<\/span><\/div><div class=\"col-md-12\"><i class=\"fa fa-box\"><\/i>&nbsp;<span class=\"text-muted textprop\">1 unit\u00e9(s) par bo\u00eete \u00e0 outils<\/span><\/div><\/div>","protected":false},"featured_media":7561,"template":"","meta":{"site-sidebar-layout":"default","site-content-layout":"default","ast-global-header-display":"","ast-main-header-display":"","ast-hfb-above-header-display":"","ast-hfb-below-header-display":"","ast-hfb-mobile-header-display":"","site-post-title":"","ast-breadcrumbs-content":"","ast-featured-img":"","footer-sml-layout":"","theme-transparent-header-meta":"default","adv-header-id-meta":"","stick-header-meta":"","header-above-stick-meta":"","header-main-stick-meta":"","header-below-stick-meta":""},"product_cat":[99,30],"product_tag":[],"class_list":["post-7553","product","type-product","status-publish","has-post-thumbnail","hentry","product_cat-accesorios-para-farolas-led","product_cat-iluminacion-publica-y-vial"],"_links":{"self":[{"href":"https:\/\/starlediluminacion.com\/fr\/wp-json\/wp\/v3\/product\/7553","targetHints":{"allow":["GET"]}}],"collection":[{"href":"https:\/\/starlediluminacion.com\/fr\/wp-json\/wp\/v3\/product"}],"about":[{"href":"https:\/\/starlediluminacion.com\/fr\/wp-json\/wp\/v2\/types\/product"}],"wp:featuredmedia":[{"embeddable":true,"href":"https:\/\/starlediluminacion.com\/fr\/wp-json\/wp\/v2\/media\/7561"}],"wp:attachment":[{"href":"https:\/\/starlediluminacion.com\/fr\/wp-json\/wp\/v2\/media?parent=7553"}],"wp:term":[{"taxonomy":"product_cat","embeddable":true,"href":"https:\/\/starlediluminacion.com\/fr\/wp-json\/wp\/v2\/product_cat?post=7553"},{"taxonomy":"product_tag","embeddable":true,"href":"https:\/\/starlediluminacion.com\/fr\/wp-json\/wp\/v2\/product_tag?post=7553"}],"curies":[{"name":"wp","href":"https:\/\/api.w.org\/{rel}","templated":true}]}}