{"id":7473,"date":"2022-08-22T12:11:35","date_gmt":"2022-08-22T12:11:35","guid":{"rendered":"https:\/\/starlediluminacion.com\/?post_type=product&#038;p=7473"},"modified":"2022-08-27T15:38:16","modified_gmt":"2022-08-27T15:38:16","slug":"lampara-led-40w-e27-alta-resistencia-2","status":"publish","type":"product","link":"https:\/\/starlediluminacion.com\/fr\/product\/lampara-led-40w-e27-alta-resistencia-2\/","title":{"rendered":"<p>Lampe LED 40W E27 Heavy Duty<\/p>"},"content":{"rendered":"<p>R\u00c9F\u00c9RENCE : SLFLB40WS2<div class=\"hidden-xs parrafo\">\n<p><strong>Lampe<\/strong>&nbsp;LED<strong>&nbsp;40W<\/strong>&nbsp;de&nbsp;<strong>HAUTE R\u00c9SISTANCE<\/strong>&nbsp;sp\u00e9cialement con\u00e7u pour une dissipation thermique tr\u00e8s efficace, sp\u00e9cifiquement pour une utilisation industrielle et l'\u00e9clairage de grands espaces, un facteur de puissance \u00e9lev\u00e9 (+0,95), une conversion \u00e9nerg\u00e9tique \u00e9lev\u00e9e et de faibles co\u00fbts de maintenance.<\/p>\n<\/div><div id=\"views_block-1\" class=\"clearfix\">\n<div id=\"thumbs_list\">\n<h1>Lampe \u00e0 LED 40W - E27 - Heavy Duty<\/h1>\n<p><strong>Lampe<\/strong>&nbsp;de&nbsp;<strong>40W<\/strong>&nbsp;<strong>LED<\/strong>&nbsp;de&nbsp;<strong>haute r\u00e9sistance<\/strong>&nbsp;et de durabilit\u00e9 sp\u00e9cialement con\u00e7u pour les grandes surfaces, il pr\u00e9sente un facteur de puissance \u00e9lev\u00e9 (+0,95), une conversion d'\u00e9nergie \u00e9lev\u00e9e et de faibles co\u00fbts de maintenance. Il offre un d\u00e9marrage instantan\u00e9, consacrant toute l'\u00e9nergie consomm\u00e9e \u00e0 la cr\u00e9ation de lumi\u00e8re. Les \u00e9conomies d'\u00e9nergie r\u00e9alis\u00e9es permettent un retour rapide sur l'investissement initial. Longue dur\u00e9e de vie, robustesse et haute r\u00e9sistance aux vibrations.<\/p>\n<p>&nbsp;<\/p>\n<h2>Notre ampoule \u00e0 usage intensif est disponible en diff\u00e9rentes couleurs claires :<\/h2>\n<ul>\n<li>Ambre (1800\u00baK).<\/li>\n<li>Blanc chaud (3000\u00baK),<\/li>\n<li>Blanc neutre (4000\u00baK),<\/li>\n<li>Blanc froid (6500\u00baK)<\/li>\n<\/ul>\n<p>&nbsp;<\/p>\n<p>Notre ampoule a un design innovant et stylis\u00e9 en forme de tulipe ou de magnolia. Ce design permet d'obtenir un angle de lumi\u00e8re de 360\u00b0 tout en assurant une dissipation tr\u00e8s efficace de la chaleur g\u00e9n\u00e9r\u00e9e par la LED.<\/p>\n<p>L'ampoule est dot\u00e9e d'un syst\u00e8me d'autoprotection qui ajuste intelligemment la puissance lorsque la temp\u00e9rature recommand\u00e9e est d\u00e9pass\u00e9e, pour une plus grande efficacit\u00e9.<\/p>\n<p>&nbsp;<\/p>\n<h2>Applications Lampe LED 40W E27 - Usage intensif :<\/h2>\n<ul>\n<li>Supermarch\u00e9s et garages couverts.<\/li>\n<li>Lampes de rue.<\/li>\n<li>Les magasins et les entreprises en g\u00e9n\u00e9ral.<\/li>\n<li>Ateliers et entrep\u00f4ts.<\/li>\n<li>Remplace les ampoules halog\u00e8nes E40 de 125W et les ampoules \u00e0 vapeur de sodium E40 de 250W.<\/li>\n<li>Tout espace int\u00e9rieur avec de hauts plafonds ou de grands espaces.<\/li>\n<\/ul>\n<h3 class=\"page-product-heading\">DONN\u00c9ES TECHNIQUES<\/h3>\n<div class=\"col-xs-12 col-md-6\">\n<table class=\"table table-data-sheet 1\">\n<tbody>\n<tr class=\"odd\">\n<td valign=\"middle\" width=\"32\"><\/td>\n<td valign=\"middle\">Puissance nominale :<\/td>\n<td valign=\"middle\">40w<\/td>\n<\/tr>\n<tr class=\"even\">\n<td valign=\"middle\" width=\"32\"><\/td>\n<td valign=\"middle\">Tension nominale :<\/td>\n<td valign=\"middle\">175V-260V<\/td>\n<\/tr>\n<tr class=\"odd\">\n<td valign=\"middle\" width=\"32\"><\/td>\n<td valign=\"middle\">Temp\u00e9rature de la lumi\u00e8re :<\/td>\n<td valign=\"middle\">1800\u00baK - 3000\u00baK - 4000\u00baK - 6500\u00baK<\/td>\n<\/tr>\n<tr class=\"even\">\n<td valign=\"middle\" width=\"32\"><\/td>\n<td valign=\"middle\">CRI - Indice de rendu des couleurs :<\/td>\n<td valign=\"middle\">80<\/td>\n<\/tr>\n<tr class=\"odd\">\n<td valign=\"middle\" width=\"32\"><\/td>\n<td valign=\"middle\">Mat\u00e9riaux de construction :<\/td>\n<td valign=\"middle\">Thermoplastique<\/td>\n<\/tr>\n<tr class=\"even\">\n<td valign=\"middle\" width=\"32\"><\/td>\n<td valign=\"middle\">Luminosit\u00e9-Lm :<\/td>\n<td valign=\"middle\">3000 lm ; 3800 lm ; 4000 lm ; 4100 lm<\/td>\n<\/tr>\n<tr class=\"odd\">\n<td valign=\"middle\" width=\"32\"><\/td>\n<td valign=\"middle\">Type de DEL :<\/td>\n<td valign=\"middle\">SMD 2835<\/td>\n<\/tr>\n<tr class=\"even\">\n<td valign=\"middle\" width=\"32\"><\/td>\n<td valign=\"middle\">Angle d'ouverture (\u00ba) :<\/td>\n<td valign=\"middle\">300\u00ba<\/td>\n<\/tr>\n<tr class=\"odd\">\n<td valign=\"middle\" width=\"32\"><\/td>\n<td valign=\"middle\">Efficacit\u00e9 de la diode LED (Lm\/W) :<\/td>\n<td valign=\"middle\">125 Lm\/W<\/td>\n<\/tr>\n<tr class=\"even\">\n<td valign=\"middle\" width=\"32\"><\/td>\n<td valign=\"middle\">Efficacit\u00e9 lumineuse (Lm\/W) :<\/td>\n<td valign=\"middle\">100Lm\/W<\/td>\n<\/tr>\n<tr class=\"odd\">\n<td valign=\"middle\" width=\"32\"><\/td>\n<td valign=\"middle\">Douille :<\/td>\n<td valign=\"middle\">E27<\/td>\n<\/tr>\n<\/tbody>\n<\/table>\n<\/div>\n<div class=\"col-xs-12 col-md-6 2\">\n<table class=\"table table-data-sheet 2\">\n<tbody>\n<tr class=\"odd\">\n<td valign=\"middle\" width=\"32\"><\/td>\n<td valign=\"middle\">Certificats :<\/td>\n<td valign=\"middle\">CE - ROHS<\/td>\n<\/tr>\n<tr class=\"even\">\n<td valign=\"middle\" width=\"32\"><\/td>\n<td valign=\"middle\">Indice de protection IP :<\/td>\n<td valign=\"middle\">IP20<\/td>\n<\/tr>\n<tr class=\"odd\">\n<td valign=\"middle\" width=\"32\"><\/td>\n<td valign=\"middle\">Dur\u00e9e de vie estim\u00e9e de la diode LED (H) :<\/td>\n<td valign=\"middle\">20.000<\/td>\n<\/tr>\n<tr class=\"even\">\n<td valign=\"middle\" width=\"32\"><\/td>\n<td valign=\"middle\">Dimensions (mm) :<\/td>\n<td valign=\"middle\">90xH212mm<\/td>\n<\/tr>\n<tr class=\"odd\">\n<td valign=\"middle\" width=\"32\"><\/td>\n<td valign=\"middle\">Facteur de puissance (PF) :<\/td>\n<td valign=\"middle\">0.92<\/td>\n<\/tr>\n<tr class=\"even\">\n<td valign=\"middle\" width=\"32\"><\/td>\n<td valign=\"middle\">Fr\u00e9quence de travail (Hz) :<\/td>\n<td valign=\"middle\">50\/60Hz<\/td>\n<\/tr>\n<tr class=\"odd\">\n<td valign=\"middle\" width=\"32\"><\/td>\n<td valign=\"middle\">Plage de temp\u00e9rature (\u00baC) :<\/td>\n<td valign=\"middle\">-20\u00b0C ~ +55\u00b0C<\/td>\n<\/tr>\n<tr class=\"even\">\n<td valign=\"middle\" width=\"32\"><\/td>\n<td valign=\"middle\">Cycles d'allumage :<\/td>\n<td valign=\"middle\">100.000<\/td>\n<\/tr>\n<tr class=\"odd\">\n<td valign=\"middle\" width=\"32\"><\/td>\n<td valign=\"middle\">Temps de d\u00e9marrage (s) :<\/td>\n<td valign=\"middle\">0,2s<\/td>\n<\/tr>\n<tr class=\"even\">\n<td valign=\"middle\" width=\"32\"><\/td>\n<td valign=\"middle\">Classe \u00e9nerg\u00e9tique (2021-EU-2019\/2015) :<\/td>\n<td valign=\"middle\">A+<\/td>\n<\/tr>\n<tr class=\"odd\">\n<td valign=\"middle\" width=\"32\"><\/td>\n<td valign=\"middle\">Ann\u00e9es de garantie :<\/td>\n<td valign=\"middle\">2<\/td>\n<\/tr>\n<\/tbody>\n<\/table>\n<p>&nbsp;<\/p>\n<\/div>\n<\/div>\n<\/div><\/p>","protected":false},"excerpt":{"rendered":"<div class=\"col-md-12\"><i class=\"fa fa-truck\"><\/i>&nbsp;<span class=\"text-muted textprop\">Livraison dans les 24\/48 heures<\/span><div class=\"col-md-12\"><i class=\"fa fa-exchange\"><\/i>&nbsp;<span class=\"text-muted textprop\">Garantie assur\u00e9e<\/span><\/div><div class=\"col-md-12\"><i class=\"fa fa-box\"><\/i>&nbsp;<span class=\"text-muted textprop\">30 unit\u00e9(s) par bo\u00eete \u00e0 outils<\/span><\/div><div>\n<div class=\"woocommerce-product-details__short-description\">\n<div><strong>TEMP\u00c9RATURE DE COULEUR : 1800K\/3000K\/4000K\/6500K<\/strong><\/div>\n<\/div>\n<\/div><\/div>","protected":false},"featured_media":7480,"template":"","meta":{"site-sidebar-layout":"default","site-content-layout":"default","ast-global-header-display":"","ast-main-header-display":"","ast-hfb-above-header-display":"","ast-hfb-below-header-display":"","ast-hfb-mobile-header-display":"","site-post-title":"","ast-breadcrumbs-content":"","ast-featured-img":"","footer-sml-layout":"","theme-transparent-header-meta":"default","adv-header-id-meta":"","stick-header-meta":"","header-above-stick-meta":"","header-main-stick-meta":"","header-below-stick-meta":""},"product_cat":[46,23,30,98],"product_tag":[],"class_list":["post-7473","product","type-product","status-publish","has-post-thumbnail","hentry","product_cat-bombillas-led-e27","product_cat-bombillas-y-lamparas-led","product_cat-iluminacion-publica-y-vial","product_cat-lamparas-y-modulos-para-farolas-led"],"_links":{"self":[{"href":"https:\/\/starlediluminacion.com\/fr\/wp-json\/wp\/v3\/product\/7473","targetHints":{"allow":["GET"]}}],"collection":[{"href":"https:\/\/starlediluminacion.com\/fr\/wp-json\/wp\/v3\/product"}],"about":[{"href":"https:\/\/starlediluminacion.com\/fr\/wp-json\/wp\/v2\/types\/product"}],"wp:featuredmedia":[{"embeddable":true,"href":"https:\/\/starlediluminacion.com\/fr\/wp-json\/wp\/v2\/media\/7480"}],"wp:attachment":[{"href":"https:\/\/starlediluminacion.com\/fr\/wp-json\/wp\/v2\/media?parent=7473"}],"wp:term":[{"taxonomy":"product_cat","embeddable":true,"href":"https:\/\/starlediluminacion.com\/fr\/wp-json\/wp\/v2\/product_cat?post=7473"},{"taxonomy":"product_tag","embeddable":true,"href":"https:\/\/starlediluminacion.com\/fr\/wp-json\/wp\/v2\/product_tag?post=7473"}],"curies":[{"name":"wp","href":"https:\/\/api.w.org\/{rel}","templated":true}]}}