{"id":7333,"date":"2022-08-22T09:51:26","date_gmt":"2022-08-22T09:51:26","guid":{"rendered":"https:\/\/starlediluminacion.com\/?post_type=product&#038;p=7333"},"modified":"2022-08-22T09:51:27","modified_gmt":"2022-08-22T09:51:27","slug":"farola-led-60w-asker-bridgelux-chip-140lm-w","status":"publish","type":"product","link":"https:\/\/starlediluminacion.com\/fr\/product\/lampadaire-led-60w-asker-bridgelux-chip-140lm-w\/","title":{"rendered":"<p>60W LED Streetlight ASKER BRIDGELUX Chip 140lm\/W<\/p>"},"content":{"rendered":"<p><label>R\u00c9F\u00c9RENCE : SL90357<\/label><div class=\"hidden-xs parrafo\">\n<p>Les&nbsp;<strong>ASKER 60W LED Streetlight&nbsp;<\/strong>est compos\u00e9 de diodes&nbsp;<strong>SMD 3030 Bridgelux<\/strong>&nbsp;La technologie LED est capable de g\u00e9n\u00e9rer une grande luminosit\u00e9, ce qui permet d'\u00e9clairer n'importe quel espace ext\u00e9rieur d'\u00e9clairage public. Le moment est venu de remplacer les anciens lampadaires par de nouveaux et la technologie LED peut r\u00e9duire la consommation d'\u00e9nergie jusqu'\u00e0 80%.<\/p>\n<\/div><div id=\"views_block-1\" class=\"clearfix\">\n<div id=\"thumbs_list\">\n<h1>Lampadaire LED 60W&nbsp;<strong>ASKER&nbsp;<\/strong>Puce BRIDGELUX 140lm\/W<\/h1>\n<p>Pour am\u00e9liorer l'\u00e9clairage des rues, la solution id\u00e9ale est le nouveau syst\u00e8me d'\u00e9clairage de la rue.&nbsp;<strong>ASKER BRIDGELUX LED Streetlight Chip&nbsp;<\/strong>&nbsp;qui se distingue des autres gr\u00e2ce \u00e0 son<strong>&nbsp;60W<\/strong>&nbsp;SMD3030, ce qui permet d'obtenir un luminaire de qualit\u00e9. Il est fabriqu\u00e9 en aluminium de haute qualit\u00e9, ce qui lui conf\u00e8re une grande r\u00e9sistance \u00e0 l'ext\u00e9rieur.<\/p>\n<p>Gr\u00e2ce \u00e0 sa conception extra-plate, il emp\u00eache les feuilles d'arbre ou la salet\u00e9 de se d\u00e9poser sur lui, tout en minimisant son impact visuel.<\/p>\n<p>Le lampadaire&nbsp;<strong>LED ASKER<\/strong>&nbsp;s'allume imm\u00e9diatement, \u00e9liminant ainsi les temps d'attente ennuyeux qui laissent des zones enti\u00e8res dans l'obscurit\u00e9 en cas de panne de courant, ce qui cr\u00e9e un sentiment d'ins\u00e9curit\u00e9 chez les passants.<\/p>\n<p>De plus, gr\u00e2ce \u00e0 sa protection&nbsp;<strong>IP65&nbsp;<\/strong>est prot\u00e9g\u00e9 contre tout changement de temps, sans que sa fonction d'\u00e9clairage ne soit affect\u00e9e.<\/p>\n<p>Le luminaire<strong>&nbsp;LED ASKER&nbsp;<\/strong>&nbsp;L'\u00e9clairage public de l'Union europ\u00e9enne vous permettra de maintenir un bon niveau d'\u00e9clairage avec une faible consommation. Le co\u00fbt d'exploitation est plus faible car il n'y a pas de d\u00e9marreur ou d'\u00e9lectronique \u00e0 remplacer.<\/p>\n<p>Con\u00e7u pour une longue dur\u00e9e de vie de plus de 50 000 heures, le&nbsp;<strong>Lampadaire \u00e0 LED de 60W ASKER&nbsp;<\/strong>&nbsp;a&nbsp;<strong>5 ans de garantie<\/strong>&nbsp;pour son alimentation de haute qualit\u00e9 et durable.<\/p>\n<p>Il est \u00e9quip\u00e9 d'un connecteur pivotant rond de 60 mm de diam\u00e8tre, de 2 vis de pression pour la fixation \u00e0 la colonne.<\/p>\n<h2>Utilisations du lampadaire \u00e0 LED 60W ASKER BRIDGELUX Chip 140lm\/W<\/h2>\n<ul>\n<li>Eclairage public<\/li>\n<li>Jardins et sentiers<\/li>\n<li>Parcs et places<\/li>\n<li>Centre sportif<\/li>\n<li>Parkings<\/li>\n<\/ul>\n<h3 class=\"page-product-heading\">DONN\u00c9ES TECHNIQUES<\/h3>\n<div class=\"col-xs-12 col-md-6\">\n<table class=\"table table-data-sheet 1\">\n<tbody>\n<tr class=\"odd\">\n<td valign=\"middle\" width=\"32\"><\/td>\n<td valign=\"middle\">REFERENCE :<\/td>\n<td valign=\"middle\">SL90357<\/td>\n<\/tr>\n<tr class=\"even\">\n<td valign=\"middle\" width=\"32\"><\/td>\n<td valign=\"middle\">Puissance nominale :<\/td>\n<td valign=\"middle\">60w<\/td>\n<\/tr>\n<tr class=\"odd\">\n<td valign=\"middle\" width=\"32\"><\/td>\n<td valign=\"middle\">Tension nominale :<\/td>\n<td valign=\"middle\">85-265V<\/td>\n<\/tr>\n<tr class=\"even\">\n<td valign=\"middle\" width=\"32\"><\/td>\n<td valign=\"middle\">Temp\u00e9rature de la lumi\u00e8re :<\/td>\n<td valign=\"middle\">4000K-6000K<\/td>\n<\/tr>\n<tr class=\"odd\">\n<td valign=\"middle\" width=\"32\"><\/td>\n<td valign=\"middle\">CRI - Indice de rendu des couleurs :<\/td>\n<td valign=\"middle\">70<\/td>\n<\/tr>\n<tr class=\"even\">\n<td valign=\"middle\" width=\"32\"><\/td>\n<td valign=\"middle\">Mat\u00e9riaux de construction :<\/td>\n<td valign=\"middle\">Aluminium + verre<\/td>\n<\/tr>\n<tr class=\"odd\">\n<td valign=\"middle\" width=\"32\"><\/td>\n<td valign=\"middle\">Luminosit\u00e9-Lm :<\/td>\n<td valign=\"middle\">8400Lm<\/td>\n<\/tr>\n<tr class=\"even\">\n<td valign=\"middle\" width=\"32\"><\/td>\n<td valign=\"middle\">Type de DEL :<\/td>\n<td valign=\"middle\">SMD3030 Bridgelux 1835DS-C30<\/td>\n<\/tr>\n<tr class=\"odd\">\n<td valign=\"middle\" width=\"32\"><\/td>\n<td valign=\"middle\">Angle d'ouverture (\u00ba) :<\/td>\n<td valign=\"middle\">140\u00ba x 52\u00ba.<\/td>\n<\/tr>\n<tr class=\"even\">\n<td valign=\"middle\" width=\"32\"><\/td>\n<td valign=\"middle\">Efficacit\u00e9 de la diode LED (Lm\/W) :<\/td>\n<td valign=\"middle\">180 Lm\/W<\/td>\n<\/tr>\n<tr class=\"odd\">\n<td valign=\"middle\" width=\"32\"><\/td>\n<td valign=\"middle\">Efficacit\u00e9 lumineuse (Lm\/W) :<\/td>\n<td valign=\"middle\">140 Lm\/W<\/td>\n<\/tr>\n<tr class=\"even\">\n<td valign=\"middle\" width=\"32\"><\/td>\n<td valign=\"middle\">Certificats :<\/td>\n<td valign=\"middle\">CE-RoSH<\/td>\n<\/tr>\n<\/tbody>\n<\/table>\n<\/div>\n<div class=\"col-xs-12 col-md-6 2\">\n<table class=\"table table-data-sheet 2\">\n<tbody>\n<tr class=\"odd\">\n<td valign=\"middle\" width=\"32\"><\/td>\n<td valign=\"middle\">Indice de protection IP :<\/td>\n<td valign=\"middle\">IP65-Ext\u00e9rieur<\/td>\n<\/tr>\n<tr class=\"even\">\n<td valign=\"middle\" width=\"32\"><\/td>\n<td valign=\"middle\">Dur\u00e9e de vie estim\u00e9e de la diode LED (H) :<\/td>\n<td valign=\"middle\">100.000<\/td>\n<\/tr>\n<tr class=\"odd\">\n<td valign=\"middle\" width=\"32\"><\/td>\n<td valign=\"middle\">Dimensions (mm) :<\/td>\n<td valign=\"middle\">513x180x85mm - Trou de tube 63\u00d8mm<\/td>\n<\/tr>\n<tr class=\"even\">\n<td valign=\"middle\" width=\"32\"><\/td>\n<td valign=\"middle\">Facteur de puissance (PF) :<\/td>\n<td valign=\"middle\">0.98<\/td>\n<\/tr>\n<tr class=\"odd\">\n<td valign=\"middle\" width=\"32\"><\/td>\n<td valign=\"middle\">Fr\u00e9quence de travail (Hz) :<\/td>\n<td valign=\"middle\">50\/60Hz<\/td>\n<\/tr>\n<tr class=\"even\">\n<td valign=\"middle\" width=\"32\"><\/td>\n<td valign=\"middle\">Plage de temp\u00e9rature (\u00baC) :<\/td>\n<td valign=\"middle\">-20\u00b0C ~ +55\u00b0C<\/td>\n<\/tr>\n<tr class=\"odd\">\n<td valign=\"middle\" width=\"32\"><\/td>\n<td valign=\"middle\">Cycles d'allumage :<\/td>\n<td valign=\"middle\">100.000<\/td>\n<\/tr>\n<tr class=\"even\">\n<td valign=\"middle\" width=\"32\"><\/td>\n<td valign=\"middle\">Temps de d\u00e9marrage (s) :<\/td>\n<td valign=\"middle\">0,2s<\/td>\n<\/tr>\n<tr class=\"odd\">\n<td valign=\"middle\" width=\"32\"><\/td>\n<td valign=\"middle\">Protection contre les chocs (IK) :<\/td>\n<td valign=\"middle\">IK08<\/td>\n<\/tr>\n<tr class=\"even\">\n<td valign=\"middle\" width=\"32\"><\/td>\n<td valign=\"middle\">Pilote inclus :<\/td>\n<td valign=\"middle\">Chauffeur GXTronic - 5 ans<\/td>\n<\/tr>\n<tr class=\"odd\">\n<td valign=\"middle\" width=\"32\"><\/td>\n<td valign=\"middle\">Classe \u00e9nerg\u00e9tique (2021-EU-2019\/2015) :<\/td>\n<td valign=\"middle\">A++<\/td>\n<\/tr>\n<tr class=\"even\">\n<td valign=\"middle\" width=\"32\"><\/td>\n<td valign=\"middle\">Ann\u00e9es de garantie :<\/td>\n<td valign=\"middle\">5<\/td>\n<\/tr>\n<\/tbody>\n<\/table>\n<p>&nbsp;<\/p>\n<\/div>\n<\/div>\n<\/div><\/p>","protected":false},"excerpt":{"rendered":"<div class=\"col-md-12\"><i class=\"fa fa-truck\"><\/i>&nbsp;<span class=\"text-muted textprop\">Livraison dans les 24\/48 heures<\/span><div class=\"col-md-12\"><i class=\"fa fa-exchange\"><\/i>&nbsp;<span class=\"text-muted textprop\">Garantie assur\u00e9e<\/span><\/div><div class=\"col-md-12\"><i class=\"fa fa-box\"><\/i>&nbsp;<span class=\"text-muted textprop\">1 unit\u00e9(s) par bo\u00eete \u00e0 outils<\/span><\/div><div>\n<div><strong>TEMP\u00c9RATURE DE COULEUR : 4000K\/6000K&nbsp;<\/strong><\/div>\n<\/div><\/div>","protected":false},"featured_media":7334,"template":"","meta":{"site-sidebar-layout":"default","site-content-layout":"default","ast-global-header-display":"","ast-main-header-display":"","ast-hfb-above-header-display":"","ast-hfb-below-header-display":"","ast-hfb-mobile-header-display":"","site-post-title":"","ast-breadcrumbs-content":"","ast-featured-img":"","footer-sml-layout":"","theme-transparent-header-meta":"default","adv-header-id-meta":"","stick-header-meta":"","header-above-stick-meta":"","header-main-stick-meta":"","header-below-stick-meta":""},"product_cat":[95,30],"product_tag":[],"class_list":["post-7333","product","type-product","status-publish","has-post-thumbnail","hentry","product_cat-farolas-led-urbanas","product_cat-iluminacion-publica-y-vial"],"_links":{"self":[{"href":"https:\/\/starlediluminacion.com\/fr\/wp-json\/wp\/v3\/product\/7333","targetHints":{"allow":["GET"]}}],"collection":[{"href":"https:\/\/starlediluminacion.com\/fr\/wp-json\/wp\/v3\/product"}],"about":[{"href":"https:\/\/starlediluminacion.com\/fr\/wp-json\/wp\/v2\/types\/product"}],"wp:featuredmedia":[{"embeddable":true,"href":"https:\/\/starlediluminacion.com\/fr\/wp-json\/wp\/v2\/media\/7334"}],"wp:attachment":[{"href":"https:\/\/starlediluminacion.com\/fr\/wp-json\/wp\/v2\/media?parent=7333"}],"wp:term":[{"taxonomy":"product_cat","embeddable":true,"href":"https:\/\/starlediluminacion.com\/fr\/wp-json\/wp\/v2\/product_cat?post=7333"},{"taxonomy":"product_tag","embeddable":true,"href":"https:\/\/starlediluminacion.com\/fr\/wp-json\/wp\/v2\/product_tag?post=7333"}],"curies":[{"name":"wp","href":"https:\/\/api.w.org\/{rel}","templated":true}]}}