{"id":7206,"date":"2022-08-20T21:05:49","date_gmt":"2022-08-20T21:05:49","guid":{"rendered":"https:\/\/starlediluminacion.com\/?post_type=product&#038;p=7206"},"modified":"2022-08-20T21:05:49","modified_gmt":"2022-08-20T21:05:49","slug":"farola-versalles-para-lampara-led-e27-40w-50w","status":"publish","type":"product","link":"https:\/\/starlediluminacion.com\/fr\/product\/farola-versalles-para-lampara-led-e27-40w-50w\/","title":{"rendered":"<p>VERSALLES R\u00e9verb\u00e8re pour lampe LED E27 - 40W - 50W<\/p>"},"content":{"rendered":"<p>NUM\u00c9RO DE PI\u00c8CE : SL8218-E27<p>Notre lampadaire -<strong>&nbsp;Versailles<\/strong>&nbsp;- est construit en r\u00e9sine de<strong>&nbsp;poly\u00e9thyl\u00e8ne<\/strong>&nbsp;(anti-UV) de haute densit\u00e9 (non jaunissant au fil des ans) et avec une base de<strong>&nbsp;aluminium<\/strong>et peuvent \u00eatre achet\u00e9s de TROIS fa\u00e7ons :<\/p><ul>\n<li>Avec&nbsp;<strong>Lampe<\/strong>&nbsp;de&nbsp;<strong>40W \u00e0 usage intensif&nbsp;<\/strong>- Ref. FLB40WT7<\/li>\n<li>Avec&nbsp;<strong>Lampe<\/strong>&nbsp;de&nbsp;<strong>50W \u00e0 usage intensif&nbsp;<\/strong>- Ref. FLB50WS2<\/li>\n<li>Avec&nbsp;<strong>Prise E27<\/strong>&nbsp;pour que vous puissiez installer la lampe de votre choix.<\/li>\n<\/ul><p>Dur\u00e9e de vie des mat\u00e9riaux 10-15 ans.<\/p><h1>VERSALLES R\u00e9verb\u00e8re pour lampe LED E27 - 40W -50W<\/h1><p>Le type de luminaire&nbsp;<strong>Ballon Versailles&nbsp;<\/strong>&nbsp;pour incorporer une lampe \u00e0 douille E27<strong>.<\/strong>&nbsp;La qualit\u00e9 de ses mat\u00e9riaux en fait un produit essentiel pour la production d'une \u00e9nergie propre et durable.<\/p><p>&nbsp;<\/p><p>Gr\u00e2ce \u00e0 la technologie LED, vous pouvez atteindre&nbsp;<strong>sauver<\/strong>&nbsp;jusqu'\u00e0&nbsp;<strong>80% puissance<\/strong>Elles ont \u00e9galement une dur\u00e9e de vie plus longue que les lampes halog\u00e8nes.<\/p><p>&nbsp;<\/p><p>Notre lampadaire Globo est fabriqu\u00e9 par moulage par injection en poly\u00e9thyl\u00e8ne polym\u00e8re (PE) blanc (anti-UV). La base du luminaire est \u00e9quip\u00e9e d'une douille E27 en aluminium et peinte au four avec de la r\u00e9sine \u00e9poxy.<\/p><p>La grande solidit\u00e9 du poly\u00e9thyl\u00e8ne et son extraordinaire r\u00e9sistance en font un mat\u00e9riau id\u00e9al pour les espaces susceptibles de subir des chocs ou des intemp\u00e9ries.<\/p><p>&nbsp;<\/p><p><strong>Notre lampadaire de Versailles<\/strong>&nbsp;ne jaunit pas au fil des ans et est disponible en 3 combinaisons :<\/p><ul>\n<li>Avec&nbsp;<strong>Lampe<\/strong>&nbsp;de&nbsp;<strong>40W \u00e0 usage intensif&nbsp;<\/strong>- Ref. FLB40WT7<\/li>\n<li>Avec&nbsp;<strong>Lampe<\/strong>&nbsp;de&nbsp;<strong>50W \u00e0 usage intensif&nbsp;<\/strong>- Ref. FLB50WS2<\/li>\n<li>Avec&nbsp;<strong>Prise E27<\/strong>&nbsp;pour que vous puissiez installer la lampe de votre choix.<\/li>\n<\/ul><p>&nbsp;<\/p><p>&nbsp;<\/p><h2>Utilisations du lampadaire VERSALLES pour lampe LED E27 - 40W -50W :<\/h2><ul>\n<li>Les parcs<\/li>\n<li>Jardins<\/li>\n<li>Lieux<\/li>\n<li>Avenues<\/li>\n<li>Salles de mariage<\/li>\n<li>Chalets<\/li>\n<li>Maisons rurales<\/li>\n<li>B\u00e2timents industriels<\/li>\n<\/ul><h3 class=\"page-product-heading\">DONN\u00c9ES TECHNIQUES<\/h3><div class=\"col-xs-12 col-md-6\">\n<table class=\"table table-data-sheet 1\">\n<tbody>\n<tr class=\"odd\">\n<td valign=\"middle\" width=\"32\"><\/td>\n<td valign=\"middle\">REFERENCE :<\/td>\n<td valign=\"middle\">SL8218<\/td>\n<\/tr>\n<tr class=\"even\">\n<td valign=\"middle\" width=\"32\"><\/td>\n<td valign=\"middle\">Tension nominale :<\/td>\n<td valign=\"middle\">E27-40W -50W<\/td>\n<\/tr>\n<tr class=\"odd\">\n<td valign=\"middle\" width=\"32\"><\/td>\n<td valign=\"middle\">Temp\u00e9rature de la lumi\u00e8re :<\/td>\n<td valign=\"middle\">4000K<\/td>\n<\/tr>\n<tr class=\"even\">\n<td valign=\"middle\" width=\"32\"><\/td>\n<td valign=\"middle\">Mat\u00e9riaux de construction :<\/td>\n<td valign=\"middle\">Base : Aluminium- Couvercle : PE<\/td>\n<\/tr>\n<tr class=\"odd\">\n<td valign=\"middle\" width=\"32\"><\/td>\n<td valign=\"middle\">Efficacit\u00e9 lumineuse (Lm\/W) :<\/td>\n<td valign=\"middle\">40W : 3400Lm - 50W : 5000Lm<\/td>\n<\/tr>\n<\/tbody>\n<\/table>\n<\/div><div class=\"col-xs-12 col-md-6 2\">\n<table class=\"table table-data-sheet 2\">\n<tbody>\n<tr class=\"odd\">\n<td valign=\"middle\" width=\"32\"><\/td>\n<td valign=\"middle\">Certificats :<\/td>\n<td valign=\"middle\">CE - ROHS<\/td>\n<\/tr>\n<tr class=\"even\">\n<td valign=\"middle\" width=\"32\"><\/td>\n<td valign=\"middle\">Indice de protection IP :<\/td>\n<td valign=\"middle\">IP65-Ext\u00e9rieur<\/td>\n<\/tr>\n<tr class=\"odd\">\n<td valign=\"middle\" width=\"32\"><\/td>\n<td valign=\"middle\">Dimensions (mm) :<\/td>\n<td valign=\"middle\">\u00d8388x H710mm - Trou : \u00d8 50-60mm<\/td>\n<\/tr>\n<tr class=\"even\">\n<td valign=\"middle\" width=\"32\"><\/td>\n<td valign=\"middle\">Protection contre les chocs (IK) :<\/td>\n<td valign=\"middle\">IK06<\/td>\n<\/tr>\n<tr class=\"odd\">\n<td valign=\"middle\" width=\"32\"><\/td>\n<td valign=\"middle\">Ann\u00e9es de garantie :<\/td>\n<td valign=\"middle\">3<\/td>\n<\/tr>\n<\/tbody>\n<\/table>\n<p>&nbsp;<\/p>\n<\/div><\/p>","protected":false},"excerpt":{"rendered":"<div class=\"col-md-12\"><i class=\"fa fa-truck\"><\/i>&nbsp;<span class=\"text-muted textprop\">Livraison dans les 24\/48 heures<\/span><div class=\"col-md-12\"><i class=\"fa fa-exchange\"><\/i>&nbsp;<span class=\"text-muted textprop\">Garantie assur\u00e9e<\/span><\/div><div class=\"col-md-12\"><i class=\"fa fa-box\"><\/i>&nbsp;<span class=\"text-muted textprop\">1 unit\u00e9(s) par bo\u00eete \u00e0 outils<\/span><\/div><\/div>","protected":false},"featured_media":7212,"template":"","meta":{"site-sidebar-layout":"default","site-content-layout":"default","ast-global-header-display":"","ast-main-header-display":"","ast-hfb-above-header-display":"","ast-hfb-below-header-display":"","ast-hfb-mobile-header-display":"","site-post-title":"","ast-breadcrumbs-content":"","ast-featured-img":"","footer-sml-layout":"","theme-transparent-header-meta":"default","adv-header-id-meta":"","stick-header-meta":"","header-above-stick-meta":"","header-main-stick-meta":"","header-below-stick-meta":""},"product_cat":[95,30],"product_tag":[],"class_list":["post-7206","product","type-product","status-publish","has-post-thumbnail","hentry","product_cat-farolas-led-urbanas","product_cat-iluminacion-publica-y-vial"],"_links":{"self":[{"href":"https:\/\/starlediluminacion.com\/fr\/wp-json\/wp\/v3\/product\/7206","targetHints":{"allow":["GET"]}}],"collection":[{"href":"https:\/\/starlediluminacion.com\/fr\/wp-json\/wp\/v3\/product"}],"about":[{"href":"https:\/\/starlediluminacion.com\/fr\/wp-json\/wp\/v2\/types\/product"}],"wp:featuredmedia":[{"embeddable":true,"href":"https:\/\/starlediluminacion.com\/fr\/wp-json\/wp\/v2\/media\/7212"}],"wp:attachment":[{"href":"https:\/\/starlediluminacion.com\/fr\/wp-json\/wp\/v2\/media?parent=7206"}],"wp:term":[{"taxonomy":"product_cat","embeddable":true,"href":"https:\/\/starlediluminacion.com\/fr\/wp-json\/wp\/v2\/product_cat?post=7206"},{"taxonomy":"product_tag","embeddable":true,"href":"https:\/\/starlediluminacion.com\/fr\/wp-json\/wp\/v2\/product_tag?post=7206"}],"curies":[{"name":"wp","href":"https:\/\/api.w.org\/{rel}","templated":true}]}}