{"id":7112,"date":"2022-08-20T20:23:30","date_gmt":"2022-08-20T20:23:30","guid":{"rendered":"https:\/\/starlediluminacion.com\/?post_type=product&#038;p=7112"},"modified":"2025-10-18T08:54:21","modified_gmt":"2025-10-18T08:54:21","slug":"farola-led-150w-capri-philips-driver-programable-smd5050-240lm-w","status":"publish","type":"product","link":"https:\/\/starlediluminacion.com\/fr\/product\/farola-led-150w-capri-philips-driver-programable-smd5050-240lm-w\/","title":{"rendered":"<p>farola led 150w capri  driver programable smd5050 240lm\/w<\/p>"},"content":{"rendered":"<div class=\"product-info-line\">\n<p id=\"product_reference\"><label>referencia: sl90799<br>\n<\/label><\/p>\n<div class=\"hidden-xs parrafo\">\n<p><strong>la farola led 150w capri&nbsp;  driver&nbsp;<\/strong>&nbsp;Il offre un allumage instantan\u00e9 et une puissance \u00e9lev\u00e9e, rempla\u00e7ant id\u00e9alement les anciens lampadaires au mercure, am\u00e9liorant la qualit\u00e9 de la lumi\u00e8re et r\u00e9duisant de mani\u00e8re significative la consommation d'\u00e9nergie. le lampadaire a&nbsp;<strong>diode bridgelux smd 5050.<\/strong><\/p>\n<\/div>\n<div id=\"views_block-1\" class=\"clearfix\">\n<div id=\"thumbs_list\">\n<h1>farola led 150w capri &nbsp; driver programable smd5050 240lm\/w<\/h1>\n<p><strong>la farola led 150w capri &nbsp;con driver &nbsp; programable 100w&nbsp;<\/strong>est la nouvelle gamme tr\u00e8s design en fonte d'aluminium \u00e0 ouverture facile.<\/p>\n<p>su eficacia es muy superior a las farolas&nbsp; tradicionales, siendo la elecci&oacute;n perfecta para su sustituci&oacute;n de dicho tipo de luminarias de calle.<\/p>\n<p>L'installation et le montage sont simples, mais ce qui est le plus remarquable, c'est le fait que l'on ne peut pas s'en passer.&nbsp;<strong>module led comprenant la diode bridgelux smd 5050 \u00e0 12 noyaux<\/strong>Cela permet d'obtenir un \u00e9clairage puissant et non \u00e9blouissant.<\/p>\n<p>son efficacit\u00e9 et sa durabilit\u00e9&nbsp;<strong>pilote programmable xitanium<\/strong>&nbsp;avec une garantie de 5 ans, assurent une longue dur\u00e9e de vie au luminaire de rue.<\/p>\n<p>mediante nuestras luminarias programables, el brillo cambia autom&aacute;ticamente para adaptarse&nbsp;de forma inteligente&nbsp;a los distintos escenarios nocturnos que sean necesarios. el driver  permite 5 programaciones distintas a lo largo de la noche.&nbsp;&nbsp;as&iacute;&nbsp; tambi&eacute;n&nbsp; permite regular el consumo deseado en cada momento.<\/p>\n<p>fabricada en fundici&oacute;n de aluminio: la luminaria&nbsp;es perfecta para dar una gran resistencia por un gran periodo de tiempo, esta protegido&nbsp;<strong>contre la rouille ou la corrosion<\/strong>Il r\u00e9siste m\u00eame aux temp\u00e9ratures extr\u00eames de l'\u00e9t\u00e9 et de l'hiver.<\/p>\n<p>son syst\u00e8me d'ouverture rapide garantit un acc\u00e8s facile en cas de besoin.<\/p>\n<p>leur degr\u00e9 de protection&nbsp;<strong>ip66<\/strong>&nbsp;prot\u00e8ge le produit contre la p\u00e9n\u00e9tration de la poussi\u00e8re et r\u00e9siste aux \u00e9claboussures de toutes sortes de liquides sous tous les angles, ce qui le rend parfait pour un montage \u00e0 l'ext\u00e9rieur.<\/p>\n<h2>usos de la&nbsp;farola led&nbsp;150w&nbsp;capri&nbsp;  driver programable smd5050 240lm\/w<\/h2>\n<ul>\n<li>rues<\/li>\n<li>parcs<\/li>\n<li>lieux<\/li>\n<li>jardins<\/li>\n<li>routes<\/li>\n<li>cours<\/li>\n<\/ul>\n<h3 class=\"page-product-heading\">d\u00e9tails techniques<\/h3>\n<div class=\"col-xs-12 col-md-6\">\n<table class=\"table table-data-sheet 1\">\n<tbody>\n<tr class=\"odd\">\n<td valign=\"middle\" width=\"32\"><\/td>\n<td valign=\"middle\">r\u00e9f\u00e9rence :<\/td>\n<td valign=\"middle\">sl90799<\/td>\n<\/tr>\n<tr class=\"even\">\n<td valign=\"middle\" width=\"32\"><\/td>\n<td valign=\"middle\">Puissance nominale :<\/td>\n<td valign=\"middle\">150w -15w (programmable)<\/td>\n<\/tr>\n<tr class=\"odd\">\n<td valign=\"middle\" width=\"32\"><\/td>\n<td valign=\"middle\">tension nominale :<\/td>\n<td valign=\"middle\">170-305v.<\/td>\n<\/tr>\n<tr class=\"even\">\n<td valign=\"middle\" width=\"32\"><\/td>\n<td valign=\"middle\">la temp\u00e9rature de la lumi\u00e8re :<\/td>\n<td valign=\"middle\">3000k - 4000k<\/td>\n<\/tr>\n<tr class=\"odd\">\n<td valign=\"middle\" width=\"32\"><\/td>\n<td valign=\"middle\">cri -index de reproduction chromatique :<\/td>\n<td valign=\"middle\">70<\/td>\n<\/tr>\n<tr class=\"even\">\n<td valign=\"middle\" width=\"32\"><\/td>\n<td valign=\"middle\">mat\u00e9riau de construction :<\/td>\n<td valign=\"middle\">aluminium<\/td>\n<\/tr>\n<tr class=\"odd\">\n<td valign=\"middle\" width=\"32\"><\/td>\n<td valign=\"middle\">luminosit\u00e9-lm :<\/td>\n<td valign=\"middle\">22500<\/td>\n<\/tr>\n<tr class=\"even\">\n<td valign=\"middle\" width=\"32\"><\/td>\n<td valign=\"middle\">type de LED :<\/td>\n<td valign=\"middle\">smd 5050-12d bridgelux chip 2240 bxcd ds-c47<\/td>\n<\/tr>\n<tr class=\"odd\">\n<td valign=\"middle\" width=\"32\"><\/td>\n<td valign=\"middle\">angle d'ouverture (\u00ba) :<\/td>\n<td valign=\"middle\">150\u00ba x 75\u00ba.<\/td>\n<\/tr>\n<tr class=\"even\">\n<td valign=\"middle\" width=\"32\"><\/td>\n<td valign=\"middle\">efficacit\u00e9 des diodes LED (lm\/w) :<\/td>\n<td valign=\"middle\">240lm\/w<\/td>\n<\/tr>\n<tr class=\"odd\">\n<td valign=\"middle\" width=\"32\"><\/td>\n<td valign=\"middle\">efficacit\u00e9 lumineuse (lm\/w) :<\/td>\n<td valign=\"middle\">150 lm\/w<\/td>\n<\/tr>\n<tr class=\"even\">\n<td valign=\"middle\" width=\"32\"><\/td>\n<td valign=\"middle\">dimable :<\/td>\n<td valign=\"middle\">1-10v<\/td>\n<\/tr>\n<tr class=\"odd\">\n<td valign=\"middle\" width=\"32\"><\/td>\n<td valign=\"middle\">certificats :<\/td>\n<td valign=\"middle\">ce-rosh-t\u00fcv-enec<\/td>\n<\/tr>\n<\/tbody>\n<\/table>\n<\/div>\n<div class=\"col-xs-12 col-md-6 2\">\n<table class=\"table table-data-sheet 2\">\n<tbody>\n<tr class=\"odd\">\n<td valign=\"middle\" width=\"32\"><\/td>\n<td valign=\"middle\">degr\u00e9 d'ip :<\/td>\n<td valign=\"middle\">ip66<\/td>\n<\/tr>\n<tr class=\"even\">\n<td valign=\"middle\" width=\"32\"><\/td>\n<td valign=\"middle\">dur\u00e9e de vie estim\u00e9e de la diode LED (h) :<\/td>\n<td valign=\"middle\">100.000<\/td>\n<\/tr>\n<tr class=\"odd\">\n<td valign=\"middle\" width=\"32\"><\/td>\n<td valign=\"middle\">facteur de puissance (pf) :<\/td>\n<td valign=\"middle\">0.95<\/td>\n<\/tr>\n<tr class=\"even\">\n<td valign=\"middle\" width=\"32\"><\/td>\n<td valign=\"middle\">fr\u00e9quence de travail (hz) :<\/td>\n<td valign=\"middle\">50\/60hz<\/td>\n<\/tr>\n<tr class=\"odd\">\n<td valign=\"middle\" width=\"32\"><\/td>\n<td valign=\"middle\">plage de temp\u00e9rature (\u00baC) :<\/td>\n<td valign=\"middle\">-15\u00ba+70\u00ba -15\u00ba+70\u00ba -15\u00ba+70\u00ba -15\u00ba+70\u00ba -15\u00ba+70\u00ba -15\u00ba+70\u00ba<\/td>\n<\/tr>\n<tr class=\"even\">\n<td valign=\"middle\" width=\"32\"><\/td>\n<td valign=\"middle\">les cycles d'allumage :<\/td>\n<td valign=\"middle\">100.000<\/td>\n<\/tr>\n<tr class=\"odd\">\n<td valign=\"middle\" width=\"32\"><\/td>\n<td valign=\"middle\">temps de d\u00e9marrage (s) :<\/td>\n<td valign=\"middle\">0,2s<\/td>\n<\/tr>\n<tr class=\"even\">\n<td valign=\"middle\" width=\"32\"><\/td>\n<td valign=\"middle\">des informations compl\u00e9mentaires :<\/td>\n<td valign=\"middle\">protection contre les surtensions : 10k<\/td>\n<\/tr>\n<tr class=\"odd\">\n<td valign=\"middle\" width=\"32\"><\/td>\n<td valign=\"middle\">protection contre les chocs (ik) :<\/td>\n<td valign=\"middle\">ik09<\/td>\n<\/tr>\n<tr class=\"even\">\n<td valign=\"middle\" width=\"32\"><\/td>\n<td valign=\"middle\">conducteur inclus :<\/td>\n<td valign=\"middle\"> xitanium programmable<\/td>\n<\/tr>\n<tr class=\"odd\">\n<td valign=\"middle\" width=\"32\"><\/td>\n<td valign=\"middle\">classe \u00e9nerg\u00e9tique (2021-EU-2019\/2015) :<\/td>\n<td valign=\"middle\">a++<\/td>\n<\/tr>\n<tr class=\"even\">\n<td valign=\"middle\" width=\"32\"><\/td>\n<td valign=\"middle\">ann\u00e9es de garantie :<\/td>\n<td valign=\"middle\">5<\/td>\n<\/tr>\n<\/tbody>\n<\/table>\n<p>&nbsp;<\/p>\n<\/div>\n<\/div>\n<\/div>\n<\/div>","protected":false},"excerpt":{"rendered":"<div class=\"col-md-12\"><i class=\"fa fa-truck\"><\/i>&nbsp;<span class=\"text-muted textprop\">Livraison dans les 24\/48 heures<\/span><div class=\"col-md-12\"><i class=\"fa fa-exchange\"><\/i>&nbsp;<span class=\"text-muted textprop\">Garantie assur\u00e9e<\/span><\/div><div class=\"col-md-12\"><i class=\"fa fa-box\"><\/i>&nbsp;<span class=\"text-muted textprop\">1 unit\u00e9(s) par bo\u00eete \u00e0 outils<\/span><\/div><div>\n<div class=\"woocommerce-product-details__short-description\">\n<div class=\"woocommerce-product-details__short-description\">\n<div><strong>TEMP\u00c9RATURE DE COULEUR : 3000K\/4000K<\/strong><\/div>\n<\/div>\n<\/div>\n<\/div><\/div>","protected":false},"featured_media":0,"template":"","meta":{"site-sidebar-layout":"default","site-content-layout":"default","ast-global-header-display":"","ast-main-header-display":"","ast-hfb-above-header-display":"","ast-hfb-below-header-display":"","ast-hfb-mobile-header-display":"","site-post-title":"","ast-breadcrumbs-content":"","ast-featured-img":"","footer-sml-layout":"","theme-transparent-header-meta":"default","adv-header-id-meta":"","stick-header-meta":"","header-above-stick-meta":"","header-main-stick-meta":"","header-below-stick-meta":""},"product_cat":[95,30],"product_tag":[],"class_list":["post-7112","product","type-product","status-publish","hentry","product_cat-farolas-led-urbanas","product_cat-iluminacion-publica-y-vial"],"_links":{"self":[{"href":"https:\/\/starlediluminacion.com\/fr\/wp-json\/wp\/v3\/product\/7112","targetHints":{"allow":["GET"]}}],"collection":[{"href":"https:\/\/starlediluminacion.com\/fr\/wp-json\/wp\/v3\/product"}],"about":[{"href":"https:\/\/starlediluminacion.com\/fr\/wp-json\/wp\/v2\/types\/product"}],"wp:attachment":[{"href":"https:\/\/starlediluminacion.com\/fr\/wp-json\/wp\/v2\/media?parent=7112"}],"wp:term":[{"taxonomy":"product_cat","embeddable":true,"href":"https:\/\/starlediluminacion.com\/fr\/wp-json\/wp\/v2\/product_cat?post=7112"},{"taxonomy":"product_tag","embeddable":true,"href":"https:\/\/starlediluminacion.com\/fr\/wp-json\/wp\/v2\/product_tag?post=7112"}],"curies":[{"name":"wp","href":"https:\/\/api.w.org\/{rel}","templated":true}]}}