{"id":7061,"date":"2022-08-20T18:37:16","date_gmt":"2022-08-20T18:37:16","guid":{"rendered":"https:\/\/starlediluminacion.com\/?post_type=product&#038;p=7061"},"modified":"2022-08-20T18:37:16","modified_gmt":"2022-08-20T18:37:16","slug":"farola-led-romanico-aluminio-40w-50w-65w","status":"publish","type":"product","link":"https:\/\/starlediluminacion.com\/fr\/product\/farola-led-romanico-aluminio-40w-50w-65w\/","title":{"rendered":"<p>Farola LED ROM&Aacute;NICO Aluminio 40W-50W-65W<\/p>"},"content":{"rendered":"<div class=\"product-info-line\">\n<p id=\"product_reference\"><label>referencia: slrome<br>\n<\/label><\/p>\n<p>diff\u00e9rentes options de montage sont disponibles dans notre&nbsp;<strong>luminaria&nbsp;rom&aacute;nico de aluminio<\/strong>:<\/p>\n<ul>\n<li>module optique&nbsp;<strong>bridgelux 40w<\/strong>&nbsp;+ conducteur gxtronic<\/li>\n<li>module optique&nbsp;<strong>50w magnum osram chip<\/strong>&nbsp;+ conducteur gxtronic<\/li>\n<li>module optique&nbsp;<strong>50w magnum dob osram chip<\/strong><\/li>\n<li>module optique&nbsp;<strong>50w smd5050 hight lumens bridgelux<\/strong>&nbsp;+ conducteur gxtronic<\/li>\n<li>module optique&nbsp;<strong>65w smd5050 hight lumens bridgelux<\/strong>&nbsp;+ xitanium 1-10v programmable driver<\/li>\n<\/ul>\n<h1>farola led rom&aacute;nico&nbsp;aluminio 40w-50w-65w<\/h1>\n<p>cette<strong>&nbsp;lampadaire \u00e0 led p\u00eacheur&nbsp;<\/strong>En aluminium, il est id\u00e9al pour d\u00e9corer n'importe quel espace ext\u00e9rieur, il a un design \u00e9l\u00e9gant et classique et une finition noire \u00e9l\u00e9gante.<\/p>\n<p>la lanterne peut avoir des caract\u00e9ristiques diff\u00e9rentes selon le module optique LED utilis\u00e9 :<\/p>\n<h3><strong>- module optique bridgelux chip 40w + driver gxtronic :<\/strong><\/h3>\n<ul>\n<li>Bloc optique \u00e0 LED d'une puissance de 40w, fabriqu\u00e9 avec un jeu de 54 diodes LED smd3030 4-core bridgelux 2240 ds-c30 smd30.<\/li>\n<li>angle d'ouverture (\u00ba) : 70\u00ba - 150\u00ba.<\/li>\n<li>efficacit\u00e9 des diodes LED (lm\/w) : 160 lm\/w<\/li>\n<li>efficacit\u00e9 lumineuse (lm\/w) : 135lm\/w<\/li>\n<li>cri : 70<\/li>\n<li>pilote de haute qualit\u00e9 de gxtronic avec une dur\u00e9e de vie de plus de 50 000 heures.<\/li>\n<li>pilote 23-42vdc 1000ma+-5%<\/li>\n<\/ul>\n<h3><strong>- module optique 50w magnum osram chip + driver gxtronic<\/strong><\/h3>\n<ul>\n<li>bloc optique led d'une puissance de 50w et fabriqu\u00e9 avec une \u00e9quipe de 85 diodes osram 3-core smd3030 led smd3030.<\/li>\n<li>angle d'ouverture (\u00ba) : 136\u00ba-78\u00ba.<\/li>\n<li>efficacit\u00e9 des diodes LED (lm\/w) : 180 lm\/w<\/li>\n<li>efficacit\u00e9 lumineuse (lm\/w) : 150lm\/w.<\/li>\n<li>cri : 80<\/li>\n<li>conducteur 23-42vdc 1300ma+-5%<\/li>\n<\/ul>\n<h3><strong>- module optique 50w magnum dob osram chip<br>\n<\/strong><\/h3>\n<ul>\n<li>bloc optique led d'une puissance de 50w fabriqu\u00e9 avec une \u00e9quipe de 72 diodes smd3030 3-core osram os-core sapphire odb2235s.a smd3030 led diodes.<\/li>\n<li>angle d'ouverture (\u00ba) : 90\u00bax90\u00ba.<\/li>\n<li>efficacit\u00e9 des diodes LED (lm\/w) : 180 lm\/w<\/li>\n<li>efficacit\u00e9 lumineuse (lm\/w) : 140lm\/w<\/li>\n<li>cri : 80<\/li>\n<li>conducteur : dob gxtronic.<\/li>\n<\/ul>\n<h3><strong>- smd505050 bridgelux high brightness 50w optical module + gxtronic driver<\/strong><\/h3>\n<ul>\n<li>bloc optique led d'une puissance de 50w et fabriqu\u00e9 avec une \u00e9quipe de 36 diodes led smd5050 de 8 cores bridgelux chip 2240ds-30.<\/li>\n<li>angle d'ouverture (\u00ba) : 90\u00bax90\u00ba.<\/li>\n<li>efficacit\u00e9 des diodes LED (lm\/w) : 220 lm\/w<\/li>\n<li>efficacit\u00e9 lumineuse (lm\/w) : 188lm\/w.<\/li>\n<li>cri : 70<\/li>\n<li>conducteur 23-42vdc 1300ma+-5%<\/li>\n<\/ul>\n<h3><strong>- smd5050 bridgelux high brightness 65w optic module + driver <\/strong><\/h3>\n<ul>\n<li>bloc optique \u00e0 led d'une puissance de 50w et fabriqu\u00e9 avec une \u00e9quipe de 36 diodes smd5050 led avec 8 bridgelux cores.<\/li>\n<li>angle d'ouverture (\u00ba) : 90\u00bax90\u00ba.<\/li>\n<li>efficacit\u00e9 des diodes LED (lm\/w) : 200 lm\/w<\/li>\n<li>efficacit\u00e9 lumineuse (lm\/w) : 160lm\/w.<\/li>\n<li>cri : 70<\/li>\n<li>pilote 1-10v - dimmable + programmable (5 r\u00e9glages)<\/li>\n<\/ul>\n<p>&nbsp;<\/p>\n<p>Le luminaire, fabriqu\u00e9 en aluminium, est con\u00e7u pour durer dans les conditions ext\u00e9rieures les plus extr\u00eames et est peint en polyur\u00e9thane cuit au four pour maximiser sa durabilit\u00e9.<\/p>\n<p>est un produit tr\u00e8s \u00e9conome en \u00e9nergie car il offre un rendement lumineux \u00e9lev\u00e9, ce qui permet de r\u00e9duire la consommation d'\u00e9lectricit\u00e9 jusqu'\u00e0 80%, tout en respectant l'environnement car il ne pollue pas.<\/p>\n<p>&nbsp;<\/p>\n<h2>usos de la&nbsp;farola led&nbsp;rom&aacute;nico&nbsp;aluminio 40w-50w-65w:<\/h2>\n<ul>\n<li>parcs<\/li>\n<li>jardins<\/li>\n<li>lieux<\/li>\n<li>voies<\/li>\n<li>SALLES DE MARIAGE<\/li>\n<li>chalets<\/li>\n<li>maisons rurales<\/li>\n<li>entrep\u00f4ts industriels<\/li>\n<\/ul>\n<h3 class=\"page-product-heading\">d\u00e9tails techniques<\/h3>\n<div class=\"col-xs-12 col-md-6\">\n<table class=\"table table-data-sheet 1\">\n<tbody>\n<tr class=\"odd\">\n<td valign=\"middle\" width=\"32\"><\/td>\n<td valign=\"middle\">r\u00e9f\u00e9rence :<\/td>\n<td valign=\"middle\">slrome<\/td>\n<\/tr>\n<tr class=\"even\">\n<td valign=\"middle\" width=\"32\"><\/td>\n<td valign=\"middle\">Puissance nominale :<\/td>\n<td valign=\"middle\">40w-50w-65w<\/td>\n<\/tr>\n<tr class=\"odd\">\n<td valign=\"middle\" width=\"32\"><\/td>\n<td valign=\"middle\">tension nominale :<\/td>\n<td valign=\"middle\">170v-270v<\/td>\n<\/tr>\n<tr class=\"even\">\n<td valign=\"middle\" width=\"32\"><\/td>\n<td valign=\"middle\">la temp\u00e9rature de la lumi\u00e8re :<\/td>\n<td valign=\"middle\">3000k-4000k-5000k<\/td>\n<\/tr>\n<tr class=\"odd\">\n<td valign=\"middle\" width=\"32\"><\/td>\n<td valign=\"middle\">cri -index de reproduction chromatique :<\/td>\n<td valign=\"middle\">bridgelux : 70 osram : 80<\/td>\n<\/tr>\n<tr class=\"even\">\n<td valign=\"middle\" width=\"32\"><\/td>\n<td valign=\"middle\">mat\u00e9riau de construction :<\/td>\n<td valign=\"middle\">aluminium +pmma<\/td>\n<\/tr>\n<tr class=\"odd\">\n<td valign=\"middle\" width=\"32\"><\/td>\n<td valign=\"middle\">type de LED :<\/td>\n<td valign=\"middle\">40w : smd3030 bridgelux. 50w magnum : smd3030 osram. 50w dob : smd3030 osram - 50w : smd505050 bridgelux chip.<\/td>\n<\/tr>\n<tr class=\"even\">\n<td valign=\"middle\" width=\"32\"><\/td>\n<td valign=\"middle\">angle d'ouverture (\u00ba) :<\/td>\n<td valign=\"middle\">40w:70\u00ba-150\u00ba - 50w:136\u00bax78\u00ba - 90\u00bax90\u00ba 100w::136\u00bax78\u00ba - 90\u00bax90\u00ba<\/td>\n<\/tr>\n<tr class=\"odd\">\n<td valign=\"middle\" width=\"32\"><\/td>\n<td valign=\"middle\">efficacit\u00e9 des diodes LED (lm\/w) :<\/td>\n<td valign=\"middle\">40w:160lm\/w - 50w:180lm\/w - 50w dob:180lm\/w - 50w 5050 : 220lm\/w 65w:200lm\/w<\/td>\n<\/tr>\n<tr class=\"even\">\n<td valign=\"middle\" width=\"32\"><\/td>\n<td valign=\"middle\">efficacit\u00e9 lumineuse (lm\/w) :<\/td>\n<td valign=\"middle\">40w:135lm\/w - 50w : 150lm\/w - 50w dob : 140lm\/w - 50w 5050 : 188lm\/w 65w:160lm\/w<\/td>\n<\/tr>\n<tr class=\"odd\">\n<td valign=\"middle\" width=\"32\"><\/td>\n<td valign=\"middle\">degr\u00e9 d'ip :<\/td>\n<td valign=\"middle\">ip65-externe<\/td>\n<\/tr>\n<\/tbody>\n<\/table>\n<\/div>\n<div class=\"col-xs-12 col-md-6 2\">\n<table class=\"table table-data-sheet 2\">\n<tbody>\n<tr class=\"odd\">\n<td valign=\"middle\" width=\"32\"><\/td>\n<td valign=\"middle\">dur\u00e9e de vie estim\u00e9e de la diode LED (h) :<\/td>\n<td valign=\"middle\">50.000<\/td>\n<\/tr>\n<tr class=\"even\">\n<td valign=\"middle\" width=\"32\"><\/td>\n<td valign=\"middle\">dimensions (mm) :<\/td>\n<td valign=\"middle\">550x550xh950mm<\/td>\n<\/tr>\n<tr class=\"odd\">\n<td valign=\"middle\" width=\"32\"><\/td>\n<td valign=\"middle\">facteur de puissance (pf) :<\/td>\n<td valign=\"middle\">0.95<\/td>\n<\/tr>\n<tr class=\"even\">\n<td valign=\"middle\" width=\"32\"><\/td>\n<td valign=\"middle\">fr\u00e9quence de travail (hz) :<\/td>\n<td valign=\"middle\">50\/60hz<\/td>\n<\/tr>\n<tr class=\"odd\">\n<td valign=\"middle\" width=\"32\"><\/td>\n<td valign=\"middle\">plage de temp\u00e9rature (\u00baC) :<\/td>\n<td valign=\"middle\">-20\u00b0c ~ +55\u00b0c<\/td>\n<\/tr>\n<tr class=\"even\">\n<td valign=\"middle\" width=\"32\"><\/td>\n<td valign=\"middle\">les cycles d'allumage :<\/td>\n<td valign=\"middle\">100.000<\/td>\n<\/tr>\n<tr class=\"odd\">\n<td valign=\"middle\" width=\"32\"><\/td>\n<td valign=\"middle\">temps de d\u00e9marrage (s) :<\/td>\n<td valign=\"middle\">0,2s<\/td>\n<\/tr>\n<tr class=\"even\">\n<td valign=\"middle\" width=\"32\"><\/td>\n<td valign=\"middle\">protection contre les chocs (ik) :<\/td>\n<td valign=\"middle\">ik10<\/td>\n<\/tr>\n<tr class=\"odd\">\n<td valign=\"middle\" width=\"32\"><\/td>\n<td valign=\"middle\">conducteur inclus :<\/td>\n<td valign=\"middle\">40w : gxtronic - 50w:gxtronic - 65w : - 100w : gxtronic<\/td>\n<\/tr>\n<tr class=\"even\">\n<td valign=\"middle\" width=\"32\"><\/td>\n<td valign=\"middle\">classe \u00e9nerg\u00e9tique (2021-EU-2019\/2015) :<\/td>\n<td valign=\"middle\">a+<\/td>\n<\/tr>\n<tr class=\"odd\">\n<td valign=\"middle\" width=\"32\"><\/td>\n<td valign=\"middle\">ann\u00e9es de garantie :<\/td>\n<td valign=\"middle\">5<\/td>\n<\/tr>\n<\/tbody>\n<\/table>\n<p>&nbsp;<\/p>\n<\/div>\n<\/div>","protected":false},"excerpt":{"rendered":"<div class=\"col-md-12\"><i class=\"fa fa-truck\"><\/i>&nbsp;<span class=\"text-muted textprop\">Livraison dans les 24\/48 heures<\/span><div class=\"col-md-12\"><i class=\"fa fa-exchange\"><\/i>&nbsp;<span class=\"text-muted textprop\">Garantie assur\u00e9e<\/span><\/div><div class=\"col-md-12\"><i class=\"fa fa-box\"><\/i>&nbsp;<span class=\"text-muted textprop\">1 unit\u00e9(s) par bo\u00eete \u00e0 outils<\/span><\/div><div><strong>TEMP\u00c9RATURE DE COULEUR : 3000K\/4000K<\/strong><\/div><\/div>","protected":false},"featured_media":7071,"template":"","meta":{"site-sidebar-layout":"default","site-content-layout":"default","ast-global-header-display":"","ast-main-header-display":"","ast-hfb-above-header-display":"","ast-hfb-below-header-display":"","ast-hfb-mobile-header-display":"","site-post-title":"","ast-breadcrumbs-content":"","ast-featured-img":"","footer-sml-layout":"","theme-transparent-header-meta":"default","adv-header-id-meta":"","stick-header-meta":"","header-above-stick-meta":"","header-main-stick-meta":"","header-below-stick-meta":""},"product_cat":[96,30],"product_tag":[],"class_list":["post-7061","product","type-product","status-publish","has-post-thumbnail","hentry","product_cat-farolas-led-clasicas","product_cat-iluminacion-publica-y-vial"],"_links":{"self":[{"href":"https:\/\/starlediluminacion.com\/fr\/wp-json\/wp\/v3\/product\/7061","targetHints":{"allow":["GET"]}}],"collection":[{"href":"https:\/\/starlediluminacion.com\/fr\/wp-json\/wp\/v3\/product"}],"about":[{"href":"https:\/\/starlediluminacion.com\/fr\/wp-json\/wp\/v2\/types\/product"}],"wp:featuredmedia":[{"embeddable":true,"href":"https:\/\/starlediluminacion.com\/fr\/wp-json\/wp\/v2\/media\/7071"}],"wp:attachment":[{"href":"https:\/\/starlediluminacion.com\/fr\/wp-json\/wp\/v2\/media?parent=7061"}],"wp:term":[{"taxonomy":"product_cat","embeddable":true,"href":"https:\/\/starlediluminacion.com\/fr\/wp-json\/wp\/v2\/product_cat?post=7061"},{"taxonomy":"product_tag","embeddable":true,"href":"https:\/\/starlediluminacion.com\/fr\/wp-json\/wp\/v2\/product_tag?post=7061"}],"curies":[{"name":"wp","href":"https:\/\/api.w.org\/{rel}","templated":true}]}}