{"id":7012,"date":"2022-08-19T20:50:59","date_gmt":"2022-08-19T20:50:59","guid":{"rendered":"https:\/\/starlediluminacion.com\/?post_type=product&#038;p=7012"},"modified":"2022-08-19T20:50:59","modified_gmt":"2022-08-19T20:50:59","slug":"perfil-de-aluminio-moldura-doble-luz-para-tira-led-2-metros","status":"publish","type":"product","link":"https:\/\/starlediluminacion.com\/fr\/product\/aluminium-aluminium-profil-double-moulure-lumiere-pour-bande-led-2-metres\/","title":{"rendered":"<p>Profil\u00e9 Aluminium Moul\u00e9 DOUBLE LIGHT pour Bande LED -2 M\u00e8tres<\/p>"},"content":{"rendered":"<p>R\u00c9F\u00c9RENCE : SL2837<div class=\"hidden-xs parrafo\">\n<p>Avec cette&nbsp;<strong>profil<\/strong>&nbsp;de&nbsp;<strong>aluminium<\/strong>&nbsp;de&nbsp;<strong>DOUBLE LUMIERE<\/strong>&nbsp;(pour placer&nbsp;<strong>deux bandes LED<\/strong>), vous obtiendrez l'effet d'une moulure pour vos murs et vos surfaces. Installation rapide et facile gr\u00e2ce au syst\u00e8me d'encliquetage inclus. Comprend \u00e9galement les terminaux de profil\u00e9s.<\/p>\n<\/div><div id=\"views_block-1\" class=\"clearfix\">\n<div id=\"thumbs_list\">\n<h1>Profil\u00e9 Aluminium Moul\u00e9 DOUBLE LIGHT - 2 M\u00e8tres<\/h1>\n<p>Les&nbsp;<strong>profil<\/strong>&nbsp;de&nbsp;<strong>moulage<\/strong>&nbsp;de&nbsp;<strong>Double lumi\u00e8re<\/strong>Le profil\u00e9 en aluminium est sp\u00e9cialement con\u00e7u pour une installation rapide. Le profil\u00e9 en aluminium est sp\u00e9cialement con\u00e7u pour int\u00e9grer les caract\u00e9ristiques suivantes&nbsp;&nbsp;<strong>deux bandes LED<\/strong>&nbsp;et de r\u00e9aliser des \u00e9clairages d\u00e9coratifs qui permettent des effets spectaculaires dans l'espace.&nbsp;<strong>d\u00e9coration<\/strong>&nbsp;e&nbsp;<strong>l'\u00e9clairage<\/strong>&nbsp;de tout espace.<\/p>\n<p>Ils transforment un simple mur en une \u0153uvre d'art unique qui compl\u00e8te les formes lin\u00e9aires de votre mur gr\u00e2ce \u00e0 la lumi\u00e8re indirecte \u00e9mise par le profil\u00e9.<\/p>\n<p>Ce profil\u00e9 en aluminium permet de placer des bandes \u00e0 haute luminosit\u00e9 gr\u00e2ce \u00e0 son effet dissipateur pour la bande LED, prolongeant ainsi la dur\u00e9e de vie de vos bandes LED.<\/p>\n<h2>Utilisations du profil\u00e9 aluminium DOUBLE LIGHT Moulding<\/h2>\n<ul>\n<li>H\u00f4tels<\/li>\n<li>Biblioth\u00e8ques<\/li>\n<li>Barres<\/li>\n<li>Accueil<\/li>\n<li>Mobilier<\/li>\n<li>Magasins<\/li>\n<li>Restaurants<\/li>\n<li>Couvertures<\/li>\n<\/ul>\n<h3 class=\"page-product-heading\">DONN\u00c9ES TECHNIQUES<\/h3>\n<div class=\"col-xs-12 col-md-6\">\n<table class=\"table table-data-sheet 1\">\n<tbody>\n<tr class=\"odd\">\n<td valign=\"middle\" width=\"32\"><\/td>\n<td valign=\"middle\">REFERENCE :<\/td>\n<td valign=\"middle\">SL2837<\/td>\n<\/tr>\n<tr class=\"even\">\n<td valign=\"middle\" width=\"32\"><\/td>\n<td valign=\"middle\">Mat\u00e9riaux de construction :<\/td>\n<td valign=\"middle\">Aluminium +PC<\/td>\n<\/tr>\n<\/tbody>\n<\/table>\n<\/div>\n<div class=\"col-xs-12 col-md-6 2\">\n<table class=\"table table-data-sheet 2\">\n<tbody>\n<tr class=\"odd\">\n<td valign=\"middle\" width=\"32\"><\/td>\n<td valign=\"middle\">Certificats :<\/td>\n<td valign=\"middle\">CE - ROHS<\/td>\n<\/tr>\n<tr class=\"even\">\n<td valign=\"middle\" width=\"32\"><\/td>\n<td valign=\"middle\">Dimensions (mm) :<\/td>\n<td valign=\"middle\">50mm x 17mm x 2m.<\/td>\n<\/tr>\n<\/tbody>\n<\/table>\n<\/div>\n<\/div>\n<\/div><\/p>","protected":false},"excerpt":{"rendered":"<div class=\"col-md-12\"><i class=\"fa fa-truck\"><\/i>&nbsp;<span class=\"text-muted textprop\">Livraison dans les 24\/48 heures<\/span><div class=\"col-md-12\"><i class=\"fa fa-exchange\"><\/i>&nbsp;<span class=\"text-muted textprop\">Garantie assur\u00e9e<\/span><\/div><div class=\"col-md-12\"><i class=\"fa fa-box\"><\/i>&nbsp;<span class=\"text-muted textprop\">12 unit\u00e9(s) par bo\u00eete \u00e0 outils<\/span><\/div><div class=\"col-md-12 certificados\"><\/div><\/div>","protected":false},"featured_media":7017,"template":"","meta":{"site-sidebar-layout":"default","site-content-layout":"default","ast-global-header-display":"","ast-main-header-display":"","ast-hfb-above-header-display":"","ast-hfb-below-header-display":"","ast-hfb-mobile-header-display":"","site-post-title":"","ast-breadcrumbs-content":"","ast-featured-img":"","footer-sml-layout":"","theme-transparent-header-meta":"default","adv-header-id-meta":"","stick-header-meta":"","header-above-stick-meta":"","header-main-stick-meta":"","header-below-stick-meta":""},"product_cat":[94,45],"product_tag":[],"class_list":["post-7012","product","type-product","status-publish","has-post-thumbnail","hentry","product_cat-perfiles-de-aluminio-led","product_cat-tiras-led-y-neon-flexible"],"_links":{"self":[{"href":"https:\/\/starlediluminacion.com\/fr\/wp-json\/wp\/v3\/product\/7012","targetHints":{"allow":["GET"]}}],"collection":[{"href":"https:\/\/starlediluminacion.com\/fr\/wp-json\/wp\/v3\/product"}],"about":[{"href":"https:\/\/starlediluminacion.com\/fr\/wp-json\/wp\/v2\/types\/product"}],"wp:featuredmedia":[{"embeddable":true,"href":"https:\/\/starlediluminacion.com\/fr\/wp-json\/wp\/v2\/media\/7017"}],"wp:attachment":[{"href":"https:\/\/starlediluminacion.com\/fr\/wp-json\/wp\/v2\/media?parent=7012"}],"wp:term":[{"taxonomy":"product_cat","embeddable":true,"href":"https:\/\/starlediluminacion.com\/fr\/wp-json\/wp\/v2\/product_cat?post=7012"},{"taxonomy":"product_tag","embeddable":true,"href":"https:\/\/starlediluminacion.com\/fr\/wp-json\/wp\/v2\/product_tag?post=7012"}],"curies":[{"name":"wp","href":"https:\/\/api.w.org\/{rel}","templated":true}]}}