{"id":6821,"date":"2022-08-15T11:36:10","date_gmt":"2022-08-15T11:36:10","guid":{"rendered":"https:\/\/starlediluminacion.com\/?post_type=product&#038;p=6821"},"modified":"2022-08-15T11:36:10","modified_gmt":"2022-08-15T11:36:10","slug":"farol-king-colgante-para-lampara-led-e27-aluminio","status":"publish","type":"product","link":"https:\/\/starlediluminacion.com\/fr\/product\/farol-king-colgante-para-lampara-led-e27-aluminio\/","title":{"rendered":"<p>KING Lanterne suspendue pour lampe LED E27 - Aluminium<\/p>"},"content":{"rendered":"<p>REFERENCIA: SLCOL-KING-E27<div class=\"hidden-xs parrafo\">\n<p><strong>Farola modelo KING colgante de Aluminio&nbsp;<\/strong>pour incorporer une lampe \u00e0 douille E27.<\/p>\n<\/div><div id=\"views_block-1\" class=\"clearfix\">\n<div id=\"thumbs_list\">\n<h1>Farol KING colgante con casquillo para Lampara LED E27<\/h1>\n<p>Le luminaire est enti\u00e8rement fabriqu\u00e9 en aluminium<strong>&nbsp;se pr\u00e9pare<\/strong>&nbsp;pour incorporer une lampe \u00e0 douille E27<strong>.<\/strong>&nbsp;La qualit\u00e9 de ses mat\u00e9riaux en fait un produit essentiel pour la production d'une \u00e9nergie propre et durable.<\/p>\n<p>Gr\u00e2ce \u00e0 la technologie LED, vous pouvez atteindre&nbsp;<strong>sauver<\/strong>&nbsp;jusqu'\u00e0&nbsp;<strong>80% puissance<\/strong>Elles ont \u00e9galement une dur\u00e9e de vie plus longue que les lampes halog\u00e8nes. Elle est consid\u00e9r\u00e9e comme un&nbsp;<strong>produit biologique<\/strong>&nbsp;car il est fabriqu\u00e9 \u00e0 partir de mat\u00e9riaux non polluants, vous contribuez donc \u00e0 prendre soin de la plan\u00e8te.<\/p>\n<p>Votre protection&nbsp;<strong>IP545<\/strong>&nbsp;Le syst\u00e8me d'alarme de l'appareil convient \u00e9galement \u00e0 une utilisation en ext\u00e9rieur et r\u00e9siste aux \u00e9claboussures.<\/p>\n<p>&nbsp;<\/p>\n<h2>Farol KING colgante con casquillo para Lampara LED E27<\/h2>\n<ul>\n<li>Les parcs<\/li>\n<li>Jardins<\/li>\n<li>Lieux<\/li>\n<li>Avenues<\/li>\n<li>Salles de mariage<\/li>\n<li>Chalets<\/li>\n<li>Maisons rurales<\/li>\n<li>B\u00e2timents industriels<\/li>\n<\/ul>\n<h3 class=\"page-product-heading\">DONN\u00c9ES TECHNIQUES<\/h3>\n<div class=\"col-xs-12 col-md-6\">\n<table class=\"table table-data-sheet 1\">\n<tbody>\n<tr class=\"odd\">\n<td valign=\"middle\" width=\"32\"><\/td>\n<td valign=\"middle\">REFERENCE :<\/td>\n<td valign=\"middle\">SLCOL-KING-E27<\/td>\n<\/tr>\n<tr class=\"even\">\n<td valign=\"middle\" width=\"32\"><\/td>\n<td valign=\"middle\">Mat\u00e9riaux de construction :<\/td>\n<td valign=\"middle\">Aluminium + verre<\/td>\n<\/tr>\n<tr class=\"odd\">\n<td valign=\"middle\" width=\"32\"><\/td>\n<td valign=\"middle\">Douille :<\/td>\n<td valign=\"middle\">E27<\/td>\n<\/tr>\n<tr class=\"even\">\n<td valign=\"middle\" width=\"32\"><\/td>\n<td valign=\"middle\">Certificats :<\/td>\n<td valign=\"middle\">CE - ROHS<\/td>\n<\/tr>\n<\/tbody>\n<\/table>\n<\/div>\n<div class=\"col-xs-12 col-md-6 2\">\n<table class=\"table table-data-sheet 2\">\n<tbody>\n<tr class=\"odd\">\n<td valign=\"middle\" width=\"32\"><\/td>\n<td valign=\"middle\">Indice de protection IP :<\/td>\n<td valign=\"middle\">IP54<\/td>\n<\/tr>\n<tr class=\"even\">\n<td valign=\"middle\" width=\"32\"><\/td>\n<td valign=\"middle\">Dimensions (mm) :<\/td>\n<td valign=\"middle\">H600x460mm<\/td>\n<\/tr>\n<tr class=\"odd\">\n<td valign=\"middle\" width=\"32\"><\/td>\n<td valign=\"middle\">Protection contre les chocs (IK) :<\/td>\n<td valign=\"middle\">IK06<\/td>\n<\/tr>\n<tr class=\"even\">\n<td valign=\"middle\" width=\"32\"><\/td>\n<td valign=\"middle\">Ann\u00e9es de garantie :<\/td>\n<td valign=\"middle\">3<\/td>\n<\/tr>\n<\/tbody>\n<\/table>\n<p>&nbsp;<\/p>\n<\/div>\n<\/div>\n<\/div><\/p>","protected":false},"excerpt":{"rendered":"<div class=\"col-md-12\"><i class=\"fa fa-truck\"><\/i>&nbsp;<span class=\"text-muted textprop\">Livraison dans les 24\/48 heures<\/span><div class=\"col-md-12\"><i class=\"fa fa-exchange\"><\/i>&nbsp;<span class=\"text-muted textprop\">Garantie assur\u00e9e<\/span><\/div><div class=\"col-md-12\"><i class=\"fa fa-box\"><\/i>&nbsp;<span class=\"text-muted textprop\">1 unit\u00e9(s) par bo\u00eete \u00e0 outils<\/span><\/div><\/div>","protected":false},"featured_media":6827,"template":"","meta":{"site-sidebar-layout":"default","site-content-layout":"default","ast-global-header-display":"","ast-main-header-display":"","ast-hfb-above-header-display":"","ast-hfb-below-header-display":"","ast-hfb-mobile-header-display":"","site-post-title":"","ast-breadcrumbs-content":"","ast-featured-img":"","footer-sml-layout":"","theme-transparent-header-meta":"default","adv-header-id-meta":"","stick-header-meta":"","header-above-stick-meta":"","header-main-stick-meta":"","header-below-stick-meta":""},"product_cat":[96,30],"product_tag":[],"class_list":["post-6821","product","type-product","status-publish","has-post-thumbnail","hentry","product_cat-farolas-led-clasicas","product_cat-iluminacion-publica-y-vial"],"yoast_head":"<!-- This site is optimized with the Yoast SEO plugin v27.4 - https:\/\/yoast.com\/product\/yoast-seo-wordpress\/ -->\n<title>Farol KING colgante para L\u00e1mpara LED E27 - Aluminio - STARLED Iluminacion<\/title>\n<meta name=\"robots\" content=\"index, follow, max-snippet:-1, max-image-preview:large, max-video-preview:-1\" \/>\n<link rel=\"canonical\" href=\"https:\/\/starlediluminacion.com\/fr\/product\/farol-king-colgante-para-lampara-led-e27-aluminio\/\" \/>\n<meta property=\"og:locale\" content=\"fr_FR\" \/>\n<meta property=\"og:type\" content=\"article\" \/>\n<meta property=\"og:title\" content=\"Farol KING colgante para L\u00e1mpara LED E27 - Aluminio - STARLED Iluminacion\" \/>\n<meta property=\"og:description\" content=\"\u00a0Entrega en 24\/48 horas \u00a0Garant\u00eda asegurada \u00a01 unidad(es) por Masterbox\" \/>\n<meta property=\"og:url\" content=\"https:\/\/starlediluminacion.com\/fr\/product\/farol-king-colgante-para-lampara-led-e27-aluminio\/\" \/>\n<meta property=\"og:site_name\" content=\"STARLED Iluminacion\" \/>\n<meta property=\"og:image\" content=\"https:\/\/starlediluminacion.com\/wp-content\/uploads\/2022\/08\/farola-queen-para-lampara-led-e27-con-brazo-aluminio-factorled.jpg\" \/>\n\t<meta property=\"og:image:width\" content=\"1000\" \/>\n\t<meta property=\"og:image:height\" content=\"1000\" \/>\n\t<meta property=\"og:image:type\" content=\"image\/jpeg\" \/>\n<meta name=\"twitter:card\" content=\"summary_large_image\" \/>\n<meta name=\"twitter:label1\" content=\"Dur\u00e9e de lecture estim\u00e9e\" \/>\n\t<meta name=\"twitter:data1\" content=\"1 minute\" \/>\n<script type=\"application\/ld+json\" class=\"yoast-schema-graph\">{\"@context\":\"https:\\\/\\\/schema.org\",\"@graph\":[{\"@type\":\"WebPage\",\"@id\":\"https:\\\/\\\/starlediluminacion.com\\\/producto\\\/farol-king-colgante-para-lampara-led-e27-aluminio\\\/\",\"url\":\"https:\\\/\\\/starlediluminacion.com\\\/producto\\\/farol-king-colgante-para-lampara-led-e27-aluminio\\\/\",\"name\":\"Farol KING colgante para L\u00e1mpara LED E27 - Aluminio - STARLED Iluminacion\",\"isPartOf\":{\"@id\":\"https:\\\/\\\/starlediluminacion.com\\\/#website\"},\"primaryImageOfPage\":{\"@id\":\"https:\\\/\\\/starlediluminacion.com\\\/producto\\\/farol-king-colgante-para-lampara-led-e27-aluminio\\\/#primaryimage\"},\"image\":{\"@id\":\"https:\\\/\\\/starlediluminacion.com\\\/producto\\\/farol-king-colgante-para-lampara-led-e27-aluminio\\\/#primaryimage\"},\"thumbnailUrl\":\"https:\\\/\\\/starlediluminacion.com\\\/wp-content\\\/uploads\\\/2022\\\/08\\\/farola-queen-para-lampara-led-e27-con-brazo-aluminio-factorled.jpg\",\"datePublished\":\"2022-08-15T11:36:10+00:00\",\"breadcrumb\":{\"@id\":\"https:\\\/\\\/starlediluminacion.com\\\/producto\\\/farol-king-colgante-para-lampara-led-e27-aluminio\\\/#breadcrumb\"},\"inLanguage\":\"fr-FR\",\"potentialAction\":[{\"@type\":\"ReadAction\",\"target\":[\"https:\\\/\\\/starlediluminacion.com\\\/producto\\\/farol-king-colgante-para-lampara-led-e27-aluminio\\\/\"]}]},{\"@type\":\"ImageObject\",\"inLanguage\":\"fr-FR\",\"@id\":\"https:\\\/\\\/starlediluminacion.com\\\/producto\\\/farol-king-colgante-para-lampara-led-e27-aluminio\\\/#primaryimage\",\"url\":\"https:\\\/\\\/starlediluminacion.com\\\/wp-content\\\/uploads\\\/2022\\\/08\\\/farola-queen-para-lampara-led-e27-con-brazo-aluminio-factorled.jpg\",\"contentUrl\":\"https:\\\/\\\/starlediluminacion.com\\\/wp-content\\\/uploads\\\/2022\\\/08\\\/farola-queen-para-lampara-led-e27-con-brazo-aluminio-factorled.jpg\",\"width\":1000,\"height\":1000},{\"@type\":\"BreadcrumbList\",\"@id\":\"https:\\\/\\\/starlediluminacion.com\\\/producto\\\/farol-king-colgante-para-lampara-led-e27-aluminio\\\/#breadcrumb\",\"itemListElement\":[{\"@type\":\"ListItem\",\"position\":1,\"name\":\"Portada\",\"item\":\"https:\\\/\\\/starlediluminacion.com\\\/\"},{\"@type\":\"ListItem\",\"position\":2,\"name\":\"Shop\",\"item\":\"https:\\\/\\\/starlediluminacion.com\\\/shop-2\\\/\"},{\"@type\":\"ListItem\",\"position\":3,\"name\":\"Farol KING colgante para L\u00e1mpara LED E27 &#8211; Aluminio\"}]},{\"@type\":\"WebSite\",\"@id\":\"https:\\\/\\\/starlediluminacion.com\\\/#website\",\"url\":\"https:\\\/\\\/starlediluminacion.com\\\/\",\"name\":\"STARLED Iluminacion\",\"description\":\"\",\"potentialAction\":[{\"@type\":\"SearchAction\",\"target\":{\"@type\":\"EntryPoint\",\"urlTemplate\":\"https:\\\/\\\/starlediluminacion.com\\\/?s={search_term_string}\"},\"query-input\":{\"@type\":\"PropertyValueSpecification\",\"valueRequired\":true,\"valueName\":\"search_term_string\"}}],\"inLanguage\":\"fr-FR\"}]}<\/script>\n<!-- \/ Yoast SEO plugin. -->","yoast_head_json":{"title":"Farol KING colgante para L\u00e1mpara LED E27 - Aluminio - STARLED Iluminacion","robots":{"index":"index","follow":"follow","max-snippet":"max-snippet:-1","max-image-preview":"max-image-preview:large","max-video-preview":"max-video-preview:-1"},"canonical":"https:\/\/starlediluminacion.com\/fr\/product\/farol-king-colgante-para-lampara-led-e27-aluminio\/","og_locale":"fr_FR","og_type":"article","og_title":"Farol KING colgante para L\u00e1mpara LED E27 - Aluminio - STARLED Iluminacion","og_description":"\u00a0Entrega en 24\/48 horas \u00a0Garant\u00eda asegurada \u00a01 unidad(es) por Masterbox","og_url":"https:\/\/starlediluminacion.com\/fr\/product\/farol-king-colgante-para-lampara-led-e27-aluminio\/","og_site_name":"STARLED Iluminacion","og_image":[{"width":1000,"height":1000,"url":"https:\/\/starlediluminacion.com\/wp-content\/uploads\/2022\/08\/farola-queen-para-lampara-led-e27-con-brazo-aluminio-factorled.jpg","type":"image\/jpeg"}],"twitter_card":"summary_large_image","twitter_misc":{"Dur\u00e9e de lecture estim\u00e9e":"1 minute"},"schema":{"@context":"https:\/\/schema.org","@graph":[{"@type":"WebPage","@id":"https:\/\/starlediluminacion.com\/producto\/farol-king-colgante-para-lampara-led-e27-aluminio\/","url":"https:\/\/starlediluminacion.com\/producto\/farol-king-colgante-para-lampara-led-e27-aluminio\/","name":"Farol KING colgante para L\u00e1mpara LED E27 - Aluminio - STARLED Iluminacion","isPartOf":{"@id":"https:\/\/starlediluminacion.com\/#website"},"primaryImageOfPage":{"@id":"https:\/\/starlediluminacion.com\/producto\/farol-king-colgante-para-lampara-led-e27-aluminio\/#primaryimage"},"image":{"@id":"https:\/\/starlediluminacion.com\/producto\/farol-king-colgante-para-lampara-led-e27-aluminio\/#primaryimage"},"thumbnailUrl":"https:\/\/starlediluminacion.com\/wp-content\/uploads\/2022\/08\/farola-queen-para-lampara-led-e27-con-brazo-aluminio-factorled.jpg","datePublished":"2022-08-15T11:36:10+00:00","breadcrumb":{"@id":"https:\/\/starlediluminacion.com\/producto\/farol-king-colgante-para-lampara-led-e27-aluminio\/#breadcrumb"},"inLanguage":"fr-FR","potentialAction":[{"@type":"ReadAction","target":["https:\/\/starlediluminacion.com\/producto\/farol-king-colgante-para-lampara-led-e27-aluminio\/"]}]},{"@type":"ImageObject","inLanguage":"fr-FR","@id":"https:\/\/starlediluminacion.com\/producto\/farol-king-colgante-para-lampara-led-e27-aluminio\/#primaryimage","url":"https:\/\/starlediluminacion.com\/wp-content\/uploads\/2022\/08\/farola-queen-para-lampara-led-e27-con-brazo-aluminio-factorled.jpg","contentUrl":"https:\/\/starlediluminacion.com\/wp-content\/uploads\/2022\/08\/farola-queen-para-lampara-led-e27-con-brazo-aluminio-factorled.jpg","width":1000,"height":1000},{"@type":"BreadcrumbList","@id":"https:\/\/starlediluminacion.com\/producto\/farol-king-colgante-para-lampara-led-e27-aluminio\/#breadcrumb","itemListElement":[{"@type":"ListItem","position":1,"name":"Portada","item":"https:\/\/starlediluminacion.com\/"},{"@type":"ListItem","position":2,"name":"Shop","item":"https:\/\/starlediluminacion.com\/shop-2\/"},{"@type":"ListItem","position":3,"name":"Farol KING colgante para L\u00e1mpara LED E27 &#8211; Aluminio"}]},{"@type":"WebSite","@id":"https:\/\/starlediluminacion.com\/#website","url":"https:\/\/starlediluminacion.com\/","name":"STARLED Iluminacion","description":"","potentialAction":[{"@type":"SearchAction","target":{"@type":"EntryPoint","urlTemplate":"https:\/\/starlediluminacion.com\/?s={search_term_string}"},"query-input":{"@type":"PropertyValueSpecification","valueRequired":true,"valueName":"search_term_string"}}],"inLanguage":"fr-FR"}]}},"_links":{"self":[{"href":"https:\/\/starlediluminacion.com\/fr\/wp-json\/wp\/v3\/product\/6821","targetHints":{"allow":["GET"]}}],"collection":[{"href":"https:\/\/starlediluminacion.com\/fr\/wp-json\/wp\/v3\/product"}],"about":[{"href":"https:\/\/starlediluminacion.com\/fr\/wp-json\/wp\/v2\/types\/product"}],"wp:featuredmedia":[{"embeddable":true,"href":"https:\/\/starlediluminacion.com\/fr\/wp-json\/wp\/v2\/media\/6827"}],"wp:attachment":[{"href":"https:\/\/starlediluminacion.com\/fr\/wp-json\/wp\/v2\/media?parent=6821"}],"wp:term":[{"taxonomy":"product_cat","embeddable":true,"href":"https:\/\/starlediluminacion.com\/fr\/wp-json\/wp\/v2\/product_cat?post=6821"},{"taxonomy":"product_tag","embeddable":true,"href":"https:\/\/starlediluminacion.com\/fr\/wp-json\/wp\/v2\/product_tag?post=6821"}],"curies":[{"name":"wp","href":"https:\/\/api.w.org\/{rel}","templated":true}]}}