{"id":6722,"date":"2022-08-15T10:39:41","date_gmt":"2022-08-15T10:39:41","guid":{"rendered":"https:\/\/starlediluminacion.com\/?post_type=product&#038;p=6722"},"modified":"2022-08-19T10:33:32","modified_gmt":"2022-08-19T10:33:32","slug":"perfil-pc-2m-mini-para-tiras-led","status":"publish","type":"product","link":"https:\/\/starlediluminacion.com\/fr\/product\/profil-pc-2m-mini-pc-2m-mini-pour-bandes-led\/","title":{"rendered":"<p>Profil\u00e9 PC - 2m - MINI - pour bandes LED<\/p>"},"content":{"rendered":"<p>R\u00c9F\u00c9RENCE : SLPF4320<p align=\"justify\"><strong>Profil en polycarbonate<\/strong>&nbsp;- MINI - qui permet de fixer le&nbsp;<strong>Bandes LED \u00e0 faible consommation<\/strong>(jusqu'\u00e0 15w\/m bandes), ce qui permet de r\u00e9aliser une installation solide en toute simplicit\u00e9.<\/p><p align=\"justify\">Ce profil permet de cr\u00e9er des applications d\u00e9coratives telles que des lignes lumineuses dans tout type de mat\u00e9riau, le marquage de marches, l'\u00e9clairage de panneaux de signalisation, des bases d'armoires de cuisine, des solutions esth\u00e9tiques dans les salles de bains, des mains courantes, etc.<\/p><p align=\"justify\">Il est recommand\u00e9 de fixer le profil\u00e9 \u00e0 l'aide d'un ruban adh\u00e9sif double face.<\/p><p>Notre bande LED Profils est une gamme polyvalente et intemporelle, elle peut \u00eatre le protagoniste de la d\u00e9coration int\u00e9rieure d'un espace ou s'y adapter.<\/p><p>Avec notre profil - MINI - vous serez en mesure d'apporter une vari\u00e9t\u00e9 de sensations visuelles qui d\u00e9finiront l'espace d'une nouvelle perspective.<\/p><p>Nos profils - MINI - de 2 m\u00e8tres de long, deviennent de magnifiques traits de lumi\u00e8re qui fa\u00e7onnent l'espace.<\/p><p>Notre profil\u00e9 permet une installation simple et \u00e9l\u00e9gante de nos bandes LED. Ils peuvent \u00eatre install\u00e9s dans tous les types d'installations int\u00e9rieures de bandes LED, sp\u00e9cialement con\u00e7us pour prot\u00e9ger et cacher les bandes LED, permettant ainsi des installations professionnelles, propres et \u00e9l\u00e9gantes.<\/p><p>Avec nos profiljars, nous dessinons des lignes lumineuses homog\u00e8nes qui s'adaptent \u00e0 une grande vari\u00e9t\u00e9 d'espaces avec un impact visuel minimal, r\u00e9pondant \u00e0 la fois aux besoins d'\u00e9clairage g\u00e9n\u00e9ral et \u00e0 l'\u00e9clairage par projecteurs des plans verticaux.<\/p><h3 class=\"page-product-heading\">DONN\u00c9ES TECHNIQUES<\/h3><div class=\"col-xs-12 col-md-6\">\n<table class=\"table table-data-sheet 1\">\n<tbody>\n<tr class=\"odd\">\n<td valign=\"middle\" width=\"32\"><\/td>\n<td valign=\"middle\">REFERENCE :<\/td>\n<td valign=\"middle\">SLPF4320<\/td>\n<\/tr>\n<tr class=\"even\">\n<td valign=\"middle\" width=\"32\"><\/td>\n<td valign=\"middle\">Mat\u00e9riaux de construction :<\/td>\n<td valign=\"middle\">PC<\/td>\n<\/tr>\n<tr class=\"odd\">\n<td valign=\"middle\" width=\"32\"><\/td>\n<td valign=\"middle\">Certificats :<\/td>\n<td valign=\"middle\">CE<\/td>\n<\/tr>\n<\/tbody>\n<\/table>\n<\/div><div class=\"col-xs-12 col-md-6 2\">\n<table class=\"table table-data-sheet 2\">\n<tbody>\n<tr class=\"odd\">\n<td valign=\"middle\" width=\"32\"><\/td>\n<td valign=\"middle\">Dimensions (mm) :<\/td>\n<td valign=\"middle\">L2000*13*12.8mm<\/td>\n<\/tr>\n<tr class=\"even\">\n<td valign=\"middle\" width=\"32\"><\/td>\n<td valign=\"middle\">Ann\u00e9es de garantie :<\/td>\n<td valign=\"middle\">2<\/td>\n<\/tr>\n<\/tbody>\n<\/table>\n<\/div><\/p>","protected":false},"excerpt":{"rendered":"<div class=\"col-md-12\"><i class=\"fa fa-truck\"><\/i>&nbsp;<span class=\"text-muted textprop\">Livraison dans les 24\/48 heures<\/span><div class=\"col-md-12\"><i class=\"fa fa-exchange\"><\/i>&nbsp;<span class=\"text-muted textprop\">Garantie assur\u00e9e<\/span><\/div><div class=\"col-md-12\"><i class=\"fa fa-box\"><\/i>&nbsp;<span class=\"text-muted textprop\">100 unit\u00e9(s) par bo\u00eete \u00e0 outils<\/span><\/div><\/div>","protected":false},"featured_media":6730,"template":"","meta":{"site-sidebar-layout":"default","site-content-layout":"default","ast-global-header-display":"","ast-main-header-display":"","ast-hfb-above-header-display":"","ast-hfb-below-header-display":"","ast-hfb-mobile-header-display":"","site-post-title":"","ast-breadcrumbs-content":"","ast-featured-img":"","footer-sml-layout":"","theme-transparent-header-meta":"default","adv-header-id-meta":"","stick-header-meta":"","header-above-stick-meta":"","header-main-stick-meta":"","header-below-stick-meta":""},"product_cat":[92,41,94,45],"product_tag":[],"class_list":["post-6722","product","type-product","status-publish","has-post-thumbnail","hentry","product_cat-accesorios-tiras-led","product_cat-ofertas","product_cat-perfiles-de-aluminio-led","product_cat-tiras-led-y-neon-flexible"],"_links":{"self":[{"href":"https:\/\/starlediluminacion.com\/fr\/wp-json\/wp\/v3\/product\/6722","targetHints":{"allow":["GET"]}}],"collection":[{"href":"https:\/\/starlediluminacion.com\/fr\/wp-json\/wp\/v3\/product"}],"about":[{"href":"https:\/\/starlediluminacion.com\/fr\/wp-json\/wp\/v2\/types\/product"}],"wp:featuredmedia":[{"embeddable":true,"href":"https:\/\/starlediluminacion.com\/fr\/wp-json\/wp\/v2\/media\/6730"}],"wp:attachment":[{"href":"https:\/\/starlediluminacion.com\/fr\/wp-json\/wp\/v2\/media?parent=6722"}],"wp:term":[{"taxonomy":"product_cat","embeddable":true,"href":"https:\/\/starlediluminacion.com\/fr\/wp-json\/wp\/v2\/product_cat?post=6722"},{"taxonomy":"product_tag","embeddable":true,"href":"https:\/\/starlediluminacion.com\/fr\/wp-json\/wp\/v2\/product_tag?post=6722"}],"curies":[{"name":"wp","href":"https:\/\/api.w.org\/{rel}","templated":true}]}}