{"id":6583,"date":"2022-08-14T16:06:48","date_gmt":"2022-08-14T16:06:48","guid":{"rendered":"https:\/\/starlediluminacion.com\/?post_type=product&#038;p=6583"},"modified":"2022-08-14T16:06:49","modified_gmt":"2022-08-14T16:06:49","slug":"clip-de-fijacion-neon-led-para-8mm-abs","status":"publish","type":"product","link":"https:\/\/starlediluminacion.com\/fr\/product\/clip-fixing-neon-led-pour-8mm-abs\/","title":{"rendered":"<p>Clip de fixation - LED n\u00e9on pour 8mm - ABS<\/p>"},"content":{"rendered":"<div class=\"product-info-line\">\n<p id=\"product_reference\"><label>R\u00c9F\u00c9RENCE : SLJD76543<br>\n<\/label><\/p>\n<div class=\"hidden-xs parrafo\">\n<p>Avec ce type de&nbsp;<strong>clip<\/strong>&nbsp;de&nbsp;<strong>en ABS, avec lequel il est possible de&nbsp;<\/strong>&nbsp;peut plus facilement fixer les bandes de&nbsp;<strong>N\u00e9on LED 8mm<\/strong>. Ce produit peut \u00eatre utilis\u00e9 \u00e0 l'int\u00e9rieur comme \u00e0 l'ext\u00e9rieur. La pince mesure 5 cm.<\/p>\n<\/div>\n<div id=\"views_block\" class=\"clearfix\">\n<div id=\"thumbs_list\">\n<p>Il s'agit d'un&nbsp;<strong>clip<\/strong>&nbsp;de 5cm de&nbsp;<strong>fixation<\/strong>&nbsp;afin de pouvoir attacher le&nbsp;<strong>8mm n\u00e9on&nbsp;<\/strong>. Il est fabriqu\u00e9 en plastique ABS pour rendre plus confortable son adaptation au type de fixation.<\/p>\n<p>Fabriqu\u00e9 en ABS (acrylonitrile butadi\u00e8ne styr\u00e8ne), il s'agit d'un plastique tr\u00e8s r\u00e9sistant aux chocs, largement utilis\u00e9 pour ses propri\u00e9t\u00e9s techniques de r\u00e9sistance thermique et aux temp\u00e9ratures ext\u00e9rieures \u00e9lev\u00e9es.<\/p>\n<p>Convient \u00e0 la fixation des n\u00e9ons&nbsp;<strong>LED&nbsp;<\/strong>&nbsp;de 8 mm.<\/p>\n<h3 class=\"page-product-heading\">DONN\u00c9ES TECHNIQUES<\/h3>\n<div class=\"col-xs-12 col-md-6\">\n<table class=\"table table-data-sheet 1\">\n<tbody>\n<tr class=\"odd\">\n<td valign=\"middle\" width=\"32\"><\/td>\n<td valign=\"middle\">REFERENCE :<\/td>\n<td valign=\"middle\">SLJD76543<\/td>\n<\/tr>\n<tr class=\"even\">\n<td valign=\"middle\" width=\"32\"><\/td>\n<td valign=\"middle\">Mat\u00e9riaux de construction :<\/td>\n<td valign=\"middle\">ABS<\/td>\n<\/tr>\n<tr class=\"odd\">\n<td valign=\"middle\" width=\"32\"><\/td>\n<td valign=\"middle\">Certificats :<\/td>\n<td valign=\"middle\">CE<\/td>\n<\/tr>\n<\/tbody>\n<\/table>\n<\/div>\n<div class=\"col-xs-12 col-md-6 2\">\n<table class=\"table table-data-sheet 2\">\n<tbody>\n<tr class=\"odd\">\n<td valign=\"middle\" width=\"32\"><\/td>\n<td valign=\"middle\">Indice de protection IP :<\/td>\n<td valign=\"middle\">IP65-Ext\u00e9rieur<\/td>\n<\/tr>\n<tr class=\"even\">\n<td valign=\"middle\" width=\"32\"><\/td>\n<td valign=\"middle\">Ann\u00e9es de garantie :<\/td>\n<td valign=\"middle\">3<\/td>\n<\/tr>\n<\/tbody>\n<\/table>\n<\/div>\n<\/div>\n<\/div>\n<\/div>","protected":false},"excerpt":{"rendered":"<div class=\"col-md-12\"><i class=\"fa fa-truck\"><\/i>&nbsp;<span class=\"text-muted textprop\">Livraison dans les 24\/48 heures<\/span><div class=\"col-md-12\"><i class=\"fa fa-exchange\"><\/i>&nbsp;<span class=\"text-muted textprop\">Garantie assur\u00e9e<\/span><\/div><div class=\"col-md-12\"><i class=\"fa fa-box\"><\/i>&nbsp;<span class=\"text-muted textprop\">200 unit\u00e9(s) par bo\u00eete \u00e0 outils<\/span><\/div><\/div>","protected":false},"featured_media":6586,"template":"","meta":{"site-sidebar-layout":"default","site-content-layout":"default","ast-global-header-display":"","ast-main-header-display":"","ast-hfb-above-header-display":"","ast-hfb-below-header-display":"","ast-hfb-mobile-header-display":"","site-post-title":"","ast-breadcrumbs-content":"","ast-featured-img":"","footer-sml-layout":"","theme-transparent-header-meta":"default","adv-header-id-meta":"","stick-header-meta":"","header-above-stick-meta":"","header-main-stick-meta":"","header-below-stick-meta":""},"product_cat":[92,45],"product_tag":[],"class_list":["post-6583","product","type-product","status-publish","has-post-thumbnail","hentry","product_cat-accesorios-tiras-led","product_cat-tiras-led-y-neon-flexible"],"_links":{"self":[{"href":"https:\/\/starlediluminacion.com\/fr\/wp-json\/wp\/v3\/product\/6583","targetHints":{"allow":["GET"]}}],"collection":[{"href":"https:\/\/starlediluminacion.com\/fr\/wp-json\/wp\/v3\/product"}],"about":[{"href":"https:\/\/starlediluminacion.com\/fr\/wp-json\/wp\/v2\/types\/product"}],"wp:featuredmedia":[{"embeddable":true,"href":"https:\/\/starlediluminacion.com\/fr\/wp-json\/wp\/v2\/media\/6586"}],"wp:attachment":[{"href":"https:\/\/starlediluminacion.com\/fr\/wp-json\/wp\/v2\/media?parent=6583"}],"wp:term":[{"taxonomy":"product_cat","embeddable":true,"href":"https:\/\/starlediluminacion.com\/fr\/wp-json\/wp\/v2\/product_cat?post=6583"},{"taxonomy":"product_tag","embeddable":true,"href":"https:\/\/starlediluminacion.com\/fr\/wp-json\/wp\/v2\/product_tag?post=6583"}],"curies":[{"name":"wp","href":"https:\/\/api.w.org\/{rel}","templated":true}]}}