{"id":6547,"date":"2022-08-14T15:43:34","date_gmt":"2022-08-14T15:43:34","guid":{"rendered":"https:\/\/starlediluminacion.com\/?post_type=product&#038;p=6547"},"modified":"2022-08-14T15:43:34","modified_gmt":"2022-08-14T15:43:34","slug":"kit-filtro-antiparpadeo-led-para-tiras-led-220v","status":"publish","type":"product","link":"https:\/\/starlediluminacion.com\/fr\/product\/kit-filtre-flashing-anti-flicker-led-pour-bandes-led-220v\/","title":{"rendered":"<p>Kit de filtre anti-scintillement pour barrettes de LED 220V<\/p>"},"content":{"rendered":"<p>R\u00c9F\u00c9RENCE : SLPHLDR90568<p>Ce dispositif permet d'\u00e9liminer le clignotement de l'\u00e9cran d'affichage.&nbsp;<strong>Bandes LED 220v<\/strong>&nbsp;lorsque sa cause est due au courant produit par les charges de tension alimentant les lampes LED. Le dispositif stocke la tension et r\u00e9gule son flux pour \u00e9viter le scintillement des bandes alimentant les LED.&nbsp;<strong>220v.<\/strong><\/p><h1>KIT LED Filtre anti-flicker pour barrettes de LED 220V<\/h1><p>Avec notre kit pour&nbsp;<strong>Bandes LED 220v<\/strong>&nbsp;vous \u00e9liminerez le scintillement g\u00eanant des bandes LED 220v.<\/p><p>Le kit est un ensemble de condensateurs \u00e9lectriques, un dispositif passif capable de stocker de l'\u00e9nergie en maintenant un champ \u00e9lectrique et en fournissant une forme d'onde constante et correcte \u00e0 la bande de LED, \u00e9liminant ainsi les scintillements g\u00eanants.<\/p><h2>Utilisations du KIT filtre anti-flicker pour barrettes de LED 220V<strong>:<\/strong><\/h2><ul>\n<li>Biblioth\u00e8ques<\/li>\n<li>Barres<\/li>\n<li>Accueil<\/li>\n<li>Restaurants<\/li>\n<li>Magasins<\/li>\n<\/ul><h3 class=\"page-product-heading\">DONN\u00c9ES TECHNIQUES<\/h3><div class=\"col-xs-12 col-md-6\">\n<table class=\"table table-data-sheet 1\">\n<tbody>\n<tr class=\"odd\">\n<td valign=\"middle\" width=\"32\"><\/td>\n<td valign=\"middle\">REFERENCE :<\/td>\n<td valign=\"middle\">SLPHLDR90568<\/td>\n<\/tr>\n<tr class=\"even\">\n<td valign=\"middle\" width=\"32\"><\/td>\n<td valign=\"middle\">Tension nominale :<\/td>\n<td valign=\"middle\">220-265v<\/td>\n<\/tr>\n<tr class=\"odd\">\n<td valign=\"middle\" width=\"32\"><\/td>\n<td valign=\"middle\">Mat\u00e9riaux de construction :<\/td>\n<td valign=\"middle\">Film polypropyl\u00e8ne + Aluminium + R\u00e9sine \u00e9poxy<\/td>\n<\/tr>\n<tr class=\"even\">\n<td valign=\"middle\" width=\"32\"><\/td>\n<td valign=\"middle\">Certificats :<\/td>\n<td valign=\"middle\">CE - ROHS<\/td>\n<\/tr>\n<\/tbody>\n<\/table>\n<\/div><div class=\"col-xs-12 col-md-6 2\">\n<table class=\"table table-data-sheet 2\">\n<tbody>\n<tr class=\"odd\">\n<td valign=\"middle\" width=\"32\"><\/td>\n<td valign=\"middle\">Fr\u00e9quence de travail (Hz) :<\/td>\n<td valign=\"middle\">50\/60Hz<\/td>\n<\/tr>\n<tr class=\"even\">\n<td valign=\"middle\" width=\"32\"><\/td>\n<td valign=\"middle\">Plage de temp\u00e9rature (\u00baC) :<\/td>\n<td valign=\"middle\">-20\u00ba + 100\u00ba -20\u00ba + 100\u00ba -20\u00ba + 100\u00ba -20\u00ba + 100\u00ba -20\u00ba + 100\u00ba -20\u00ba + 100\u00ba<\/td>\n<\/tr>\n<tr class=\"odd\">\n<td valign=\"middle\" width=\"32\"><\/td>\n<td valign=\"middle\">Informations compl\u00e9mentaires :<\/td>\n<td valign=\"middle\">Pour bande LED 220V Ref. 2835-120P-S-230V<\/td>\n<\/tr>\n<tr class=\"even\">\n<td valign=\"middle\" width=\"32\"><\/td>\n<td valign=\"middle\">Ann\u00e9es de garantie :<\/td>\n<td valign=\"middle\">2<\/td>\n<\/tr>\n<\/tbody>\n<\/table>\n<p>&nbsp;<\/p>\n<\/div><\/p>","protected":false},"excerpt":{"rendered":"<div class=\"col-md-12\"><i class=\"fa fa-truck\"><\/i>&nbsp;<span class=\"text-muted textprop\">Livraison dans les 24\/48 heures<\/span><div class=\"col-md-12\"><i class=\"fa fa-exchange\"><\/i>&nbsp;<span class=\"text-muted textprop\">Garantie assur\u00e9e<\/span><\/div><div class=\"col-md-12\"><i class=\"fa fa-box\"><\/i>&nbsp;<span class=\"text-muted textprop\">200 unit\u00e9(s) par bo\u00eete \u00e0 outils<\/span><\/div><\/div>","protected":false},"featured_media":6549,"template":"","meta":{"site-sidebar-layout":"default","site-content-layout":"default","ast-global-header-display":"","ast-main-header-display":"","ast-hfb-above-header-display":"","ast-hfb-below-header-display":"","ast-hfb-mobile-header-display":"","site-post-title":"","ast-breadcrumbs-content":"","ast-featured-img":"","footer-sml-layout":"","theme-transparent-header-meta":"default","adv-header-id-meta":"","stick-header-meta":"","header-above-stick-meta":"","header-main-stick-meta":"","header-below-stick-meta":""},"product_cat":[92,45],"product_tag":[],"class_list":["post-6547","product","type-product","status-publish","has-post-thumbnail","hentry","product_cat-accesorios-tiras-led","product_cat-tiras-led-y-neon-flexible"],"_links":{"self":[{"href":"https:\/\/starlediluminacion.com\/fr\/wp-json\/wp\/v3\/product\/6547","targetHints":{"allow":["GET"]}}],"collection":[{"href":"https:\/\/starlediluminacion.com\/fr\/wp-json\/wp\/v3\/product"}],"about":[{"href":"https:\/\/starlediluminacion.com\/fr\/wp-json\/wp\/v2\/types\/product"}],"wp:featuredmedia":[{"embeddable":true,"href":"https:\/\/starlediluminacion.com\/fr\/wp-json\/wp\/v2\/media\/6549"}],"wp:attachment":[{"href":"https:\/\/starlediluminacion.com\/fr\/wp-json\/wp\/v2\/media?parent=6547"}],"wp:term":[{"taxonomy":"product_cat","embeddable":true,"href":"https:\/\/starlediluminacion.com\/fr\/wp-json\/wp\/v2\/product_cat?post=6547"},{"taxonomy":"product_tag","embeddable":true,"href":"https:\/\/starlediluminacion.com\/fr\/wp-json\/wp\/v2\/product_tag?post=6547"}],"curies":[{"name":"wp","href":"https:\/\/api.w.org\/{rel}","templated":true}]}}