{"id":6494,"date":"2022-08-14T14:49:40","date_gmt":"2022-08-14T14:49:40","guid":{"rendered":"https:\/\/starlediluminacion.com\/?post_type=product&#038;p=6494"},"modified":"2022-08-14T15:27:53","modified_gmt":"2022-08-14T15:27:53","slug":"tira-led-24v-240xled-m-5m-smd2835-3000lm-30w-m-cri97-ip20-high-lumens","status":"publish","type":"product","link":"https:\/\/starlediluminacion.com\/fr\/product\/tira-led-24v-240xled-m-5m-smd2835-3000lm-30w-m-cri97-ip20-high-lumens\/","title":{"rendered":"<p>Bande LED 24V | 240xLED\/m | 5m | SMD2835 | 3000Lm | 30W\/M | CRI97 | IP20| HIGH LUMENS<\/p>"},"content":{"rendered":"<p><label>R\u00c9F\u00c9RENCE : SL90503<\/label><div class=\"hidden-xs parrafo\">\n<p><strong>Rouleau de 5 m\u00e8tres<\/strong>&nbsp;de la bande LED 24V,&nbsp;<strong>LUMINOSIT\u00c9 \u00c9LEV\u00c9E, avec un CRI97 \u00c9LEV\u00c9<\/strong>Il est muni d'un ruban adh\u00e9sif pour faciliter l'installation. Con\u00e7u pour une installation \u00e0 l'int\u00e9rieur. Il est conseill\u00e9 de l'installer sur un profil\u00e9 en aluminium pour obtenir une bonne dissipation de la chaleur et une longue dur\u00e9e de vie.<strong>&nbsp;Parfait pour l'\u00e9clairage.<\/strong><\/p>\n<\/div><div id=\"views_block\" class=\"clearfix\">\n<div id=\"thumbs_list\">\n<h1>Bande LED 24V | 240xLED\/m | 5m | SMD2835 | 3000Lm | 30W\/M | CRI97 | IP20| HIGH LUMENS<\/h1>\n<p>Le pr\u00e9sent&nbsp;<strong>Bande LED 24V<\/strong>&nbsp;DC&nbsp;<strong>240LED\/m IP20<\/strong>&nbsp;a une longueur de&nbsp;<strong>5 m\u00e8tres<\/strong>&nbsp;et int\u00e8gre 240 LED de technologie SMD2835 \u00e0 haute efficacit\u00e9, distribu\u00e9es \u00e0 un angle de 120\u00ba.<\/p>\n<p>Notre bande LED est autocollante pour une installation facile. La bande de LED n\u00e9cessite une alimentation en courant continu constant pour l'alimenter. La bande&nbsp;<strong>Bandes LED<\/strong>&nbsp;peut \u00eatre&nbsp;<strong>r\u00e9guli\u00e8re<\/strong>&nbsp;l'intensit\u00e9 (-<strong>Dimmable<\/strong>-).<\/p>\n<p>La bande LED peut \u00eatre coup\u00e9e et raccord\u00e9e aux endroits indiqu\u00e9s sur la bande (zone de jonction du cuivre), en suivant toujours les instructions correspondantes (veillez \u00e0 ce que le fer \u00e0 souder reste bri\u00e8vement en contact avec la bande lors de la soudure, car une chaleur excessive endommagerait le conducteur).<\/p>\n<p>Il est recommand\u00e9 que tout type d'installation de ce type ne d\u00e9passe pas 10 m\u00e8tres afin d'\u00e9viter les chutes de tension dans le courant continu qui alimente les bandes de LED, bien que vous ayez \u00e9galement la possibilit\u00e9 d'alimenter la bande par les deux extr\u00e9mit\u00e9s, une option plus recommand\u00e9e si vous allez installer 20 m\u00e8tres continus. Pour l'installation de plus de m\u00e8tres continus, il est n\u00e9cessaire d'installer des amplificateurs de signal pour la bande de LED.<\/p>\n<p>Afin d'augmenter la dur\u00e9e de vie de la bande LED, il est recommand\u00e9 de ne pas l'endommager.&nbsp;<strong>recommand\u00e9<\/strong>&nbsp;utiliser le&nbsp;<strong>ruban pour dissipateur thermique<\/strong>&nbsp;recto-verso, ainsi que pour le placer sur&nbsp;<strong>profil\u00e9 en aluminium<\/strong>pour une gestion correcte de la chaleur de la bande LED elle-m\u00eame.<\/p>\n<p>Vous trouverez sur notre site des amplificateurs de signaux, ainsi que des rubans dissipateurs, des accessoires de collage, des blocs d'alimentation, des unit\u00e9s d'alimentation pour la production d'\u00e9lectricit\u00e9.&nbsp;<strong>12-24v,<\/strong>&nbsp;ainsi que des profil\u00e9s en aluminium.<\/p>\n<p>Les bandes LED sont id\u00e9ales pour \u00e9clairer tout type de coin ou d'\u00e9l\u00e9ment de votre entreprise ou de votre maison, gr\u00e2ce \u00e0 leur flexibilit\u00e9. On peut dire que l'un de leurs principaux avantages est leur grande polyvalence d'utilisation, car elles peuvent \u00eatre install\u00e9es dans n'importe quelle zone et s'adapter \u00e0 n'importe quel coin, et donc \u00eatre plac\u00e9es dans n'importe quelle position, gr\u00e2ce \u00e0 leur conception lin\u00e9aire adaptable.<\/p>\n<h2>Utilisations de la bande LED 24V | 240xLED\/m | 5m | SMD2835 | 3000Lm | 30W\/M | CRI97 | IP20| HIGH LUMENS<\/h2>\n<ul>\n<li>&nbsp;&nbsp;&nbsp; Dans les biblioth\u00e8ques<\/li>\n<li>&nbsp;&nbsp;&nbsp; Barres<\/li>\n<li>&nbsp;&nbsp;&nbsp; Accueil<\/li>\n<li>&nbsp;&nbsp;&nbsp; Restaurants<\/li>\n<li>&nbsp;&nbsp;&nbsp; Couvertures<\/li>\n<\/ul>\n<h3 class=\"page-product-heading\">DONN\u00c9ES TECHNIQUES<\/h3>\n<div class=\"col-xs-12 col-md-6\">\n<table class=\"table table-data-sheet 1\">\n<tbody>\n<tr class=\"odd\">\n<td valign=\"middle\" width=\"32\"><\/td>\n<td valign=\"middle\">REFERENCE :<\/td>\n<td valign=\"middle\">SLSR30W<\/td>\n<\/tr>\n<tr class=\"even\">\n<td valign=\"middle\" width=\"32\"><\/td>\n<td valign=\"middle\">Puissance nominale :<\/td>\n<td valign=\"middle\">30W<\/td>\n<\/tr>\n<tr class=\"odd\">\n<td valign=\"middle\" width=\"32\"><\/td>\n<td valign=\"middle\">Tension nominale :<\/td>\n<td valign=\"middle\">24V DC<\/td>\n<\/tr>\n<tr class=\"even\">\n<td valign=\"middle\" width=\"32\"><\/td>\n<td valign=\"middle\">Temp\u00e9rature de la lumi\u00e8re :<\/td>\n<td valign=\"middle\">2200K - 3000K - 4000K - 6000K<\/td>\n<\/tr>\n<tr class=\"odd\">\n<td valign=\"middle\" width=\"32\"><\/td>\n<td valign=\"middle\">CRI - Indice de rendu des couleurs :<\/td>\n<td valign=\"middle\">97<\/td>\n<\/tr>\n<tr class=\"even\">\n<td valign=\"middle\" width=\"32\"><\/td>\n<td valign=\"middle\">Mat\u00e9riaux de construction :<\/td>\n<td valign=\"middle\">PCB<\/td>\n<\/tr>\n<tr class=\"odd\">\n<td valign=\"middle\" width=\"32\"><\/td>\n<td valign=\"middle\">Luminosit\u00e9-Lm :<\/td>\n<td valign=\"middle\">1M : 3000Lm - 5M : 15000Lm<\/td>\n<\/tr>\n<tr class=\"even\">\n<td valign=\"middle\" width=\"32\"><\/td>\n<td valign=\"middle\">Type de DEL :<\/td>\n<td valign=\"middle\">SMD 2835<\/td>\n<\/tr>\n<tr class=\"odd\">\n<td valign=\"middle\" width=\"32\"><\/td>\n<td valign=\"middle\">Angle d'ouverture (\u00ba) :<\/td>\n<td valign=\"middle\">120\u00ba<\/td>\n<\/tr>\n<tr class=\"even\">\n<td valign=\"middle\" width=\"32\"><\/td>\n<td valign=\"middle\">Dimmable :<\/td>\n<td valign=\"middle\">OUI<\/td>\n<\/tr>\n<\/tbody>\n<\/table>\n<\/div>\n<div class=\"col-xs-12 col-md-6 2\">\n<table class=\"table table-data-sheet 2\">\n<tbody>\n<tr class=\"odd\">\n<td valign=\"middle\" width=\"32\"><\/td>\n<td valign=\"middle\">Certificats :<\/td>\n<td valign=\"middle\">CE - ROHS<\/td>\n<\/tr>\n<tr class=\"even\">\n<td valign=\"middle\" width=\"32\"><\/td>\n<td valign=\"middle\">Indice de protection IP :<\/td>\n<td valign=\"middle\">IP20<\/td>\n<\/tr>\n<tr class=\"odd\">\n<td valign=\"middle\" width=\"32\"><\/td>\n<td valign=\"middle\">Dur\u00e9e de vie estim\u00e9e de la diode LED (H) :<\/td>\n<td valign=\"middle\">100.000<\/td>\n<\/tr>\n<tr class=\"even\">\n<td valign=\"middle\" width=\"32\"><\/td>\n<td valign=\"middle\">Dimensions (mm) :<\/td>\n<td valign=\"middle\">5m. x 10mm<\/td>\n<\/tr>\n<tr class=\"odd\">\n<td valign=\"middle\" width=\"32\"><\/td>\n<td valign=\"middle\">Fr\u00e9quence de travail (Hz) :<\/td>\n<td valign=\"middle\">50\/60Hz<\/td>\n<\/tr>\n<tr class=\"even\">\n<td valign=\"middle\" width=\"32\"><\/td>\n<td valign=\"middle\">Plage de temp\u00e9rature (\u00baC) :<\/td>\n<td valign=\"middle\">-20\u00b0C ~ +55\u00b0C<\/td>\n<\/tr>\n<tr class=\"odd\">\n<td valign=\"middle\" width=\"32\"><\/td>\n<td valign=\"middle\">Cycles d'allumage :<\/td>\n<td valign=\"middle\">100.000<\/td>\n<\/tr>\n<tr class=\"even\">\n<td valign=\"middle\" width=\"32\"><\/td>\n<td valign=\"middle\">Classe \u00e9nerg\u00e9tique (2021-EU-2019\/2015) :<\/td>\n<td valign=\"middle\">A+<\/td>\n<\/tr>\n<tr class=\"odd\">\n<td valign=\"middle\" width=\"32\"><\/td>\n<td valign=\"middle\">Ann\u00e9es de garantie :<\/td>\n<td valign=\"middle\">3<\/td>\n<\/tr>\n<\/tbody>\n<\/table>\n<p>&nbsp;<\/p>\n<\/div>\n<\/div>\n<\/div><\/p>","protected":false},"excerpt":{"rendered":"<div class=\"col-md-12\"><i class=\"fa fa-truck\"><\/i>&nbsp;<span class=\"text-muted textprop\">Livraison dans les 24\/48 heures<\/span><div class=\"col-md-12\"><i class=\"fa fa-exchange\"><\/i>&nbsp;<span class=\"text-muted textprop\">Garantie assur\u00e9e<\/span><\/div><div class=\"col-md-12\"><i class=\"fa fa-box\"><\/i>&nbsp;<span class=\"text-muted textprop\">200 unit\u00e9(s) par bo\u00eete \u00e0 outils<\/span><\/div><div>\n<div class=\"woocommerce-product-details__short-description\">\n<div>\n<div id=\"views_block\" class=\"clearfix\">\n<div id=\"thumbs_list\">\n<p><strong>COLOUR TEMPERATURE:2400K\/3000K\/4000K\/6000K&nbsp;<\/strong><\/p>\n<\/div>\n<\/div>\n<\/div>\n<\/div>\n<\/div><\/div>","protected":false},"featured_media":6500,"template":"","meta":{"site-sidebar-layout":"default","site-content-layout":"default","ast-global-header-display":"","ast-main-header-display":"","ast-hfb-above-header-display":"","ast-hfb-below-header-display":"","ast-hfb-mobile-header-display":"","site-post-title":"","ast-breadcrumbs-content":"","ast-featured-img":"","footer-sml-layout":"","theme-transparent-header-meta":"default","adv-header-id-meta":"","stick-header-meta":"","header-above-stick-meta":"","header-main-stick-meta":"","header-below-stick-meta":""},"product_cat":[89,45],"product_tag":[],"class_list":["post-6494","product","type-product","status-publish","has-post-thumbnail","hentry","product_cat-tiras-led-24v-dc","product_cat-tiras-led-y-neon-flexible"],"yoast_head":"<!-- This site is optimized with the Yoast SEO plugin v27.4 - https:\/\/yoast.com\/product\/yoast-seo-wordpress\/ -->\n<title>Tira LED 24V | 240xLED\/m | 5m | SMD2835 | 3000Lm | 30W\/M | CRI97 | | IP20| HIGH LUMENS - STARLED Iluminacion<\/title>\n<meta name=\"robots\" content=\"index, follow, max-snippet:-1, max-image-preview:large, max-video-preview:-1\" \/>\n<link rel=\"canonical\" href=\"https:\/\/starlediluminacion.com\/fr\/product\/tira-led-24v-240xled-m-5m-smd2835-3000lm-30w-m-cri97-ip20-high-lumens\/\" \/>\n<meta property=\"og:locale\" content=\"fr_FR\" \/>\n<meta property=\"og:type\" content=\"article\" \/>\n<meta property=\"og:title\" content=\"Tira LED 24V | 240xLED\/m | 5m | SMD2835 | 3000Lm | 30W\/M | CRI97 | | IP20| HIGH LUMENS - STARLED Iluminacion\" \/>\n<meta property=\"og:description\" content=\"\u00a0Entrega en 24\/48 horas \u00a0Garant\u00eda asegurada \u00a0200 unidad(es) por Masterbox       TEMPERATURA DE COLOR:2400K\/3000K\/4000K\/6000K\u00a0\" \/>\n<meta property=\"og:url\" content=\"https:\/\/starlediluminacion.com\/fr\/product\/tira-led-24v-240xled-m-5m-smd2835-3000lm-30w-m-cri97-ip20-high-lumens\/\" \/>\n<meta property=\"og:site_name\" content=\"STARLED Iluminacion\" \/>\n<meta property=\"article:modified_time\" content=\"2022-08-14T15:27:53+00:00\" \/>\n<meta property=\"og:image\" content=\"https:\/\/starlediluminacion.com\/wp-content\/uploads\/2022\/08\/tira-led-24v-240xledm-5m-smd2835-3000lm-30wm-cri90-ip20-high-lumens-factorled.jpg\" \/>\n\t<meta property=\"og:image:width\" content=\"1000\" \/>\n\t<meta property=\"og:image:height\" content=\"1000\" \/>\n\t<meta property=\"og:image:type\" content=\"image\/jpeg\" \/>\n<meta name=\"twitter:card\" content=\"summary_large_image\" \/>\n<meta name=\"twitter:label1\" content=\"Dur\u00e9e de lecture estim\u00e9e\" \/>\n\t<meta name=\"twitter:data1\" content=\"3 minutes\" \/>\n<script type=\"application\/ld+json\" class=\"yoast-schema-graph\">{\"@context\":\"https:\\\/\\\/schema.org\",\"@graph\":[{\"@type\":\"WebPage\",\"@id\":\"https:\\\/\\\/starlediluminacion.com\\\/en\\\/product\\\/tira-led-24v-240xled-m-5m-smd2835-3000lm-30w-m-cri97-ip20-high-lumens\\\/\",\"url\":\"https:\\\/\\\/starlediluminacion.com\\\/en\\\/product\\\/tira-led-24v-240xled-m-5m-smd2835-3000lm-30w-m-cri97-ip20-high-lumens\\\/\",\"name\":\"Tira LED 24V | 240xLED\\\/m | 5m | SMD2835 | 3000Lm | 30W\\\/M | CRI97 | | IP20| HIGH LUMENS - STARLED Iluminacion\",\"isPartOf\":{\"@id\":\"https:\\\/\\\/starlediluminacion.com\\\/#website\"},\"primaryImageOfPage\":{\"@id\":\"https:\\\/\\\/starlediluminacion.com\\\/en\\\/product\\\/tira-led-24v-240xled-m-5m-smd2835-3000lm-30w-m-cri97-ip20-high-lumens\\\/#primaryimage\"},\"image\":{\"@id\":\"https:\\\/\\\/starlediluminacion.com\\\/en\\\/product\\\/tira-led-24v-240xled-m-5m-smd2835-3000lm-30w-m-cri97-ip20-high-lumens\\\/#primaryimage\"},\"thumbnailUrl\":\"https:\\\/\\\/starlediluminacion.com\\\/wp-content\\\/uploads\\\/2022\\\/08\\\/tira-led-24v-240xledm-5m-smd2835-3000lm-30wm-cri90-ip20-high-lumens-factorled.jpg\",\"datePublished\":\"2022-08-14T14:49:40+00:00\",\"dateModified\":\"2022-08-14T15:27:53+00:00\",\"breadcrumb\":{\"@id\":\"https:\\\/\\\/starlediluminacion.com\\\/en\\\/product\\\/tira-led-24v-240xled-m-5m-smd2835-3000lm-30w-m-cri97-ip20-high-lumens\\\/#breadcrumb\"},\"inLanguage\":\"fr-FR\",\"potentialAction\":[{\"@type\":\"ReadAction\",\"target\":[\"https:\\\/\\\/starlediluminacion.com\\\/en\\\/product\\\/tira-led-24v-240xled-m-5m-smd2835-3000lm-30w-m-cri97-ip20-high-lumens\\\/\"]}]},{\"@type\":\"ImageObject\",\"inLanguage\":\"fr-FR\",\"@id\":\"https:\\\/\\\/starlediluminacion.com\\\/en\\\/product\\\/tira-led-24v-240xled-m-5m-smd2835-3000lm-30w-m-cri97-ip20-high-lumens\\\/#primaryimage\",\"url\":\"https:\\\/\\\/starlediluminacion.com\\\/wp-content\\\/uploads\\\/2022\\\/08\\\/tira-led-24v-240xledm-5m-smd2835-3000lm-30wm-cri90-ip20-high-lumens-factorled.jpg\",\"contentUrl\":\"https:\\\/\\\/starlediluminacion.com\\\/wp-content\\\/uploads\\\/2022\\\/08\\\/tira-led-24v-240xledm-5m-smd2835-3000lm-30wm-cri90-ip20-high-lumens-factorled.jpg\",\"width\":1000,\"height\":1000},{\"@type\":\"BreadcrumbList\",\"@id\":\"https:\\\/\\\/starlediluminacion.com\\\/en\\\/product\\\/tira-led-24v-240xled-m-5m-smd2835-3000lm-30w-m-cri97-ip20-high-lumens\\\/#breadcrumb\",\"itemListElement\":[{\"@type\":\"ListItem\",\"position\":1,\"name\":\"Portada\",\"item\":\"https:\\\/\\\/starlediluminacion.com\\\/\"},{\"@type\":\"ListItem\",\"position\":2,\"name\":\"Shop\",\"item\":\"https:\\\/\\\/starlediluminacion.com\\\/shop-2\\\/\"},{\"@type\":\"ListItem\",\"position\":3,\"name\":\"Tira LED 24V | 240xLED\\\/m | 5m | SMD2835 | 3000Lm | 30W\\\/M | CRI97 | | IP20| HIGH LUMENS\"}]},{\"@type\":\"WebSite\",\"@id\":\"https:\\\/\\\/starlediluminacion.com\\\/#website\",\"url\":\"https:\\\/\\\/starlediluminacion.com\\\/\",\"name\":\"STARLED Iluminacion\",\"description\":\"\",\"potentialAction\":[{\"@type\":\"SearchAction\",\"target\":{\"@type\":\"EntryPoint\",\"urlTemplate\":\"https:\\\/\\\/starlediluminacion.com\\\/?s={search_term_string}\"},\"query-input\":{\"@type\":\"PropertyValueSpecification\",\"valueRequired\":true,\"valueName\":\"search_term_string\"}}],\"inLanguage\":\"fr-FR\"}]}<\/script>\n<!-- \/ Yoast SEO plugin. -->","yoast_head_json":{"title":"Tira LED 24V | 240xLED\/m | 5m | SMD2835 | 3000Lm | 30W\/M | CRI97 | | IP20| HIGH LUMENS - STARLED Iluminacion","robots":{"index":"index","follow":"follow","max-snippet":"max-snippet:-1","max-image-preview":"max-image-preview:large","max-video-preview":"max-video-preview:-1"},"canonical":"https:\/\/starlediluminacion.com\/fr\/product\/tira-led-24v-240xled-m-5m-smd2835-3000lm-30w-m-cri97-ip20-high-lumens\/","og_locale":"fr_FR","og_type":"article","og_title":"Tira LED 24V | 240xLED\/m | 5m | SMD2835 | 3000Lm | 30W\/M | CRI97 | | IP20| HIGH LUMENS - STARLED Iluminacion","og_description":"\u00a0Entrega en 24\/48 horas \u00a0Garant\u00eda asegurada \u00a0200 unidad(es) por Masterbox       TEMPERATURA DE COLOR:2400K\/3000K\/4000K\/6000K\u00a0","og_url":"https:\/\/starlediluminacion.com\/fr\/product\/tira-led-24v-240xled-m-5m-smd2835-3000lm-30w-m-cri97-ip20-high-lumens\/","og_site_name":"STARLED Iluminacion","article_modified_time":"2022-08-14T15:27:53+00:00","og_image":[{"width":1000,"height":1000,"url":"https:\/\/starlediluminacion.com\/wp-content\/uploads\/2022\/08\/tira-led-24v-240xledm-5m-smd2835-3000lm-30wm-cri90-ip20-high-lumens-factorled.jpg","type":"image\/jpeg"}],"twitter_card":"summary_large_image","twitter_misc":{"Dur\u00e9e de lecture estim\u00e9e":"3 minutes"},"schema":{"@context":"https:\/\/schema.org","@graph":[{"@type":"WebPage","@id":"https:\/\/starlediluminacion.com\/en\/product\/tira-led-24v-240xled-m-5m-smd2835-3000lm-30w-m-cri97-ip20-high-lumens\/","url":"https:\/\/starlediluminacion.com\/en\/product\/tira-led-24v-240xled-m-5m-smd2835-3000lm-30w-m-cri97-ip20-high-lumens\/","name":"Tira LED 24V | 240xLED\/m | 5m | SMD2835 | 3000Lm | 30W\/M | CRI97 | | IP20| HIGH LUMENS - STARLED Iluminacion","isPartOf":{"@id":"https:\/\/starlediluminacion.com\/#website"},"primaryImageOfPage":{"@id":"https:\/\/starlediluminacion.com\/en\/product\/tira-led-24v-240xled-m-5m-smd2835-3000lm-30w-m-cri97-ip20-high-lumens\/#primaryimage"},"image":{"@id":"https:\/\/starlediluminacion.com\/en\/product\/tira-led-24v-240xled-m-5m-smd2835-3000lm-30w-m-cri97-ip20-high-lumens\/#primaryimage"},"thumbnailUrl":"https:\/\/starlediluminacion.com\/wp-content\/uploads\/2022\/08\/tira-led-24v-240xledm-5m-smd2835-3000lm-30wm-cri90-ip20-high-lumens-factorled.jpg","datePublished":"2022-08-14T14:49:40+00:00","dateModified":"2022-08-14T15:27:53+00:00","breadcrumb":{"@id":"https:\/\/starlediluminacion.com\/en\/product\/tira-led-24v-240xled-m-5m-smd2835-3000lm-30w-m-cri97-ip20-high-lumens\/#breadcrumb"},"inLanguage":"fr-FR","potentialAction":[{"@type":"ReadAction","target":["https:\/\/starlediluminacion.com\/en\/product\/tira-led-24v-240xled-m-5m-smd2835-3000lm-30w-m-cri97-ip20-high-lumens\/"]}]},{"@type":"ImageObject","inLanguage":"fr-FR","@id":"https:\/\/starlediluminacion.com\/en\/product\/tira-led-24v-240xled-m-5m-smd2835-3000lm-30w-m-cri97-ip20-high-lumens\/#primaryimage","url":"https:\/\/starlediluminacion.com\/wp-content\/uploads\/2022\/08\/tira-led-24v-240xledm-5m-smd2835-3000lm-30wm-cri90-ip20-high-lumens-factorled.jpg","contentUrl":"https:\/\/starlediluminacion.com\/wp-content\/uploads\/2022\/08\/tira-led-24v-240xledm-5m-smd2835-3000lm-30wm-cri90-ip20-high-lumens-factorled.jpg","width":1000,"height":1000},{"@type":"BreadcrumbList","@id":"https:\/\/starlediluminacion.com\/en\/product\/tira-led-24v-240xled-m-5m-smd2835-3000lm-30w-m-cri97-ip20-high-lumens\/#breadcrumb","itemListElement":[{"@type":"ListItem","position":1,"name":"Portada","item":"https:\/\/starlediluminacion.com\/"},{"@type":"ListItem","position":2,"name":"Shop","item":"https:\/\/starlediluminacion.com\/shop-2\/"},{"@type":"ListItem","position":3,"name":"Tira LED 24V | 240xLED\/m | 5m | SMD2835 | 3000Lm | 30W\/M | CRI97 | | IP20| HIGH LUMENS"}]},{"@type":"WebSite","@id":"https:\/\/starlediluminacion.com\/#website","url":"https:\/\/starlediluminacion.com\/","name":"STARLED Iluminacion","description":"","potentialAction":[{"@type":"SearchAction","target":{"@type":"EntryPoint","urlTemplate":"https:\/\/starlediluminacion.com\/?s={search_term_string}"},"query-input":{"@type":"PropertyValueSpecification","valueRequired":true,"valueName":"search_term_string"}}],"inLanguage":"fr-FR"}]}},"_links":{"self":[{"href":"https:\/\/starlediluminacion.com\/fr\/wp-json\/wp\/v3\/product\/6494","targetHints":{"allow":["GET"]}}],"collection":[{"href":"https:\/\/starlediluminacion.com\/fr\/wp-json\/wp\/v3\/product"}],"about":[{"href":"https:\/\/starlediluminacion.com\/fr\/wp-json\/wp\/v2\/types\/product"}],"wp:featuredmedia":[{"embeddable":true,"href":"https:\/\/starlediluminacion.com\/fr\/wp-json\/wp\/v2\/media\/6500"}],"wp:attachment":[{"href":"https:\/\/starlediluminacion.com\/fr\/wp-json\/wp\/v2\/media?parent=6494"}],"wp:term":[{"taxonomy":"product_cat","embeddable":true,"href":"https:\/\/starlediluminacion.com\/fr\/wp-json\/wp\/v2\/product_cat?post=6494"},{"taxonomy":"product_tag","embeddable":true,"href":"https:\/\/starlediluminacion.com\/fr\/wp-json\/wp\/v2\/product_tag?post=6494"}],"curies":[{"name":"wp","href":"https:\/\/api.w.org\/{rel}","templated":true}]}}