{"id":6492,"date":"2022-08-14T14:45:35","date_gmt":"2022-08-14T14:45:35","guid":{"rendered":"https:\/\/starlediluminacion.com\/?post_type=product&#038;p=6492"},"modified":"2022-08-14T14:45:35","modified_gmt":"2022-08-14T14:45:35","slug":"tira-led-cob-24v-280-led-m-5m-flip-chip-1200lm-12w-m-cri90-ip20","status":"publish","type":"product","link":"https:\/\/starlediluminacion.com\/fr\/product\/tira-led-cob-24v-280-led-m-5m-flip-chip-1200lm-12w-m-cri90-ip20\/","title":{"rendered":"<p>Bande LED COB 24V | 280 LED\/m | 5m | FLIP CHIP | 1200Lm | 12W\/M | CRI90 | IP20<\/p>"},"content":{"rendered":"<div class=\"product-info-line\">\n<p id=\"product_reference\"><label>R\u00c9F\u00c9RENCE :<span style=\"font-size: 16px;\"> SL<\/span><span class=\"editable\" style=\"font-size: 16px;\">SP280D12W-90701<\/span><\/label><\/p>\n<p><strong>Bande LED COB<\/strong>&nbsp;de&nbsp;<strong>12W&nbsp;<\/strong>a&nbsp;<strong>24V<\/strong>&nbsp;y&nbsp;<strong>5 m\u00e8tres<\/strong>&nbsp;avec ruban adh\u00e9sif pour une installation facile. Con\u00e7u pour une installation \u00e0 l'int\u00e9rieur. Parfait pour \u00c9CLAIRER tous les types d'espaces. Il n\u00e9cessite une alimentation \u00e9lectrique et il est conseill\u00e9 de l'installer sur un profil\u00e9 en aluminium pour une bonne dissipation de la chaleur.<\/p>\n<p><strong>280 Leds\/m\u00e8tre FLIP CHIP haute puissance.<\/strong><\/p>\n<h1>Bande LED COB 24V | 280 LED\/m | 5m | FLIP CHIP | 1200Lm | 12W\/M | CRI90 | IP20<\/h1>\n<p>Notre&nbsp;<strong>Bande LED COB 24 Volt 12W<\/strong>&nbsp;est autocollante pour une installation facile. La bande de LED n\u00e9cessite une alimentation en courant continu constant pour l'alimenter.  Les bandes de LED peuvent \u00eatre grad\u00e9es (-<strong>Dimmables<\/strong>-).<\/p>\n<p>Cette bande de LED COB comporte 280 puces FLIPCHIP par m\u00e8tre, ce qui permet d'obtenir une lumi\u00e8re uniforme sur l'ensemble de la bande, ainsi qu'une performance Lm\/W sup\u00e9rieure \u00e0 celle des LED SMD traditionnelles.<\/p>\n<p>Avec son&nbsp;<strong>IRC &gt;90<\/strong>&nbsp;nous obtenons des couleurs tr\u00e8s r\u00e9alistes. Cette bande LED est donc parfaite pour \u00e9clairer des espaces o\u00f9 les couleurs doivent \u00eatre parfaites.<\/p>\n<p>La bande LED peut \u00eatre coup\u00e9e et raccord\u00e9e aux endroits indiqu\u00e9s sur la bande (zone de jonction du cuivre), en suivant toujours les instructions correspondantes (veillez \u00e0 ce que le fer \u00e0 souder reste bri\u00e8vement en contact avec la bande lors de la soudure, car une chaleur excessive endommagerait le conducteur).<\/p>\n<p>Il est recommand\u00e9 que tout type d'installation de ce type ne d\u00e9passe pas 10 m\u00e8tres afin d'\u00e9viter les chutes de tension dans le courant continu qui alimente les bandes de LED, bien que vous ayez \u00e9galement la possibilit\u00e9 d'alimenter la bande aux deux extr\u00e9mit\u00e9s, une option plus recommandable si vous allez installer 20 m\u00e8tres continus.  Pour l'installation de plus de m\u00e8tres continus, il est n\u00e9cessaire d'installer des amplificateurs de signal pour la bande de LED.<\/p>\n<p>Afin d'augmenter la dur\u00e9e de vie de la bande LED, il est recommand\u00e9 de ne pas l'endommager.&nbsp;<strong>recommand\u00e9<\/strong>&nbsp;utiliser le&nbsp;<strong>ruban pour dissipateur thermique<\/strong>&nbsp;recto-verso, ainsi que pour le placer sur&nbsp;<strong>profil\u00e9 en aluminium<\/strong>pour une gestion correcte de la chaleur de la bande LED elle-m\u00eame.<\/p>\n<p>Vous trouverez sur notre site des amplificateurs de signaux, des bandes dissipatives, des accessoires de collage, des alimentations 12-24v ainsi que des profil\u00e9s en aluminium.<\/p>\n<p>Les&nbsp;<strong>Bandes LED<\/strong>&nbsp;sont id\u00e9ales pour \u00e9clairer tout type de coin ou d'\u00e9l\u00e9ment de votre entreprise ou de votre maison, gr\u00e2ce \u00e0 leur flexibilit\u00e9. On peut dire que l'un de leurs principaux avantages est la grande polyvalence d'utilisation qui peut leur \u00eatre donn\u00e9e, car ils peuvent \u00eatre install\u00e9s dans n'importe quelle zone et s'adapter \u00e0 n'importe quel coin, et peuvent \u00eatre plac\u00e9s dans n'importe quelle position, gr\u00e2ce \u00e0 leur conception lin\u00e9aire adaptable.<\/p>\n<p>&nbsp;<\/p>\n<h2 dir=\"ltr\">Utilisations de la bande LED COB 24V | 280 LED\/m | 5m | FLIP CHIP | 1200Lm | 12W\/M | CRI90 | IP20 :<\/h2>\n<ul>\n<li>Dans les biblioth\u00e8ques<\/li>\n<li>Barres<\/li>\n<li>Accueil<\/li>\n<li>Restaurants<\/li>\n<li>Couvertures<\/li>\n<li>Magasins<\/li>\n<\/ul>\n<h3 class=\"page-product-heading\">DONN\u00c9ES TECHNIQUES<\/h3>\n<div class=\"col-xs-12 col-md-6\">\n<table class=\"table table-data-sheet 1\">\n<tbody>\n<tr class=\"odd\">\n<td valign=\"middle\" width=\"32\"><\/td>\n<td valign=\"middle\">REFERENCE :<\/td>\n<td valign=\"middle\">SLSP280D12W<\/td>\n<\/tr>\n<tr class=\"even\">\n<td valign=\"middle\" width=\"32\"><\/td>\n<td valign=\"middle\">Puissance nominale :<\/td>\n<td valign=\"middle\">12w<\/td>\n<\/tr>\n<tr class=\"odd\">\n<td valign=\"middle\" width=\"32\"><\/td>\n<td valign=\"middle\">Tension nominale :<\/td>\n<td valign=\"middle\">24V DC<\/td>\n<\/tr>\n<tr class=\"even\">\n<td valign=\"middle\" width=\"32\"><\/td>\n<td valign=\"middle\">Temp\u00e9rature de la lumi\u00e8re :<\/td>\n<td valign=\"middle\">2400K - 2700K - 4000K - 5700K<\/td>\n<\/tr>\n<tr class=\"odd\">\n<td valign=\"middle\" width=\"32\"><\/td>\n<td valign=\"middle\">CRI - Indice de rendu des couleurs :<\/td>\n<td valign=\"middle\">90<\/td>\n<\/tr>\n<tr class=\"even\">\n<td valign=\"middle\" width=\"32\"><\/td>\n<td valign=\"middle\">Luminosit\u00e9-Lm :<\/td>\n<td valign=\"middle\">1 m\u00e8tre : 100Lm - 5 m\u00e8tres : 1200Lm<\/td>\n<\/tr>\n<tr class=\"odd\">\n<td valign=\"middle\" width=\"32\"><\/td>\n<td valign=\"middle\">Type de DEL :<\/td>\n<td valign=\"middle\">COB<\/td>\n<\/tr>\n<tr class=\"even\">\n<td valign=\"middle\" width=\"32\"><\/td>\n<td valign=\"middle\">Angle d'ouverture (\u00ba) :<\/td>\n<td valign=\"middle\">180\u00ba<\/td>\n<\/tr>\n<tr class=\"odd\">\n<td valign=\"middle\" width=\"32\"><\/td>\n<td valign=\"middle\">Efficacit\u00e9 de la diode LED (Lm\/W) :<\/td>\n<td valign=\"middle\">110 Lm\/W<\/td>\n<\/tr>\n<tr class=\"even\">\n<td valign=\"middle\" width=\"32\"><\/td>\n<td valign=\"middle\">Efficacit\u00e9 lumineuse (Lm\/W) :<\/td>\n<td valign=\"middle\">100Lm\/W<\/td>\n<\/tr>\n<\/tbody>\n<\/table>\n<\/div>\n<div class=\"col-xs-12 col-md-6 2\">\n<table class=\"table table-data-sheet 2\">\n<tbody>\n<tr class=\"odd\">\n<td valign=\"middle\" width=\"32\"><\/td>\n<td valign=\"middle\">Dimmable :<\/td>\n<td valign=\"middle\">OUI<\/td>\n<\/tr>\n<tr class=\"even\">\n<td valign=\"middle\" width=\"32\"><\/td>\n<td valign=\"middle\">Certificats :<\/td>\n<td valign=\"middle\">CE - ROHS<\/td>\n<\/tr>\n<tr class=\"odd\">\n<td valign=\"middle\" width=\"32\"><\/td>\n<td valign=\"middle\">Indice de protection IP :<\/td>\n<td valign=\"middle\">IP20<\/td>\n<\/tr>\n<tr class=\"even\">\n<td valign=\"middle\" width=\"32\"><\/td>\n<td valign=\"middle\">Dur\u00e9e de vie estim\u00e9e de la diode LED (H) :<\/td>\n<td valign=\"middle\">100.000<\/td>\n<\/tr>\n<tr class=\"odd\">\n<td valign=\"middle\" width=\"32\"><\/td>\n<td valign=\"middle\">Dimensions (mm) :<\/td>\n<td valign=\"middle\">5m. x 10mm<\/td>\n<\/tr>\n<tr class=\"even\">\n<td valign=\"middle\" width=\"32\"><\/td>\n<td valign=\"middle\">Plage de temp\u00e9rature (\u00baC) :<\/td>\n<td valign=\"middle\">-20\u00b0C ~ +55\u00b0C<\/td>\n<\/tr>\n<tr class=\"odd\">\n<td valign=\"middle\" width=\"32\"><\/td>\n<td valign=\"middle\">Cycles d'allumage :<\/td>\n<td valign=\"middle\">100.000<\/td>\n<\/tr>\n<tr class=\"even\">\n<td valign=\"middle\" width=\"32\"><\/td>\n<td valign=\"middle\">Classe \u00e9nerg\u00e9tique (2021-EU-2019\/2015) :<\/td>\n<td valign=\"middle\">A+<\/td>\n<\/tr>\n<tr class=\"odd\">\n<td valign=\"middle\" width=\"32\"><\/td>\n<td valign=\"middle\">Classe \u00e9nerg\u00e9tique (2023 - EU-2019\/2015) :<\/td>\n<td valign=\"middle\">F<\/td>\n<\/tr>\n<tr class=\"even\">\n<td valign=\"middle\" width=\"32\"><\/td>\n<td valign=\"middle\">Ann\u00e9es de garantie :<\/td>\n<td valign=\"middle\">3<\/td>\n<\/tr>\n<\/tbody>\n<\/table>\n<p>&nbsp;<\/p>\n<\/div>\n<\/div>","protected":false},"excerpt":{"rendered":"<div class=\"col-md-12\"><i class=\"fa fa-truck\"><\/i>&nbsp;<span class=\"text-muted textprop\">Livraison dans les 24\/48 heures<\/span><div class=\"col-md-12\"><i class=\"fa fa-exchange\"><\/i>&nbsp;<span class=\"text-muted textprop\">Garantie assur\u00e9e<\/span><\/div><div class=\"col-md-12\"><i class=\"fa fa-box\"><\/i>&nbsp;<span class=\"text-muted textprop\">20 unit\u00e9(s) par bo\u00eete \u00e0 outils<\/span><\/div><div>\n<div class=\"hidden-xs parrafo\"><\/div>\n<div id=\"views_block\" class=\"clearfix\">\n<div id=\"thumbs_list\">\n<p><strong>COLOUR TEMPERATURE:2400K\/2700K\/4000K\/5700K&nbsp;<\/strong><\/p>\n<\/div>\n<\/div>\n<\/div><\/div>","protected":false},"featured_media":6493,"template":"","meta":{"site-sidebar-layout":"default","site-content-layout":"default","ast-global-header-display":"","ast-main-header-display":"","ast-hfb-above-header-display":"","ast-hfb-below-header-display":"","ast-hfb-mobile-header-display":"","site-post-title":"","ast-breadcrumbs-content":"","ast-featured-img":"","footer-sml-layout":"","theme-transparent-header-meta":"default","adv-header-id-meta":"","stick-header-meta":"","header-above-stick-meta":"","header-main-stick-meta":"","header-below-stick-meta":""},"product_cat":[89,45],"product_tag":[],"class_list":["post-6492","product","type-product","status-publish","has-post-thumbnail","hentry","product_cat-tiras-led-24v-dc","product_cat-tiras-led-y-neon-flexible"],"_links":{"self":[{"href":"https:\/\/starlediluminacion.com\/fr\/wp-json\/wp\/v3\/product\/6492","targetHints":{"allow":["GET"]}}],"collection":[{"href":"https:\/\/starlediluminacion.com\/fr\/wp-json\/wp\/v3\/product"}],"about":[{"href":"https:\/\/starlediluminacion.com\/fr\/wp-json\/wp\/v2\/types\/product"}],"wp:featuredmedia":[{"embeddable":true,"href":"https:\/\/starlediluminacion.com\/fr\/wp-json\/wp\/v2\/media\/6493"}],"wp:attachment":[{"href":"https:\/\/starlediluminacion.com\/fr\/wp-json\/wp\/v2\/media?parent=6492"}],"wp:term":[{"taxonomy":"product_cat","embeddable":true,"href":"https:\/\/starlediluminacion.com\/fr\/wp-json\/wp\/v2\/product_cat?post=6492"},{"taxonomy":"product_tag","embeddable":true,"href":"https:\/\/starlediluminacion.com\/fr\/wp-json\/wp\/v2\/product_tag?post=6492"}],"curies":[{"name":"wp","href":"https:\/\/api.w.org\/{rel}","templated":true}]}}