{"id":6393,"date":"2022-08-14T12:31:03","date_gmt":"2022-08-14T12:31:03","guid":{"rendered":"https:\/\/starlediluminacion.com\/?post_type=product&#038;p=6393"},"modified":"2022-08-22T13:53:33","modified_gmt":"2022-08-22T13:53:33","slug":"soporte-para-1-2-o-3-proyectores-para-columna-de-farola","status":"publish","type":"product","link":"https:\/\/starlediluminacion.com\/fr\/product\/support-pour-1-2-o-3-projecteurs-pour-colonne-arola\/","title":{"rendered":"<p>Prise en charge de 1, 2 ou 3 projecteurs pour la colonne d'\u00e9clairage public<\/p>"},"content":{"rendered":"<p>R\u00c9F\u00c9RENCE : SLSPF200<p>Support con\u00e7u pour placer 1, 2 ou 3 projecteurs LED dans un m\u00e2t d'\u00e9clairage public. Fabriqu\u00e9 en acier.  Peinture polyur\u00e9thane cuite \u00e0 haute r\u00e9sistance. Id\u00e9al pour l'\u00e9clairage de grandes surfaces.<\/p><h1 dir=\"ltr\">Prise en charge de 1, 2 ou 3 projecteurs pour la colonne d'\u00e9clairage public<\/h1><p dir=\"ltr\"><strong>Soutien<\/strong>&nbsp;pour&nbsp;<strong>Projecteurs LED.&nbsp;<\/strong>Ce support vous permet de placer confortablement un ou deux&nbsp;<strong>des projecteurs.<br>\n<\/strong><\/p><p dir=\"ltr\">Il a un design moderne<\/p><p dir=\"ltr\">Il est compos\u00e9 de&nbsp;<strong>acier<\/strong>L'\u00e9mail polyur\u00e9thane cuit au four, pr\u00e9par\u00e9 pour r\u00e9sister aux conditions climatiques difficiles, telles que la pluie, le vent, le soleil ?<\/p><h2>Utilisations du support pour 1, 2 ou 3 projecteurs de colonne d'\u00e9clairage public<\/h2><ul>\n<li>Parking<\/li>\n<li>Jardins<\/li>\n<li>Eclairage public<\/li>\n<li>Espaces priv\u00e9s<\/li>\n<\/ul><h3 class=\"page-product-heading\">DONN\u00c9ES TECHNIQUES<\/h3><div class=\"col-xs-12 col-md-6\">\n<table class=\"table table-data-sheet 1\">\n<tbody>\n<tr class=\"odd\">\n<td valign=\"middle\" width=\"32\"><\/td>\n<td valign=\"middle\">REFERENCE :<\/td>\n<td valign=\"middle\">SLSPF200<\/td>\n<\/tr>\n<tr class=\"even\">\n<td valign=\"middle\" width=\"32\"><\/td>\n<td valign=\"middle\">Mat\u00e9riaux de construction :<\/td>\n<td valign=\"middle\">Acier<\/td>\n<\/tr>\n<tr class=\"odd\">\n<td valign=\"middle\" width=\"32\"><\/td>\n<td valign=\"middle\">Certificats :<\/td>\n<td valign=\"middle\">CE<\/td>\n<\/tr>\n<\/tbody>\n<\/table>\n<\/div><div class=\"col-xs-12 col-md-6 2\">\n<table class=\"table table-data-sheet 2\">\n<tbody>\n<tr class=\"odd\">\n<td valign=\"middle\" width=\"32\"><\/td>\n<td valign=\"middle\">Dimensions (mm) :<\/td>\n<td valign=\"middle\">345x345x345x345xH80<\/td>\n<\/tr>\n<tr class=\"even\">\n<td valign=\"middle\" width=\"32\"><\/td>\n<td valign=\"middle\">Informations compl\u00e9mentaires :<\/td>\n<td valign=\"middle\">\u00d8 trou 63mm<\/td>\n<\/tr>\n<\/tbody>\n<\/table>\n<\/div><\/p>","protected":false},"excerpt":{"rendered":"<div class=\"col-md-12\"><i class=\"fa fa-truck\"><\/i>&nbsp;<span class=\"text-muted textprop\">Livraison dans les 24\/48 heures<\/span><div class=\"col-md-12\"><i class=\"fa fa-exchange\"><\/i>&nbsp;<span class=\"text-muted textprop\">Garantie assur\u00e9e<\/span><\/div><div class=\"col-md-12\"><i class=\"fa fa-box\"><\/i>&nbsp;<span class=\"text-muted textprop\">1 unit\u00e9(s) par bo\u00eete \u00e0 outils<\/span><\/div><\/div>","protected":false},"featured_media":6399,"template":"","meta":{"site-sidebar-layout":"default","site-content-layout":"default","ast-global-header-display":"","ast-main-header-display":"","ast-hfb-above-header-display":"","ast-hfb-below-header-display":"","ast-hfb-mobile-header-display":"","site-post-title":"","ast-breadcrumbs-content":"","ast-featured-img":"","footer-sml-layout":"","theme-transparent-header-meta":"default","adv-header-id-meta":"","stick-header-meta":"","header-above-stick-meta":"","header-main-stick-meta":"","header-below-stick-meta":""},"product_cat":[87,99,30,28],"product_tag":[],"class_list":["post-6393","product","type-product","status-publish","has-post-thumbnail","hentry","product_cat-accesorios-focos-proyectores-exterior","product_cat-accesorios-para-farolas-led","product_cat-iluminacion-publica-y-vial","product_cat-proyectores-led-exterior-y-jardin"],"_links":{"self":[{"href":"https:\/\/starlediluminacion.com\/fr\/wp-json\/wp\/v3\/product\/6393","targetHints":{"allow":["GET"]}}],"collection":[{"href":"https:\/\/starlediluminacion.com\/fr\/wp-json\/wp\/v3\/product"}],"about":[{"href":"https:\/\/starlediluminacion.com\/fr\/wp-json\/wp\/v2\/types\/product"}],"wp:featuredmedia":[{"embeddable":true,"href":"https:\/\/starlediluminacion.com\/fr\/wp-json\/wp\/v2\/media\/6399"}],"wp:attachment":[{"href":"https:\/\/starlediluminacion.com\/fr\/wp-json\/wp\/v2\/media?parent=6393"}],"wp:term":[{"taxonomy":"product_cat","embeddable":true,"href":"https:\/\/starlediluminacion.com\/fr\/wp-json\/wp\/v2\/product_cat?post=6393"},{"taxonomy":"product_tag","embeddable":true,"href":"https:\/\/starlediluminacion.com\/fr\/wp-json\/wp\/v2\/product_tag?post=6393"}],"curies":[{"name":"wp","href":"https:\/\/api.w.org\/{rel}","templated":true}]}}