{"id":6243,"date":"2022-08-14T08:39:01","date_gmt":"2022-08-14T08:39:01","guid":{"rendered":"https:\/\/starlediluminacion.com\/?post_type=product&#038;p=6243"},"modified":"2025-10-18T09:05:59","modified_gmt":"2025-10-18T09:05:59","slug":"proyector-led-200w-magnum-air-180lm-w-60o","status":"publish","type":"product","link":"https:\/\/starlediluminacion.com\/fr\/product\/proyector-led-200w-magnum-air-180lm-w-60o\/","title":{"rendered":"<p>Proyector LED 200W MAGNUM AIR 180Lm\/W 60&ordm;<\/p>"},"content":{"rendered":"<p>referencia: slmagnum200w60<p>el foco<strong>&nbsp;proyector<\/strong>&nbsp;<strong>led 200w magnum air<\/strong>&nbsp;est la combinaison d'une puissance \u00e9lev\u00e9e et d'une conception compacte dans un&nbsp;<strong>100%<\/strong>&nbsp;<strong>aluminio 6063<\/strong>&nbsp;cuits au four pour \u00e9viter l'oxydation du sel, et de haute qualit\u00e9.<strong>&nbsp;ligereza<\/strong>&nbsp;para evitar colocar grandes postes de sujeci&oacute;n. destaca&nbsp;su&nbsp;<strong>Angle de 60\u00ba,<\/strong>&nbsp;dise&ntilde;ado para iluminar medias distancias. el producto se suministra pre-montado.<\/p><h1>proyector led 200w magnum air aluminio 60&ordm;<\/h1><p>les sp\u00e9cifications de ce type de&nbsp;<strong>proyector<\/strong>&nbsp;de&nbsp;<strong>200w&nbsp;<\/strong>le nouveau mod\u00e8le est un projecteur capable d'\u00e9clairer efficacement tout type d'espace.&nbsp;<strong>magnum air<\/strong>&nbsp;se distingue par son type de puce&nbsp;<strong> lumileds<\/strong>&nbsp;qui permet d'obtenir un flux de couleur \u00e9lev\u00e9 \u00e0 partir d'une puissance \u00e9lev\u00e9e, offre l'efficacit\u00e9 et la fiabilit\u00e9 exig\u00e9es par tout type de march\u00e9 de l'\u00e9clairage int\u00e9rieur ou ext\u00e9rieur.<\/p><p>esta dise&ntilde;ado para&nbsp;obtener una gran iluminaci&oacute;n creando ambientes perfectos especialmente para alumbrar a distancias medias gracias a su&nbsp;<strong>Angle de 60<\/strong>, con este se consigue&nbsp;una eficacia del diodo de 180lm\/w y un rendimiento lum&iacute;nico de&nbsp;<strong>150 lm\/w<\/strong>couvrant tous les besoins des utilisateurs finaux.<\/p><p>sa fabrication a \u00e9t\u00e9 r\u00e9alis\u00e9e avec&nbsp;<strong>100%&nbsp;<\/strong>\u00e0<strong>&nbsp;aluminium<\/strong>Il s'agit donc d'un produit tr\u00e8s robuste, tant au niveau de son bo\u00eetier que de ses poign\u00e9es.&nbsp;<strong>tr\u00e8s l\u00e9ger<\/strong>&nbsp;pour faciliter le transport et l'installation. en outre, la peinture est&nbsp;<strong>anti-corrosion<\/strong>, por lo que tiene una gran duraci&oacute;n y reduce todo tipo de oxidaci&oacute;n. con toda su tecnolog&iacute;a led&nbsp;y las &uacute;ltimas novedades del mercado consigue&nbsp;un&nbsp;<strong>l'\u00e9pargne<\/strong>&nbsp;jusqu'\u00e0 80% sur sa consommation de&nbsp;<strong>l'\u00e9nergie<\/strong>.<\/p><h2><strong>les applications de la&nbsp;<\/strong>proyector led 200w magnum air<\/h2><ul>\n<li>jardins<\/li>\n<li>parcs<\/li>\n<li>lieux<\/li>\n<li>ronds-points<\/li>\n<li>mus\u00e9es<\/li>\n<li>routes<\/li>\n<li>galeries<\/li>\n<li>des espaces pour les \u00e9v\u00e9nements<\/li>\n<\/ul><p>ce projecteur est \u00e9quip\u00e9 d'un<strong>&nbsp;Garantie de 5 ans<\/strong>&nbsp;.<\/p><h3 class=\"page-product-heading\">d\u00e9tails techniques<\/h3><div class=\"col-xs-12 col-md-6\">\n<table class=\"table table-data-sheet 1\">\n<tbody>\n<tr class=\"odd\">\n<td valign=\"middle\" width=\"32\"><\/td>\n<td valign=\"middle\">r\u00e9f\u00e9rence :<\/td>\n<td valign=\"middle\">slmagnum200w60<\/td>\n<\/tr>\n<tr class=\"even\">\n<td valign=\"middle\" width=\"32\"><\/td>\n<td valign=\"middle\">Puissance nominale :<\/td>\n<td valign=\"middle\">200w<\/td>\n<\/tr>\n<tr class=\"odd\">\n<td valign=\"middle\" width=\"32\"><\/td>\n<td valign=\"middle\">tension nominale :<\/td>\n<td valign=\"middle\">100v-277v<\/td>\n<\/tr>\n<tr class=\"even\">\n<td valign=\"middle\" width=\"32\"><\/td>\n<td valign=\"middle\">la temp\u00e9rature de la lumi\u00e8re :<\/td>\n<td valign=\"middle\">4000k -5000k<\/td>\n<\/tr>\n<tr class=\"odd\">\n<td valign=\"middle\" width=\"32\"><\/td>\n<td valign=\"middle\">cri -index de reproduction chromatique :<\/td>\n<td valign=\"middle\">70<\/td>\n<\/tr>\n<tr class=\"even\">\n<td valign=\"middle\" width=\"32\"><\/td>\n<td valign=\"middle\">mat\u00e9riau de construction :<\/td>\n<td valign=\"middle\">aluminium +pmma<\/td>\n<\/tr>\n<tr class=\"odd\">\n<td valign=\"middle\" width=\"32\"><\/td>\n<td valign=\"middle\">luminosit\u00e9-lm :<\/td>\n<td valign=\"middle\">30.000 lm<\/td>\n<\/tr>\n<tr class=\"even\">\n<td valign=\"middle\" width=\"32\"><\/td>\n<td valign=\"middle\">type de LED :<\/td>\n<td valign=\"middle\">84 diodes smd 3030 lumileds chip 3d (3 corel)<\/td>\n<\/tr>\n<tr class=\"odd\">\n<td valign=\"middle\" width=\"32\"><\/td>\n<td valign=\"middle\">angle d'ouverture (\u00ba) :<\/td>\n<td valign=\"middle\">60\u00ba<\/td>\n<\/tr>\n<tr class=\"even\">\n<td valign=\"middle\" width=\"32\"><\/td>\n<td valign=\"middle\">efficacit\u00e9 des diodes LED (lm\/w) :<\/td>\n<td valign=\"middle\">180 lm\/w<\/td>\n<\/tr>\n<tr class=\"odd\">\n<td valign=\"middle\" width=\"32\"><\/td>\n<td valign=\"middle\">efficacit\u00e9 lumineuse (lm\/w) :<\/td>\n<td valign=\"middle\">150 lm\/w<\/td>\n<\/tr>\n<tr class=\"even\">\n<td valign=\"middle\" width=\"32\"><\/td>\n<td valign=\"middle\">certificats :<\/td>\n<td valign=\"middle\">ce - rohs<\/td>\n<\/tr>\n<tr class=\"odd\">\n<td valign=\"middle\" width=\"32\"><\/td>\n<td valign=\"middle\">degr\u00e9 d'ip :<\/td>\n<td valign=\"middle\">ip65-externe<\/td>\n<\/tr>\n<\/tbody>\n<\/table>\n<\/div><div class=\"col-xs-12 col-md-6 2\">\n<table class=\"table table-data-sheet 2\">\n<tbody>\n<tr class=\"odd\">\n<td valign=\"middle\" width=\"32\"><\/td>\n<td valign=\"middle\">dur\u00e9e de vie estim\u00e9e de la diode LED (h) :<\/td>\n<td valign=\"middle\">50.000<\/td>\n<\/tr>\n<tr class=\"even\">\n<td valign=\"middle\" width=\"32\"><\/td>\n<td valign=\"middle\">dimensions (mm) :<\/td>\n<td valign=\"middle\">305x315x80mm<\/td>\n<\/tr>\n<tr class=\"odd\">\n<td valign=\"middle\" width=\"32\"><\/td>\n<td valign=\"middle\">facteur de puissance (pf) :<\/td>\n<td valign=\"middle\">0,94<\/td>\n<\/tr>\n<tr class=\"even\">\n<td valign=\"middle\" width=\"32\"><\/td>\n<td valign=\"middle\">fr\u00e9quence de travail (hz) :<\/td>\n<td valign=\"middle\">50\/60hz<\/td>\n<\/tr>\n<tr class=\"odd\">\n<td valign=\"middle\" width=\"32\"><\/td>\n<td valign=\"middle\">plage de temp\u00e9rature (\u00baC) :<\/td>\n<td valign=\"middle\">-20\u00b0c ~ +55\u00b0c<\/td>\n<\/tr>\n<tr class=\"even\">\n<td valign=\"middle\" width=\"32\"><\/td>\n<td valign=\"middle\">les cycles d'allumage :<\/td>\n<td valign=\"middle\">100.000<\/td>\n<\/tr>\n<tr class=\"odd\">\n<td valign=\"middle\" width=\"32\"><\/td>\n<td valign=\"middle\">temps de d\u00e9marrage (s) :<\/td>\n<td valign=\"middle\">0,2s<\/td>\n<\/tr>\n<tr class=\"even\">\n<td valign=\"middle\" width=\"32\"><\/td>\n<td valign=\"middle\">des informations compl\u00e9mentaires :<\/td>\n<td valign=\"middle\">ce produit est livr\u00e9 non assembl\u00e9<\/td>\n<\/tr>\n<tr class=\"odd\">\n<td valign=\"middle\" width=\"32\"><\/td>\n<td valign=\"middle\">protection contre les chocs (ik) :<\/td>\n<td valign=\"middle\">ik10<\/td>\n<\/tr>\n<tr class=\"even\">\n<td valign=\"middle\" width=\"32\"><\/td>\n<td valign=\"middle\">conducteur inclus :<\/td>\n<td valign=\"middle\"> xitanium 5 ans<\/td>\n<\/tr>\n<tr class=\"odd\">\n<td valign=\"middle\" width=\"32\"><\/td>\n<td valign=\"middle\">classe \u00e9nerg\u00e9tique (2021-EU-2019\/2015) :<\/td>\n<td valign=\"middle\">a++<\/td>\n<\/tr>\n<tr class=\"even\">\n<td valign=\"middle\" width=\"32\"><\/td>\n<td valign=\"middle\">ann\u00e9es de garantie :<\/td>\n<td valign=\"middle\">5<\/td>\n<\/tr>\n<\/tbody>\n<\/table>\n<p>&nbsp;<\/p>\n<\/div><\/p>","protected":false},"excerpt":{"rendered":"<div class=\"col-md-12\"><i class=\"fa fa-truck\"><\/i>&nbsp;<span class=\"text-muted textprop\">Livraison dans les 24\/48 heures<\/span><div class=\"col-md-12\"><i class=\"fa fa-exchange\"><\/i>&nbsp;<span class=\"text-muted textprop\">Garantie assur\u00e9e<\/span><\/div><div class=\"col-md-12\"><i class=\"fa fa-box\"><\/i>&nbsp;<span class=\"text-muted textprop\">1 unit\u00e9(s) par bo\u00eete \u00e0 outils<\/span><\/div><div>\n<div class=\"woocommerce-product-details__short-description\">\n<div><strong>TEMP\u00c9RATURE DE COULEUR : 4000K\/5000K<\/strong><\/div>\n<\/div>\n<\/div><\/div>","protected":false},"featured_media":0,"template":"","meta":{"site-sidebar-layout":"default","site-content-layout":"default","ast-global-header-display":"","ast-main-header-display":"","ast-hfb-above-header-display":"","ast-hfb-below-header-display":"","ast-hfb-mobile-header-display":"","site-post-title":"","ast-breadcrumbs-content":"","ast-featured-img":"","footer-sml-layout":"","theme-transparent-header-meta":"default","adv-header-id-meta":"","stick-header-meta":"","header-above-stick-meta":"","header-main-stick-meta":"","header-below-stick-meta":""},"product_cat":[84,28],"product_tag":[],"class_list":["post-6243","product","type-product","status-publish","hentry","product_cat-foco-proyector-serie-diy-magnum","product_cat-proyectores-led-exterior-y-jardin"],"yoast_head":"<!-- This site is optimized with the Yoast SEO plugin v27.4 - https:\/\/yoast.com\/product\/yoast-seo-wordpress\/ -->\n<title>Proyector LED 200W MAGNUM AIR 180Lm\/W 60\u00ba - STARLED Iluminacion<\/title>\n<meta name=\"robots\" content=\"index, follow, max-snippet:-1, max-image-preview:large, max-video-preview:-1\" \/>\n<link rel=\"canonical\" href=\"https:\/\/starlediluminacion.com\/fr\/product\/proyector-led-200w-magnum-air-180lm-w-60o\/\" \/>\n<meta property=\"og:locale\" content=\"fr_FR\" \/>\n<meta property=\"og:type\" content=\"article\" \/>\n<meta property=\"og:title\" content=\"Proyector LED 200W MAGNUM AIR 180Lm\/W 60\u00ba - STARLED Iluminacion\" \/>\n<meta property=\"og:description\" content=\"\u00a0Entrega en 24\/48 horas \u00a0Garant\u00eda asegurada \u00a01 unidad(es) por Masterbox   TEMPERATURA DE COLOR: 4000K\/5000K\" \/>\n<meta property=\"og:url\" content=\"https:\/\/starlediluminacion.com\/fr\/product\/proyector-led-200w-magnum-air-180lm-w-60o\/\" \/>\n<meta property=\"og:site_name\" content=\"STARLED Iluminacion\" \/>\n<meta property=\"article:modified_time\" content=\"2025-10-18T09:05:59+00:00\" \/>\n<meta name=\"twitter:card\" content=\"summary_large_image\" \/>\n<meta name=\"twitter:label1\" content=\"Dur\u00e9e de lecture estim\u00e9e\" \/>\n\t<meta name=\"twitter:data1\" content=\"2 minutes\" \/>\n<script type=\"application\/ld+json\" class=\"yoast-schema-graph\">{\"@context\":\"https:\\\/\\\/schema.org\",\"@graph\":[{\"@type\":\"WebPage\",\"@id\":\"https:\\\/\\\/starlediluminacion.com\\\/producto\\\/proyector-led-200w-magnum-air-180lm-w-60o\\\/\",\"url\":\"https:\\\/\\\/starlediluminacion.com\\\/producto\\\/proyector-led-200w-magnum-air-180lm-w-60o\\\/\",\"name\":\"Proyector LED 200W MAGNUM AIR 180Lm\\\/W 60\u00ba - STARLED Iluminacion\",\"isPartOf\":{\"@id\":\"https:\\\/\\\/starlediluminacion.com\\\/#website\"},\"datePublished\":\"2022-08-14T08:39:01+00:00\",\"dateModified\":\"2025-10-18T09:05:59+00:00\",\"breadcrumb\":{\"@id\":\"https:\\\/\\\/starlediluminacion.com\\\/producto\\\/proyector-led-200w-magnum-air-180lm-w-60o\\\/#breadcrumb\"},\"inLanguage\":\"fr-FR\",\"potentialAction\":[{\"@type\":\"ReadAction\",\"target\":[\"https:\\\/\\\/starlediluminacion.com\\\/producto\\\/proyector-led-200w-magnum-air-180lm-w-60o\\\/\"]}]},{\"@type\":\"BreadcrumbList\",\"@id\":\"https:\\\/\\\/starlediluminacion.com\\\/producto\\\/proyector-led-200w-magnum-air-180lm-w-60o\\\/#breadcrumb\",\"itemListElement\":[{\"@type\":\"ListItem\",\"position\":1,\"name\":\"Portada\",\"item\":\"https:\\\/\\\/starlediluminacion.com\\\/\"},{\"@type\":\"ListItem\",\"position\":2,\"name\":\"Shop\",\"item\":\"https:\\\/\\\/starlediluminacion.com\\\/shop-2\\\/\"},{\"@type\":\"ListItem\",\"position\":3,\"name\":\"Proyector LED 200W MAGNUM AIR 180Lm\\\/W 60\u00ba\"}]},{\"@type\":\"WebSite\",\"@id\":\"https:\\\/\\\/starlediluminacion.com\\\/#website\",\"url\":\"https:\\\/\\\/starlediluminacion.com\\\/\",\"name\":\"STARLED Iluminacion\",\"description\":\"\",\"potentialAction\":[{\"@type\":\"SearchAction\",\"target\":{\"@type\":\"EntryPoint\",\"urlTemplate\":\"https:\\\/\\\/starlediluminacion.com\\\/?s={search_term_string}\"},\"query-input\":{\"@type\":\"PropertyValueSpecification\",\"valueRequired\":true,\"valueName\":\"search_term_string\"}}],\"inLanguage\":\"fr-FR\"}]}<\/script>\n<!-- \/ Yoast SEO plugin. -->","yoast_head_json":{"title":"Proyector LED 200W MAGNUM AIR 180Lm\/W 60\u00ba - STARLED Iluminacion","robots":{"index":"index","follow":"follow","max-snippet":"max-snippet:-1","max-image-preview":"max-image-preview:large","max-video-preview":"max-video-preview:-1"},"canonical":"https:\/\/starlediluminacion.com\/fr\/product\/proyector-led-200w-magnum-air-180lm-w-60o\/","og_locale":"fr_FR","og_type":"article","og_title":"Proyector LED 200W MAGNUM AIR 180Lm\/W 60\u00ba - STARLED Iluminacion","og_description":"\u00a0Entrega en 24\/48 horas \u00a0Garant\u00eda asegurada \u00a01 unidad(es) por Masterbox   TEMPERATURA DE COLOR: 4000K\/5000K","og_url":"https:\/\/starlediluminacion.com\/fr\/product\/proyector-led-200w-magnum-air-180lm-w-60o\/","og_site_name":"STARLED Iluminacion","article_modified_time":"2025-10-18T09:05:59+00:00","twitter_card":"summary_large_image","twitter_misc":{"Dur\u00e9e de lecture estim\u00e9e":"2 minutes"},"schema":{"@context":"https:\/\/schema.org","@graph":[{"@type":"WebPage","@id":"https:\/\/starlediluminacion.com\/producto\/proyector-led-200w-magnum-air-180lm-w-60o\/","url":"https:\/\/starlediluminacion.com\/producto\/proyector-led-200w-magnum-air-180lm-w-60o\/","name":"Proyector LED 200W MAGNUM AIR 180Lm\/W 60\u00ba - STARLED Iluminacion","isPartOf":{"@id":"https:\/\/starlediluminacion.com\/#website"},"datePublished":"2022-08-14T08:39:01+00:00","dateModified":"2025-10-18T09:05:59+00:00","breadcrumb":{"@id":"https:\/\/starlediluminacion.com\/producto\/proyector-led-200w-magnum-air-180lm-w-60o\/#breadcrumb"},"inLanguage":"fr-FR","potentialAction":[{"@type":"ReadAction","target":["https:\/\/starlediluminacion.com\/producto\/proyector-led-200w-magnum-air-180lm-w-60o\/"]}]},{"@type":"BreadcrumbList","@id":"https:\/\/starlediluminacion.com\/producto\/proyector-led-200w-magnum-air-180lm-w-60o\/#breadcrumb","itemListElement":[{"@type":"ListItem","position":1,"name":"Portada","item":"https:\/\/starlediluminacion.com\/"},{"@type":"ListItem","position":2,"name":"Shop","item":"https:\/\/starlediluminacion.com\/shop-2\/"},{"@type":"ListItem","position":3,"name":"Proyector LED 200W MAGNUM AIR 180Lm\/W 60\u00ba"}]},{"@type":"WebSite","@id":"https:\/\/starlediluminacion.com\/#website","url":"https:\/\/starlediluminacion.com\/","name":"STARLED Iluminacion","description":"","potentialAction":[{"@type":"SearchAction","target":{"@type":"EntryPoint","urlTemplate":"https:\/\/starlediluminacion.com\/?s={search_term_string}"},"query-input":{"@type":"PropertyValueSpecification","valueRequired":true,"valueName":"search_term_string"}}],"inLanguage":"fr-FR"}]}},"_links":{"self":[{"href":"https:\/\/starlediluminacion.com\/fr\/wp-json\/wp\/v3\/product\/6243","targetHints":{"allow":["GET"]}}],"collection":[{"href":"https:\/\/starlediluminacion.com\/fr\/wp-json\/wp\/v3\/product"}],"about":[{"href":"https:\/\/starlediluminacion.com\/fr\/wp-json\/wp\/v2\/types\/product"}],"wp:attachment":[{"href":"https:\/\/starlediluminacion.com\/fr\/wp-json\/wp\/v2\/media?parent=6243"}],"wp:term":[{"taxonomy":"product_cat","embeddable":true,"href":"https:\/\/starlediluminacion.com\/fr\/wp-json\/wp\/v2\/product_cat?post=6243"},{"taxonomy":"product_tag","embeddable":true,"href":"https:\/\/starlediluminacion.com\/fr\/wp-json\/wp\/v2\/product_tag?post=6243"}],"curies":[{"name":"wp","href":"https:\/\/api.w.org\/{rel}","templated":true}]}}