{"id":6216,"date":"2022-08-14T08:20:17","date_gmt":"2022-08-14T08:20:17","guid":{"rendered":"https:\/\/starlediluminacion.com\/?post_type=product&#038;p=6216"},"modified":"2025-10-18T09:22:49","modified_gmt":"2025-10-18T09:22:49","slug":"baliza-led-50w-wanda-rectangular-2","status":"publish","type":"product","link":"https:\/\/starlediluminacion.com\/fr\/product\/borne-led-50w-wanda-rectangulaire-2\/","title":{"rendered":"<p>Feu LED 50W Wanda Rectangulaire<\/p>"},"content":{"rendered":"<p>referencia: slwnd50w<div class=\"hidden-xs parrafo\">\n<p>les<strong>&nbsp;balise&nbsp;<\/strong><strong>led 50w&nbsp;<\/strong>dar&aacute; a la ciudad la iluminaci&oacute;n espec&iacute;fica para los espacios urbanos. la luminaria incluye 1 m&oacute;dulos &oacute;pticos&nbsp;de 84 diodos&nbsp;<strong>leds<\/strong>&nbsp;<strong>smd 3030 2d,&nbsp;de  lumileds,&nbsp;<\/strong>son<strong>&nbsp;<\/strong><strong>angle d'ouverture&nbsp;<\/strong>est<strong>&nbsp;136\u00bax78\u00ba.&nbsp;<\/strong>gracias a su gran disipaci&oacute;n la vida &uacute;til del producto puede ser mucho mayor.&nbsp;la gama de balizas&nbsp;<strong>wanda<\/strong>&nbsp;couvre tout type de besoin gr\u00e2ce \u00e0 ses multiples mod\u00e8les.<\/p>\n<h1>baliza led 50w wanda rect&aacute;ngular<\/h1>\n<p>la luminaria tipo&nbsp;<strong>wanda&nbsp;<\/strong>int\u00e8gre un module&nbsp;<strong>dirig\u00e9<\/strong>&nbsp;<strong>&nbsp;&oacute;ptico 50w de&nbsp; lumileds&nbsp;<\/strong>que sirve para la sustituci&oacute;n de las antiguas bombillas e40 y e27, gracias a su potencia consiguen generar una gran iluminaci&oacute;n en las&nbsp;<strong>balises&nbsp;<\/strong>atteindre le&nbsp;<strong>7500 lumens<\/strong>.<\/p>\n<p>avec&nbsp;<strong>conception architecturale moderne<\/strong>&nbsp;puede crear ambientes de luz uniformes con los espacios contempor&aacute;neos que las ciudades de primer nivel exigen, adem&aacute;s podr&aacute;s elegir la temperatura de luz correcta seg&uacute;n las necesidades de cada instalaci&oacute;n, tanto blanco neutro (4000k) o blanco fr&iacute;o (5000k). fabricada en&nbsp;<strong>acier peint au four<\/strong>&nbsp;Avec une peinture \u00e9poxy, sa r\u00e9sistance et son poids sont id\u00e9aux pour le transport et l'installation, offrant une plus grande protection et une longue dur\u00e9e de vie, la qualit\u00e9 de ses mat\u00e9riaux en fait un produit essentiel pour g\u00e9n\u00e9rer de l'\u00e9nergie propre et prolong\u00e9e dans le temps.<\/p>\n<p>destaca por su aspecto sencillo, fino y elegante, adem&aacute;s tiene la opci&oacute;n de ser construida en&nbsp;<strong>color &oacute;xido o met&aacute;lico.<\/strong><\/p>\n<p>encaja en cualquier tipo de proyecto de&nbsp;<strong>\u00e9clairage ext\u00e9rieur<\/strong>tel qu'il est<strong>&nbsp;<\/strong>s'int\u00e8gre naturellement dans tout type de paysage urbain ou de propri\u00e9t\u00e9 priv\u00e9e.<\/p>\n<p>gracias a la tecnolog&iacute;a led, puedes llegar&nbsp;<strong>sauver<\/strong>&nbsp;jusqu'\u00e0&nbsp;<strong>80% puissance<\/strong>, adem&aacute;s de tener una vida &uacute;til mayor comparado con las de hal&oacute;geno. se considera un&nbsp;<strong>produit biologique<\/strong>&nbsp;car il est fabriqu\u00e9 \u00e0 partir de mat\u00e9riaux non polluants, vous contribuez donc \u00e0 prendre soin de la plan\u00e8te.<\/p>\n<p>su protecci&oacute;n&nbsp;<strong>ip67<\/strong>&nbsp;hace que sea apto para su uso en exteriores y tenga una seguridad contra salpicaduras o cualquier tipo de cambio climatol&oacute;gico. viene con una garant&iacute;a de 5 a&ntilde;os.<\/p>\n<h2>usos de la baliza led 50w wanda<\/h2>\n<ul>\n<li>parcs<\/li>\n<li>jardins<\/li>\n<li>comunidades<\/li>\n<li>zonas de edificios<\/li>\n<li>lieux<\/li>\n<li>SALLES DE MARIAGE<\/li>\n<li>chalets<\/li>\n<li>maisons rurales<\/li>\n<li>entrep\u00f4ts industriels<\/li>\n<\/ul>\n<h3 class=\"page-product-heading\">d\u00e9tails techniques<\/h3>\n<div class=\"col-xs-12 col-md-6\">\n<table class=\"table table-data-sheet 1\">\n<tbody>\n<tr class=\"odd\">\n<td valign=\"middle\" width=\"32\"><\/td>\n<td valign=\"middle\">r\u00e9f\u00e9rence :<\/td>\n<td valign=\"middle\">slwnd50w<\/td>\n<\/tr>\n<tr class=\"even\">\n<td valign=\"middle\" width=\"32\"><\/td>\n<td valign=\"middle\">Puissance nominale :<\/td>\n<td valign=\"middle\">50w<\/td>\n<\/tr>\n<tr class=\"odd\">\n<td valign=\"middle\" width=\"32\"><\/td>\n<td valign=\"middle\">tension nominale :<\/td>\n<td valign=\"middle\">85-265v<\/td>\n<\/tr>\n<tr class=\"even\">\n<td valign=\"middle\" width=\"32\"><\/td>\n<td valign=\"middle\">la temp\u00e9rature de la lumi\u00e8re :<\/td>\n<td valign=\"middle\">4000k &ndash; 5000k<\/td>\n<\/tr>\n<tr class=\"odd\">\n<td valign=\"middle\" width=\"32\"><\/td>\n<td valign=\"middle\">cri -index de reproduction chromatique :<\/td>\n<td valign=\"middle\">80<\/td>\n<\/tr>\n<tr class=\"even\">\n<td valign=\"middle\" width=\"32\"><\/td>\n<td valign=\"middle\">mat\u00e9riau de construction :<\/td>\n<td valign=\"middle\">stell + aluminium +pmma<\/td>\n<\/tr>\n<tr class=\"odd\">\n<td valign=\"middle\" width=\"32\"><\/td>\n<td valign=\"middle\">luminosit\u00e9-lm :<\/td>\n<td valign=\"middle\">7500<\/td>\n<\/tr>\n<tr class=\"even\">\n<td valign=\"middle\" width=\"32\"><\/td>\n<td valign=\"middle\">type de LED :<\/td>\n<td valign=\"middle\">84 diodes  luneox 3030 -2d<\/td>\n<\/tr>\n<tr class=\"odd\">\n<td valign=\"middle\" width=\"32\"><\/td>\n<td valign=\"middle\">angle d'ouverture (\u00ba) :<\/td>\n<td valign=\"middle\">136\u00d778\u00ba<\/td>\n<\/tr>\n<tr class=\"even\">\n<td valign=\"middle\" width=\"32\"><\/td>\n<td valign=\"middle\">efficacit\u00e9 des diodes LED (lm\/w) :<\/td>\n<td valign=\"middle\">186 lm\/w<\/td>\n<\/tr>\n<tr class=\"odd\">\n<td valign=\"middle\" width=\"32\"><\/td>\n<td valign=\"middle\">efficacit\u00e9 lumineuse (lm\/w) :<\/td>\n<td valign=\"middle\">150 lm\/w<\/td>\n<\/tr>\n<tr class=\"even\">\n<td valign=\"middle\" width=\"32\"><\/td>\n<td valign=\"middle\">certificats :<\/td>\n<td valign=\"middle\">ce - rohs<\/td>\n<\/tr>\n<tr class=\"odd\">\n<td valign=\"middle\" width=\"32\"><\/td>\n<td valign=\"middle\">degr\u00e9 d'ip :<\/td>\n<td valign=\"middle\">ip67-exterior<\/td>\n<\/tr>\n<\/tbody>\n<\/table>\n<\/div>\n<div class=\"col-xs-12 col-md-6 2\">\n<table class=\"table table-data-sheet 2\">\n<tbody>\n<tr class=\"odd\">\n<td valign=\"middle\" width=\"32\"><\/td>\n<td valign=\"middle\">dur\u00e9e de vie estim\u00e9e de la diode LED (h) :<\/td>\n<td valign=\"middle\">50.000<\/td>\n<\/tr>\n<tr class=\"even\">\n<td valign=\"middle\" width=\"32\"><\/td>\n<td valign=\"middle\">dimensions (mm) :<\/td>\n<td valign=\"middle\">h950mm x 140 mm x 80 mm (tube 3mm)<\/td>\n<\/tr>\n<tr class=\"odd\">\n<td valign=\"middle\" width=\"32\"><\/td>\n<td valign=\"middle\">facteur de puissance (pf) :<\/td>\n<td valign=\"middle\">0.95<\/td>\n<\/tr>\n<tr class=\"even\">\n<td valign=\"middle\" width=\"32\"><\/td>\n<td valign=\"middle\">fr\u00e9quence de travail (hz) :<\/td>\n<td valign=\"middle\">50\/60hz<\/td>\n<\/tr>\n<tr class=\"odd\">\n<td valign=\"middle\" width=\"32\"><\/td>\n<td valign=\"middle\">plage de temp\u00e9rature (\u00baC) :<\/td>\n<td valign=\"middle\">-15\u00ba+70\u00ba -15\u00ba+70\u00ba -15\u00ba+70\u00ba -15\u00ba+70\u00ba -15\u00ba+70\u00ba -15\u00ba+70\u00ba<\/td>\n<\/tr>\n<tr class=\"even\">\n<td valign=\"middle\" width=\"32\"><\/td>\n<td valign=\"middle\">les cycles d'allumage :<\/td>\n<td valign=\"middle\">100.000<\/td>\n<\/tr>\n<tr class=\"odd\">\n<td valign=\"middle\" width=\"32\"><\/td>\n<td valign=\"middle\">temps de d\u00e9marrage (s) :<\/td>\n<td valign=\"middle\">0,2s<\/td>\n<\/tr>\n<tr class=\"even\">\n<td valign=\"middle\" width=\"32\"><\/td>\n<td valign=\"middle\">des informations compl\u00e9mentaires :<\/td>\n<td valign=\"middle\">driver: 23-42 vdc 1300ma +-5% &ndash; 10k delivery forecast 15-20 days<\/td>\n<\/tr>\n<tr class=\"odd\">\n<td valign=\"middle\" width=\"32\"><\/td>\n<td valign=\"middle\">protection contre les chocs (ik) :<\/td>\n<td valign=\"middle\">ik10<\/td>\n<\/tr>\n<tr class=\"even\">\n<td valign=\"middle\" width=\"32\"><\/td>\n<td valign=\"middle\">conducteur inclus :<\/td>\n<td valign=\"middle\">si<\/td>\n<\/tr>\n<tr class=\"odd\">\n<td valign=\"middle\" width=\"32\"><\/td>\n<td valign=\"middle\">classe \u00e9nerg\u00e9tique (2021-EU-2019\/2015) :<\/td>\n<td valign=\"middle\">a++<\/td>\n<\/tr>\n<tr class=\"even\">\n<td valign=\"middle\" width=\"32\"><\/td>\n<td valign=\"middle\">ann\u00e9es de garantie :<\/td>\n<td valign=\"middle\">5<\/td>\n<\/tr>\n<\/tbody>\n<\/table>\n<\/div>\n<\/div><\/p>","protected":false},"excerpt":{"rendered":"<div class=\"woocommerce-product-details__short-description\">\n<div class=\"col-md-12\"><i class=\"fa fa-truck\"><\/i>&nbsp;<span class=\"text-muted textprop\">Livraison dans les 24\/48 heures<\/span><\/div>\n<div class=\"col-md-12\"><i class=\"fa fa-exchange\"><\/i>&nbsp;<span class=\"text-muted textprop\">Garantie assur\u00e9e<\/span><\/div>\n<div class=\"col-md-12\"><i class=\"fa fa-box\"><\/i>&nbsp;<span class=\"text-muted textprop\">1 unit\u00e9(s) par bo\u00eete \u00e0 outils<\/span><\/div>\n<div><strong>TEMP\u00c9RATURE DE COULEUR : 4000K\/5000K<\/strong><\/div>\n<\/div>","protected":false},"featured_media":0,"template":"","meta":{"site-sidebar-layout":"default","site-content-layout":"default","ast-global-header-display":"","ast-main-header-display":"","ast-hfb-above-header-display":"","ast-hfb-below-header-display":"","ast-hfb-mobile-header-display":"","site-post-title":"","ast-breadcrumbs-content":"","ast-featured-img":"","footer-sml-layout":"","theme-transparent-header-meta":"default","adv-header-id-meta":"","stick-header-meta":"","header-above-stick-meta":"","header-main-stick-meta":"","header-below-stick-meta":""},"product_cat":[103,38],"product_tag":[],"class_list":["post-6216","product","type-product","status-publish","hentry","product_cat-balizas-led","product_cat-senalizacion-y-emergencias-led"],"_links":{"self":[{"href":"https:\/\/starlediluminacion.com\/fr\/wp-json\/wp\/v3\/product\/6216","targetHints":{"allow":["GET"]}}],"collection":[{"href":"https:\/\/starlediluminacion.com\/fr\/wp-json\/wp\/v3\/product"}],"about":[{"href":"https:\/\/starlediluminacion.com\/fr\/wp-json\/wp\/v2\/types\/product"}],"wp:attachment":[{"href":"https:\/\/starlediluminacion.com\/fr\/wp-json\/wp\/v2\/media?parent=6216"}],"wp:term":[{"taxonomy":"product_cat","embeddable":true,"href":"https:\/\/starlediluminacion.com\/fr\/wp-json\/wp\/v2\/product_cat?post=6216"},{"taxonomy":"product_tag","embeddable":true,"href":"https:\/\/starlediluminacion.com\/fr\/wp-json\/wp\/v2\/product_tag?post=6216"}],"curies":[{"name":"wp","href":"https:\/\/api.w.org\/{rel}","templated":true}]}}