{"id":6156,"date":"2022-08-13T17:44:54","date_gmt":"2022-08-13T17:44:54","guid":{"rendered":"https:\/\/starlediluminacion.com\/?post_type=product&#038;p=6156"},"modified":"2022-12-18T11:03:36","modified_gmt":"2022-12-18T11:03:36","slug":"modulo-led-50w-magnum-philips-lumileds-136ox78o-chapa-acero","status":"publish","type":"product","link":"https:\/\/starlediluminacion.com\/fr\/product\/modulo-led-50w-magnum-philips-lumileds-136ox78o-chapa-acero\/","title":{"rendered":"<p>module led 50w magnum lumileds 136\u00bax78\u00ba + plaque d'acier<\/p>"},"content":{"rendered":"<p>referencia: sl4817mg50w136-kit<div class=\"hidden-xs parrafo\">\n<p>cette&nbsp;<strong>modulo optico led<\/strong>&nbsp; lumileds de&nbsp;<strong>50w<\/strong>&nbsp;y&nbsp;<strong>136\u00ba x 78\u00ba.<\/strong>&nbsp;est fabriqu\u00e9 par une \u00e9quipe de&nbsp;<strong>84 diodes<\/strong>&nbsp;leds&nbsp;<strong>smd 3030<\/strong>&nbsp;<strong>3d<\/strong>. este m&oacute;dulo&nbsp;<strong>ip65<\/strong>. gracias a su excelente disipaci&oacute;n tiene una larga vida &uacute;til y un gran ahorro energ&eacute;tico, consiguiendo ser un producto ecol&oacute;gico. incorpora chapa de acero con pintura de poliester al horno de 1.2mm.<\/p>\n<\/div><div id=\"views_block\" class=\"clearfix\">\n<div id=\"thumbs_list\">\n<h1 dir=\"ltr\">m&oacute;dulo led 50w magnum  lumileds<br>\n136&ordm;x78&ordm; + chapa&nbsp; acero<\/h1>\n<p dir=\"ltr\">cette&nbsp;<strong>modulo led<\/strong>&nbsp;remplace les anciennes ampoules tr\u00e8s polluantes.<\/p>\n<p dir=\"ltr\">este modulo optico led de 50w y 136&ordm; x 78&ordm; est&aacute; fabricado con un equipo de 84 diodos leds smd 3030 3d. este m&oacute;dulo ip65. gracias a su excelente disipaci&oacute;n tiene una larga vida &uacute;til y un gran ahorro energ&eacute;tico, consiguiendo ser un producto ecol&oacute;gico. incorpora chapa de acero con pintura de poliester al horno de 1.2mm.<\/p>\n<p dir=\"ltr\">la qualit\u00e9 de ses mat\u00e9riaux en fait un produit essentiel pour la production d'une \u00e9nergie propre et durable.<\/p>\n<p dir=\"ltr\">esta dise&ntilde;ado para obtener una gran iluminaci&oacute;n creando ambientes perfectos especialmente para iluminar de manera amplia, gracias a su &aacute;ngulo de&nbsp;<strong>136\u00ba x 78\u00ba.<\/strong><\/p>\n<p dir=\"ltr\">su protecci&oacute;n&nbsp;<strong>ip65<\/strong>&nbsp;Le syst\u00e8me d'\u00e9tanch\u00e9it\u00e9 \u00e0 l'eau et \u00e0 l'air permet une utilisation en ext\u00e9rieur et r\u00e9siste aux \u00e9claboussures.<\/p>\n<p dir=\"ltr\">cuenta con una&nbsp;<strong>garantie<\/strong>&nbsp;de&nbsp;<strong>5 ans.<\/strong><\/p>\n<h2 dir=\"ltr\">usos del m&oacute;dulo led 50w magnum  lumileds136&ordm;x78&ordm; + chapa&nbsp; acero<\/h2>\n<ul>\n<li>lampadaires<\/li>\n<\/ul>\n<h3 class=\"page-product-heading\">d\u00e9tails techniques<\/h3>\n<div class=\"col-xs-12 col-md-6\">\n<table class=\"table table-data-sheet 1\">\n<tbody>\n<tr class=\"odd\">\n<td valign=\"middle\" width=\"32\"><\/td>\n<td valign=\"middle\">r\u00e9f\u00e9rence :<\/td>\n<td valign=\"middle\">sl4817mg50w136-kit<\/td>\n<\/tr>\n<tr class=\"even\">\n<td valign=\"middle\" width=\"32\"><\/td>\n<td valign=\"middle\">la temp\u00e9rature de la lumi\u00e8re :<\/td>\n<td valign=\"middle\">4000k-5000k<\/td>\n<\/tr>\n<tr class=\"odd\">\n<td valign=\"middle\" width=\"32\"><\/td>\n<td valign=\"middle\">cri -index de reproduction chromatique :<\/td>\n<td valign=\"middle\">80<\/td>\n<\/tr>\n<tr class=\"even\">\n<td valign=\"middle\" width=\"32\"><\/td>\n<td valign=\"middle\">mat\u00e9riau de construction :<\/td>\n<td valign=\"middle\">aluminium +pmma<\/td>\n<\/tr>\n<tr class=\"odd\">\n<td valign=\"middle\" width=\"32\"><\/td>\n<td valign=\"middle\">luminosit\u00e9-lm :<\/td>\n<td valign=\"middle\">7500 lm<\/td>\n<\/tr>\n<tr class=\"even\">\n<td valign=\"middle\" width=\"32\"><\/td>\n<td valign=\"middle\">type de LED :<\/td>\n<td valign=\"middle\">84 diodes smd 3030  lumileds 3d (3 corel)<\/td>\n<\/tr>\n<tr class=\"odd\">\n<td valign=\"middle\" width=\"32\"><\/td>\n<td valign=\"middle\">angle d'ouverture (\u00ba) :<\/td>\n<td valign=\"middle\">136\u00ba x 78\u00ba.<\/td>\n<\/tr>\n<tr class=\"even\">\n<td valign=\"middle\" width=\"32\"><\/td>\n<td valign=\"middle\">efficacit\u00e9 des diodes LED (lm\/w) :<\/td>\n<td valign=\"middle\">180 lm\/w<\/td>\n<\/tr>\n<tr class=\"odd\">\n<td valign=\"middle\" width=\"32\"><\/td>\n<td valign=\"middle\">efficacit\u00e9 lumineuse (lm\/w) :<\/td>\n<td valign=\"middle\">150 lm\/w<\/td>\n<\/tr>\n<tr class=\"even\">\n<td valign=\"middle\" width=\"32\"><\/td>\n<td valign=\"middle\">certificats :<\/td>\n<td valign=\"middle\">ce - rohs<\/td>\n<\/tr>\n<tr class=\"odd\">\n<td valign=\"middle\" width=\"32\"><\/td>\n<td valign=\"middle\">degr\u00e9 d'ip :<\/td>\n<td valign=\"middle\">ip65-externe<\/td>\n<\/tr>\n<tr class=\"even\">\n<td valign=\"middle\" width=\"32\"><\/td>\n<td valign=\"middle\">dur\u00e9e de vie estim\u00e9e de la diode LED (h) :<\/td>\n<td valign=\"middle\">50.000<\/td>\n<\/tr>\n<\/tbody>\n<\/table>\n<\/div>\n<div class=\"col-xs-12 col-md-6 2\">\n<table class=\"table table-data-sheet 2\">\n<tbody>\n<tr class=\"odd\">\n<td valign=\"middle\" width=\"32\"><\/td>\n<td valign=\"middle\">dimensions (mm) :<\/td>\n<td valign=\"middle\">380x330xh60mm<\/td>\n<\/tr>\n<tr class=\"even\">\n<td valign=\"middle\" width=\"32\"><\/td>\n<td valign=\"middle\">facteur de puissance (pf) :<\/td>\n<td valign=\"middle\">0,95<\/td>\n<\/tr>\n<tr class=\"odd\">\n<td valign=\"middle\" width=\"32\"><\/td>\n<td valign=\"middle\">fr\u00e9quence de travail (hz) :<\/td>\n<td valign=\"middle\">50\/60hz<\/td>\n<\/tr>\n<tr class=\"even\">\n<td valign=\"middle\" width=\"32\"><\/td>\n<td valign=\"middle\">plage de temp\u00e9rature (\u00baC) :<\/td>\n<td valign=\"middle\">-15\u00ba+70\u00ba -15\u00ba+70\u00ba -15\u00ba+70\u00ba -15\u00ba+70\u00ba -15\u00ba+70\u00ba -15\u00ba+70\u00ba<\/td>\n<\/tr>\n<tr class=\"odd\">\n<td valign=\"middle\" width=\"32\"><\/td>\n<td valign=\"middle\">les cycles d'allumage :<\/td>\n<td valign=\"middle\">100.000<\/td>\n<\/tr>\n<tr class=\"even\">\n<td valign=\"middle\" width=\"32\"><\/td>\n<td valign=\"middle\">temps de d\u00e9marrage (s) :<\/td>\n<td valign=\"middle\">0,2s<\/td>\n<\/tr>\n<tr class=\"odd\">\n<td valign=\"middle\" width=\"32\"><\/td>\n<td valign=\"middle\">des informations compl\u00e9mentaires :<\/td>\n<td valign=\"middle\">driver: 23-43 vdc 1300ma +-5%<\/td>\n<\/tr>\n<tr class=\"even\">\n<td valign=\"middle\" width=\"32\"><\/td>\n<td valign=\"middle\">protection contre les chocs (ik) :<\/td>\n<td valign=\"middle\">ik10<\/td>\n<\/tr>\n<tr class=\"odd\">\n<td valign=\"middle\" width=\"32\"><\/td>\n<td valign=\"middle\">conducteur inclus :<\/td>\n<td valign=\"middle\">driver gxtronic &ndash; 5 years<\/td>\n<\/tr>\n<tr class=\"even\">\n<td valign=\"middle\" width=\"32\"><\/td>\n<td valign=\"middle\">classe \u00e9nerg\u00e9tique (2021-EU-2019\/2015) :<\/td>\n<td valign=\"middle\">a+<\/td>\n<\/tr>\n<tr class=\"odd\">\n<td valign=\"middle\" width=\"32\"><\/td>\n<td valign=\"middle\">ann\u00e9es de garantie :<\/td>\n<td valign=\"middle\">5<\/td>\n<\/tr>\n<\/tbody>\n<\/table>\n<\/div>\n<\/div>\n<\/div><\/p>","protected":false},"excerpt":{"rendered":"<div class=\"col-md-12\"><i class=\"fa fa-truck\"><\/i>&nbsp;<span class=\"text-muted textprop\">Livraison dans les 24\/48 heures<\/span><div class=\"col-md-12\"><i class=\"fa fa-exchange\"><\/i>&nbsp;<span class=\"text-muted textprop\">Garantie assur\u00e9e<\/span><\/div><div class=\"col-md-12\"><i class=\"fa fa-box\"><\/i>&nbsp;<span class=\"text-muted textprop\">10 unit\u00e9(s) par bo\u00eete \u00e0 outils<\/span><\/div><div><strong>TEMP\u00c9RATURE DE COULEUR : 4000K\/5000K<\/strong><\/div><\/div>","protected":false},"featured_media":6165,"template":"","meta":{"site-sidebar-layout":"default","site-content-layout":"default","ast-global-header-display":"","ast-main-header-display":"","ast-hfb-above-header-display":"","ast-hfb-below-header-display":"","ast-hfb-mobile-header-display":"","site-post-title":"","ast-breadcrumbs-content":"","ast-featured-img":"","footer-sml-layout":"","theme-transparent-header-meta":"default","adv-header-id-meta":"","stick-header-meta":"","header-above-stick-meta":"","header-main-stick-meta":"","header-below-stick-meta":""},"product_cat":[84,30,98,28],"product_tag":[],"class_list":["post-6156","product","type-product","status-publish","has-post-thumbnail","hentry","product_cat-foco-proyector-serie-diy-magnum","product_cat-iluminacion-publica-y-vial","product_cat-lamparas-y-modulos-para-farolas-led","product_cat-proyectores-led-exterior-y-jardin"],"yoast_head":"<!-- This site is optimized with the Yoast SEO plugin v27.4 - https:\/\/yoast.com\/product\/yoast-seo-wordpress\/ -->\n<title>m\u00f3dulo led 50w magnum lumileds 136\u00bax78\u00ba + chapa acero - STARLED Iluminacion<\/title>\n<meta name=\"robots\" content=\"index, follow, max-snippet:-1, max-image-preview:large, max-video-preview:-1\" \/>\n<link rel=\"canonical\" href=\"https:\/\/starlediluminacion.com\/fr\/product\/modulo-led-50w-magnum-philips-lumileds-136ox78o-piastra-dacciaio\/\" \/>\n<meta property=\"og:locale\" content=\"fr_FR\" \/>\n<meta property=\"og:type\" content=\"article\" \/>\n<meta property=\"og:title\" content=\"m\u00f3dulo led 50w magnum lumileds 136\u00bax78\u00ba + chapa acero - STARLED Iluminacion\" \/>\n<meta property=\"og:description\" content=\"\u00a0Entrega en 24\/48 horas \u00a0Garant\u00eda asegurada \u00a010 unidad(es) por Masterbox TEMPERATURA DE COLOR: 4000K\/5000K\" \/>\n<meta property=\"og:url\" content=\"https:\/\/starlediluminacion.com\/fr\/product\/modulo-led-50w-magnum-philips-lumileds-136ox78o-piastra-dacciaio\/\" \/>\n<meta property=\"og:site_name\" content=\"STARLED Iluminacion\" \/>\n<meta property=\"article:modified_time\" content=\"2022-12-18T11:03:36+00:00\" \/>\n<meta property=\"og:image\" content=\"https:\/\/starlediluminacion.com\/wp-content\/uploads\/2022\/08\/modulo-led-50w-magnum-bridgelux-136x78-chapa-acero-factorled.jpg\" \/>\n\t<meta property=\"og:image:width\" content=\"1000\" \/>\n\t<meta property=\"og:image:height\" content=\"1000\" \/>\n\t<meta property=\"og:image:type\" content=\"image\/jpeg\" \/>\n<meta name=\"twitter:card\" content=\"summary_large_image\" \/>\n<meta name=\"twitter:label1\" content=\"Dur\u00e9e de lecture estim\u00e9e\" \/>\n\t<meta name=\"twitter:data1\" content=\"2 minutes\" \/>\n<script type=\"application\/ld+json\" class=\"yoast-schema-graph\">{\"@context\":\"https:\\\/\\\/schema.org\",\"@graph\":[{\"@type\":\"WebPage\",\"@id\":\"https:\\\/\\\/starlediluminacion.com\\\/it\\\/product\\\/modulo-led-50w-magnum-philips-lumileds-136ox78o-piastra-dacciaio\\\/\",\"url\":\"https:\\\/\\\/starlediluminacion.com\\\/it\\\/product\\\/modulo-led-50w-magnum-philips-lumileds-136ox78o-piastra-dacciaio\\\/\",\"name\":\"m\u00f3dulo led 50w magnum lumileds 136\u00bax78\u00ba + chapa acero - STARLED Iluminacion\",\"isPartOf\":{\"@id\":\"https:\\\/\\\/starlediluminacion.com\\\/#website\"},\"primaryImageOfPage\":{\"@id\":\"https:\\\/\\\/starlediluminacion.com\\\/it\\\/product\\\/modulo-led-50w-magnum-philips-lumileds-136ox78o-piastra-dacciaio\\\/#primaryimage\"},\"image\":{\"@id\":\"https:\\\/\\\/starlediluminacion.com\\\/it\\\/product\\\/modulo-led-50w-magnum-philips-lumileds-136ox78o-piastra-dacciaio\\\/#primaryimage\"},\"thumbnailUrl\":\"https:\\\/\\\/starlediluminacion.com\\\/wp-content\\\/uploads\\\/2022\\\/08\\\/modulo-led-50w-magnum-bridgelux-136x78-chapa-acero-factorled.jpg\",\"datePublished\":\"2022-08-13T17:44:54+00:00\",\"dateModified\":\"2022-12-18T11:03:36+00:00\",\"breadcrumb\":{\"@id\":\"https:\\\/\\\/starlediluminacion.com\\\/it\\\/product\\\/modulo-led-50w-magnum-philips-lumileds-136ox78o-piastra-dacciaio\\\/#breadcrumb\"},\"inLanguage\":\"fr-FR\",\"potentialAction\":[{\"@type\":\"ReadAction\",\"target\":[\"https:\\\/\\\/starlediluminacion.com\\\/it\\\/product\\\/modulo-led-50w-magnum-philips-lumileds-136ox78o-piastra-dacciaio\\\/\"]}]},{\"@type\":\"ImageObject\",\"inLanguage\":\"fr-FR\",\"@id\":\"https:\\\/\\\/starlediluminacion.com\\\/it\\\/product\\\/modulo-led-50w-magnum-philips-lumileds-136ox78o-piastra-dacciaio\\\/#primaryimage\",\"url\":\"https:\\\/\\\/starlediluminacion.com\\\/wp-content\\\/uploads\\\/2022\\\/08\\\/modulo-led-50w-magnum-bridgelux-136x78-chapa-acero-factorled.jpg\",\"contentUrl\":\"https:\\\/\\\/starlediluminacion.com\\\/wp-content\\\/uploads\\\/2022\\\/08\\\/modulo-led-50w-magnum-bridgelux-136x78-chapa-acero-factorled.jpg\",\"width\":1000,\"height\":1000},{\"@type\":\"BreadcrumbList\",\"@id\":\"https:\\\/\\\/starlediluminacion.com\\\/it\\\/product\\\/modulo-led-50w-magnum-philips-lumileds-136ox78o-piastra-dacciaio\\\/#breadcrumb\",\"itemListElement\":[{\"@type\":\"ListItem\",\"position\":1,\"name\":\"Portada\",\"item\":\"https:\\\/\\\/starlediluminacion.com\\\/\"},{\"@type\":\"ListItem\",\"position\":2,\"name\":\"Shop\",\"item\":\"https:\\\/\\\/starlediluminacion.com\\\/shop-2\\\/\"},{\"@type\":\"ListItem\",\"position\":3,\"name\":\"m\u00f3dulo led 50w magnum lumileds 136\u00bax78\u00ba + chapa acero\"}]},{\"@type\":\"WebSite\",\"@id\":\"https:\\\/\\\/starlediluminacion.com\\\/#website\",\"url\":\"https:\\\/\\\/starlediluminacion.com\\\/\",\"name\":\"STARLED Iluminacion\",\"description\":\"\",\"potentialAction\":[{\"@type\":\"SearchAction\",\"target\":{\"@type\":\"EntryPoint\",\"urlTemplate\":\"https:\\\/\\\/starlediluminacion.com\\\/?s={search_term_string}\"},\"query-input\":{\"@type\":\"PropertyValueSpecification\",\"valueRequired\":true,\"valueName\":\"search_term_string\"}}],\"inLanguage\":\"fr-FR\"}]}<\/script>\n<!-- \/ Yoast SEO plugin. -->","yoast_head_json":{"title":"m\u00f3dulo led 50w magnum lumileds 136\u00bax78\u00ba + chapa acero - STARLED Iluminacion","robots":{"index":"index","follow":"follow","max-snippet":"max-snippet:-1","max-image-preview":"max-image-preview:large","max-video-preview":"max-video-preview:-1"},"canonical":"https:\/\/starlediluminacion.com\/fr\/product\/modulo-led-50w-magnum-philips-lumileds-136ox78o-piastra-dacciaio\/","og_locale":"fr_FR","og_type":"article","og_title":"m\u00f3dulo led 50w magnum lumileds 136\u00bax78\u00ba + chapa acero - STARLED Iluminacion","og_description":"\u00a0Entrega en 24\/48 horas \u00a0Garant\u00eda asegurada \u00a010 unidad(es) por Masterbox TEMPERATURA DE COLOR: 4000K\/5000K","og_url":"https:\/\/starlediluminacion.com\/fr\/product\/modulo-led-50w-magnum-philips-lumileds-136ox78o-piastra-dacciaio\/","og_site_name":"STARLED Iluminacion","article_modified_time":"2022-12-18T11:03:36+00:00","og_image":[{"width":1000,"height":1000,"url":"https:\/\/starlediluminacion.com\/wp-content\/uploads\/2022\/08\/modulo-led-50w-magnum-bridgelux-136x78-chapa-acero-factorled.jpg","type":"image\/jpeg"}],"twitter_card":"summary_large_image","twitter_misc":{"Dur\u00e9e de lecture estim\u00e9e":"2 minutes"},"schema":{"@context":"https:\/\/schema.org","@graph":[{"@type":"WebPage","@id":"https:\/\/starlediluminacion.com\/it\/product\/modulo-led-50w-magnum-philips-lumileds-136ox78o-piastra-dacciaio\/","url":"https:\/\/starlediluminacion.com\/it\/product\/modulo-led-50w-magnum-philips-lumileds-136ox78o-piastra-dacciaio\/","name":"m\u00f3dulo led 50w magnum lumileds 136\u00bax78\u00ba + chapa acero - STARLED Iluminacion","isPartOf":{"@id":"https:\/\/starlediluminacion.com\/#website"},"primaryImageOfPage":{"@id":"https:\/\/starlediluminacion.com\/it\/product\/modulo-led-50w-magnum-philips-lumileds-136ox78o-piastra-dacciaio\/#primaryimage"},"image":{"@id":"https:\/\/starlediluminacion.com\/it\/product\/modulo-led-50w-magnum-philips-lumileds-136ox78o-piastra-dacciaio\/#primaryimage"},"thumbnailUrl":"https:\/\/starlediluminacion.com\/wp-content\/uploads\/2022\/08\/modulo-led-50w-magnum-bridgelux-136x78-chapa-acero-factorled.jpg","datePublished":"2022-08-13T17:44:54+00:00","dateModified":"2022-12-18T11:03:36+00:00","breadcrumb":{"@id":"https:\/\/starlediluminacion.com\/it\/product\/modulo-led-50w-magnum-philips-lumileds-136ox78o-piastra-dacciaio\/#breadcrumb"},"inLanguage":"fr-FR","potentialAction":[{"@type":"ReadAction","target":["https:\/\/starlediluminacion.com\/it\/product\/modulo-led-50w-magnum-philips-lumileds-136ox78o-piastra-dacciaio\/"]}]},{"@type":"ImageObject","inLanguage":"fr-FR","@id":"https:\/\/starlediluminacion.com\/it\/product\/modulo-led-50w-magnum-philips-lumileds-136ox78o-piastra-dacciaio\/#primaryimage","url":"https:\/\/starlediluminacion.com\/wp-content\/uploads\/2022\/08\/modulo-led-50w-magnum-bridgelux-136x78-chapa-acero-factorled.jpg","contentUrl":"https:\/\/starlediluminacion.com\/wp-content\/uploads\/2022\/08\/modulo-led-50w-magnum-bridgelux-136x78-chapa-acero-factorled.jpg","width":1000,"height":1000},{"@type":"BreadcrumbList","@id":"https:\/\/starlediluminacion.com\/it\/product\/modulo-led-50w-magnum-philips-lumileds-136ox78o-piastra-dacciaio\/#breadcrumb","itemListElement":[{"@type":"ListItem","position":1,"name":"Portada","item":"https:\/\/starlediluminacion.com\/"},{"@type":"ListItem","position":2,"name":"Shop","item":"https:\/\/starlediluminacion.com\/shop-2\/"},{"@type":"ListItem","position":3,"name":"m\u00f3dulo led 50w magnum lumileds 136\u00bax78\u00ba + chapa acero"}]},{"@type":"WebSite","@id":"https:\/\/starlediluminacion.com\/#website","url":"https:\/\/starlediluminacion.com\/","name":"STARLED Iluminacion","description":"","potentialAction":[{"@type":"SearchAction","target":{"@type":"EntryPoint","urlTemplate":"https:\/\/starlediluminacion.com\/?s={search_term_string}"},"query-input":{"@type":"PropertyValueSpecification","valueRequired":true,"valueName":"search_term_string"}}],"inLanguage":"fr-FR"}]}},"_links":{"self":[{"href":"https:\/\/starlediluminacion.com\/fr\/wp-json\/wp\/v3\/product\/6156","targetHints":{"allow":["GET"]}}],"collection":[{"href":"https:\/\/starlediluminacion.com\/fr\/wp-json\/wp\/v3\/product"}],"about":[{"href":"https:\/\/starlediluminacion.com\/fr\/wp-json\/wp\/v2\/types\/product"}],"wp:featuredmedia":[{"embeddable":true,"href":"https:\/\/starlediluminacion.com\/fr\/wp-json\/wp\/v2\/media\/6165"}],"wp:attachment":[{"href":"https:\/\/starlediluminacion.com\/fr\/wp-json\/wp\/v2\/media?parent=6156"}],"wp:term":[{"taxonomy":"product_cat","embeddable":true,"href":"https:\/\/starlediluminacion.com\/fr\/wp-json\/wp\/v2\/product_cat?post=6156"},{"taxonomy":"product_tag","embeddable":true,"href":"https:\/\/starlediluminacion.com\/fr\/wp-json\/wp\/v2\/product_tag?post=6156"}],"curies":[{"name":"wp","href":"https:\/\/api.w.org\/{rel}","templated":true}]}}