{"id":6103,"date":"2022-08-12T20:48:33","date_gmt":"2022-08-12T20:48:33","guid":{"rendered":"https:\/\/starlediluminacion.com\/?post_type=product&#038;p=6103"},"modified":"2022-08-12T20:48:33","modified_gmt":"2022-08-12T20:48:33","slug":"foco-proyector-exterior-led-50w-evolution-ip65-osram-chip-140lm-w","status":"publish","type":"product","link":"https:\/\/starlediluminacion.com\/fr\/product\/spotlight-projector-outdoor-led-50w-evolution-ip65-osram-chip-140lm-w\/","title":{"rendered":"<p>50W EVOLUTION IP65 Osram Chip 140Lm\/W Projecteur LED ext\u00e9rieur LED 50W EVOLUTION IP65 Osram Chip 140Lm\/W<\/p>"},"content":{"rendered":"<p><label>R\u00c9F\u00c9RENCE : SLFP50EVO<\/label><p><strong>Spot LED 50W EVOLUTION Osram Chip.<\/strong>&nbsp;Son design avant-gardiste le rend particuli\u00e8rement adapt\u00e9 \u00e0 l'\u00e9clairage architectural, publicitaire et d\u00e9coratif. R\u00e9duit la consommation de watts et donc la facture d'\u00e9lectricit\u00e9. Allumage et extinction instantan\u00e9s avec protection&nbsp;<strong>IP65<\/strong>&nbsp;ce qui permet de l'utiliser aussi bien \u00e0 l'int\u00e9rieur qu'\u00e0 l'ext\u00e9rieur.<\/p><h1>Projecteur ext\u00e9rieur 50W EVOLUTION IP65 50W EVOLUTION Osram Chip<\/h1><p>Les<strong>&nbsp;EVOLUTION Projecteur LED 50W Osram Chip holophotes&nbsp;<\/strong>est parfait pour l'\u00e9clairage architectural, publicitaire et d\u00e9coratif. Gr\u00e2ce \u00e0 son&nbsp;<strong>Angle de 120<\/strong>&nbsp;permet \u00e0 la lumi\u00e8re d'\u00eatre distribu\u00e9e de mani\u00e8re homog\u00e8ne l\u00e0 o\u00f9 elle est n\u00e9cessaire.<strong>&nbsp;un \u00e9clairage abondant.&nbsp;<\/strong>Gr\u00e2ce \u00e0 la couleur noire du bo\u00eetier, vous pouvez am\u00e9nager vos espaces de mani\u00e8re exclusive, en cr\u00e9ant des atmosph\u00e8res \u00e9l\u00e9gantes et modernes.<\/p><p>En outre, le projecteur est con\u00e7u pour \u00eatre utilis\u00e9 dans diff\u00e9rents espaces.&nbsp;<strong>IP65<\/strong>&nbsp;afin qu'il puisse \u00eatre utilis\u00e9 \u00e0 la fois dans le domaine de l'\u00e9ducation et de la formation.&nbsp;<strong>\u00e0 l'ext\u00e9rieur&nbsp;<\/strong>\u00e0 partir de<strong>&nbsp;\u00e0 l'int\u00e9rieur des terres ; &nbsp;&nbsp;<\/strong>o\u00f9 une haute qualit\u00e9 de lumi\u00e8re est requise et en plus&nbsp;<strong>r\u00e9duire les factures d'\u00e9lectricit\u00e9.<\/strong><\/p><p>Vous disposez de 3 options de couleur pour les produits : temp\u00e9ratures de couleur, blanc chaud (<strong>3000K<\/strong>) blanc neutre (<strong>4000k<\/strong>) et blanc froid (<strong>6000k<\/strong>).<\/p><p>Il est compos\u00e9 de&nbsp;<strong>aluminium<\/strong>&nbsp;y&nbsp;<strong>verre<\/strong>&nbsp;La haute r\u00e9sistance du produit augmente sa dur\u00e9e de vie, ce qui prolonge son fonctionnement et lui permet d'offrir des performances maximales.<\/p><p>&nbsp;<\/p><h2>50W EVOLUTION IP65 Osram Chip Projecteur LED d'ext\u00e9rieur 50W EVOLUTION IP65 Osram Chip Applications<\/h2><ul>\n<li>Jardins<\/li>\n<li>Les parcs<\/li>\n<li>Lieux<\/li>\n<li>Ronds-points<\/li>\n<li>Mus\u00e9es<\/li>\n<li>Voies d'acc\u00e8s<\/li>\n<li>Galeries<\/li>\n<\/ul><h3 class=\"page-product-heading\">DONN\u00c9ES TECHNIQUES<\/h3><div class=\"col-xs-12 col-md-6\">\n<table class=\"table table-data-sheet 1\">\n<tbody>\n<tr class=\"odd\">\n<td valign=\"middle\" width=\"32\"><\/td>\n<td valign=\"middle\">REFERENCE :<\/td>\n<td valign=\"middle\">SLFP50EVO<\/td>\n<\/tr>\n<tr class=\"even\">\n<td valign=\"middle\" width=\"32\"><\/td>\n<td valign=\"middle\">Puissance nominale :<\/td>\n<td valign=\"middle\">50w<\/td>\n<\/tr>\n<tr class=\"odd\">\n<td valign=\"middle\" width=\"32\"><\/td>\n<td valign=\"middle\">Tension nominale :<\/td>\n<td valign=\"middle\">180-265V<\/td>\n<\/tr>\n<tr class=\"even\">\n<td valign=\"middle\" width=\"32\"><\/td>\n<td valign=\"middle\">Temp\u00e9rature de la lumi\u00e8re :<\/td>\n<td valign=\"middle\">3000K - 4000K - 6000K<\/td>\n<\/tr>\n<tr class=\"odd\">\n<td valign=\"middle\" width=\"32\"><\/td>\n<td valign=\"middle\">CRI - Indice de rendu des couleurs :<\/td>\n<td valign=\"middle\">80<\/td>\n<\/tr>\n<tr class=\"even\">\n<td valign=\"middle\" width=\"32\"><\/td>\n<td valign=\"middle\">Mat\u00e9riaux de construction :<\/td>\n<td valign=\"middle\">Aluminium + verre<\/td>\n<\/tr>\n<tr class=\"odd\">\n<td valign=\"middle\" width=\"32\"><\/td>\n<td valign=\"middle\">Luminosit\u00e9-Lm :<\/td>\n<td valign=\"middle\">7000<\/td>\n<\/tr>\n<tr class=\"even\">\n<td valign=\"middle\" width=\"32\"><\/td>\n<td valign=\"middle\">Type de DEL :<\/td>\n<td valign=\"middle\">SMD 2835 OSRAM CHIP<\/td>\n<\/tr>\n<tr class=\"odd\">\n<td valign=\"middle\" width=\"32\"><\/td>\n<td valign=\"middle\">Angle d'ouverture (\u00ba) :<\/td>\n<td valign=\"middle\">103\u00ba<\/td>\n<\/tr>\n<tr class=\"even\">\n<td valign=\"middle\" width=\"32\"><\/td>\n<td valign=\"middle\">Efficacit\u00e9 de la diode LED (Lm\/W) :<\/td>\n<td valign=\"middle\">150Lm\/W<\/td>\n<\/tr>\n<tr class=\"odd\">\n<td valign=\"middle\" width=\"32\"><\/td>\n<td valign=\"middle\">Efficacit\u00e9 lumineuse (Lm\/W) :<\/td>\n<td valign=\"middle\">140Lm\/W<\/td>\n<\/tr>\n<tr class=\"even\">\n<td valign=\"middle\" width=\"32\"><\/td>\n<td valign=\"middle\">Certificats :<\/td>\n<td valign=\"middle\">CE - ROHS<\/td>\n<\/tr>\n<\/tbody>\n<\/table>\n<\/div><div class=\"col-xs-12 col-md-6 2\">\n<table class=\"table table-data-sheet 2\">\n<tbody>\n<tr class=\"odd\">\n<td valign=\"middle\" width=\"32\"><\/td>\n<td valign=\"middle\">Indice de protection IP :<\/td>\n<td valign=\"middle\">IP65-Ext\u00e9rieur<\/td>\n<\/tr>\n<tr class=\"even\">\n<td valign=\"middle\" width=\"32\"><\/td>\n<td valign=\"middle\">Dur\u00e9e de vie estim\u00e9e de la diode LED (H) :<\/td>\n<td valign=\"middle\">35.000<\/td>\n<\/tr>\n<tr class=\"odd\">\n<td valign=\"middle\" width=\"32\"><\/td>\n<td valign=\"middle\">Dimensions (mm) :<\/td>\n<td valign=\"middle\">240x200x45 mm<\/td>\n<\/tr>\n<tr class=\"even\">\n<td valign=\"middle\" width=\"32\"><\/td>\n<td valign=\"middle\">Facteur de puissance (PF) :<\/td>\n<td valign=\"middle\">0.95<\/td>\n<\/tr>\n<tr class=\"odd\">\n<td valign=\"middle\" width=\"32\"><\/td>\n<td valign=\"middle\">Fr\u00e9quence de travail (Hz) :<\/td>\n<td valign=\"middle\">50\/60Hz<\/td>\n<\/tr>\n<tr class=\"even\">\n<td valign=\"middle\" width=\"32\"><\/td>\n<td valign=\"middle\">Plage de temp\u00e9rature (\u00baC) :<\/td>\n<td valign=\"middle\">-20\u00b0C ~ +55\u00b0C<\/td>\n<\/tr>\n<tr class=\"odd\">\n<td valign=\"middle\" width=\"32\"><\/td>\n<td valign=\"middle\">Cycles d'allumage :<\/td>\n<td valign=\"middle\">100.000<\/td>\n<\/tr>\n<tr class=\"even\">\n<td valign=\"middle\" width=\"32\"><\/td>\n<td valign=\"middle\">Temps de d\u00e9marrage (s) :<\/td>\n<td valign=\"middle\">0,2s<\/td>\n<\/tr>\n<tr class=\"odd\">\n<td valign=\"middle\" width=\"32\"><\/td>\n<td valign=\"middle\">Informations compl\u00e9mentaires :<\/td>\n<td valign=\"middle\">FORTE LUMINOSIT\u00c9<\/td>\n<\/tr>\n<tr class=\"even\">\n<td valign=\"middle\" width=\"32\"><\/td>\n<td valign=\"middle\">Classe \u00e9nerg\u00e9tique (2021-EU-2019\/2015) :<\/td>\n<td valign=\"middle\">A+<\/td>\n<\/tr>\n<tr class=\"odd\">\n<td valign=\"middle\" width=\"32\"><\/td>\n<td valign=\"middle\">Ann\u00e9es de garantie :<\/td>\n<td valign=\"middle\">5<\/td>\n<\/tr>\n<\/tbody>\n<\/table>\n<p>&nbsp;<\/p>\n<\/div><\/p>","protected":false},"excerpt":{"rendered":"<div class=\"col-md-12\"><i class=\"fa fa-truck\"><\/i>&nbsp;<span class=\"text-muted textprop\">Livraison dans les 24\/48 heures<\/span><div class=\"col-md-12\"><i class=\"fa fa-exchange\"><\/i>&nbsp;<span class=\"text-muted textprop\">Garantie assur\u00e9e<\/span><\/div><div class=\"col-md-12\"><i class=\"fa fa-box\"><\/i>&nbsp;<span class=\"text-muted textprop\">20 unit\u00e9(s) par bo\u00eete \u00e0 outils<\/span><\/div><div><strong>TEMP\u00c9RATURE DE COULEUR : 3000K\/4000K\/6000K<\/strong><\/div><\/div>","protected":false},"featured_media":6105,"template":"","meta":{"site-sidebar-layout":"default","site-content-layout":"default","ast-global-header-display":"","ast-main-header-display":"","ast-hfb-above-header-display":"","ast-hfb-below-header-display":"","ast-hfb-mobile-header-display":"","site-post-title":"","ast-breadcrumbs-content":"","ast-featured-img":"","footer-sml-layout":"","theme-transparent-header-meta":"default","adv-header-id-meta":"","stick-header-meta":"","header-above-stick-meta":"","header-main-stick-meta":"","header-below-stick-meta":""},"product_cat":[82,28],"product_tag":[],"class_list":["post-6103","product","type-product","status-publish","has-post-thumbnail","hentry","product_cat-foco-proyector-serie-evolution","product_cat-proyectores-led-exterior-y-jardin"],"_links":{"self":[{"href":"https:\/\/starlediluminacion.com\/fr\/wp-json\/wp\/v3\/product\/6103","targetHints":{"allow":["GET"]}}],"collection":[{"href":"https:\/\/starlediluminacion.com\/fr\/wp-json\/wp\/v3\/product"}],"about":[{"href":"https:\/\/starlediluminacion.com\/fr\/wp-json\/wp\/v2\/types\/product"}],"wp:featuredmedia":[{"embeddable":true,"href":"https:\/\/starlediluminacion.com\/fr\/wp-json\/wp\/v2\/media\/6105"}],"wp:attachment":[{"href":"https:\/\/starlediluminacion.com\/fr\/wp-json\/wp\/v2\/media?parent=6103"}],"wp:term":[{"taxonomy":"product_cat","embeddable":true,"href":"https:\/\/starlediluminacion.com\/fr\/wp-json\/wp\/v2\/product_cat?post=6103"},{"taxonomy":"product_tag","embeddable":true,"href":"https:\/\/starlediluminacion.com\/fr\/wp-json\/wp\/v2\/product_tag?post=6103"}],"curies":[{"name":"wp","href":"https:\/\/api.w.org\/{rel}","templated":true}]}}