{"id":6020,"date":"2022-08-12T19:48:45","date_gmt":"2022-08-12T19:48:45","guid":{"rendered":"https:\/\/starlediluminacion.com\/?post_type=product&#038;p=6020"},"modified":"2022-08-12T19:48:46","modified_gmt":"2022-08-12T19:48:46","slug":"foco-proyector-led-30w-new-evolution-osram-chip-con-sensor-movimiento-pir","status":"publish","type":"product","link":"https:\/\/starlediluminacion.com\/fr\/product\/projecteur-led-30-nouvelle-evolution-osram-chip-avec-capteur-de-motion-pir\/","title":{"rendered":"<p>30W NEW EVOLUTION OSRAM Chip LED Floodlight 30W avec d\u00e9tecteur de mouvement PIR<\/p>"},"content":{"rendered":"<p>NUM\u00c9RO DE PI\u00c8CE : SLFLOSRS30W-PIR-90559<p dir=\"ltr\">Le pr\u00e9sent&nbsp;<strong>Projecteur LED 30W avec d\u00e9tecteur de mouvement NOUVELLE \u00c9VOLUTION OSRAM CHIP,<\/strong>&nbsp;est une avanc\u00e9e technologique dans le domaine de la haute efficacit\u00e9.<\/p><p dir=\"ltr\">Il s'allume automatiquement lorsqu'il d\u00e9tecte un mouvement et dispose d'un syst\u00e8me de protection.&nbsp;<strong>IP44<\/strong>&nbsp;R\u00e9sistant \u00e0 la pluie et \u00e0 la rouille. M\u00eame en cas de neige ou de pluie, il est \u00e9quip\u00e9 d'un capteur cr\u00e9pusculaire et d'une minuterie.<\/p><h1>Projecteur LED 30W avec d\u00e9tecteur de mouvement NEW EVOLUTION OSRAM CHIP<\/h1><p>Il est fabriqu\u00e9 en aluminium&nbsp;<strong>GRIS<\/strong>&nbsp;-RAL9006- et d'un verre de haute qualit\u00e9, et s'installe au moyen d'un support qui permet d'incliner l'\u00e9cran.&nbsp;<strong>se focaliser<\/strong>&nbsp;de&nbsp;<strong>30W<\/strong>&nbsp;\u00e0 diff\u00e9rents postes.<\/p><p>Gr\u00e2ce \u00e0 son&nbsp;<strong>d\u00e9tecteur de mouvement<\/strong>&nbsp;est capable de&nbsp;<strong>d\u00e9tecter la pr\u00e9sence<\/strong>&nbsp;optimiser son utilisation et \u00e9conomiser l'\u00e9nergie, son mode de fonctionnement est&nbsp;<strong>contr\u00f4le<\/strong>&nbsp;est pour&nbsp;<strong>infrarouge<\/strong>.<\/p><p>Sa puissante source lumineuse est largement suffisante pour remplacer les luminaires, m\u00eame industriels, en \u00e9conomisant jusqu'\u00e0 80% de consommation d'\u00e9lectricit\u00e9.<\/p><p>Elle se distingue par son efficacit\u00e9, son IRC \u00e9lev\u00e9, son facteur de puissance \u00e9lev\u00e9 et sa robustesse. Elle a un&nbsp;<strong>IP44<\/strong>&nbsp;et avec une protection contre les chocs IK06.<\/p><p>Il offre une tr\u00e8s grande qualit\u00e9 d'\u00e9clairage gr\u00e2ce \u00e0 son indice de rendu chromatique (IRC) \u00e9lev\u00e9 (+80), m\u00eame dans les installations situ\u00e9es \u00e0 5 ou 6 m\u00e8tres de hauteur.<\/p><p>Gr\u00e2ce \u00e0 sa fiabilit\u00e9, sa puissance et sa durabilit\u00e9, il peut \u00eatre utilis\u00e9 dans tous les types d'installations int\u00e9rieures et ext\u00e9rieures.<\/p><p>Profitez dans notre boutique en ligne de l'\u00e9clairage FactorLED de la plus haute qualit\u00e9, au meilleur prix pour ce produit et avec une garantie de cinq ans.<\/p><p>&nbsp;<\/p><h2><strong>Applications du projecteur LED 30W NEW EVOLUTION OSRAM Chip avec d\u00e9tecteur de mouvement PIR<\/strong><\/h2><ul>\n<li>Jardins<\/li>\n<li>Les parcs<\/li>\n<li>Lieux<\/li>\n<li>Ronds-points<\/li>\n<li>Mus\u00e9es<\/li>\n<li>Voies d'acc\u00e8s<\/li>\n<li>Galeries<\/li>\n<\/ul><h3 class=\"page-product-heading\">DONN\u00c9ES TECHNIQUES<\/h3><div class=\"col-xs-12 col-md-6\">\n<table class=\"table table-data-sheet 1\">\n<tbody>\n<tr class=\"odd\">\n<td valign=\"middle\" width=\"32\"><\/td>\n<td valign=\"middle\">REFERENCE :<\/td>\n<td valign=\"middle\">SLFLOSRS30W-PIR<\/td>\n<\/tr>\n<tr class=\"even\">\n<td valign=\"middle\" width=\"32\"><\/td>\n<td valign=\"middle\">Puissance nominale :<\/td>\n<td valign=\"middle\">30W<\/td>\n<\/tr>\n<tr class=\"odd\">\n<td valign=\"middle\" width=\"32\"><\/td>\n<td valign=\"middle\">Tension nominale :<\/td>\n<td valign=\"middle\">175-265V<\/td>\n<\/tr>\n<tr class=\"even\">\n<td valign=\"middle\" width=\"32\"><\/td>\n<td valign=\"middle\">Temp\u00e9rature de la lumi\u00e8re :<\/td>\n<td valign=\"middle\">4000K-6000K<\/td>\n<\/tr>\n<tr class=\"odd\">\n<td valign=\"middle\" width=\"32\"><\/td>\n<td valign=\"middle\">CRI - Indice de rendu des couleurs :<\/td>\n<td valign=\"middle\">80<\/td>\n<\/tr>\n<tr class=\"even\">\n<td valign=\"middle\" width=\"32\"><\/td>\n<td valign=\"middle\">Mat\u00e9riaux de construction :<\/td>\n<td valign=\"middle\">Aluminium + verre<\/td>\n<\/tr>\n<tr class=\"odd\">\n<td valign=\"middle\" width=\"32\"><\/td>\n<td valign=\"middle\">Luminosit\u00e9-Lm :<\/td>\n<td valign=\"middle\">3900<\/td>\n<\/tr>\n<tr class=\"even\">\n<td valign=\"middle\" width=\"32\"><\/td>\n<td valign=\"middle\">Type de DEL :<\/td>\n<td valign=\"middle\">SMD 2835 OSRAM CHIP<\/td>\n<\/tr>\n<tr class=\"odd\">\n<td valign=\"middle\" width=\"32\"><\/td>\n<td valign=\"middle\">Angle d'ouverture (\u00ba) :<\/td>\n<td valign=\"middle\">110\u00aa<\/td>\n<\/tr>\n<tr class=\"even\">\n<td valign=\"middle\" width=\"32\"><\/td>\n<td valign=\"middle\">Efficacit\u00e9 de la diode LED (Lm\/W) :<\/td>\n<td valign=\"middle\">150Lm\/W<\/td>\n<\/tr>\n<tr class=\"odd\">\n<td valign=\"middle\" width=\"32\"><\/td>\n<td valign=\"middle\">Efficacit\u00e9 lumineuse (Lm\/W) :<\/td>\n<td valign=\"middle\">150 Lm\/W<\/td>\n<\/tr>\n<tr class=\"even\">\n<td valign=\"middle\" width=\"32\"><\/td>\n<td valign=\"middle\">Certificats :<\/td>\n<td valign=\"middle\">CE - ROHS-T\u00dcV<\/td>\n<\/tr>\n<tr class=\"odd\">\n<td valign=\"middle\" width=\"32\"><\/td>\n<td valign=\"middle\">Indice de protection IP :<\/td>\n<td valign=\"middle\">D\u00e9tecteur IP65 - IP44<\/td>\n<\/tr>\n<\/tbody>\n<\/table>\n<\/div><div class=\"col-xs-12 col-md-6 2\">\n<table class=\"table table-data-sheet 2\">\n<tbody>\n<tr class=\"odd\">\n<td valign=\"middle\" width=\"32\"><\/td>\n<td valign=\"middle\">Dur\u00e9e de vie estim\u00e9e de la diode LED (H) :<\/td>\n<td valign=\"middle\">30.000<\/td>\n<\/tr>\n<tr class=\"even\">\n<td valign=\"middle\" width=\"32\"><\/td>\n<td valign=\"middle\">Dimensions (mm) :<\/td>\n<td valign=\"middle\">115x53x189<\/td>\n<\/tr>\n<tr class=\"odd\">\n<td valign=\"middle\" width=\"32\"><\/td>\n<td valign=\"middle\">Facteur de puissance (PF) :<\/td>\n<td valign=\"middle\">0.9<\/td>\n<\/tr>\n<tr class=\"even\">\n<td valign=\"middle\" width=\"32\"><\/td>\n<td valign=\"middle\">Plage de temp\u00e9rature (\u00baC) :<\/td>\n<td valign=\"middle\">-20\u00b0C ~ +55\u00b0C<\/td>\n<\/tr>\n<tr class=\"odd\">\n<td valign=\"middle\" width=\"32\"><\/td>\n<td valign=\"middle\">Cycles d'allumage :<\/td>\n<td valign=\"middle\">100.000<\/td>\n<\/tr>\n<tr class=\"even\">\n<td valign=\"middle\" width=\"32\"><\/td>\n<td valign=\"middle\">Temps de d\u00e9marrage (s) :<\/td>\n<td valign=\"middle\">0,2s<\/td>\n<\/tr>\n<tr class=\"odd\">\n<td valign=\"middle\" width=\"32\"><\/td>\n<td valign=\"middle\">Modes de contr\u00f4le :<\/td>\n<td valign=\"middle\">INFRAROUGE<\/td>\n<\/tr>\n<tr class=\"even\">\n<td valign=\"middle\" width=\"32\"><\/td>\n<td valign=\"middle\">Protection contre les chocs (IK) :<\/td>\n<td valign=\"middle\">IK06<\/td>\n<\/tr>\n<tr class=\"odd\">\n<td valign=\"middle\" width=\"32\"><\/td>\n<td valign=\"middle\">Classe \u00e9nerg\u00e9tique (2021-EU-2019\/2015) :<\/td>\n<td valign=\"middle\">A+<\/td>\n<\/tr>\n<tr class=\"even\">\n<td valign=\"middle\" width=\"32\"><\/td>\n<td valign=\"middle\">Classe \u00e9nerg\u00e9tique (2023 - EU-2019\/2015) :<\/td>\n<td valign=\"middle\">E<\/td>\n<\/tr>\n<tr class=\"odd\">\n<td valign=\"middle\" width=\"32\"><\/td>\n<td valign=\"middle\">Ann\u00e9es de garantie :<\/td>\n<td valign=\"middle\">5<\/td>\n<\/tr>\n<tr class=\"even\">\n<td valign=\"middle\" width=\"32\"><\/td>\n<td valign=\"middle\">Port\u00e9e (m) :<\/td>\n<td valign=\"middle\">Couverture de la port\u00e9e 120\u00ba - Distance : 0.5-12m<\/td>\n<\/tr>\n<tr class=\"odd\">\n<td valign=\"middle\" width=\"32\"><\/td>\n<td valign=\"middle\">Dur\u00e9e de mise en marche :<\/td>\n<td valign=\"middle\">Dur\u00e9e : 10 Sec 10min.<\/td>\n<\/tr>\n<\/tbody>\n<\/table>\n<p>&nbsp;<\/p>\n<\/div><\/p>","protected":false},"excerpt":{"rendered":"<div class=\"col-md-12\"><i class=\"fa fa-truck\"><\/i>&nbsp;<span class=\"text-muted textprop\">Livraison dans les 24\/48 heures<\/span><div class=\"col-md-12\"><i class=\"fa fa-exchange\"><\/i>&nbsp;<span class=\"text-muted textprop\">Garantie assur\u00e9e<\/span><\/div><div class=\"col-md-12\"><i class=\"fa fa-box\"><\/i>&nbsp;<span class=\"text-muted textprop\">20 unit\u00e9(s) par bo\u00eete \u00e0 outils<\/span><\/div><div><strong>TEMP\u00c9RATURE DE COULEUR : 4000K\/6000K<\/strong><\/div><\/div>","protected":false},"featured_media":6030,"template":"","meta":{"site-sidebar-layout":"default","site-content-layout":"default","ast-global-header-display":"","ast-main-header-display":"","ast-hfb-above-header-display":"","ast-hfb-below-header-display":"","ast-hfb-mobile-header-display":"","site-post-title":"","ast-breadcrumbs-content":"","ast-featured-img":"","footer-sml-layout":"","theme-transparent-header-meta":"default","adv-header-id-meta":"","stick-header-meta":"","header-above-stick-meta":"","header-main-stick-meta":"","header-below-stick-meta":""},"product_cat":[82,28],"product_tag":[],"class_list":["post-6020","product","type-product","status-publish","has-post-thumbnail","hentry","product_cat-foco-proyector-serie-evolution","product_cat-proyectores-led-exterior-y-jardin"],"_links":{"self":[{"href":"https:\/\/starlediluminacion.com\/fr\/wp-json\/wp\/v3\/product\/6020","targetHints":{"allow":["GET"]}}],"collection":[{"href":"https:\/\/starlediluminacion.com\/fr\/wp-json\/wp\/v3\/product"}],"about":[{"href":"https:\/\/starlediluminacion.com\/fr\/wp-json\/wp\/v2\/types\/product"}],"wp:featuredmedia":[{"embeddable":true,"href":"https:\/\/starlediluminacion.com\/fr\/wp-json\/wp\/v2\/media\/6030"}],"wp:attachment":[{"href":"https:\/\/starlediluminacion.com\/fr\/wp-json\/wp\/v2\/media?parent=6020"}],"wp:term":[{"taxonomy":"product_cat","embeddable":true,"href":"https:\/\/starlediluminacion.com\/fr\/wp-json\/wp\/v2\/product_cat?post=6020"},{"taxonomy":"product_tag","embeddable":true,"href":"https:\/\/starlediluminacion.com\/fr\/wp-json\/wp\/v2\/product_tag?post=6020"}],"curies":[{"name":"wp","href":"https:\/\/api.w.org\/{rel}","templated":true}]}}