{"id":5937,"date":"2022-08-12T17:58:57","date_gmt":"2022-08-12T17:58:57","guid":{"rendered":"https:\/\/starlediluminacion.com\/?post_type=product&#038;p=5937"},"modified":"2022-08-12T17:58:58","modified_gmt":"2022-08-12T17:58:58","slug":"foco-proyector-led-50w-avant-osram-chip-duris-e-2835-sensor-movimiento-pir","status":"publish","type":"product","link":"https:\/\/starlediluminacion.com\/fr\/product\/spotlight-projector-led-50w-avant-osram-chip-duris-e-2835-motion-sensor-pir\/","title":{"rendered":"<p>50W AVANT OSRAM CHIP DURIS E 2835 LED Projecteur - D\u00e9tecteur de mouvement PIR<\/p>"},"content":{"rendered":"<p>R\u00c9F\u00c9RENCE : SLAVA50PIR-OSR<div class=\"hidden-xs parrafo\">\n<p dir=\"ltr\">Les<strong>&nbsp;OSRAM CHIP AVANT Projecteur LED<\/strong>a une puissance de&nbsp;<strong>50W<\/strong>&nbsp;et dispose d'un&nbsp;<strong>D\u00e9tecteur de mouvement PIR<\/strong>est une avanc\u00e9e technologique en mati\u00e8re de haute efficacit\u00e9. Il s'allume automatiquement lorsqu'il d\u00e9tecte un mouvement. Son degr\u00e9 de&nbsp;<strong>Protection IP65<\/strong>&nbsp;Le syst\u00e8me d'\u00e9tanch\u00e9it\u00e9 \u00e0 la vapeur d'eau le rend r\u00e9sistant \u00e0 la pluie et impossible \u00e0 rouiller, m\u00eame dans la neige ou sous la pluie.<\/p>\n<h1 dir=\"ltr\">50W AVANT OSRAM CHIP LED Floodlight 50W AVANT - D\u00e9tecteur de mouvement PIR<\/h1>\n<p>Les&nbsp;<strong>Spot LED<\/strong>&nbsp;a une puissance de&nbsp;<strong>50W<\/strong>&nbsp;et pr\u00e9voit&nbsp;<strong>d\u00e9tecteur de mouvement<\/strong>&nbsp;pour optimiser votre \u00e9clairage lorsque&nbsp;<strong>d\u00e9tecte<\/strong>&nbsp;tout type de&nbsp;<strong>pr\u00e9sence<\/strong>. Il est compos\u00e9 de&nbsp;<strong>aluminium&nbsp;<\/strong>avec traitement&nbsp;<strong>anti-corrosion<\/strong>&nbsp;y&nbsp;<strong>verre<\/strong>&nbsp;Il est install\u00e9 \u00e0 l'aide d'un support qui permet d'incliner le projecteur dans diff\u00e9rentes positions.<\/p>\n<p dir=\"ltr\">Sa puissante source lumineuse est plus que suffisante pour remplacer les luminaires, m\u00eame dans les environnements industriels, en fournissant un \u00e9clairage de qualit\u00e9.&nbsp;<strong>l'\u00e9pargne<\/strong>&nbsp;Les nouvelles LED \u00e0 haute luminosit\u00e9, dont la consommation d'\u00e9nergie peut atteindre 80%, se caract\u00e9risent par leur haute r\u00e9sistance \u00e0 la lumi\u00e8re.&nbsp;<strong>OSRAM<\/strong>.<\/p>\n<p dir=\"ltr\">Elle se distingue par son efficacit\u00e9, son IRC \u00e9lev\u00e9, son facteur de puissance \u00e9lev\u00e9 et sa robustesse. Elle a un&nbsp;<strong>IP65<\/strong>&nbsp;et avec protection contre les chocs&nbsp;<strong>IK08<\/strong>. Votre&nbsp;<strong>Angle d'ouverture de 90<\/strong>&nbsp;le rendent id\u00e9al pour couvrir un grand espace de mani\u00e8re tr\u00e8s efficace.<\/p>\n<p dir=\"ltr\">Le pr\u00e9sent&nbsp;<strong>Pleins feux sur l'avenir<\/strong>&nbsp;offre un \u00e9clairage extr\u00eamement \u00e9lev\u00e9&nbsp;<strong>qualit\u00e9<\/strong>&nbsp;pour son indice de rendu des couleurs (IRC) \u00e9lev\u00e9 de +80, m\u00eame dans des installations \u00e0 une hauteur de 5 ou 6 m\u00e8tres. Il est id\u00e9al pour tous les types d'installations, tant&nbsp;<strong>\u00e0 l'int\u00e9rieur<\/strong>\u00e0 partir de&nbsp;<strong>\u00e0 l'ext\u00e9rieur<\/strong>.<\/p>\n<p dir=\"ltr\">Profitez de notre boutique en ligne&nbsp;<strong>l'\u00e9clairage<\/strong>&nbsp;FactorLED de la plus haute qualit\u00e9, au meilleur prix pour ce produit et avec la plus grande efficacit\u00e9.&nbsp;<strong>garantie de trois ans.<\/strong><\/p>\n<p dir=\"ltr\">\n<\/p><h2 dir=\"ltr\">Utilisations du projecteur OSRAM CHIP 50W AVANT LED - D\u00e9tecteur de mouvement PIR<\/h2>\n<ul>\n<li>Jardins<\/li>\n<li>Les parcs<\/li>\n<li>Lieux<\/li>\n<li>Ronds-points<\/li>\n<li>Mus\u00e9es<\/li>\n<li>Voies d'acc\u00e8s<\/li>\n<li>Galeries<\/li>\n<\/ul>\n<h3 class=\"page-product-heading\">DONN\u00c9ES TECHNIQUES<\/h3>\n<div class=\"col-xs-12 col-md-6\">\n<table class=\"table table-data-sheet 1\">\n<tbody>\n<tr class=\"odd\">\n<td valign=\"middle\" width=\"32\"><\/td>\n<td valign=\"middle\">REFERENCE :<\/td>\n<td valign=\"middle\">SLAVA50PIR-OSR<\/td>\n<\/tr>\n<tr class=\"even\">\n<td valign=\"middle\" width=\"32\"><\/td>\n<td valign=\"middle\">Puissance nominale :<\/td>\n<td valign=\"middle\">50w<\/td>\n<\/tr>\n<tr class=\"odd\">\n<td valign=\"middle\" width=\"32\"><\/td>\n<td valign=\"middle\">Tension nominale :<\/td>\n<td valign=\"middle\">AC180-265V<\/td>\n<\/tr>\n<tr class=\"even\">\n<td valign=\"middle\" width=\"32\"><\/td>\n<td valign=\"middle\">Temp\u00e9rature de la lumi\u00e8re :<\/td>\n<td valign=\"middle\">4000K<\/td>\n<\/tr>\n<tr class=\"odd\">\n<td valign=\"middle\" width=\"32\"><\/td>\n<td valign=\"middle\">CRI - Indice de rendu des couleurs :<\/td>\n<td valign=\"middle\">80<\/td>\n<\/tr>\n<tr class=\"even\">\n<td valign=\"middle\" width=\"32\"><\/td>\n<td valign=\"middle\">Mat\u00e9riaux de construction :<\/td>\n<td valign=\"middle\">Aluminium<\/td>\n<\/tr>\n<tr class=\"odd\">\n<td valign=\"middle\" width=\"32\"><\/td>\n<td valign=\"middle\">Luminosit\u00e9-Lm :<\/td>\n<td valign=\"middle\">5000<\/td>\n<\/tr>\n<tr class=\"even\">\n<td valign=\"middle\" width=\"32\"><\/td>\n<td valign=\"middle\">Type de DEL :<\/td>\n<td valign=\"middle\">SMD 2835 OSRAM CHIP<\/td>\n<\/tr>\n<tr class=\"odd\">\n<td valign=\"middle\" width=\"32\"><\/td>\n<td valign=\"middle\">Angle d'ouverture (\u00ba) :<\/td>\n<td valign=\"middle\">90\u00b0<\/td>\n<\/tr>\n<tr class=\"even\">\n<td valign=\"middle\" width=\"32\"><\/td>\n<td valign=\"middle\">Efficacit\u00e9 de la diode LED (Lm\/W) :<\/td>\n<td valign=\"middle\">120 Lm\/W<\/td>\n<\/tr>\n<tr class=\"odd\">\n<td valign=\"middle\" width=\"32\"><\/td>\n<td valign=\"middle\">Efficacit\u00e9 lumineuse (Lm\/W) :<\/td>\n<td valign=\"middle\">100 Lm\/W<\/td>\n<\/tr>\n<tr class=\"even\">\n<td valign=\"middle\" width=\"32\"><\/td>\n<td valign=\"middle\">Certificats :<\/td>\n<td valign=\"middle\">CE - ROHS<\/td>\n<\/tr>\n<\/tbody>\n<\/table>\n<\/div>\n<div class=\"col-xs-12 col-md-6 2\">\n<table class=\"table table-data-sheet 2\">\n<tbody>\n<tr class=\"odd\">\n<td valign=\"middle\" width=\"32\"><\/td>\n<td valign=\"middle\">Indice de protection IP :<\/td>\n<td valign=\"middle\">IP65-Ext\u00e9rieur<\/td>\n<\/tr>\n<tr class=\"even\">\n<td valign=\"middle\" width=\"32\"><\/td>\n<td valign=\"middle\">Dur\u00e9e de vie estim\u00e9e de la diode LED (H) :<\/td>\n<td valign=\"middle\">50.000<\/td>\n<\/tr>\n<tr class=\"odd\">\n<td valign=\"middle\" width=\"32\"><\/td>\n<td valign=\"middle\">Dimensions (mm) :<\/td>\n<td valign=\"middle\">223x215x54mm<\/td>\n<\/tr>\n<tr class=\"even\">\n<td valign=\"middle\" width=\"32\"><\/td>\n<td valign=\"middle\">Facteur de puissance (PF) :<\/td>\n<td valign=\"middle\">0.9<\/td>\n<\/tr>\n<tr class=\"odd\">\n<td valign=\"middle\" width=\"32\"><\/td>\n<td valign=\"middle\">Plage de temp\u00e9rature (\u00baC) :<\/td>\n<td valign=\"middle\">-20\u00b0C ~ +55\u00b0C<\/td>\n<\/tr>\n<tr class=\"even\">\n<td valign=\"middle\" width=\"32\"><\/td>\n<td valign=\"middle\">Cycles d'allumage :<\/td>\n<td valign=\"middle\">100.000<\/td>\n<\/tr>\n<tr class=\"odd\">\n<td valign=\"middle\" width=\"32\"><\/td>\n<td valign=\"middle\">Temps de d\u00e9marrage (s) :<\/td>\n<td valign=\"middle\">0,2s<\/td>\n<\/tr>\n<tr class=\"even\">\n<td valign=\"middle\" width=\"32\"><\/td>\n<td valign=\"middle\">Modes de contr\u00f4le :<\/td>\n<td valign=\"middle\">INFRAROUGE<\/td>\n<\/tr>\n<tr class=\"odd\">\n<td valign=\"middle\" width=\"32\"><\/td>\n<td valign=\"middle\">Protection contre les chocs (IK) :<\/td>\n<td valign=\"middle\">IK08<\/td>\n<\/tr>\n<tr class=\"even\">\n<td valign=\"middle\" width=\"32\"><\/td>\n<td valign=\"middle\">Classe \u00e9nerg\u00e9tique (2021-EU-2019\/2015) :<\/td>\n<td valign=\"middle\">A+<\/td>\n<\/tr>\n<tr class=\"odd\">\n<td valign=\"middle\" width=\"32\"><\/td>\n<td valign=\"middle\">Ann\u00e9es de garantie :<\/td>\n<td valign=\"middle\">3<\/td>\n<\/tr>\n<tr class=\"even\">\n<td valign=\"middle\" width=\"32\"><\/td>\n<td valign=\"middle\">Port\u00e9e (m) :<\/td>\n<td valign=\"middle\">6 m.<\/td>\n<\/tr>\n<\/tbody>\n<\/table>\n<p>&nbsp;<\/p>\n<\/div>\n<\/div><\/p>","protected":false},"excerpt":{"rendered":"<div class=\"col-md-12\"><i class=\"fa fa-truck\"><\/i>&nbsp;<span class=\"text-muted textprop\">Livraison dans les 24\/48 heures<\/span><div class=\"col-md-12\"><i class=\"fa fa-exchange\"><\/i>&nbsp;<span class=\"text-muted textprop\">Garantie assur\u00e9e<\/span><\/div><div class=\"col-md-12\"><i class=\"fa fa-box\"><\/i>&nbsp;<span class=\"text-muted textprop\">10 unit\u00e9(s) par bo\u00eete \u00e0 outils<\/span><\/div><div><\/div><\/div>","protected":false},"featured_media":5945,"template":"","meta":{"site-sidebar-layout":"default","site-content-layout":"default","ast-global-header-display":"","ast-main-header-display":"","ast-hfb-above-header-display":"","ast-hfb-below-header-display":"","ast-hfb-mobile-header-display":"","site-post-title":"","ast-breadcrumbs-content":"","ast-featured-img":"","footer-sml-layout":"","theme-transparent-header-meta":"default","adv-header-id-meta":"","stick-header-meta":"","header-above-stick-meta":"","header-main-stick-meta":"","header-below-stick-meta":""},"product_cat":[81,28],"product_tag":[],"class_list":["post-5937","product","type-product","status-publish","has-post-thumbnail","hentry","product_cat-foco-proyector-serie-avant","product_cat-proyectores-led-exterior-y-jardin"],"yoast_head":"<!-- This site is optimized with the Yoast SEO plugin v27.4 - https:\/\/yoast.com\/product\/yoast-seo-wordpress\/ -->\n<title>Foco Proyector LED 50W AVANT OSRAM CHIP DURIS E 2835 - Sensor Movimiento PIR - STARLED Iluminacion<\/title>\n<meta name=\"robots\" content=\"index, follow, max-snippet:-1, max-image-preview:large, max-video-preview:-1\" \/>\n<link rel=\"canonical\" href=\"https:\/\/starlediluminacion.com\/fr\/product\/spotlight-projector-led-50w-avant-osram-chip-duris-e-2835-motion-sensor-pir\/\" \/>\n<meta property=\"og:locale\" content=\"fr_FR\" \/>\n<meta property=\"og:type\" content=\"article\" \/>\n<meta property=\"og:title\" content=\"Foco Proyector LED 50W AVANT OSRAM CHIP DURIS E 2835 - Sensor Movimiento PIR - STARLED Iluminacion\" \/>\n<meta property=\"og:description\" content=\"\u00a0Entrega en 24\/48 horas \u00a0Garant\u00eda asegurada \u00a010 unidad(es) por Masterbox\" \/>\n<meta property=\"og:url\" content=\"https:\/\/starlediluminacion.com\/fr\/product\/spotlight-projector-led-50w-avant-osram-chip-duris-e-2835-motion-sensor-pir\/\" \/>\n<meta property=\"og:site_name\" content=\"STARLED Iluminacion\" \/>\n<meta property=\"article:modified_time\" content=\"2022-08-12T17:58:58+00:00\" \/>\n<meta property=\"og:image\" content=\"https:\/\/starlediluminacion.com\/wp-content\/uploads\/2022\/08\/foco-proyector-led-50w-avant-osram-chip-duris-e-2835-sensor-movimiento-pir-factorled.jpg\" \/>\n\t<meta property=\"og:image:width\" content=\"1000\" \/>\n\t<meta property=\"og:image:height\" content=\"1000\" \/>\n\t<meta property=\"og:image:type\" content=\"image\/jpeg\" \/>\n<meta name=\"twitter:card\" content=\"summary_large_image\" \/>\n<meta name=\"twitter:label1\" content=\"Dur\u00e9e de lecture estim\u00e9e\" \/>\n\t<meta name=\"twitter:data1\" content=\"2 minutes\" \/>\n<script type=\"application\/ld+json\" class=\"yoast-schema-graph\">{\"@context\":\"https:\\\/\\\/schema.org\",\"@graph\":[{\"@type\":\"WebPage\",\"@id\":\"https:\\\/\\\/starlediluminacion.com\\\/producto\\\/foco-proyector-led-50w-avant-osram-chip-duris-e-2835-sensor-movimiento-pir\\\/\",\"url\":\"https:\\\/\\\/starlediluminacion.com\\\/producto\\\/foco-proyector-led-50w-avant-osram-chip-duris-e-2835-sensor-movimiento-pir\\\/\",\"name\":\"Foco Proyector LED 50W AVANT OSRAM CHIP DURIS E 2835 - Sensor Movimiento PIR - STARLED Iluminacion\",\"isPartOf\":{\"@id\":\"https:\\\/\\\/starlediluminacion.com\\\/#website\"},\"primaryImageOfPage\":{\"@id\":\"https:\\\/\\\/starlediluminacion.com\\\/producto\\\/foco-proyector-led-50w-avant-osram-chip-duris-e-2835-sensor-movimiento-pir\\\/#primaryimage\"},\"image\":{\"@id\":\"https:\\\/\\\/starlediluminacion.com\\\/producto\\\/foco-proyector-led-50w-avant-osram-chip-duris-e-2835-sensor-movimiento-pir\\\/#primaryimage\"},\"thumbnailUrl\":\"https:\\\/\\\/starlediluminacion.com\\\/wp-content\\\/uploads\\\/2022\\\/08\\\/foco-proyector-led-50w-avant-osram-chip-duris-e-2835-sensor-movimiento-pir-factorled.jpg\",\"datePublished\":\"2022-08-12T17:58:57+00:00\",\"dateModified\":\"2022-08-12T17:58:58+00:00\",\"breadcrumb\":{\"@id\":\"https:\\\/\\\/starlediluminacion.com\\\/producto\\\/foco-proyector-led-50w-avant-osram-chip-duris-e-2835-sensor-movimiento-pir\\\/#breadcrumb\"},\"inLanguage\":\"fr-FR\",\"potentialAction\":[{\"@type\":\"ReadAction\",\"target\":[\"https:\\\/\\\/starlediluminacion.com\\\/producto\\\/foco-proyector-led-50w-avant-osram-chip-duris-e-2835-sensor-movimiento-pir\\\/\"]}]},{\"@type\":\"ImageObject\",\"inLanguage\":\"fr-FR\",\"@id\":\"https:\\\/\\\/starlediluminacion.com\\\/producto\\\/foco-proyector-led-50w-avant-osram-chip-duris-e-2835-sensor-movimiento-pir\\\/#primaryimage\",\"url\":\"https:\\\/\\\/starlediluminacion.com\\\/wp-content\\\/uploads\\\/2022\\\/08\\\/foco-proyector-led-50w-avant-osram-chip-duris-e-2835-sensor-movimiento-pir-factorled.jpg\",\"contentUrl\":\"https:\\\/\\\/starlediluminacion.com\\\/wp-content\\\/uploads\\\/2022\\\/08\\\/foco-proyector-led-50w-avant-osram-chip-duris-e-2835-sensor-movimiento-pir-factorled.jpg\",\"width\":1000,\"height\":1000},{\"@type\":\"BreadcrumbList\",\"@id\":\"https:\\\/\\\/starlediluminacion.com\\\/producto\\\/foco-proyector-led-50w-avant-osram-chip-duris-e-2835-sensor-movimiento-pir\\\/#breadcrumb\",\"itemListElement\":[{\"@type\":\"ListItem\",\"position\":1,\"name\":\"Portada\",\"item\":\"https:\\\/\\\/starlediluminacion.com\\\/\"},{\"@type\":\"ListItem\",\"position\":2,\"name\":\"Shop\",\"item\":\"https:\\\/\\\/starlediluminacion.com\\\/shop-2\\\/\"},{\"@type\":\"ListItem\",\"position\":3,\"name\":\"Foco Proyector LED 50W AVANT OSRAM CHIP DURIS E 2835 &#8211; Sensor Movimiento PIR\"}]},{\"@type\":\"WebSite\",\"@id\":\"https:\\\/\\\/starlediluminacion.com\\\/#website\",\"url\":\"https:\\\/\\\/starlediluminacion.com\\\/\",\"name\":\"STARLED Iluminacion\",\"description\":\"\",\"potentialAction\":[{\"@type\":\"SearchAction\",\"target\":{\"@type\":\"EntryPoint\",\"urlTemplate\":\"https:\\\/\\\/starlediluminacion.com\\\/?s={search_term_string}\"},\"query-input\":{\"@type\":\"PropertyValueSpecification\",\"valueRequired\":true,\"valueName\":\"search_term_string\"}}],\"inLanguage\":\"fr-FR\"}]}<\/script>\n<!-- \/ Yoast SEO plugin. -->","yoast_head_json":{"title":"Foco Proyector LED 50W AVANT OSRAM CHIP DURIS E 2835 - Sensor Movimiento PIR - STARLED Iluminacion","robots":{"index":"index","follow":"follow","max-snippet":"max-snippet:-1","max-image-preview":"max-image-preview:large","max-video-preview":"max-video-preview:-1"},"canonical":"https:\/\/starlediluminacion.com\/fr\/product\/spotlight-projector-led-50w-avant-osram-chip-duris-e-2835-motion-sensor-pir\/","og_locale":"fr_FR","og_type":"article","og_title":"Foco Proyector LED 50W AVANT OSRAM CHIP DURIS E 2835 - Sensor Movimiento PIR - STARLED Iluminacion","og_description":"\u00a0Entrega en 24\/48 horas \u00a0Garant\u00eda asegurada \u00a010 unidad(es) por Masterbox","og_url":"https:\/\/starlediluminacion.com\/fr\/product\/spotlight-projector-led-50w-avant-osram-chip-duris-e-2835-motion-sensor-pir\/","og_site_name":"STARLED Iluminacion","article_modified_time":"2022-08-12T17:58:58+00:00","og_image":[{"width":1000,"height":1000,"url":"https:\/\/starlediluminacion.com\/wp-content\/uploads\/2022\/08\/foco-proyector-led-50w-avant-osram-chip-duris-e-2835-sensor-movimiento-pir-factorled.jpg","type":"image\/jpeg"}],"twitter_card":"summary_large_image","twitter_misc":{"Dur\u00e9e de lecture estim\u00e9e":"2 minutes"},"schema":{"@context":"https:\/\/schema.org","@graph":[{"@type":"WebPage","@id":"https:\/\/starlediluminacion.com\/producto\/foco-proyector-led-50w-avant-osram-chip-duris-e-2835-sensor-movimiento-pir\/","url":"https:\/\/starlediluminacion.com\/producto\/foco-proyector-led-50w-avant-osram-chip-duris-e-2835-sensor-movimiento-pir\/","name":"Foco Proyector LED 50W AVANT OSRAM CHIP DURIS E 2835 - Sensor Movimiento PIR - STARLED Iluminacion","isPartOf":{"@id":"https:\/\/starlediluminacion.com\/#website"},"primaryImageOfPage":{"@id":"https:\/\/starlediluminacion.com\/producto\/foco-proyector-led-50w-avant-osram-chip-duris-e-2835-sensor-movimiento-pir\/#primaryimage"},"image":{"@id":"https:\/\/starlediluminacion.com\/producto\/foco-proyector-led-50w-avant-osram-chip-duris-e-2835-sensor-movimiento-pir\/#primaryimage"},"thumbnailUrl":"https:\/\/starlediluminacion.com\/wp-content\/uploads\/2022\/08\/foco-proyector-led-50w-avant-osram-chip-duris-e-2835-sensor-movimiento-pir-factorled.jpg","datePublished":"2022-08-12T17:58:57+00:00","dateModified":"2022-08-12T17:58:58+00:00","breadcrumb":{"@id":"https:\/\/starlediluminacion.com\/producto\/foco-proyector-led-50w-avant-osram-chip-duris-e-2835-sensor-movimiento-pir\/#breadcrumb"},"inLanguage":"fr-FR","potentialAction":[{"@type":"ReadAction","target":["https:\/\/starlediluminacion.com\/producto\/foco-proyector-led-50w-avant-osram-chip-duris-e-2835-sensor-movimiento-pir\/"]}]},{"@type":"ImageObject","inLanguage":"fr-FR","@id":"https:\/\/starlediluminacion.com\/producto\/foco-proyector-led-50w-avant-osram-chip-duris-e-2835-sensor-movimiento-pir\/#primaryimage","url":"https:\/\/starlediluminacion.com\/wp-content\/uploads\/2022\/08\/foco-proyector-led-50w-avant-osram-chip-duris-e-2835-sensor-movimiento-pir-factorled.jpg","contentUrl":"https:\/\/starlediluminacion.com\/wp-content\/uploads\/2022\/08\/foco-proyector-led-50w-avant-osram-chip-duris-e-2835-sensor-movimiento-pir-factorled.jpg","width":1000,"height":1000},{"@type":"BreadcrumbList","@id":"https:\/\/starlediluminacion.com\/producto\/foco-proyector-led-50w-avant-osram-chip-duris-e-2835-sensor-movimiento-pir\/#breadcrumb","itemListElement":[{"@type":"ListItem","position":1,"name":"Portada","item":"https:\/\/starlediluminacion.com\/"},{"@type":"ListItem","position":2,"name":"Shop","item":"https:\/\/starlediluminacion.com\/shop-2\/"},{"@type":"ListItem","position":3,"name":"Foco Proyector LED 50W AVANT OSRAM CHIP DURIS E 2835 &#8211; Sensor Movimiento PIR"}]},{"@type":"WebSite","@id":"https:\/\/starlediluminacion.com\/#website","url":"https:\/\/starlediluminacion.com\/","name":"STARLED Iluminacion","description":"","potentialAction":[{"@type":"SearchAction","target":{"@type":"EntryPoint","urlTemplate":"https:\/\/starlediluminacion.com\/?s={search_term_string}"},"query-input":{"@type":"PropertyValueSpecification","valueRequired":true,"valueName":"search_term_string"}}],"inLanguage":"fr-FR"}]}},"_links":{"self":[{"href":"https:\/\/starlediluminacion.com\/fr\/wp-json\/wp\/v3\/product\/5937","targetHints":{"allow":["GET"]}}],"collection":[{"href":"https:\/\/starlediluminacion.com\/fr\/wp-json\/wp\/v3\/product"}],"about":[{"href":"https:\/\/starlediluminacion.com\/fr\/wp-json\/wp\/v2\/types\/product"}],"wp:featuredmedia":[{"embeddable":true,"href":"https:\/\/starlediluminacion.com\/fr\/wp-json\/wp\/v2\/media\/5945"}],"wp:attachment":[{"href":"https:\/\/starlediluminacion.com\/fr\/wp-json\/wp\/v2\/media?parent=5937"}],"wp:term":[{"taxonomy":"product_cat","embeddable":true,"href":"https:\/\/starlediluminacion.com\/fr\/wp-json\/wp\/v2\/product_cat?post=5937"},{"taxonomy":"product_tag","embeddable":true,"href":"https:\/\/starlediluminacion.com\/fr\/wp-json\/wp\/v2\/product_tag?post=5937"}],"curies":[{"name":"wp","href":"https:\/\/api.w.org\/{rel}","templated":true}]}}