{"id":5773,"date":"2022-08-12T15:47:49","date_gmt":"2022-08-12T15:47:49","guid":{"rendered":"https:\/\/starlediluminacion.com\/?post_type=product&#038;p=5773"},"modified":"2022-08-12T15:47:49","modified_gmt":"2022-08-12T15:47:49","slug":"union-flexible-de-carril-trifasico","status":"publish","type":"product","link":"https:\/\/starlediluminacion.com\/fr\/product\/joint-de-rail-flexible-triphase\/","title":{"rendered":"<p>Connecteur de voie THREE-PHASE FLEXIBLE<\/p>"},"content":{"rendered":"<p>R\u00c9F\u00c9RENCE : SLCT8081<h1>Connecteur de voie THREE-PHASE FLEXIBLE<\/h1><p><strong>Joint droit dans<\/strong>&nbsp;<strong>I<\/strong>&nbsp;rail&nbsp;<strong>TROIS PHASES<\/strong>disponible en noir et en blanc. Il est fabriqu\u00e9 \u00e0 partir de mat\u00e9riaux tr\u00e8s r\u00e9sistants et hautement conducteurs d'\u00e9lectricit\u00e9, tels que l'aluminium et le thermoplastique ignifug\u00e9.<\/p><p>Son installation est simple, de sorte que tout le monde peut le monter. Avec ce type de connecteur, vous pouvez concevoir votre \u00e9clairage de mani\u00e8re personnalis\u00e9e avec les rails triphas\u00e9s.<\/p><h3 class=\"page-product-heading\">DONN\u00c9ES TECHNIQUES<\/h3><div class=\"col-xs-12 col-md-6\">\n<table class=\"table table-data-sheet 1\">\n<tbody>\n<tr class=\"odd\">\n<td valign=\"middle\" width=\"32\"><\/td>\n<td valign=\"middle\">REFERENCE :<\/td>\n<td valign=\"middle\">SLCT8081-8082<\/td>\n<\/tr>\n<tr class=\"even\">\n<td valign=\"middle\" width=\"32\"><\/td>\n<td valign=\"middle\">Mat\u00e9riaux de construction :<\/td>\n<td valign=\"middle\">Thermoplastique ignifuge<\/td>\n<\/tr>\n<\/tbody>\n<\/table>\n<\/div><div class=\"col-xs-12 col-md-6 2\">\n<table class=\"table table-data-sheet 2\">\n<tbody>\n<tr class=\"odd\">\n<td valign=\"middle\" width=\"32\"><\/td>\n<td valign=\"middle\">Certificats :<\/td>\n<td valign=\"middle\">CE - ROHS<\/td>\n<\/tr>\n<tr class=\"even\">\n<td valign=\"middle\" width=\"32\"><\/td>\n<td valign=\"middle\">Ann\u00e9es de garantie :<\/td>\n<td valign=\"middle\">2<\/td>\n<\/tr>\n<\/tbody>\n<\/table>\n<\/div><\/p>","protected":false},"excerpt":{"rendered":"<div class=\"col-md-12\"><i class=\"fa fa-truck\"><\/i>&nbsp;<span class=\"text-muted textprop\">Livraison dans les 24\/48 heures<\/span><div class=\"col-md-12\"><i class=\"fa fa-exchange\"><\/i>&nbsp;<span class=\"text-muted textprop\">Garantie assur\u00e9e<\/span><\/div><div class=\"col-md-12\"><i class=\"fa fa-box\"><\/i>&nbsp;<span class=\"text-muted textprop\">100 unit\u00e9(s) par bo\u00eete \u00e0 outils<\/span><\/div><\/div>","protected":false},"featured_media":5778,"template":"","meta":{"site-sidebar-layout":"default","site-content-layout":"default","ast-global-header-display":"","ast-main-header-display":"","ast-hfb-above-header-display":"","ast-hfb-below-header-display":"","ast-hfb-mobile-header-display":"","site-post-title":"","ast-breadcrumbs-content":"","ast-featured-img":"","footer-sml-layout":"","theme-transparent-header-meta":"default","adv-header-id-meta":"","stick-header-meta":"","header-above-stick-meta":"","header-main-stick-meta":"","header-below-stick-meta":""},"product_cat":[78,32],"product_tag":[],"class_list":["post-5773","product","type-product","status-publish","has-post-thumbnail","hentry","product_cat-accesorios-para-carril-led-trifasico","product_cat-iluminacion-comercial-para-tienda"],"_links":{"self":[{"href":"https:\/\/starlediluminacion.com\/fr\/wp-json\/wp\/v3\/product\/5773","targetHints":{"allow":["GET"]}}],"collection":[{"href":"https:\/\/starlediluminacion.com\/fr\/wp-json\/wp\/v3\/product"}],"about":[{"href":"https:\/\/starlediluminacion.com\/fr\/wp-json\/wp\/v2\/types\/product"}],"wp:featuredmedia":[{"embeddable":true,"href":"https:\/\/starlediluminacion.com\/fr\/wp-json\/wp\/v2\/media\/5778"}],"wp:attachment":[{"href":"https:\/\/starlediluminacion.com\/fr\/wp-json\/wp\/v2\/media?parent=5773"}],"wp:term":[{"taxonomy":"product_cat","embeddable":true,"href":"https:\/\/starlediluminacion.com\/fr\/wp-json\/wp\/v2\/product_cat?post=5773"},{"taxonomy":"product_tag","embeddable":true,"href":"https:\/\/starlediluminacion.com\/fr\/wp-json\/wp\/v2\/product_tag?post=5773"}],"curies":[{"name":"wp","href":"https:\/\/api.w.org\/{rel}","templated":true}]}}