{"id":5761,"date":"2022-08-12T15:38:16","date_gmt":"2022-08-12T15:38:16","guid":{"rendered":"https:\/\/starlediluminacion.com\/?post_type=product&#038;p=5761"},"modified":"2022-08-12T15:38:16","modified_gmt":"2022-08-12T15:38:16","slug":"carril-trifasico-de-1-metro-negro","status":"publish","type":"product","link":"https:\/\/starlediluminacion.com\/fr\/product\/carril-trifasico-de-1-metro-negro\/","title":{"rendered":"<p>Carril TRIFASICO de 1 metro Negro<\/p>"},"content":{"rendered":"<p>REFERENCIA: SLCT8065<p><strong>Rail triphas\u00e9&nbsp;<\/strong><strong>RENFORC\u00c9&nbsp;<\/strong>compatible avec tous nos&nbsp;<strong>Pleins feux sur l'Europe<\/strong>&nbsp;<strong>Led<\/strong>&nbsp;de&nbsp;<strong>Vitrine<\/strong>.<\/p><p>Disponible en couleur&nbsp;<strong>noir<\/strong>&nbsp;y&nbsp;<strong>blanc<\/strong><\/p><h1>Carril TRIFASICO de 1 metro Negro<\/h1><p>Le pr\u00e9sent&nbsp;<strong>rail&nbsp;<\/strong>comme il s'agit d'un circuit unique, cela signifie que lorsque l'on allume la lumi\u00e8re, toutes les ampoules s'allument directement sans qu'il soit possible de les faire varier. Ce produit est associ\u00e9 \u00e0 notre&nbsp;<strong>spots LED triphas\u00e9s<\/strong>.<\/p><p>Il est con\u00e7u avec une structure&nbsp;<strong>renforc\u00e9e<\/strong>&nbsp;pour assurer sa r\u00e9sistance. Comprend&nbsp;<strong>fiche<\/strong>&nbsp;\u00e0 une extr\u00e9mit\u00e9 et \u00e0 l'autre extr\u00e9mit\u00e9 le&nbsp;<strong>nourrisseur&nbsp;<\/strong>qui se branche directement sur le r\u00e9seau \u00e9lectrique. Nous disposons \u00e9galement de diff\u00e9rents types de<strong> accessoires<a href=\"https:\/\/www.factorled.com\/es\/222-accesorios-para-carril-led-trifasico\" target=\"_blank\" rel=\"noopener\">&nbsp;<\/a><\/strong>avec laquelle vous pouvez concevoir vos luminaires en fonction de vos besoins.<\/p><p>Parfait pour&nbsp;<strong>\u00e9clairer<\/strong>&nbsp;et d\u00e9corer&nbsp;<strong>les espaces commerciaux.&nbsp;<\/strong><\/p><h2>Usos del&nbsp;Carril Trif&aacute;sico&nbsp;Negro<\/h2><ul>\n<li>Boutiques commerciales<\/li>\n<li>Mus\u00e9es<\/li>\n<li>Galeries<\/li>\n<li>Vitrines<\/li>\n<li>Bureaux<\/li>\n<li>Vitrines<\/li>\n<\/ul><h3 class=\"page-product-heading\">DONN\u00c9ES TECHNIQUES<\/h3><div class=\"col-xs-12 col-md-6\">\n<table class=\"table table-data-sheet 1\">\n<tbody>\n<tr class=\"odd\">\n<td valign=\"middle\" width=\"32\"><\/td>\n<td valign=\"middle\">REFERENCE :<\/td>\n<td valign=\"middle\">SLCT8065<\/td>\n<\/tr>\n<tr class=\"even\">\n<td valign=\"middle\" width=\"32\"><\/td>\n<td valign=\"middle\">Mat\u00e9riaux de construction :<\/td>\n<td valign=\"middle\">Aluminium<\/td>\n<\/tr>\n<\/tbody>\n<\/table>\n<\/div><div class=\"col-xs-12 col-md-6 2\">\n<table class=\"table table-data-sheet 2\">\n<tbody>\n<tr class=\"odd\">\n<td valign=\"middle\" width=\"32\"><\/td>\n<td valign=\"middle\">Certificats :<\/td>\n<td valign=\"middle\">CE - ROHS<\/td>\n<\/tr>\n<tr class=\"even\">\n<td valign=\"middle\" width=\"32\"><\/td>\n<td valign=\"middle\">Ann\u00e9es de garantie :<\/td>\n<td valign=\"middle\">2<\/td>\n<\/tr>\n<\/tbody>\n<\/table>\n<p>&nbsp;<\/p>\n<\/div><\/p>","protected":false},"excerpt":{"rendered":"<div class=\"col-md-12\"><i class=\"fa fa-truck\"><\/i>&nbsp;<span class=\"text-muted textprop\">Livraison dans les 24\/48 heures<\/span><div class=\"col-md-12\"><i class=\"fa fa-exchange\"><\/i>&nbsp;<span class=\"text-muted textprop\">Garantie assur\u00e9e<\/span><\/div><div class=\"col-md-12\"><i class=\"fa fa-box\"><\/i>&nbsp;<span class=\"text-muted textprop\">10 unit\u00e9(s) par bo\u00eete \u00e0 outils<\/span><\/div><\/div>","protected":false},"featured_media":5763,"template":"","meta":{"site-sidebar-layout":"default","site-content-layout":"default","ast-global-header-display":"","ast-main-header-display":"","ast-hfb-above-header-display":"","ast-hfb-below-header-display":"","ast-hfb-mobile-header-display":"","site-post-title":"","ast-breadcrumbs-content":"","ast-featured-img":"","footer-sml-layout":"","theme-transparent-header-meta":"default","adv-header-id-meta":"","stick-header-meta":"","header-above-stick-meta":"","header-main-stick-meta":"","header-below-stick-meta":""},"product_cat":[78,32],"product_tag":[],"class_list":["post-5761","product","type-product","status-publish","has-post-thumbnail","hentry","product_cat-accesorios-para-carril-led-trifasico","product_cat-iluminacion-comercial-para-tienda"],"yoast_head":"<!-- This site is optimized with the Yoast SEO plugin v27.4 - https:\/\/yoast.com\/product\/yoast-seo-wordpress\/ -->\n<title>Carril TRIFASICO de 1 metro Negro - STARLED Iluminacion<\/title>\n<meta name=\"robots\" content=\"index, follow, max-snippet:-1, max-image-preview:large, max-video-preview:-1\" \/>\n<link rel=\"canonical\" href=\"https:\/\/starlediluminacion.com\/fr\/product\/carril-trifasico-de-1-metro-negro\/\" \/>\n<meta property=\"og:locale\" content=\"fr_FR\" \/>\n<meta property=\"og:type\" content=\"article\" \/>\n<meta property=\"og:title\" content=\"Carril TRIFASICO de 1 metro Negro - STARLED Iluminacion\" \/>\n<meta property=\"og:description\" content=\"\u00a0Entrega en 24\/48 horas \u00a0Garant\u00eda asegurada \u00a010 unidad(es) por Masterbox\" \/>\n<meta property=\"og:url\" content=\"https:\/\/starlediluminacion.com\/fr\/product\/carril-trifasico-de-1-metro-negro\/\" \/>\n<meta property=\"og:site_name\" content=\"STARLED Iluminacion\" \/>\n<meta property=\"og:image\" content=\"https:\/\/starlediluminacion.com\/wp-content\/uploads\/2022\/08\/carril-trifasico-de-1-metro-negro-factorled.jpg\" \/>\n\t<meta property=\"og:image:width\" content=\"1000\" \/>\n\t<meta property=\"og:image:height\" content=\"1000\" \/>\n\t<meta property=\"og:image:type\" content=\"image\/jpeg\" \/>\n<meta name=\"twitter:card\" content=\"summary_large_image\" \/>\n<meta name=\"twitter:label1\" content=\"Dur\u00e9e de lecture estim\u00e9e\" \/>\n\t<meta name=\"twitter:data1\" content=\"1 minute\" \/>\n<script type=\"application\/ld+json\" class=\"yoast-schema-graph\">{\"@context\":\"https:\\\/\\\/schema.org\",\"@graph\":[{\"@type\":\"WebPage\",\"@id\":\"https:\\\/\\\/starlediluminacion.com\\\/de\\\/product\\\/carril-trifasico-de-1-metro-negro\\\/\",\"url\":\"https:\\\/\\\/starlediluminacion.com\\\/de\\\/product\\\/carril-trifasico-de-1-metro-negro\\\/\",\"name\":\"Carril TRIFASICO de 1 metro Negro - STARLED Iluminacion\",\"isPartOf\":{\"@id\":\"https:\\\/\\\/starlediluminacion.com\\\/#website\"},\"primaryImageOfPage\":{\"@id\":\"https:\\\/\\\/starlediluminacion.com\\\/de\\\/product\\\/carril-trifasico-de-1-metro-negro\\\/#primaryimage\"},\"image\":{\"@id\":\"https:\\\/\\\/starlediluminacion.com\\\/de\\\/product\\\/carril-trifasico-de-1-metro-negro\\\/#primaryimage\"},\"thumbnailUrl\":\"https:\\\/\\\/starlediluminacion.com\\\/wp-content\\\/uploads\\\/2022\\\/08\\\/carril-trifasico-de-1-metro-negro-factorled.jpg\",\"datePublished\":\"2022-08-12T15:38:16+00:00\",\"breadcrumb\":{\"@id\":\"https:\\\/\\\/starlediluminacion.com\\\/de\\\/product\\\/carril-trifasico-de-1-metro-negro\\\/#breadcrumb\"},\"inLanguage\":\"fr-FR\",\"potentialAction\":[{\"@type\":\"ReadAction\",\"target\":[\"https:\\\/\\\/starlediluminacion.com\\\/de\\\/product\\\/carril-trifasico-de-1-metro-negro\\\/\"]}]},{\"@type\":\"ImageObject\",\"inLanguage\":\"fr-FR\",\"@id\":\"https:\\\/\\\/starlediluminacion.com\\\/de\\\/product\\\/carril-trifasico-de-1-metro-negro\\\/#primaryimage\",\"url\":\"https:\\\/\\\/starlediluminacion.com\\\/wp-content\\\/uploads\\\/2022\\\/08\\\/carril-trifasico-de-1-metro-negro-factorled.jpg\",\"contentUrl\":\"https:\\\/\\\/starlediluminacion.com\\\/wp-content\\\/uploads\\\/2022\\\/08\\\/carril-trifasico-de-1-metro-negro-factorled.jpg\",\"width\":1000,\"height\":1000},{\"@type\":\"BreadcrumbList\",\"@id\":\"https:\\\/\\\/starlediluminacion.com\\\/de\\\/product\\\/carril-trifasico-de-1-metro-negro\\\/#breadcrumb\",\"itemListElement\":[{\"@type\":\"ListItem\",\"position\":1,\"name\":\"Portada\",\"item\":\"https:\\\/\\\/starlediluminacion.com\\\/\"},{\"@type\":\"ListItem\",\"position\":2,\"name\":\"Shop\",\"item\":\"https:\\\/\\\/starlediluminacion.com\\\/shop-2\\\/\"},{\"@type\":\"ListItem\",\"position\":3,\"name\":\"Carril TRIFASICO de 1 metro Negro\"}]},{\"@type\":\"WebSite\",\"@id\":\"https:\\\/\\\/starlediluminacion.com\\\/#website\",\"url\":\"https:\\\/\\\/starlediluminacion.com\\\/\",\"name\":\"STARLED Iluminacion\",\"description\":\"\",\"potentialAction\":[{\"@type\":\"SearchAction\",\"target\":{\"@type\":\"EntryPoint\",\"urlTemplate\":\"https:\\\/\\\/starlediluminacion.com\\\/?s={search_term_string}\"},\"query-input\":{\"@type\":\"PropertyValueSpecification\",\"valueRequired\":true,\"valueName\":\"search_term_string\"}}],\"inLanguage\":\"fr-FR\"}]}<\/script>\n<!-- \/ Yoast SEO plugin. -->","yoast_head_json":{"title":"Carril TRIFASICO de 1 metro Negro - STARLED Iluminacion","robots":{"index":"index","follow":"follow","max-snippet":"max-snippet:-1","max-image-preview":"max-image-preview:large","max-video-preview":"max-video-preview:-1"},"canonical":"https:\/\/starlediluminacion.com\/fr\/product\/carril-trifasico-de-1-metro-negro\/","og_locale":"fr_FR","og_type":"article","og_title":"Carril TRIFASICO de 1 metro Negro - STARLED Iluminacion","og_description":"\u00a0Entrega en 24\/48 horas \u00a0Garant\u00eda asegurada \u00a010 unidad(es) por Masterbox","og_url":"https:\/\/starlediluminacion.com\/fr\/product\/carril-trifasico-de-1-metro-negro\/","og_site_name":"STARLED Iluminacion","og_image":[{"width":1000,"height":1000,"url":"https:\/\/starlediluminacion.com\/wp-content\/uploads\/2022\/08\/carril-trifasico-de-1-metro-negro-factorled.jpg","type":"image\/jpeg"}],"twitter_card":"summary_large_image","twitter_misc":{"Dur\u00e9e de lecture estim\u00e9e":"1 minute"},"schema":{"@context":"https:\/\/schema.org","@graph":[{"@type":"WebPage","@id":"https:\/\/starlediluminacion.com\/de\/product\/carril-trifasico-de-1-metro-negro\/","url":"https:\/\/starlediluminacion.com\/de\/product\/carril-trifasico-de-1-metro-negro\/","name":"Carril TRIFASICO de 1 metro Negro - STARLED Iluminacion","isPartOf":{"@id":"https:\/\/starlediluminacion.com\/#website"},"primaryImageOfPage":{"@id":"https:\/\/starlediluminacion.com\/de\/product\/carril-trifasico-de-1-metro-negro\/#primaryimage"},"image":{"@id":"https:\/\/starlediluminacion.com\/de\/product\/carril-trifasico-de-1-metro-negro\/#primaryimage"},"thumbnailUrl":"https:\/\/starlediluminacion.com\/wp-content\/uploads\/2022\/08\/carril-trifasico-de-1-metro-negro-factorled.jpg","datePublished":"2022-08-12T15:38:16+00:00","breadcrumb":{"@id":"https:\/\/starlediluminacion.com\/de\/product\/carril-trifasico-de-1-metro-negro\/#breadcrumb"},"inLanguage":"fr-FR","potentialAction":[{"@type":"ReadAction","target":["https:\/\/starlediluminacion.com\/de\/product\/carril-trifasico-de-1-metro-negro\/"]}]},{"@type":"ImageObject","inLanguage":"fr-FR","@id":"https:\/\/starlediluminacion.com\/de\/product\/carril-trifasico-de-1-metro-negro\/#primaryimage","url":"https:\/\/starlediluminacion.com\/wp-content\/uploads\/2022\/08\/carril-trifasico-de-1-metro-negro-factorled.jpg","contentUrl":"https:\/\/starlediluminacion.com\/wp-content\/uploads\/2022\/08\/carril-trifasico-de-1-metro-negro-factorled.jpg","width":1000,"height":1000},{"@type":"BreadcrumbList","@id":"https:\/\/starlediluminacion.com\/de\/product\/carril-trifasico-de-1-metro-negro\/#breadcrumb","itemListElement":[{"@type":"ListItem","position":1,"name":"Portada","item":"https:\/\/starlediluminacion.com\/"},{"@type":"ListItem","position":2,"name":"Shop","item":"https:\/\/starlediluminacion.com\/shop-2\/"},{"@type":"ListItem","position":3,"name":"Carril TRIFASICO de 1 metro Negro"}]},{"@type":"WebSite","@id":"https:\/\/starlediluminacion.com\/#website","url":"https:\/\/starlediluminacion.com\/","name":"STARLED Iluminacion","description":"","potentialAction":[{"@type":"SearchAction","target":{"@type":"EntryPoint","urlTemplate":"https:\/\/starlediluminacion.com\/?s={search_term_string}"},"query-input":{"@type":"PropertyValueSpecification","valueRequired":true,"valueName":"search_term_string"}}],"inLanguage":"fr-FR"}]}},"_links":{"self":[{"href":"https:\/\/starlediluminacion.com\/fr\/wp-json\/wp\/v3\/product\/5761","targetHints":{"allow":["GET"]}}],"collection":[{"href":"https:\/\/starlediluminacion.com\/fr\/wp-json\/wp\/v3\/product"}],"about":[{"href":"https:\/\/starlediluminacion.com\/fr\/wp-json\/wp\/v2\/types\/product"}],"wp:featuredmedia":[{"embeddable":true,"href":"https:\/\/starlediluminacion.com\/fr\/wp-json\/wp\/v2\/media\/5763"}],"wp:attachment":[{"href":"https:\/\/starlediluminacion.com\/fr\/wp-json\/wp\/v2\/media?parent=5761"}],"wp:term":[{"taxonomy":"product_cat","embeddable":true,"href":"https:\/\/starlediluminacion.com\/fr\/wp-json\/wp\/v2\/product_cat?post=5761"},{"taxonomy":"product_tag","embeddable":true,"href":"https:\/\/starlediluminacion.com\/fr\/wp-json\/wp\/v2\/product_tag?post=5761"}],"curies":[{"name":"wp","href":"https:\/\/api.w.org\/{rel}","templated":true}]}}