{"id":5700,"date":"2022-08-12T15:10:29","date_gmt":"2022-08-12T15:10:29","guid":{"rendered":"https:\/\/starlediluminacion.com\/?post_type=product&#038;p=5700"},"modified":"2022-08-12T15:10:29","modified_gmt":"2022-08-12T15:10:29","slug":"carril-monofasico-1-metro-reforzado-para-focos-led","status":"publish","type":"product","link":"https:\/\/starlediluminacion.com\/fr\/product\/monophase-rail-1-metre-renforce-pour-lampes-led-rail\/","title":{"rendered":"<p>Rail monophas\u00e9 de 1 m\u00e8tre REINFORCED pour spots LED<\/p>"},"content":{"rendered":"<div class=\"product-info-line\">\n<p id=\"product_reference\"><label>R\u00c9F\u00c9RENCE : SLCFM1000716C1<br>\n<\/label><\/p>\n<p><strong>RAIL MONOPHAS\u00c9<\/strong>&nbsp;<strong>RENFORC\u00c9&nbsp;<\/strong>compatible avec tous nos&nbsp;<strong>Pleins feux sur l'Europe<\/strong>&nbsp;<strong>Led<\/strong>&nbsp;de&nbsp;<strong>Vitrine<\/strong>.<\/p>\n<p>Disponible en couleur&nbsp;<strong>noir<\/strong>&nbsp;y&nbsp;<strong>blanc<\/strong><\/p>\n<h1>Rail monophas\u00e9 de 1 m\u00e8tre REINFORCED pour spots LED<\/h1>\n<p>Ce rail, \u00e9tant un circuit unique, signifie que lorsque l'on allume la lumi\u00e8re, tous les spots sont directement allum\u00e9s sans possibilit\u00e9 de les faire varier. Ce produit est associ\u00e9 \u00e0 notre&nbsp;<strong>spots LED monophas\u00e9s<\/strong>.<\/p>\n<p>Il est con\u00e7u avec une structure&nbsp;<strong>renforc\u00e9e<\/strong>&nbsp;pour assurer sa r\u00e9sistance. Comprend&nbsp;<strong>fiche<\/strong>&nbsp;\u00e0 une extr\u00e9mit\u00e9 et \u00e0 l'autre extr\u00e9mit\u00e9 le&nbsp;<strong>nourrisseur&nbsp;<\/strong>qui se branche directement sur le r\u00e9seau \u00e9lectrique. Nous disposons \u00e9galement de diff\u00e9rents types de<strong> accessoires&nbsp;<\/strong>avec laquelle vous pouvez concevoir vos luminaires en fonction de vos besoins.<\/p>\n<p>Parfait pour&nbsp;<strong>\u00e9clairer<\/strong>&nbsp;et d\u00e9corer&nbsp;<strong>les espaces commerciaux.&nbsp;<\/strong><\/p>\n<h2>Rail monophas\u00e9 renforc\u00e9 Utilisations<\/h2>\n<ul>\n<li>Boutiques commerciales<\/li>\n<li>Mus\u00e9es<\/li>\n<li>Galeries<\/li>\n<li>Vitrines<\/li>\n<li>Bureaux<\/li>\n<li>Vitrines<\/li>\n<\/ul>\n<h3 class=\"page-product-heading\">DONN\u00c9ES TECHNIQUES<\/h3>\n<div class=\"col-xs-12 col-md-6\">\n<table class=\"table table-data-sheet 1\">\n<tbody>\n<tr class=\"odd\">\n<td valign=\"middle\" width=\"32\"><\/td>\n<td valign=\"middle\">REFERENCE :<\/td>\n<td valign=\"middle\">SLCFM1000716<\/td>\n<\/tr>\n<tr class=\"even\">\n<td valign=\"middle\" width=\"32\"><\/td>\n<td valign=\"middle\">Mat\u00e9riaux de construction :<\/td>\n<td valign=\"middle\">Aluminium<\/td>\n<\/tr>\n<tr class=\"odd\">\n<td valign=\"middle\" width=\"32\"><\/td>\n<td valign=\"middle\">Certificats :<\/td>\n<td valign=\"middle\">CE - ROHS<\/td>\n<\/tr>\n<\/tbody>\n<\/table>\n<\/div>\n<div class=\"col-xs-12 col-md-6 2\">\n<table class=\"table table-data-sheet 2\">\n<tbody>\n<tr class=\"odd\">\n<td valign=\"middle\" width=\"32\"><\/td>\n<td valign=\"middle\">Dimensions (mm) :<\/td>\n<td valign=\"middle\">1000*20*40<\/td>\n<\/tr>\n<tr class=\"even\">\n<td valign=\"middle\" width=\"32\"><\/td>\n<td valign=\"middle\">Ann\u00e9es de garantie :<\/td>\n<td valign=\"middle\">2<\/td>\n<\/tr>\n<\/tbody>\n<\/table>\n<\/div>\n<\/div>","protected":false},"excerpt":{"rendered":"<div class=\"col-md-12\"><i class=\"fa fa-truck\"><\/i>&nbsp;<span class=\"text-muted textprop\">Livraison dans les 24\/48 heures<\/span><div class=\"col-md-12\"><i class=\"fa fa-exchange\"><\/i>&nbsp;<span class=\"text-muted textprop\">Garantie assur\u00e9e<\/span><\/div><div class=\"col-md-12\"><i class=\"fa fa-box\"><\/i>&nbsp;<span class=\"text-muted textprop\">20 unit\u00e9(s) par bo\u00eete \u00e0 outils<\/span><\/div><\/div>","protected":false},"featured_media":5710,"template":"","meta":{"site-sidebar-layout":"default","site-content-layout":"default","ast-global-header-display":"","ast-main-header-display":"","ast-hfb-above-header-display":"","ast-hfb-below-header-display":"","ast-hfb-mobile-header-display":"","site-post-title":"","ast-breadcrumbs-content":"","ast-featured-img":"","footer-sml-layout":"","theme-transparent-header-meta":"default","adv-header-id-meta":"","stick-header-meta":"","header-above-stick-meta":"","header-main-stick-meta":"","header-below-stick-meta":""},"product_cat":[77,32],"product_tag":[],"class_list":["post-5700","product","type-product","status-publish","has-post-thumbnail","hentry","product_cat-accesorios-para-carril-led","product_cat-iluminacion-comercial-para-tienda"],"_links":{"self":[{"href":"https:\/\/starlediluminacion.com\/fr\/wp-json\/wp\/v3\/product\/5700","targetHints":{"allow":["GET"]}}],"collection":[{"href":"https:\/\/starlediluminacion.com\/fr\/wp-json\/wp\/v3\/product"}],"about":[{"href":"https:\/\/starlediluminacion.com\/fr\/wp-json\/wp\/v2\/types\/product"}],"wp:featuredmedia":[{"embeddable":true,"href":"https:\/\/starlediluminacion.com\/fr\/wp-json\/wp\/v2\/media\/5710"}],"wp:attachment":[{"href":"https:\/\/starlediluminacion.com\/fr\/wp-json\/wp\/v2\/media?parent=5700"}],"wp:term":[{"taxonomy":"product_cat","embeddable":true,"href":"https:\/\/starlediluminacion.com\/fr\/wp-json\/wp\/v2\/product_cat?post=5700"},{"taxonomy":"product_tag","embeddable":true,"href":"https:\/\/starlediluminacion.com\/fr\/wp-json\/wp\/v2\/product_tag?post=5700"}],"curies":[{"name":"wp","href":"https:\/\/api.w.org\/{rel}","templated":true}]}}