{"id":5528,"date":"2022-08-12T13:06:11","date_gmt":"2022-08-12T13:06:11","guid":{"rendered":"https:\/\/starlediluminacion.com\/?post_type=product&#038;p=5528"},"modified":"2022-08-12T13:06:11","modified_gmt":"2022-08-12T13:06:11","slug":"foco-led-20w-lineal-essen-osram-chip-carril-monofasico","status":"publish","type":"product","link":"https:\/\/starlediluminacion.com\/fr\/product\/foco-led-20w-lineal-essen-osram-chip-carril-monofasico\/","title":{"rendered":"<p>Foco LED 20W LINEAL ESSEN OSRAM Chip Carril Monof&aacute;sico<\/p>"},"content":{"rendered":"<p>REFERENCIA: SL8013<div class=\"hidden-xs parrafo\">\n<p><strong>Foco LED ESSEN 20W Lineal de carril monof&aacute;sico.&nbsp;<\/strong>Con su sistema orientable permite dirigir la luz<strong>&nbsp;<\/strong>haciendo posible cambiar la iluminaci&oacute;n seg&uacute;n las necesidades. Gracias&nbsp;<strong>&aacute;ngulo de 100&ordm;<\/strong>&nbsp;esta luminaria LED es perfecta&nbsp; para cubrir zonas amplias<strong>,&nbsp;&nbsp;<\/strong>a la vez que aporta un importante ahorro energ&eacute;tico respecto a sus equivalentes convencionales.<\/p>\n<h1>Foco LED 20W LINEAL ESSEN OSRAM Chip para Carril Monof&aacute;sico 100&ordm;<\/h1>\n<p>Les&nbsp;<strong>Foco Lineal Monof&aacute;sico<\/strong>&nbsp;tiene un dise&ntilde;o exclusivo y moderno para conseguir un ambiente de luz focalizado en tus espacios.&nbsp;Dispone de una potencia de&nbsp;<strong>20w<\/strong>&nbsp;y una rotaci&oacute;n de 80&ordm;, creando una iluminaci&oacute;n personalizada. Adem&aacute;s gracias a su tecnolog&iacute;a&nbsp;<strong>LED<\/strong>&nbsp;de alto rendimiento ayuda a reducir el consumo de energ&iacute;a.<\/p>\n<p>Comprend&nbsp;<strong>Chip OSRAM,&nbsp;<\/strong>el cual<strong>&nbsp;<\/strong>est une avanc\u00e9e technologique dans le domaine des<strong>&nbsp;High Efficiency ,<\/strong>&nbsp;siendo una opci&oacute;n muy interesante en todo tipo de aplicaciones. Por lo que se consigue una luz de alto rendimiento y duradero en el tiempo.<\/p>\n<p>Este es uno de los focos m&aacute;s flexibles a la hora de decorar tu comercio, debido a su dise&ntilde;o nos permite fac&iacute;lmente&nbsp;<strong>orientarlo<\/strong>&nbsp;hacia la zona deseada. La luminaria LED esta&nbsp; fabricado en aluminio. Ligera y muy vers&aacute;til, con lo que conseguir&aacute;s unos resultados incre&iacute;bles en la decoraci&oacute;n.<\/p>\n<p>La luminaria esta fabricada en aluminio de alta calidad con pintura al horno y con la cubierta de PC (Policarbonato).<\/p>\n<p>Les<strong>&nbsp;&aacute;ngulo&nbsp; de 100&ordm;<\/strong>&nbsp;es perfecto para cubrir bien grandes areas sin provocar sombras.<strong><br>\n<\/strong><\/p>\n<p>&nbsp;<\/p>\n<h2>Usos del F<strong>oco LED ESSEN 20W Lineal monof&aacute;sico&nbsp;<\/strong><\/h2>\n<ul>\n<li>Tiendas.<\/li>\n<li>Supermercados.<\/li>\n<li>Centres commerciaux<\/li>\n<li>Bureaux<\/li>\n<li>Galeries d'art<\/li>\n<li>Mus\u00e9es<\/li>\n<\/ul>\n<h3 class=\"page-product-heading\">DONN\u00c9ES TECHNIQUES<\/h3>\n<div class=\"col-xs-12 col-md-6\">\n<table class=\"table table-data-sheet 1\">\n<tbody>\n<tr class=\"odd\">\n<td valign=\"middle\" width=\"32\"><\/td>\n<td valign=\"middle\">REFERENCE :<\/td>\n<td valign=\"middle\">SL8013<\/td>\n<\/tr>\n<tr class=\"even\">\n<td valign=\"middle\" width=\"32\"><\/td>\n<td valign=\"middle\">Puissance nominale :<\/td>\n<td valign=\"middle\">20W-3000K &ndash; 25W-4000K-6000K<\/td>\n<\/tr>\n<tr class=\"odd\">\n<td valign=\"middle\" width=\"32\"><\/td>\n<td valign=\"middle\">Tension nominale :<\/td>\n<td valign=\"middle\">220V-240V<\/td>\n<\/tr>\n<tr class=\"even\">\n<td valign=\"middle\" width=\"32\"><\/td>\n<td valign=\"middle\">Temp\u00e9rature de la lumi\u00e8re :<\/td>\n<td valign=\"middle\">3000K - 4000K<\/td>\n<\/tr>\n<tr class=\"odd\">\n<td valign=\"middle\" width=\"32\"><\/td>\n<td valign=\"middle\">CRI - Indice de rendu des couleurs :<\/td>\n<td valign=\"middle\">80<\/td>\n<\/tr>\n<tr class=\"even\">\n<td valign=\"middle\" width=\"32\"><\/td>\n<td valign=\"middle\">Mat\u00e9riaux de construction :<\/td>\n<td valign=\"middle\">Aluminium +PC<\/td>\n<\/tr>\n<tr class=\"odd\">\n<td valign=\"middle\" width=\"32\"><\/td>\n<td valign=\"middle\">Luminosit\u00e9-Lm :<\/td>\n<td valign=\"middle\">2200<\/td>\n<\/tr>\n<tr class=\"even\">\n<td valign=\"middle\" width=\"32\"><\/td>\n<td valign=\"middle\">Type de DEL :<\/td>\n<td valign=\"middle\">SMD 2835 OSRAM CHIP<\/td>\n<\/tr>\n<tr class=\"odd\">\n<td valign=\"middle\" width=\"32\"><\/td>\n<td valign=\"middle\">Angle d'ouverture (\u00ba) :<\/td>\n<td valign=\"middle\">100\u00ba<\/td>\n<\/tr>\n<tr class=\"even\">\n<td valign=\"middle\" width=\"32\"><\/td>\n<td valign=\"middle\">Efficacit\u00e9 de la diode LED (Lm\/W) :<\/td>\n<td valign=\"middle\">120 Lm\/W<\/td>\n<\/tr>\n<tr class=\"odd\">\n<td valign=\"middle\" width=\"32\"><\/td>\n<td valign=\"middle\">Efficacit\u00e9 lumineuse (Lm\/W) :<\/td>\n<td valign=\"middle\">110 Lm\/W<\/td>\n<\/tr>\n<\/tbody>\n<\/table>\n<\/div>\n<div class=\"col-xs-12 col-md-6 2\">\n<table class=\"table table-data-sheet 2\">\n<tbody>\n<tr class=\"odd\">\n<td valign=\"middle\" width=\"32\"><\/td>\n<td valign=\"middle\">Certificats :<\/td>\n<td valign=\"middle\">CE - ROHS-T\u00dcV<\/td>\n<\/tr>\n<tr class=\"even\">\n<td valign=\"middle\" width=\"32\"><\/td>\n<td valign=\"middle\">Indice de protection IP :<\/td>\n<td valign=\"middle\">IP20<\/td>\n<\/tr>\n<tr class=\"odd\">\n<td valign=\"middle\" width=\"32\"><\/td>\n<td valign=\"middle\">Dur\u00e9e de vie estim\u00e9e de la diode LED (H) :<\/td>\n<td valign=\"middle\">40.000<\/td>\n<\/tr>\n<tr class=\"even\">\n<td valign=\"middle\" width=\"32\"><\/td>\n<td valign=\"middle\">Dimensions (mm) :<\/td>\n<td valign=\"middle\">540mm x 33mm x 70mm<\/td>\n<\/tr>\n<tr class=\"odd\">\n<td valign=\"middle\" width=\"32\"><\/td>\n<td valign=\"middle\">Facteur de puissance (PF) :<\/td>\n<td valign=\"middle\">0.91<\/td>\n<\/tr>\n<tr class=\"even\">\n<td valign=\"middle\" width=\"32\"><\/td>\n<td valign=\"middle\">Fr\u00e9quence de travail (Hz) :<\/td>\n<td valign=\"middle\">50\/60Hz<\/td>\n<\/tr>\n<tr class=\"odd\">\n<td valign=\"middle\" width=\"32\"><\/td>\n<td valign=\"middle\">Plage de temp\u00e9rature (\u00baC) :<\/td>\n<td valign=\"middle\">-20\u00b0C ~ +55\u00b0C<\/td>\n<\/tr>\n<tr class=\"even\">\n<td valign=\"middle\" width=\"32\"><\/td>\n<td valign=\"middle\">Cycles d'allumage :<\/td>\n<td valign=\"middle\">100.000<\/td>\n<\/tr>\n<tr class=\"odd\">\n<td valign=\"middle\" width=\"32\"><\/td>\n<td valign=\"middle\">Temps de d\u00e9marrage (s) :<\/td>\n<td valign=\"middle\">0,2s<\/td>\n<\/tr>\n<tr class=\"even\">\n<td valign=\"middle\" width=\"32\"><\/td>\n<td valign=\"middle\">Classe \u00e9nerg\u00e9tique (2021-EU-2019\/2015) :<\/td>\n<td valign=\"middle\">A+<\/td>\n<\/tr>\n<tr class=\"odd\">\n<td valign=\"middle\" width=\"32\"><\/td>\n<td valign=\"middle\">Ann\u00e9es de garantie :<\/td>\n<td valign=\"middle\">2<\/td>\n<\/tr>\n<\/tbody>\n<\/table>\n<\/div>\n<\/div><\/p>","protected":false},"excerpt":{"rendered":"<div class=\"col-md-12\"><i class=\"fa fa-truck\"><\/i>&nbsp;<span class=\"text-muted textprop\">Livraison dans les 24\/48 heures<\/span><div class=\"col-md-12\"><i class=\"fa fa-exchange\"><\/i>&nbsp;<span class=\"text-muted textprop\">Garantie assur\u00e9e<\/span><\/div><div class=\"col-md-12\"><i class=\"fa fa-box\"><\/i>&nbsp;<span class=\"text-muted textprop\">20 unit\u00e9(s) par bo\u00eete \u00e0 outils<\/span><\/div><div>\n<div class=\"woocommerce-product-details__short-description\">\n<div><strong>TEMP\u00c9RATURE DE COULEUR : 3000K\/4000K<\/strong><\/div>\n<\/div>\n<\/div><\/div>","protected":false},"featured_media":5529,"template":"","meta":{"site-sidebar-layout":"default","site-content-layout":"default","ast-global-header-display":"","ast-main-header-display":"","ast-hfb-above-header-display":"","ast-hfb-below-header-display":"","ast-hfb-mobile-header-display":"","site-post-title":"","ast-breadcrumbs-content":"","ast-featured-img":"","footer-sml-layout":"","theme-transparent-header-meta":"default","adv-header-id-meta":"","stick-header-meta":"","header-above-stick-meta":"","header-main-stick-meta":"","header-below-stick-meta":""},"product_cat":[32,76],"product_tag":[],"class_list":["post-5528","product","type-product","status-publish","has-post-thumbnail","hentry","product_cat-iluminacion-comercial-para-tienda","product_cat-iluminacion-led-carril"],"yoast_head":"<!-- This site is optimized with the Yoast SEO plugin v27.4 - https:\/\/yoast.com\/product\/yoast-seo-wordpress\/ -->\n<title>Foco LED 20W LINEAL ESSEN OSRAM Chip Carril Monof\u00e1sico - STARLED Iluminacion<\/title>\n<meta name=\"robots\" content=\"index, follow, max-snippet:-1, max-image-preview:large, max-video-preview:-1\" \/>\n<link rel=\"canonical\" href=\"https:\/\/starlediluminacion.com\/fr\/product\/led-light-20w-lineal-essen-osram-chip-rail-single-phase\/\" \/>\n<meta property=\"og:locale\" content=\"fr_FR\" \/>\n<meta property=\"og:type\" content=\"article\" \/>\n<meta property=\"og:title\" content=\"Foco LED 20W LINEAL ESSEN OSRAM Chip Carril Monof\u00e1sico - STARLED Iluminacion\" \/>\n<meta property=\"og:description\" content=\"\u00a0Entrega en 24\/48 horas \u00a0Garant\u00eda asegurada \u00a020 unidad(es) por Masterbox   TEMPERATURA DE COLOR: 3000K\/4000K\" \/>\n<meta property=\"og:url\" content=\"https:\/\/starlediluminacion.com\/fr\/product\/led-light-20w-lineal-essen-osram-chip-rail-single-phase\/\" \/>\n<meta property=\"og:site_name\" content=\"STARLED Iluminacion\" \/>\n<meta property=\"og:image\" content=\"https:\/\/starlediluminacion.com\/wp-content\/uploads\/2022\/08\/foco-led-20w-lineal-essen-osram-chip-monofasico-factorled.webp\" \/>\n\t<meta property=\"og:image:width\" content=\"1000\" \/>\n\t<meta property=\"og:image:height\" content=\"1000\" \/>\n\t<meta property=\"og:image:type\" content=\"image\/webp\" \/>\n<meta name=\"twitter:card\" content=\"summary_large_image\" \/>\n<meta name=\"twitter:label1\" content=\"Dur\u00e9e de lecture estim\u00e9e\" \/>\n\t<meta name=\"twitter:data1\" content=\"2 minutes\" \/>\n<script type=\"application\/ld+json\" class=\"yoast-schema-graph\">{\"@context\":\"https:\\\/\\\/schema.org\",\"@graph\":[{\"@type\":\"WebPage\",\"@id\":\"https:\\\/\\\/starlediluminacion.com\\\/en\\\/product\\\/led-light-20w-lineal-essen-osram-chip-rail-single-phase\\\/\",\"url\":\"https:\\\/\\\/starlediluminacion.com\\\/en\\\/product\\\/led-light-20w-lineal-essen-osram-chip-rail-single-phase\\\/\",\"name\":\"Foco LED 20W LINEAL ESSEN OSRAM Chip Carril Monof\u00e1sico - STARLED Iluminacion\",\"isPartOf\":{\"@id\":\"https:\\\/\\\/starlediluminacion.com\\\/#website\"},\"primaryImageOfPage\":{\"@id\":\"https:\\\/\\\/starlediluminacion.com\\\/en\\\/product\\\/led-light-20w-lineal-essen-osram-chip-rail-single-phase\\\/#primaryimage\"},\"image\":{\"@id\":\"https:\\\/\\\/starlediluminacion.com\\\/en\\\/product\\\/led-light-20w-lineal-essen-osram-chip-rail-single-phase\\\/#primaryimage\"},\"thumbnailUrl\":\"https:\\\/\\\/starlediluminacion.com\\\/wp-content\\\/uploads\\\/2022\\\/08\\\/foco-led-20w-lineal-essen-osram-chip-monofasico-factorled.webp\",\"datePublished\":\"2022-08-12T13:06:11+00:00\",\"breadcrumb\":{\"@id\":\"https:\\\/\\\/starlediluminacion.com\\\/en\\\/product\\\/led-light-20w-lineal-essen-osram-chip-rail-single-phase\\\/#breadcrumb\"},\"inLanguage\":\"fr-FR\",\"potentialAction\":[{\"@type\":\"ReadAction\",\"target\":[\"https:\\\/\\\/starlediluminacion.com\\\/en\\\/product\\\/led-light-20w-lineal-essen-osram-chip-rail-single-phase\\\/\"]}]},{\"@type\":\"ImageObject\",\"inLanguage\":\"fr-FR\",\"@id\":\"https:\\\/\\\/starlediluminacion.com\\\/en\\\/product\\\/led-light-20w-lineal-essen-osram-chip-rail-single-phase\\\/#primaryimage\",\"url\":\"https:\\\/\\\/starlediluminacion.com\\\/wp-content\\\/uploads\\\/2022\\\/08\\\/foco-led-20w-lineal-essen-osram-chip-monofasico-factorled.webp\",\"contentUrl\":\"https:\\\/\\\/starlediluminacion.com\\\/wp-content\\\/uploads\\\/2022\\\/08\\\/foco-led-20w-lineal-essen-osram-chip-monofasico-factorled.webp\",\"width\":1000,\"height\":1000},{\"@type\":\"BreadcrumbList\",\"@id\":\"https:\\\/\\\/starlediluminacion.com\\\/en\\\/product\\\/led-light-20w-lineal-essen-osram-chip-rail-single-phase\\\/#breadcrumb\",\"itemListElement\":[{\"@type\":\"ListItem\",\"position\":1,\"name\":\"Portada\",\"item\":\"https:\\\/\\\/starlediluminacion.com\\\/\"},{\"@type\":\"ListItem\",\"position\":2,\"name\":\"Shop\",\"item\":\"https:\\\/\\\/starlediluminacion.com\\\/shop-2\\\/\"},{\"@type\":\"ListItem\",\"position\":3,\"name\":\"Foco LED 20W LINEAL ESSEN OSRAM Chip Carril Monof\u00e1sico\"}]},{\"@type\":\"WebSite\",\"@id\":\"https:\\\/\\\/starlediluminacion.com\\\/#website\",\"url\":\"https:\\\/\\\/starlediluminacion.com\\\/\",\"name\":\"STARLED Iluminacion\",\"description\":\"\",\"potentialAction\":[{\"@type\":\"SearchAction\",\"target\":{\"@type\":\"EntryPoint\",\"urlTemplate\":\"https:\\\/\\\/starlediluminacion.com\\\/?s={search_term_string}\"},\"query-input\":{\"@type\":\"PropertyValueSpecification\",\"valueRequired\":true,\"valueName\":\"search_term_string\"}}],\"inLanguage\":\"fr-FR\"}]}<\/script>\n<!-- \/ Yoast SEO plugin. -->","yoast_head_json":{"title":"Foco LED 20W LINEAL ESSEN OSRAM Chip Carril Monof\u00e1sico - STARLED Iluminacion","robots":{"index":"index","follow":"follow","max-snippet":"max-snippet:-1","max-image-preview":"max-image-preview:large","max-video-preview":"max-video-preview:-1"},"canonical":"https:\/\/starlediluminacion.com\/fr\/product\/led-light-20w-lineal-essen-osram-chip-rail-single-phase\/","og_locale":"fr_FR","og_type":"article","og_title":"Foco LED 20W LINEAL ESSEN OSRAM Chip Carril Monof\u00e1sico - STARLED Iluminacion","og_description":"\u00a0Entrega en 24\/48 horas \u00a0Garant\u00eda asegurada \u00a020 unidad(es) por Masterbox   TEMPERATURA DE COLOR: 3000K\/4000K","og_url":"https:\/\/starlediluminacion.com\/fr\/product\/led-light-20w-lineal-essen-osram-chip-rail-single-phase\/","og_site_name":"STARLED Iluminacion","og_image":[{"width":1000,"height":1000,"url":"https:\/\/starlediluminacion.com\/wp-content\/uploads\/2022\/08\/foco-led-20w-lineal-essen-osram-chip-monofasico-factorled.webp","type":"image\/webp"}],"twitter_card":"summary_large_image","twitter_misc":{"Dur\u00e9e de lecture estim\u00e9e":"2 minutes"},"schema":{"@context":"https:\/\/schema.org","@graph":[{"@type":"WebPage","@id":"https:\/\/starlediluminacion.com\/en\/product\/led-light-20w-lineal-essen-osram-chip-rail-single-phase\/","url":"https:\/\/starlediluminacion.com\/en\/product\/led-light-20w-lineal-essen-osram-chip-rail-single-phase\/","name":"Foco LED 20W LINEAL ESSEN OSRAM Chip Carril Monof\u00e1sico - STARLED Iluminacion","isPartOf":{"@id":"https:\/\/starlediluminacion.com\/#website"},"primaryImageOfPage":{"@id":"https:\/\/starlediluminacion.com\/en\/product\/led-light-20w-lineal-essen-osram-chip-rail-single-phase\/#primaryimage"},"image":{"@id":"https:\/\/starlediluminacion.com\/en\/product\/led-light-20w-lineal-essen-osram-chip-rail-single-phase\/#primaryimage"},"thumbnailUrl":"https:\/\/starlediluminacion.com\/wp-content\/uploads\/2022\/08\/foco-led-20w-lineal-essen-osram-chip-monofasico-factorled.webp","datePublished":"2022-08-12T13:06:11+00:00","breadcrumb":{"@id":"https:\/\/starlediluminacion.com\/en\/product\/led-light-20w-lineal-essen-osram-chip-rail-single-phase\/#breadcrumb"},"inLanguage":"fr-FR","potentialAction":[{"@type":"ReadAction","target":["https:\/\/starlediluminacion.com\/en\/product\/led-light-20w-lineal-essen-osram-chip-rail-single-phase\/"]}]},{"@type":"ImageObject","inLanguage":"fr-FR","@id":"https:\/\/starlediluminacion.com\/en\/product\/led-light-20w-lineal-essen-osram-chip-rail-single-phase\/#primaryimage","url":"https:\/\/starlediluminacion.com\/wp-content\/uploads\/2022\/08\/foco-led-20w-lineal-essen-osram-chip-monofasico-factorled.webp","contentUrl":"https:\/\/starlediluminacion.com\/wp-content\/uploads\/2022\/08\/foco-led-20w-lineal-essen-osram-chip-monofasico-factorled.webp","width":1000,"height":1000},{"@type":"BreadcrumbList","@id":"https:\/\/starlediluminacion.com\/en\/product\/led-light-20w-lineal-essen-osram-chip-rail-single-phase\/#breadcrumb","itemListElement":[{"@type":"ListItem","position":1,"name":"Portada","item":"https:\/\/starlediluminacion.com\/"},{"@type":"ListItem","position":2,"name":"Shop","item":"https:\/\/starlediluminacion.com\/shop-2\/"},{"@type":"ListItem","position":3,"name":"Foco LED 20W LINEAL ESSEN OSRAM Chip Carril Monof\u00e1sico"}]},{"@type":"WebSite","@id":"https:\/\/starlediluminacion.com\/#website","url":"https:\/\/starlediluminacion.com\/","name":"STARLED Iluminacion","description":"","potentialAction":[{"@type":"SearchAction","target":{"@type":"EntryPoint","urlTemplate":"https:\/\/starlediluminacion.com\/?s={search_term_string}"},"query-input":{"@type":"PropertyValueSpecification","valueRequired":true,"valueName":"search_term_string"}}],"inLanguage":"fr-FR"}]}},"_links":{"self":[{"href":"https:\/\/starlediluminacion.com\/fr\/wp-json\/wp\/v3\/product\/5528","targetHints":{"allow":["GET"]}}],"collection":[{"href":"https:\/\/starlediluminacion.com\/fr\/wp-json\/wp\/v3\/product"}],"about":[{"href":"https:\/\/starlediluminacion.com\/fr\/wp-json\/wp\/v2\/types\/product"}],"wp:featuredmedia":[{"embeddable":true,"href":"https:\/\/starlediluminacion.com\/fr\/wp-json\/wp\/v2\/media\/5529"}],"wp:attachment":[{"href":"https:\/\/starlediluminacion.com\/fr\/wp-json\/wp\/v2\/media?parent=5528"}],"wp:term":[{"taxonomy":"product_cat","embeddable":true,"href":"https:\/\/starlediluminacion.com\/fr\/wp-json\/wp\/v2\/product_cat?post=5528"},{"taxonomy":"product_tag","embeddable":true,"href":"https:\/\/starlediluminacion.com\/fr\/wp-json\/wp\/v2\/product_tag?post=5528"}],"curies":[{"name":"wp","href":"https:\/\/api.w.org\/{rel}","templated":true}]}}