{"id":5484,"date":"2022-08-12T12:50:46","date_gmt":"2022-08-12T12:50:46","guid":{"rendered":"https:\/\/starlediluminacion.com\/?post_type=product&#038;p=5484"},"modified":"2022-08-12T12:50:46","modified_gmt":"2022-08-12T12:50:46","slug":"foco-led-30w-berna-cromo-plata-carril-monofasico-dob-driverless","status":"publish","type":"product","link":"https:\/\/starlediluminacion.com\/fr\/product\/spotlight-led-30w-berna-chrome-silver-rail-monophase-dob-driverless\/","title":{"rendered":"<p>BERNA Projecteur LED 30W BERNA Argent Chrom\u00e9 Monophas\u00e9 Rail DOB Driverless<\/p>"},"content":{"rendered":"<p>R\u00c9F\u00c9RENCE : SL4853<div class=\"hidden-xs parrafo\">\n<p><strong>Projecteur LED 30w<\/strong>&nbsp;puissance. Avec son&nbsp;<strong>syst\u00e8me de pivotement<\/strong>&nbsp;permet&nbsp;<strong>orienter la lumi\u00e8re dans n'importe quelle direction<\/strong>&nbsp;ce qui permet de modifier l'\u00e9clairage en fonction des besoins. Ce projecteur est donc id\u00e9al pour&nbsp;<strong>mettre en \u00e9vidence des \u00e9l\u00e9ments sp\u00e9cifiques<\/strong>g\u00e9n\u00e9rant ainsi des atmosph\u00e8res multiples. Angle primaire de<strong>&nbsp;24\u00ba<\/strong><\/p>\n<\/div><div id=\"views_block-1\" class=\"clearfix\">\n<div id=\"thumbs_list\">\n<h1>Focus<strong>&nbsp;30W BERNA LED 30W Argent Chrom\u00e9 pour Rail monophas\u00e9 24\u00b0 LED<\/strong><\/h1>\n<p><strong>Il s'agit de l'un des projecteurs les plus flexibles lorsqu'il s'agit de d\u00e9corer votre magasin. Gr\u00e2ce \u00e0 sa conception, il peut \u00eatre tourn\u00e9 presque enti\u00e8rement.<\/strong>de&nbsp;<strong>poids l\u00e9ger<\/strong>&nbsp;mais polyvalents, nous obtenons des r\u00e9sultats incroyables en mati\u00e8re de d\u00e9coration.<\/p>\n<p>Obtenir un&nbsp;<strong>double effet&nbsp;<\/strong>&nbsp;gr\u00e2ce \u00e0 la lentille h\u00e9misph\u00e9rique de collimation (concentrateur de faisceaux lumineux) de derni\u00e8re g\u00e9n\u00e9ration en PMMA (poly m\u00e9thacrylate de m\u00e9thyle) et au r\u00e9flecteur incurv\u00e9 en aluminium poli en forme de diamant, qui produit une lumi\u00e8re de base et un angle plus concentr\u00e9 pour mettre en valeur l'objet \u00e0 \u00e9clairer sans provoquer d'ombres accentu\u00e9es, avec un angle primaire de&nbsp;<strong>24<\/strong><strong>\u00ba.<\/strong><\/p>\n<p>&nbsp;<\/p>\n<h2>Utilisations de l'accent<strong>&nbsp;30W BERNA LED 30W Argent Chrom\u00e9 pour Rail monophas\u00e9 24\u00b0 LED<\/strong><\/h2>\n<ul>\n<li>- Vitrines<\/li>\n<li>\u2013 Oficinas<\/li>\n<li>- Galeries d'art<\/li>\n<li>- Mus\u00e9es<\/li>\n<\/ul>\n<h3 class=\"page-product-heading\">DONN\u00c9ES TECHNIQUES<\/h3>\n<div class=\"col-xs-12 col-md-6\">\n<table class=\"table table-data-sheet 1\">\n<tbody>\n<tr class=\"odd\">\n<td valign=\"middle\" width=\"32\"><\/td>\n<td valign=\"middle\">REFERENCE :<\/td>\n<td valign=\"middle\">SL4853<\/td>\n<\/tr>\n<tr class=\"even\">\n<td valign=\"middle\" width=\"32\"><\/td>\n<td valign=\"middle\">Puissance nominale :<\/td>\n<td valign=\"middle\">30W<\/td>\n<\/tr>\n<tr class=\"odd\">\n<td valign=\"middle\" width=\"32\"><\/td>\n<td valign=\"middle\">Tension nominale :<\/td>\n<td valign=\"middle\">170V-270V<\/td>\n<\/tr>\n<tr class=\"even\">\n<td valign=\"middle\" width=\"32\"><\/td>\n<td valign=\"middle\">Temp\u00e9rature de la lumi\u00e8re :<\/td>\n<td valign=\"middle\">3000K - 4000K - 6000K<\/td>\n<\/tr>\n<tr class=\"odd\">\n<td valign=\"middle\" width=\"32\"><\/td>\n<td valign=\"middle\">CRI - Indice de rendu des couleurs :<\/td>\n<td valign=\"middle\">90<\/td>\n<\/tr>\n<tr class=\"even\">\n<td valign=\"middle\" width=\"32\"><\/td>\n<td valign=\"middle\">Mat\u00e9riaux de construction :<\/td>\n<td valign=\"middle\">Aluminium +PMMA<\/td>\n<\/tr>\n<tr class=\"odd\">\n<td valign=\"middle\" width=\"32\"><\/td>\n<td valign=\"middle\">Luminosit\u00e9-Lm :<\/td>\n<td valign=\"middle\">3600<\/td>\n<\/tr>\n<tr class=\"even\">\n<td valign=\"middle\" width=\"32\"><\/td>\n<td valign=\"middle\">Type de DEL :<\/td>\n<td valign=\"middle\">Puce COB BRIDGELUX<\/td>\n<\/tr>\n<tr class=\"odd\">\n<td valign=\"middle\" width=\"32\"><\/td>\n<td valign=\"middle\">Angle d'ouverture (\u00ba) :<\/td>\n<td valign=\"middle\">24\u00ba-60\u00ba.<\/td>\n<\/tr>\n<tr class=\"even\">\n<td valign=\"middle\" width=\"32\"><\/td>\n<td valign=\"middle\">Efficacit\u00e9 de la diode LED (Lm\/W) :<\/td>\n<td valign=\"middle\">130Lm\/W<\/td>\n<\/tr>\n<tr class=\"odd\">\n<td valign=\"middle\" width=\"32\"><\/td>\n<td valign=\"middle\">Efficacit\u00e9 lumineuse (Lm\/W) :<\/td>\n<td valign=\"middle\">120 Lm\/W<\/td>\n<\/tr>\n<tr class=\"even\">\n<td valign=\"middle\" width=\"32\"><\/td>\n<td valign=\"middle\">Certificats :<\/td>\n<td valign=\"middle\">CE - ROHS<\/td>\n<\/tr>\n<\/tbody>\n<\/table>\n<\/div>\n<div class=\"col-xs-12 col-md-6 2\">\n<table class=\"table table-data-sheet 2\">\n<tbody>\n<tr class=\"odd\">\n<td valign=\"middle\" width=\"32\"><\/td>\n<td valign=\"middle\">Indice de protection IP :<\/td>\n<td valign=\"middle\">IP20<\/td>\n<\/tr>\n<tr class=\"even\">\n<td valign=\"middle\" width=\"32\"><\/td>\n<td valign=\"middle\">Dur\u00e9e de vie estim\u00e9e de la diode LED (H) :<\/td>\n<td valign=\"middle\">50.000<\/td>\n<\/tr>\n<tr class=\"odd\">\n<td valign=\"middle\" width=\"32\"><\/td>\n<td valign=\"middle\">Dimensions (mm) :<\/td>\n<td valign=\"middle\">?66mm*185*H240mm<\/td>\n<\/tr>\n<tr class=\"even\">\n<td valign=\"middle\" width=\"32\"><\/td>\n<td valign=\"middle\">Facteur de puissance (PF) :<\/td>\n<td valign=\"middle\">0.93<\/td>\n<\/tr>\n<tr class=\"odd\">\n<td valign=\"middle\" width=\"32\"><\/td>\n<td valign=\"middle\">Fr\u00e9quence de travail (Hz) :<\/td>\n<td valign=\"middle\">50\/60Hz<\/td>\n<\/tr>\n<tr class=\"even\">\n<td valign=\"middle\" width=\"32\"><\/td>\n<td valign=\"middle\">Plage de temp\u00e9rature (\u00baC) :<\/td>\n<td valign=\"middle\">-20\u00b0C ~ +55\u00b0C<\/td>\n<\/tr>\n<tr class=\"odd\">\n<td valign=\"middle\" width=\"32\"><\/td>\n<td valign=\"middle\">Cycles d'allumage :<\/td>\n<td valign=\"middle\">100.000<\/td>\n<\/tr>\n<tr class=\"even\">\n<td valign=\"middle\" width=\"32\"><\/td>\n<td valign=\"middle\">Temps de d\u00e9marrage (s) :<\/td>\n<td valign=\"middle\">0,2s<\/td>\n<\/tr>\n<tr class=\"odd\">\n<td valign=\"middle\" width=\"32\"><\/td>\n<td valign=\"middle\">Informations compl\u00e9mentaires :<\/td>\n<td valign=\"middle\">DOB SANS CONDUITE<\/td>\n<\/tr>\n<tr class=\"even\">\n<td valign=\"middle\" width=\"32\"><\/td>\n<td valign=\"middle\">Classe \u00e9nerg\u00e9tique (2021-EU-2019\/2015) :<\/td>\n<td valign=\"middle\">A++<\/td>\n<\/tr>\n<tr class=\"odd\">\n<td valign=\"middle\" width=\"32\"><\/td>\n<td valign=\"middle\">Ann\u00e9es de garantie :<\/td>\n<td valign=\"middle\">5<\/td>\n<\/tr>\n<\/tbody>\n<\/table>\n<\/div>\n<\/div>\n<\/div><\/p>","protected":false},"excerpt":{"rendered":"<div class=\"col-md-12\"><i class=\"fa fa-truck\"><\/i>&nbsp;<span class=\"text-muted textprop\">Livraison dans les 24\/48 heures<\/span><div class=\"col-md-12\"><i class=\"fa fa-exchange\"><\/i>&nbsp;<span class=\"text-muted textprop\">Garantie assur\u00e9e<\/span><\/div><div class=\"col-md-12\"><i class=\"fa fa-box\"><\/i>&nbsp;<span class=\"text-muted textprop\">25 unit\u00e9(s) par bo\u00eete \u00e0 outils<\/span><\/div><div>\n<div class=\"woocommerce-product-details__short-description\">\n<div>\n<div class=\"woocommerce-product-details__short-description\">\n<div><strong>TEMP\u00c9RATURE DE COULEUR : 3000K\/4000K<\/strong><\/div>\n<\/div>\n<\/div>\n<\/div>\n<\/div><\/div>","protected":false},"featured_media":5485,"template":"","meta":{"site-sidebar-layout":"default","site-content-layout":"default","ast-global-header-display":"","ast-main-header-display":"","ast-hfb-above-header-display":"","ast-hfb-below-header-display":"","ast-hfb-mobile-header-display":"","site-post-title":"","ast-breadcrumbs-content":"","ast-featured-img":"","footer-sml-layout":"","theme-transparent-header-meta":"default","adv-header-id-meta":"","stick-header-meta":"","header-above-stick-meta":"","header-main-stick-meta":"","header-below-stick-meta":""},"product_cat":[32,76],"product_tag":[],"class_list":["post-5484","product","type-product","status-publish","has-post-thumbnail","hentry","product_cat-iluminacion-comercial-para-tienda","product_cat-iluminacion-led-carril"],"yoast_head":"<!-- This site is optimized with the Yoast SEO plugin v27.4 - https:\/\/yoast.com\/product\/yoast-seo-wordpress\/ -->\n<title>Foco LED 30W BERNA Cromo Plata Carril Monof\u00e1sico DOB Driverless - STARLED Iluminacion<\/title>\n<meta name=\"robots\" content=\"index, follow, max-snippet:-1, max-image-preview:large, max-video-preview:-1\" \/>\n<link rel=\"canonical\" href=\"https:\/\/starlediluminacion.com\/fr\/product\/spotlight-led-30w-berna-chrome-silver-rail-monophase-dob-driverless\/\" \/>\n<meta property=\"og:locale\" content=\"fr_FR\" \/>\n<meta property=\"og:type\" content=\"article\" \/>\n<meta property=\"og:title\" content=\"Foco LED 30W BERNA Cromo Plata Carril Monof\u00e1sico DOB Driverless - STARLED Iluminacion\" \/>\n<meta property=\"og:description\" content=\"\u00a0Entrega en 24\/48 horas \u00a0Garant\u00eda asegurada \u00a025 unidad(es) por Masterbox     TEMPERATURA DE COLOR: 3000K\/4000K\" \/>\n<meta property=\"og:url\" content=\"https:\/\/starlediluminacion.com\/fr\/product\/spotlight-led-30w-berna-chrome-silver-rail-monophase-dob-driverless\/\" \/>\n<meta property=\"og:site_name\" content=\"STARLED Iluminacion\" \/>\n<meta property=\"og:image\" content=\"https:\/\/starlediluminacion.com\/wp-content\/uploads\/2022\/08\/foco-led-30w-berna-cromo-plata-para-carril-monofasico-dob-driverless-24-factorled-1.jpg\" \/>\n\t<meta property=\"og:image:width\" content=\"1000\" \/>\n\t<meta property=\"og:image:height\" content=\"1000\" \/>\n\t<meta property=\"og:image:type\" content=\"image\/jpeg\" \/>\n<meta name=\"twitter:card\" content=\"summary_large_image\" \/>\n<meta name=\"twitter:label1\" content=\"Dur\u00e9e de lecture estim\u00e9e\" \/>\n\t<meta name=\"twitter:data1\" content=\"2 minutes\" \/>\n<script type=\"application\/ld+json\" class=\"yoast-schema-graph\">{\"@context\":\"https:\\\/\\\/schema.org\",\"@graph\":[{\"@type\":\"WebPage\",\"@id\":\"https:\\\/\\\/starlediluminacion.com\\\/producto\\\/foco-led-30w-berna-cromo-plata-carril-monofasico-dob-driverless\\\/\",\"url\":\"https:\\\/\\\/starlediluminacion.com\\\/producto\\\/foco-led-30w-berna-cromo-plata-carril-monofasico-dob-driverless\\\/\",\"name\":\"Foco LED 30W BERNA Cromo Plata Carril Monof\u00e1sico DOB Driverless - STARLED Iluminacion\",\"isPartOf\":{\"@id\":\"https:\\\/\\\/starlediluminacion.com\\\/#website\"},\"primaryImageOfPage\":{\"@id\":\"https:\\\/\\\/starlediluminacion.com\\\/producto\\\/foco-led-30w-berna-cromo-plata-carril-monofasico-dob-driverless\\\/#primaryimage\"},\"image\":{\"@id\":\"https:\\\/\\\/starlediluminacion.com\\\/producto\\\/foco-led-30w-berna-cromo-plata-carril-monofasico-dob-driverless\\\/#primaryimage\"},\"thumbnailUrl\":\"https:\\\/\\\/starlediluminacion.com\\\/wp-content\\\/uploads\\\/2022\\\/08\\\/foco-led-30w-berna-cromo-plata-para-carril-monofasico-dob-driverless-24-factorled-1.jpg\",\"datePublished\":\"2022-08-12T12:50:46+00:00\",\"breadcrumb\":{\"@id\":\"https:\\\/\\\/starlediluminacion.com\\\/producto\\\/foco-led-30w-berna-cromo-plata-carril-monofasico-dob-driverless\\\/#breadcrumb\"},\"inLanguage\":\"fr-FR\",\"potentialAction\":[{\"@type\":\"ReadAction\",\"target\":[\"https:\\\/\\\/starlediluminacion.com\\\/producto\\\/foco-led-30w-berna-cromo-plata-carril-monofasico-dob-driverless\\\/\"]}]},{\"@type\":\"ImageObject\",\"inLanguage\":\"fr-FR\",\"@id\":\"https:\\\/\\\/starlediluminacion.com\\\/producto\\\/foco-led-30w-berna-cromo-plata-carril-monofasico-dob-driverless\\\/#primaryimage\",\"url\":\"https:\\\/\\\/starlediluminacion.com\\\/wp-content\\\/uploads\\\/2022\\\/08\\\/foco-led-30w-berna-cromo-plata-para-carril-monofasico-dob-driverless-24-factorled-1.jpg\",\"contentUrl\":\"https:\\\/\\\/starlediluminacion.com\\\/wp-content\\\/uploads\\\/2022\\\/08\\\/foco-led-30w-berna-cromo-plata-para-carril-monofasico-dob-driverless-24-factorled-1.jpg\",\"width\":1000,\"height\":1000},{\"@type\":\"BreadcrumbList\",\"@id\":\"https:\\\/\\\/starlediluminacion.com\\\/producto\\\/foco-led-30w-berna-cromo-plata-carril-monofasico-dob-driverless\\\/#breadcrumb\",\"itemListElement\":[{\"@type\":\"ListItem\",\"position\":1,\"name\":\"Portada\",\"item\":\"https:\\\/\\\/starlediluminacion.com\\\/\"},{\"@type\":\"ListItem\",\"position\":2,\"name\":\"Shop\",\"item\":\"https:\\\/\\\/starlediluminacion.com\\\/shop-2\\\/\"},{\"@type\":\"ListItem\",\"position\":3,\"name\":\"Foco LED 30W BERNA Cromo Plata Carril Monof\u00e1sico DOB Driverless\"}]},{\"@type\":\"WebSite\",\"@id\":\"https:\\\/\\\/starlediluminacion.com\\\/#website\",\"url\":\"https:\\\/\\\/starlediluminacion.com\\\/\",\"name\":\"STARLED Iluminacion\",\"description\":\"\",\"potentialAction\":[{\"@type\":\"SearchAction\",\"target\":{\"@type\":\"EntryPoint\",\"urlTemplate\":\"https:\\\/\\\/starlediluminacion.com\\\/?s={search_term_string}\"},\"query-input\":{\"@type\":\"PropertyValueSpecification\",\"valueRequired\":true,\"valueName\":\"search_term_string\"}}],\"inLanguage\":\"fr-FR\"}]}<\/script>\n<!-- \/ Yoast SEO plugin. -->","yoast_head_json":{"title":"Foco LED 30W BERNA Cromo Plata Carril Monof\u00e1sico DOB Driverless - STARLED Iluminacion","robots":{"index":"index","follow":"follow","max-snippet":"max-snippet:-1","max-image-preview":"max-image-preview:large","max-video-preview":"max-video-preview:-1"},"canonical":"https:\/\/starlediluminacion.com\/fr\/product\/spotlight-led-30w-berna-chrome-silver-rail-monophase-dob-driverless\/","og_locale":"fr_FR","og_type":"article","og_title":"Foco LED 30W BERNA Cromo Plata Carril Monof\u00e1sico DOB Driverless - STARLED Iluminacion","og_description":"\u00a0Entrega en 24\/48 horas \u00a0Garant\u00eda asegurada \u00a025 unidad(es) por Masterbox     TEMPERATURA DE COLOR: 3000K\/4000K","og_url":"https:\/\/starlediluminacion.com\/fr\/product\/spotlight-led-30w-berna-chrome-silver-rail-monophase-dob-driverless\/","og_site_name":"STARLED Iluminacion","og_image":[{"width":1000,"height":1000,"url":"https:\/\/starlediluminacion.com\/wp-content\/uploads\/2022\/08\/foco-led-30w-berna-cromo-plata-para-carril-monofasico-dob-driverless-24-factorled-1.jpg","type":"image\/jpeg"}],"twitter_card":"summary_large_image","twitter_misc":{"Dur\u00e9e de lecture estim\u00e9e":"2 minutes"},"schema":{"@context":"https:\/\/schema.org","@graph":[{"@type":"WebPage","@id":"https:\/\/starlediluminacion.com\/producto\/foco-led-30w-berna-cromo-plata-carril-monofasico-dob-driverless\/","url":"https:\/\/starlediluminacion.com\/producto\/foco-led-30w-berna-cromo-plata-carril-monofasico-dob-driverless\/","name":"Foco LED 30W BERNA Cromo Plata Carril Monof\u00e1sico DOB Driverless - STARLED Iluminacion","isPartOf":{"@id":"https:\/\/starlediluminacion.com\/#website"},"primaryImageOfPage":{"@id":"https:\/\/starlediluminacion.com\/producto\/foco-led-30w-berna-cromo-plata-carril-monofasico-dob-driverless\/#primaryimage"},"image":{"@id":"https:\/\/starlediluminacion.com\/producto\/foco-led-30w-berna-cromo-plata-carril-monofasico-dob-driverless\/#primaryimage"},"thumbnailUrl":"https:\/\/starlediluminacion.com\/wp-content\/uploads\/2022\/08\/foco-led-30w-berna-cromo-plata-para-carril-monofasico-dob-driverless-24-factorled-1.jpg","datePublished":"2022-08-12T12:50:46+00:00","breadcrumb":{"@id":"https:\/\/starlediluminacion.com\/producto\/foco-led-30w-berna-cromo-plata-carril-monofasico-dob-driverless\/#breadcrumb"},"inLanguage":"fr-FR","potentialAction":[{"@type":"ReadAction","target":["https:\/\/starlediluminacion.com\/producto\/foco-led-30w-berna-cromo-plata-carril-monofasico-dob-driverless\/"]}]},{"@type":"ImageObject","inLanguage":"fr-FR","@id":"https:\/\/starlediluminacion.com\/producto\/foco-led-30w-berna-cromo-plata-carril-monofasico-dob-driverless\/#primaryimage","url":"https:\/\/starlediluminacion.com\/wp-content\/uploads\/2022\/08\/foco-led-30w-berna-cromo-plata-para-carril-monofasico-dob-driverless-24-factorled-1.jpg","contentUrl":"https:\/\/starlediluminacion.com\/wp-content\/uploads\/2022\/08\/foco-led-30w-berna-cromo-plata-para-carril-monofasico-dob-driverless-24-factorled-1.jpg","width":1000,"height":1000},{"@type":"BreadcrumbList","@id":"https:\/\/starlediluminacion.com\/producto\/foco-led-30w-berna-cromo-plata-carril-monofasico-dob-driverless\/#breadcrumb","itemListElement":[{"@type":"ListItem","position":1,"name":"Portada","item":"https:\/\/starlediluminacion.com\/"},{"@type":"ListItem","position":2,"name":"Shop","item":"https:\/\/starlediluminacion.com\/shop-2\/"},{"@type":"ListItem","position":3,"name":"Foco LED 30W BERNA Cromo Plata Carril Monof\u00e1sico DOB Driverless"}]},{"@type":"WebSite","@id":"https:\/\/starlediluminacion.com\/#website","url":"https:\/\/starlediluminacion.com\/","name":"STARLED Iluminacion","description":"","potentialAction":[{"@type":"SearchAction","target":{"@type":"EntryPoint","urlTemplate":"https:\/\/starlediluminacion.com\/?s={search_term_string}"},"query-input":{"@type":"PropertyValueSpecification","valueRequired":true,"valueName":"search_term_string"}}],"inLanguage":"fr-FR"}]}},"_links":{"self":[{"href":"https:\/\/starlediluminacion.com\/fr\/wp-json\/wp\/v3\/product\/5484","targetHints":{"allow":["GET"]}}],"collection":[{"href":"https:\/\/starlediluminacion.com\/fr\/wp-json\/wp\/v3\/product"}],"about":[{"href":"https:\/\/starlediluminacion.com\/fr\/wp-json\/wp\/v2\/types\/product"}],"wp:featuredmedia":[{"embeddable":true,"href":"https:\/\/starlediluminacion.com\/fr\/wp-json\/wp\/v2\/media\/5485"}],"wp:attachment":[{"href":"https:\/\/starlediluminacion.com\/fr\/wp-json\/wp\/v2\/media?parent=5484"}],"wp:term":[{"taxonomy":"product_cat","embeddable":true,"href":"https:\/\/starlediluminacion.com\/fr\/wp-json\/wp\/v2\/product_cat?post=5484"},{"taxonomy":"product_tag","embeddable":true,"href":"https:\/\/starlediluminacion.com\/fr\/wp-json\/wp\/v2\/product_tag?post=5484"}],"curies":[{"name":"wp","href":"https:\/\/api.w.org\/{rel}","templated":true}]}}