{"id":5460,"date":"2022-08-12T12:42:29","date_gmt":"2022-08-12T12:42:29","guid":{"rendered":"https:\/\/starlediluminacion.com\/?post_type=product&#038;p=5460"},"modified":"2022-08-12T12:42:30","modified_gmt":"2022-08-12T12:42:30","slug":"foco-led-40w-graz-blanco-carril-trifasico-bridgelux-chip-cri-90","status":"publish","type":"product","link":"https:\/\/starlediluminacion.com\/fr\/product\/bulb-led-40w-black-white-white-rail-triphase-bridgelux-chip-cri-90\/","title":{"rendered":"<p>Spot LED 40W GRAZ Blanc TRIFASIC BRIDGELUX Chip CRI +90<\/p>"},"content":{"rendered":"<div class=\"product-info-line\">\n<p id=\"product_reference\"><label>NUM\u00c9RO DE PI\u00c8CE : SL4850C2<br>\n<\/label><\/p>\n<div class=\"hidden-xs parrafo\">\n<p>Les&nbsp;<strong>GRAZ BRIDGELUX Spot LED 40W Chip<\/strong>&nbsp;pour&nbsp;<strong>Voie triphas\u00e9e<\/strong>&nbsp;est parfaite comme lumi\u00e8re d'intonation dans tout syst\u00e8me d'\u00e9clairage sur rail, ce qui la rend id\u00e9ale pour mettre en valeur des \u00e9l\u00e9ments particuliers, et elle a un angle primaire de&nbsp;<strong>Ouverture \u00e0 100<\/strong>.<\/p>\n<\/div>\n<div id=\"views_block-1\" class=\"clearfix\">\n<div id=\"thumbs_list\">\n<h1>Spot LED 40W&nbsp;<strong>GRAZ BRIDGELUX Copeaux<\/strong>&nbsp;Blanc pour TRIPHASE 100\u00ba Track<\/h1>\n<p>Les&nbsp;<strong>focus GRAZ BRIDGELUX Puce&nbsp;<\/strong>de&nbsp;<strong>40w<\/strong>&nbsp;se caract\u00e9rise par un design qui s'adapte \u00e0 tous les styles et par d'excellentes performances.&nbsp;<strong>Spot LED&nbsp;<\/strong><strong>GRAZ BRIDGELUX Copeaux<\/strong>&nbsp;est id\u00e9al pour \u00e9clairer n'importe quel endroit que vous souhaitez mettre en valeur, il est \u00e9galement parfait pour les situations dans les espaces qui recherchent la classe et la distinction dans son r\u00e9seau d'\u00e9clairage ont \u00e9galement le dans diff\u00e9rentes temp\u00e9ratures.&nbsp;<strong>3000k, 4000k, 6000k<\/strong>.<\/p>\n<p>Son design en couleur&nbsp;<strong>blanc<\/strong>&nbsp;est id\u00e9al pour cr\u00e9er des ambiances minimalistes tout en mettant en valeur les espaces que vous souhaitez souligner. Son installation est simple \u00e0 placer sur un rail monophas\u00e9, maintenant la d\u00e9coration est entre vos mains et de la mani\u00e8re la plus simple.<\/p>\n<p>Ce produit a \u00e9t\u00e9 fabriqu\u00e9 pour une utilisation sp\u00e9ciale en int\u00e9rieur, c'est pourquoi sa protection est assur\u00e9e.&nbsp;<strong>IP20<\/strong>.<\/p>\n<p>Notre&nbsp;<strong>Spot LED GRAZ<\/strong>&nbsp;\u00e9missions&nbsp;<strong>4400 lumens<\/strong>&nbsp;(COB BRIDGELUX CHIP 2630 DS-C30 4800lm) et nous permet d'\u00e9conomiser jusqu'\u00e0&nbsp;<strong>90%<\/strong>&nbsp;sur notre facture. Le Spotlight est capable de r\u00e9sister \u00e0 une tension de&nbsp;<strong>85V \u00e0 265V.<\/strong><\/p>\n<h2>APPLICATIONS POUR LES PROJECTEURS \u00c0 DIODES \u00c9LECTROLUMINESCENTES&nbsp;<strong>GRAZ&nbsp;<\/strong>TROIS PHASES&nbsp;<strong>Puce BRIDGELUX<\/strong>&nbsp;Blanc<\/h2>\n<ul>\n<li>Vitrines<\/li>\n<li>Bureaux<\/li>\n<li>Galeries d'art<\/li>\n<li>Mus\u00e9es<\/li>\n<\/ul>\n<h3 class=\"page-product-heading\">DONN\u00c9ES TECHNIQUES<\/h3>\n<div class=\"col-xs-12 col-md-6\">\n<table class=\"table table-data-sheet 1\">\n<tbody>\n<tr class=\"odd\">\n<td valign=\"middle\" width=\"32\"><\/td>\n<td valign=\"middle\">REFERENCE :<\/td>\n<td valign=\"middle\">SL4850<\/td>\n<\/tr>\n<tr class=\"even\">\n<td valign=\"middle\" width=\"32\"><\/td>\n<td valign=\"middle\">Puissance nominale :<\/td>\n<td valign=\"middle\">40w<\/td>\n<\/tr>\n<tr class=\"odd\">\n<td valign=\"middle\" width=\"32\"><\/td>\n<td valign=\"middle\">Tension nominale :<\/td>\n<td valign=\"middle\">85-265V<\/td>\n<\/tr>\n<tr class=\"even\">\n<td valign=\"middle\" width=\"32\"><\/td>\n<td valign=\"middle\">Temp\u00e9rature de la lumi\u00e8re :<\/td>\n<td valign=\"middle\">3000K-4000K-6000K<\/td>\n<\/tr>\n<tr class=\"odd\">\n<td valign=\"middle\" width=\"32\"><\/td>\n<td valign=\"middle\">CRI - Indice de rendu des couleurs :<\/td>\n<td valign=\"middle\">97<\/td>\n<\/tr>\n<tr class=\"even\">\n<td valign=\"middle\" width=\"32\"><\/td>\n<td valign=\"middle\">Mat\u00e9riaux de construction :<\/td>\n<td valign=\"middle\">Aluminium +PMMA<\/td>\n<\/tr>\n<tr class=\"odd\">\n<td valign=\"middle\" width=\"32\"><\/td>\n<td valign=\"middle\">Luminosit\u00e9-Lm :<\/td>\n<td valign=\"middle\">4400<\/td>\n<\/tr>\n<tr class=\"even\">\n<td valign=\"middle\" width=\"32\"><\/td>\n<td valign=\"middle\">Type de DEL :<\/td>\n<td valign=\"middle\">COB BRIDGELUX CHIP 2630 DS-C30<\/td>\n<\/tr>\n<tr class=\"odd\">\n<td valign=\"middle\" width=\"32\"><\/td>\n<td valign=\"middle\">Angle d'ouverture (\u00ba) :<\/td>\n<td valign=\"middle\">100\u00ba<\/td>\n<\/tr>\n<tr class=\"even\">\n<td valign=\"middle\" width=\"32\"><\/td>\n<td valign=\"middle\">Efficacit\u00e9 de la diode LED (Lm\/W) :<\/td>\n<td valign=\"middle\">130Lm\/W<\/td>\n<\/tr>\n<tr class=\"odd\">\n<td valign=\"middle\" width=\"32\"><\/td>\n<td valign=\"middle\">Efficacit\u00e9 lumineuse (Lm\/W) :<\/td>\n<td valign=\"middle\">120 Lm\/W<\/td>\n<\/tr>\n<tr class=\"even\">\n<td valign=\"middle\" width=\"32\"><\/td>\n<td valign=\"middle\">Certificats :<\/td>\n<td valign=\"middle\">CE - ROHS<\/td>\n<\/tr>\n<\/tbody>\n<\/table>\n<\/div>\n<div class=\"col-xs-12 col-md-6 2\">\n<table class=\"table table-data-sheet 2\">\n<tbody>\n<tr class=\"odd\">\n<td valign=\"middle\" width=\"32\"><\/td>\n<td valign=\"middle\">Indice de protection IP :<\/td>\n<td valign=\"middle\">IP20<\/td>\n<\/tr>\n<tr class=\"even\">\n<td valign=\"middle\" width=\"32\"><\/td>\n<td valign=\"middle\">Dur\u00e9e de vie estim\u00e9e de la diode LED (H) :<\/td>\n<td valign=\"middle\">35.000<\/td>\n<\/tr>\n<tr class=\"odd\">\n<td valign=\"middle\" width=\"32\"><\/td>\n<td valign=\"middle\">Dimensions (mm) :<\/td>\n<td valign=\"middle\">160*105*190mm<\/td>\n<\/tr>\n<tr class=\"even\">\n<td valign=\"middle\" width=\"32\"><\/td>\n<td valign=\"middle\">Facteur de puissance (PF) :<\/td>\n<td valign=\"middle\">0.92<\/td>\n<\/tr>\n<tr class=\"odd\">\n<td valign=\"middle\" width=\"32\"><\/td>\n<td valign=\"middle\">Fr\u00e9quence de travail (Hz) :<\/td>\n<td valign=\"middle\">50\/60Hz<\/td>\n<\/tr>\n<tr class=\"even\">\n<td valign=\"middle\" width=\"32\"><\/td>\n<td valign=\"middle\">Plage de temp\u00e9rature (\u00baC) :<\/td>\n<td valign=\"middle\">-20\u00ba ~ +40\u00ba.<\/td>\n<\/tr>\n<tr class=\"odd\">\n<td valign=\"middle\" width=\"32\"><\/td>\n<td valign=\"middle\">Cycles d'allumage :<\/td>\n<td valign=\"middle\">100.000<\/td>\n<\/tr>\n<tr class=\"even\">\n<td valign=\"middle\" width=\"32\"><\/td>\n<td valign=\"middle\">Temps de d\u00e9marrage (s) :<\/td>\n<td valign=\"middle\">0,2s<\/td>\n<\/tr>\n<tr class=\"odd\">\n<td valign=\"middle\" width=\"32\"><\/td>\n<td valign=\"middle\">Informations compl\u00e9mentaires :<\/td>\n<td valign=\"middle\">Peinture : AkzoNobel Interpon 600 C33883<\/td>\n<\/tr>\n<tr class=\"even\">\n<td valign=\"middle\" width=\"32\"><\/td>\n<td valign=\"middle\">Classe \u00e9nerg\u00e9tique (2021-EU-2019\/2015) :<\/td>\n<td valign=\"middle\">A+<\/td>\n<\/tr>\n<tr class=\"odd\">\n<td valign=\"middle\" width=\"32\"><\/td>\n<td valign=\"middle\">Ann\u00e9es de garantie :<\/td>\n<td valign=\"middle\">3<\/td>\n<\/tr>\n<\/tbody>\n<\/table>\n<p>&nbsp;<\/p>\n<\/div>\n<\/div>\n<\/div>\n<\/div>","protected":false},"excerpt":{"rendered":"<div class=\"col-md-12\"><i class=\"fa fa-truck\"><\/i>&nbsp;<span class=\"text-muted textprop\">Livraison dans les 24\/48 heures<\/span><div class=\"col-md-12\"><i class=\"fa fa-exchange\"><\/i>&nbsp;<span class=\"text-muted textprop\">Garantie assur\u00e9e<\/span><\/div><div class=\"col-md-12\"><i class=\"fa fa-box\"><\/i>&nbsp;<span class=\"text-muted textprop\">20 unit\u00e9(s) par bo\u00eete \u00e0 outils<\/span><\/div><div>\n<div class=\"woocommerce-product-details__short-description\">\n<div>\n<div class=\"woocommerce-product-details__short-description\">\n<div><strong>TEMP\u00c9RATURE DE COULEUR : 3000K\/4000K\/6000K<\/strong><\/div>\n<\/div>\n<\/div>\n<\/div>\n<\/div><\/div>","protected":false},"featured_media":5461,"template":"","meta":{"site-sidebar-layout":"default","site-content-layout":"default","ast-global-header-display":"","ast-main-header-display":"","ast-hfb-above-header-display":"","ast-hfb-below-header-display":"","ast-hfb-mobile-header-display":"","site-post-title":"","ast-breadcrumbs-content":"","ast-featured-img":"","footer-sml-layout":"","theme-transparent-header-meta":"default","adv-header-id-meta":"","stick-header-meta":"","header-above-stick-meta":"","header-main-stick-meta":"","header-below-stick-meta":""},"product_cat":[32,76],"product_tag":[],"class_list":["post-5460","product","type-product","status-publish","has-post-thumbnail","hentry","product_cat-iluminacion-comercial-para-tienda","product_cat-iluminacion-led-carril"],"yoast_head":"<!-- This site is optimized with the Yoast SEO plugin v27.4 - https:\/\/yoast.com\/product\/yoast-seo-wordpress\/ -->\n<title>Foco LED 40W GRAZ Blanco Carril TRIFASICO BRIDGELUX Chip CRI +90 - STARLED Iluminacion<\/title>\n<meta name=\"robots\" content=\"index, follow, max-snippet:-1, max-image-preview:large, max-video-preview:-1\" \/>\n<link rel=\"canonical\" href=\"https:\/\/starlediluminacion.com\/fr\/product\/bulb-led-40w-black-white-white-rail-triphasic-bridgelux-chip-cri-90\/\" \/>\n<meta property=\"og:locale\" content=\"fr_FR\" \/>\n<meta property=\"og:type\" content=\"article\" \/>\n<meta property=\"og:title\" content=\"Foco LED 40W GRAZ Blanco Carril TRIFASICO BRIDGELUX Chip CRI +90 - STARLED Iluminacion\" \/>\n<meta property=\"og:description\" content=\"\u00a0Entrega en 24\/48 horas \u00a0Garant\u00eda asegurada \u00a020 unidad(es) por Masterbox     TEMPERATURA DE COLOR: 3000K\/4000K\/6000K\" \/>\n<meta property=\"og:url\" content=\"https:\/\/starlediluminacion.com\/fr\/product\/bulb-led-40w-black-white-white-rail-triphasic-bridgelux-chip-cri-90\/\" \/>\n<meta property=\"og:site_name\" content=\"STARLED Iluminacion\" \/>\n<meta property=\"article:modified_time\" content=\"2022-08-12T12:42:30+00:00\" \/>\n<meta property=\"og:image\" content=\"https:\/\/starlediluminacion.com\/wp-content\/uploads\/2022\/08\/foco-led-40w-graz-blanco-carril-trifasico-bridgelux-chip-cri-90-factorled-1.jpg\" \/>\n\t<meta property=\"og:image:width\" content=\"1000\" \/>\n\t<meta property=\"og:image:height\" content=\"1000\" \/>\n\t<meta property=\"og:image:type\" content=\"image\/jpeg\" \/>\n<meta name=\"twitter:card\" content=\"summary_large_image\" \/>\n<meta name=\"twitter:label1\" content=\"Dur\u00e9e de lecture estim\u00e9e\" \/>\n\t<meta name=\"twitter:data1\" content=\"2 minutes\" \/>\n<script type=\"application\/ld+json\" class=\"yoast-schema-graph\">{\"@context\":\"https:\\\/\\\/schema.org\",\"@graph\":[{\"@type\":\"WebPage\",\"@id\":\"https:\\\/\\\/starlediluminacion.com\\\/en\\\/product\\\/bulb-led-40w-black-white-white-rail-triphasic-bridgelux-chip-cri-90\\\/\",\"url\":\"https:\\\/\\\/starlediluminacion.com\\\/en\\\/product\\\/bulb-led-40w-black-white-white-rail-triphasic-bridgelux-chip-cri-90\\\/\",\"name\":\"Foco LED 40W GRAZ Blanco Carril TRIFASICO BRIDGELUX Chip CRI +90 - STARLED Iluminacion\",\"isPartOf\":{\"@id\":\"https:\\\/\\\/starlediluminacion.com\\\/#website\"},\"primaryImageOfPage\":{\"@id\":\"https:\\\/\\\/starlediluminacion.com\\\/en\\\/product\\\/bulb-led-40w-black-white-white-rail-triphasic-bridgelux-chip-cri-90\\\/#primaryimage\"},\"image\":{\"@id\":\"https:\\\/\\\/starlediluminacion.com\\\/en\\\/product\\\/bulb-led-40w-black-white-white-rail-triphasic-bridgelux-chip-cri-90\\\/#primaryimage\"},\"thumbnailUrl\":\"https:\\\/\\\/starlediluminacion.com\\\/wp-content\\\/uploads\\\/2022\\\/08\\\/foco-led-40w-graz-blanco-carril-trifasico-bridgelux-chip-cri-90-factorled-1.jpg\",\"datePublished\":\"2022-08-12T12:42:29+00:00\",\"dateModified\":\"2022-08-12T12:42:30+00:00\",\"breadcrumb\":{\"@id\":\"https:\\\/\\\/starlediluminacion.com\\\/en\\\/product\\\/bulb-led-40w-black-white-white-rail-triphasic-bridgelux-chip-cri-90\\\/#breadcrumb\"},\"inLanguage\":\"fr-FR\",\"potentialAction\":[{\"@type\":\"ReadAction\",\"target\":[\"https:\\\/\\\/starlediluminacion.com\\\/en\\\/product\\\/bulb-led-40w-black-white-white-rail-triphasic-bridgelux-chip-cri-90\\\/\"]}]},{\"@type\":\"ImageObject\",\"inLanguage\":\"fr-FR\",\"@id\":\"https:\\\/\\\/starlediluminacion.com\\\/en\\\/product\\\/bulb-led-40w-black-white-white-rail-triphasic-bridgelux-chip-cri-90\\\/#primaryimage\",\"url\":\"https:\\\/\\\/starlediluminacion.com\\\/wp-content\\\/uploads\\\/2022\\\/08\\\/foco-led-40w-graz-blanco-carril-trifasico-bridgelux-chip-cri-90-factorled-1.jpg\",\"contentUrl\":\"https:\\\/\\\/starlediluminacion.com\\\/wp-content\\\/uploads\\\/2022\\\/08\\\/foco-led-40w-graz-blanco-carril-trifasico-bridgelux-chip-cri-90-factorled-1.jpg\",\"width\":1000,\"height\":1000},{\"@type\":\"BreadcrumbList\",\"@id\":\"https:\\\/\\\/starlediluminacion.com\\\/en\\\/product\\\/bulb-led-40w-black-white-white-rail-triphasic-bridgelux-chip-cri-90\\\/#breadcrumb\",\"itemListElement\":[{\"@type\":\"ListItem\",\"position\":1,\"name\":\"Portada\",\"item\":\"https:\\\/\\\/starlediluminacion.com\\\/\"},{\"@type\":\"ListItem\",\"position\":2,\"name\":\"Shop\",\"item\":\"https:\\\/\\\/starlediluminacion.com\\\/shop-2\\\/\"},{\"@type\":\"ListItem\",\"position\":3,\"name\":\"Foco LED 40W GRAZ Blanco Carril TRIFASICO BRIDGELUX Chip CRI +90\"}]},{\"@type\":\"WebSite\",\"@id\":\"https:\\\/\\\/starlediluminacion.com\\\/#website\",\"url\":\"https:\\\/\\\/starlediluminacion.com\\\/\",\"name\":\"STARLED Iluminacion\",\"description\":\"\",\"potentialAction\":[{\"@type\":\"SearchAction\",\"target\":{\"@type\":\"EntryPoint\",\"urlTemplate\":\"https:\\\/\\\/starlediluminacion.com\\\/?s={search_term_string}\"},\"query-input\":{\"@type\":\"PropertyValueSpecification\",\"valueRequired\":true,\"valueName\":\"search_term_string\"}}],\"inLanguage\":\"fr-FR\"}]}<\/script>\n<!-- \/ Yoast SEO plugin. -->","yoast_head_json":{"title":"Foco LED 40W GRAZ Blanco Carril TRIFASICO BRIDGELUX Chip CRI +90 - STARLED Iluminacion","robots":{"index":"index","follow":"follow","max-snippet":"max-snippet:-1","max-image-preview":"max-image-preview:large","max-video-preview":"max-video-preview:-1"},"canonical":"https:\/\/starlediluminacion.com\/fr\/product\/bulb-led-40w-black-white-white-rail-triphasic-bridgelux-chip-cri-90\/","og_locale":"fr_FR","og_type":"article","og_title":"Foco LED 40W GRAZ Blanco Carril TRIFASICO BRIDGELUX Chip CRI +90 - STARLED Iluminacion","og_description":"\u00a0Entrega en 24\/48 horas \u00a0Garant\u00eda asegurada \u00a020 unidad(es) por Masterbox     TEMPERATURA DE COLOR: 3000K\/4000K\/6000K","og_url":"https:\/\/starlediluminacion.com\/fr\/product\/bulb-led-40w-black-white-white-rail-triphasic-bridgelux-chip-cri-90\/","og_site_name":"STARLED Iluminacion","article_modified_time":"2022-08-12T12:42:30+00:00","og_image":[{"width":1000,"height":1000,"url":"https:\/\/starlediluminacion.com\/wp-content\/uploads\/2022\/08\/foco-led-40w-graz-blanco-carril-trifasico-bridgelux-chip-cri-90-factorled-1.jpg","type":"image\/jpeg"}],"twitter_card":"summary_large_image","twitter_misc":{"Dur\u00e9e de lecture estim\u00e9e":"2 minutes"},"schema":{"@context":"https:\/\/schema.org","@graph":[{"@type":"WebPage","@id":"https:\/\/starlediluminacion.com\/en\/product\/bulb-led-40w-black-white-white-rail-triphasic-bridgelux-chip-cri-90\/","url":"https:\/\/starlediluminacion.com\/en\/product\/bulb-led-40w-black-white-white-rail-triphasic-bridgelux-chip-cri-90\/","name":"Foco LED 40W GRAZ Blanco Carril TRIFASICO BRIDGELUX Chip CRI +90 - STARLED Iluminacion","isPartOf":{"@id":"https:\/\/starlediluminacion.com\/#website"},"primaryImageOfPage":{"@id":"https:\/\/starlediluminacion.com\/en\/product\/bulb-led-40w-black-white-white-rail-triphasic-bridgelux-chip-cri-90\/#primaryimage"},"image":{"@id":"https:\/\/starlediluminacion.com\/en\/product\/bulb-led-40w-black-white-white-rail-triphasic-bridgelux-chip-cri-90\/#primaryimage"},"thumbnailUrl":"https:\/\/starlediluminacion.com\/wp-content\/uploads\/2022\/08\/foco-led-40w-graz-blanco-carril-trifasico-bridgelux-chip-cri-90-factorled-1.jpg","datePublished":"2022-08-12T12:42:29+00:00","dateModified":"2022-08-12T12:42:30+00:00","breadcrumb":{"@id":"https:\/\/starlediluminacion.com\/en\/product\/bulb-led-40w-black-white-white-rail-triphasic-bridgelux-chip-cri-90\/#breadcrumb"},"inLanguage":"fr-FR","potentialAction":[{"@type":"ReadAction","target":["https:\/\/starlediluminacion.com\/en\/product\/bulb-led-40w-black-white-white-rail-triphasic-bridgelux-chip-cri-90\/"]}]},{"@type":"ImageObject","inLanguage":"fr-FR","@id":"https:\/\/starlediluminacion.com\/en\/product\/bulb-led-40w-black-white-white-rail-triphasic-bridgelux-chip-cri-90\/#primaryimage","url":"https:\/\/starlediluminacion.com\/wp-content\/uploads\/2022\/08\/foco-led-40w-graz-blanco-carril-trifasico-bridgelux-chip-cri-90-factorled-1.jpg","contentUrl":"https:\/\/starlediluminacion.com\/wp-content\/uploads\/2022\/08\/foco-led-40w-graz-blanco-carril-trifasico-bridgelux-chip-cri-90-factorled-1.jpg","width":1000,"height":1000},{"@type":"BreadcrumbList","@id":"https:\/\/starlediluminacion.com\/en\/product\/bulb-led-40w-black-white-white-rail-triphasic-bridgelux-chip-cri-90\/#breadcrumb","itemListElement":[{"@type":"ListItem","position":1,"name":"Portada","item":"https:\/\/starlediluminacion.com\/"},{"@type":"ListItem","position":2,"name":"Shop","item":"https:\/\/starlediluminacion.com\/shop-2\/"},{"@type":"ListItem","position":3,"name":"Foco LED 40W GRAZ Blanco Carril TRIFASICO BRIDGELUX Chip CRI +90"}]},{"@type":"WebSite","@id":"https:\/\/starlediluminacion.com\/#website","url":"https:\/\/starlediluminacion.com\/","name":"STARLED Iluminacion","description":"","potentialAction":[{"@type":"SearchAction","target":{"@type":"EntryPoint","urlTemplate":"https:\/\/starlediluminacion.com\/?s={search_term_string}"},"query-input":{"@type":"PropertyValueSpecification","valueRequired":true,"valueName":"search_term_string"}}],"inLanguage":"fr-FR"}]}},"_links":{"self":[{"href":"https:\/\/starlediluminacion.com\/fr\/wp-json\/wp\/v3\/product\/5460","targetHints":{"allow":["GET"]}}],"collection":[{"href":"https:\/\/starlediluminacion.com\/fr\/wp-json\/wp\/v3\/product"}],"about":[{"href":"https:\/\/starlediluminacion.com\/fr\/wp-json\/wp\/v2\/types\/product"}],"wp:featuredmedia":[{"embeddable":true,"href":"https:\/\/starlediluminacion.com\/fr\/wp-json\/wp\/v2\/media\/5461"}],"wp:attachment":[{"href":"https:\/\/starlediluminacion.com\/fr\/wp-json\/wp\/v2\/media?parent=5460"}],"wp:term":[{"taxonomy":"product_cat","embeddable":true,"href":"https:\/\/starlediluminacion.com\/fr\/wp-json\/wp\/v2\/product_cat?post=5460"},{"taxonomy":"product_tag","embeddable":true,"href":"https:\/\/starlediluminacion.com\/fr\/wp-json\/wp\/v2\/product_tag?post=5460"}],"curies":[{"name":"wp","href":"https:\/\/api.w.org\/{rel}","templated":true}]}}