{"id":5346,"date":"2022-08-12T11:58:14","date_gmt":"2022-08-12T11:58:14","guid":{"rendered":"https:\/\/starlediluminacion.com\/?post_type=product&#038;p=5346"},"modified":"2022-08-12T11:58:14","modified_gmt":"2022-08-12T11:58:14","slug":"foco-led-10w-fenix-negro-carril-trifasico-cri93","status":"publish","type":"product","link":"https:\/\/starlediluminacion.com\/fr\/product\/foco-led-10w-fenix-negro-carril-trifasico-cri93\/","title":{"rendered":"<p>Foco LED 10W FENIX Negro Carril Trif&aacute;sico CRI+93<\/p>"},"content":{"rendered":"<div class=\"product-info-line\">\n<p id=\"product_reference\"><label>REFERENCIA: SLTRB10W-90659<br>\n<\/label><\/p>\n<div class=\"hidden-xs parrafo\">\n<p>Notre&nbsp;<strong>Spot LED<\/strong>&nbsp;pour&nbsp;<strong>Rail triphas\u00e9<\/strong>&nbsp;<strong>10W<\/strong>&nbsp;<strong>-FENIX-<\/strong>&nbsp;incorpore un&nbsp;<strong>Puce COB BRIDGELUX,<\/strong>&nbsp;con un alt&iacute;simo &iacute;ndice de resoluci&oacute;n crom&aacute;tica superior a +93, lo que hace que la calidad de la luz sea insuperable, y el realismo de los colores sea casi perfecta para resaltar elementos concretos. &Aacute;ngulo de 24&ordm;.<\/p>\n<\/div>\n<div id=\"views_block-1\" class=\"clearfix\">\n<div id=\"thumbs_list\">\n<h1>Foco LED 10W FENIX Negro Carril Trif&aacute;sico&nbsp;CRI+93<\/h1>\n<p>Les&nbsp;<strong>Spot LED -FENIX- BRIDGELUX Chip&nbsp;<\/strong>de&nbsp;<strong>10w<\/strong>&nbsp;se caract\u00e9rise par un design qui s'adapte \u00e0 tous les styles et par d'excellentes performances.<\/p>\n<p>Les&nbsp;<strong>foco LED FENIX&nbsp;&nbsp;<\/strong>a&nbsp;<strong>Puce BRIDGELUX<\/strong>&nbsp; est id\u00e9al pour \u00e9clairer n'importe quel endroit que vous souhaitez mettre en valeur, il est \u00e9galement parfait pour les situations dans les espaces qui recherchent la classe et la distinction dans son r\u00e9seau d'\u00e9clairage ont \u00e9galement le dans diff\u00e9rentes temp\u00e9ratures.&nbsp;<strong>3000k y4000k<\/strong>.<\/p>\n<p>Son design en couleur&nbsp;<strong>Noir&nbsp;<\/strong>est id\u00e9al pour cr\u00e9er des ambiances minimalistes tout en mettant en valeur les espaces que vous souhaitez souligner. Son installation est simple \u00e0 placer sur un rail monophas\u00e9, maintenant la d\u00e9coration est entre vos mains et de la mani\u00e8re la plus simple.<\/p>\n<p>Ce produit a \u00e9t\u00e9 fabriqu\u00e9 pour une utilisation sp\u00e9ciale en int\u00e9rieur, c'est pourquoi sa protection est assur\u00e9e.&nbsp;<strong>IP20<\/strong>.<\/p>\n<p>Notre&nbsp;<strong>Spot LED<\/strong>&nbsp;<strong>FENIX<\/strong>&nbsp;emite 1000 l&uacute;menes (COB BRIDGELUX CHIP 2630 DS-C30) y consigue que ahorremos hasta un&nbsp;<strong>90%<\/strong>&nbsp;sur notre facture. Le Spotlight est capable de r\u00e9sister \u00e0 une tension de&nbsp;<strong>175V \u00e0 265V.<\/strong><\/p>\n<p>&nbsp;<\/p>\n<h2>Usos del Foco LED 10W FENIX Negro Carril Trif&aacute;sico&nbsp;CRI+93&nbsp; &ndash; Bridgelux Chip:<\/h2>\n<ul>\n<li>Vitrines<\/li>\n<li>Bureaux<\/li>\n<li>Vitrines<\/li>\n<li>Magasins<\/li>\n<li>Galeries d'art<\/li>\n<li>Mus\u00e9es<\/li>\n<\/ul>\n<h3 class=\"page-product-heading\">DONN\u00c9ES TECHNIQUES<\/h3>\n<div class=\"col-xs-12 col-md-6\">\n<table class=\"table table-data-sheet 1\">\n<tbody>\n<tr class=\"odd\">\n<td valign=\"middle\" width=\"32\"><\/td>\n<td valign=\"middle\">REFERENCE :<\/td>\n<td valign=\"middle\">SLTRB10W-BLACK<\/td>\n<\/tr>\n<tr class=\"even\">\n<td valign=\"middle\" width=\"32\"><\/td>\n<td valign=\"middle\">Puissance nominale :<\/td>\n<td valign=\"middle\">10W<\/td>\n<\/tr>\n<tr class=\"odd\">\n<td valign=\"middle\" width=\"32\"><\/td>\n<td valign=\"middle\">Tension nominale :<\/td>\n<td valign=\"middle\">175-265V<\/td>\n<\/tr>\n<tr class=\"even\">\n<td valign=\"middle\" width=\"32\"><\/td>\n<td valign=\"middle\">Temp\u00e9rature de la lumi\u00e8re :<\/td>\n<td valign=\"middle\">3000K - 4000K<\/td>\n<\/tr>\n<tr class=\"odd\">\n<td valign=\"middle\" width=\"32\"><\/td>\n<td valign=\"middle\">CRI - Indice de rendu des couleurs :<\/td>\n<td valign=\"middle\">93<\/td>\n<\/tr>\n<tr class=\"even\">\n<td valign=\"middle\" width=\"32\"><\/td>\n<td valign=\"middle\">Mat\u00e9riaux de construction :<\/td>\n<td valign=\"middle\">Aluminium +PMMA<\/td>\n<\/tr>\n<tr class=\"odd\">\n<td valign=\"middle\" width=\"32\"><\/td>\n<td valign=\"middle\">Luminosit\u00e9-Lm :<\/td>\n<td valign=\"middle\">1000<\/td>\n<\/tr>\n<tr class=\"even\">\n<td valign=\"middle\" width=\"32\"><\/td>\n<td valign=\"middle\">Type de DEL :<\/td>\n<td valign=\"middle\">COB BRIDGELUX CHIP 2630 DS-C30<\/td>\n<\/tr>\n<tr class=\"odd\">\n<td valign=\"middle\" width=\"32\"><\/td>\n<td valign=\"middle\">Angle d'ouverture (\u00ba) :<\/td>\n<td valign=\"middle\">24\u00ba<\/td>\n<\/tr>\n<tr class=\"even\">\n<td valign=\"middle\" width=\"32\"><\/td>\n<td valign=\"middle\">Efficacit\u00e9 de la diode LED (Lm\/W) :<\/td>\n<td valign=\"middle\">130Lm\/W<\/td>\n<\/tr>\n<tr class=\"odd\">\n<td valign=\"middle\" width=\"32\"><\/td>\n<td valign=\"middle\">Efficacit\u00e9 lumineuse (Lm\/W) :<\/td>\n<td valign=\"middle\">100 Lm\/W<\/td>\n<\/tr>\n<\/tbody>\n<\/table>\n<\/div>\n<div class=\"col-xs-12 col-md-6 2\">\n<table class=\"table table-data-sheet 2\">\n<tbody>\n<tr class=\"odd\">\n<td valign=\"middle\" width=\"32\"><\/td>\n<td valign=\"middle\">Certificats :<\/td>\n<td valign=\"middle\">CE - ROHS<\/td>\n<\/tr>\n<tr class=\"even\">\n<td valign=\"middle\" width=\"32\"><\/td>\n<td valign=\"middle\">Indice de protection IP :<\/td>\n<td valign=\"middle\">IP20<\/td>\n<\/tr>\n<tr class=\"odd\">\n<td valign=\"middle\" width=\"32\"><\/td>\n<td valign=\"middle\">Dur\u00e9e de vie estim\u00e9e de la diode LED (H) :<\/td>\n<td valign=\"middle\">35.000<\/td>\n<\/tr>\n<tr class=\"even\">\n<td valign=\"middle\" width=\"32\"><\/td>\n<td valign=\"middle\">Fr\u00e9quence de travail (Hz) :<\/td>\n<td valign=\"middle\">50\/60Hz<\/td>\n<\/tr>\n<tr class=\"odd\">\n<td valign=\"middle\" width=\"32\"><\/td>\n<td valign=\"middle\">Plage de temp\u00e9rature (\u00baC) :<\/td>\n<td valign=\"middle\">-20\u00ba ~ +40\u00ba.<\/td>\n<\/tr>\n<tr class=\"even\">\n<td valign=\"middle\" width=\"32\"><\/td>\n<td valign=\"middle\">Cycles d'allumage :<\/td>\n<td valign=\"middle\">100.000<\/td>\n<\/tr>\n<tr class=\"odd\">\n<td valign=\"middle\" width=\"32\"><\/td>\n<td valign=\"middle\">Temps de d\u00e9marrage (s) :<\/td>\n<td valign=\"middle\">0,2s<\/td>\n<\/tr>\n<tr class=\"even\">\n<td valign=\"middle\" width=\"32\"><\/td>\n<td valign=\"middle\">Informations compl\u00e9mentaires :<\/td>\n<td valign=\"middle\">Peinture : AkzoNobel Interpon 600 C33883<\/td>\n<\/tr>\n<tr class=\"odd\">\n<td valign=\"middle\" width=\"32\"><\/td>\n<td valign=\"middle\">Classe \u00e9nerg\u00e9tique (2021-EU-2019\/2015) :<\/td>\n<td valign=\"middle\">A+<\/td>\n<\/tr>\n<tr class=\"even\">\n<td valign=\"middle\" width=\"32\"><\/td>\n<td valign=\"middle\">Ann\u00e9es de garantie :<\/td>\n<td valign=\"middle\">3<\/td>\n<\/tr>\n<\/tbody>\n<\/table>\n<p>&nbsp;<\/p>\n<\/div>\n<\/div>\n<\/div>\n<\/div>","protected":false},"excerpt":{"rendered":"<div class=\"col-md-12\"><i class=\"fa fa-truck\"><\/i>&nbsp;<span class=\"text-muted textprop\">Livraison dans les 24\/48 heures<\/span><div class=\"col-md-12\"><i class=\"fa fa-exchange\"><\/i>&nbsp;<span class=\"text-muted textprop\">Garantie assur\u00e9e<\/span><\/div><div class=\"col-md-12\"><i class=\"fa fa-box\"><\/i>&nbsp;<span class=\"text-muted textprop\">40 unit\u00e9(s) par bo\u00eete \u00e0 outils<\/span><\/div><div><strong>TEMP\u00c9RATURE DE COULEUR : 3000K\/4000K<\/strong><\/div><\/div>","protected":false},"featured_media":5352,"template":"","meta":{"site-sidebar-layout":"default","site-content-layout":"default","ast-global-header-display":"","ast-main-header-display":"","ast-hfb-above-header-display":"","ast-hfb-below-header-display":"","ast-hfb-mobile-header-display":"","site-post-title":"","ast-breadcrumbs-content":"","ast-featured-img":"","footer-sml-layout":"","theme-transparent-header-meta":"default","adv-header-id-meta":"","stick-header-meta":"","header-above-stick-meta":"","header-main-stick-meta":"","header-below-stick-meta":""},"product_cat":[32,76],"product_tag":[],"class_list":["post-5346","product","type-product","status-publish","has-post-thumbnail","hentry","product_cat-iluminacion-comercial-para-tienda","product_cat-iluminacion-led-carril"],"yoast_head":"<!-- This site is optimized with the Yoast SEO plugin v27.4 - https:\/\/yoast.com\/product\/yoast-seo-wordpress\/ -->\n<title>Foco LED 10W FENIX Negro Carril Trif\u00e1sico CRI+93 - STARLED Iluminacion<\/title>\n<meta name=\"robots\" content=\"index, follow, max-snippet:-1, max-image-preview:large, max-video-preview:-1\" \/>\n<link rel=\"canonical\" href=\"https:\/\/starlediluminacion.com\/fr\/product\/foco-led-10w-fenix-negro-carril-trifasico-cri93\/\" \/>\n<meta property=\"og:locale\" content=\"fr_FR\" \/>\n<meta property=\"og:type\" content=\"article\" \/>\n<meta property=\"og:title\" content=\"Foco LED 10W FENIX Negro Carril Trif\u00e1sico CRI+93 - STARLED Iluminacion\" \/>\n<meta property=\"og:description\" content=\"\u00a0Entrega en 24\/48 horas \u00a0Garant\u00eda asegurada \u00a040 unidad(es) por Masterbox TEMPERATURA DE COLOR: 3000K\/4000K\" \/>\n<meta property=\"og:url\" content=\"https:\/\/starlediluminacion.com\/fr\/product\/foco-led-10w-fenix-negro-carril-trifasico-cri93\/\" \/>\n<meta property=\"og:site_name\" content=\"STARLED Iluminacion\" \/>\n<meta property=\"og:image\" content=\"https:\/\/starlediluminacion.com\/wp-content\/uploads\/2022\/08\/foco-led-10w-fenix-negro-carril-trifasico-cri93-factorled.jpg\" \/>\n\t<meta property=\"og:image:width\" content=\"1000\" \/>\n\t<meta property=\"og:image:height\" content=\"1000\" \/>\n\t<meta property=\"og:image:type\" content=\"image\/jpeg\" \/>\n<meta name=\"twitter:card\" content=\"summary_large_image\" \/>\n<meta name=\"twitter:label1\" content=\"Dur\u00e9e de lecture estim\u00e9e\" \/>\n\t<meta name=\"twitter:data1\" content=\"2 minutes\" \/>\n<script type=\"application\/ld+json\" class=\"yoast-schema-graph\">{\"@context\":\"https:\\\/\\\/schema.org\",\"@graph\":[{\"@type\":\"WebPage\",\"@id\":\"https:\\\/\\\/starlediluminacion.com\\\/producto\\\/foco-led-10w-fenix-negro-carril-trifasico-cri93\\\/\",\"url\":\"https:\\\/\\\/starlediluminacion.com\\\/producto\\\/foco-led-10w-fenix-negro-carril-trifasico-cri93\\\/\",\"name\":\"Foco LED 10W FENIX Negro Carril Trif\u00e1sico CRI+93 - STARLED Iluminacion\",\"isPartOf\":{\"@id\":\"https:\\\/\\\/starlediluminacion.com\\\/#website\"},\"primaryImageOfPage\":{\"@id\":\"https:\\\/\\\/starlediluminacion.com\\\/producto\\\/foco-led-10w-fenix-negro-carril-trifasico-cri93\\\/#primaryimage\"},\"image\":{\"@id\":\"https:\\\/\\\/starlediluminacion.com\\\/producto\\\/foco-led-10w-fenix-negro-carril-trifasico-cri93\\\/#primaryimage\"},\"thumbnailUrl\":\"https:\\\/\\\/starlediluminacion.com\\\/wp-content\\\/uploads\\\/2022\\\/08\\\/foco-led-10w-fenix-negro-carril-trifasico-cri93-factorled.jpg\",\"datePublished\":\"2022-08-12T11:58:14+00:00\",\"breadcrumb\":{\"@id\":\"https:\\\/\\\/starlediluminacion.com\\\/producto\\\/foco-led-10w-fenix-negro-carril-trifasico-cri93\\\/#breadcrumb\"},\"inLanguage\":\"fr-FR\",\"potentialAction\":[{\"@type\":\"ReadAction\",\"target\":[\"https:\\\/\\\/starlediluminacion.com\\\/producto\\\/foco-led-10w-fenix-negro-carril-trifasico-cri93\\\/\"]}]},{\"@type\":\"ImageObject\",\"inLanguage\":\"fr-FR\",\"@id\":\"https:\\\/\\\/starlediluminacion.com\\\/producto\\\/foco-led-10w-fenix-negro-carril-trifasico-cri93\\\/#primaryimage\",\"url\":\"https:\\\/\\\/starlediluminacion.com\\\/wp-content\\\/uploads\\\/2022\\\/08\\\/foco-led-10w-fenix-negro-carril-trifasico-cri93-factorled.jpg\",\"contentUrl\":\"https:\\\/\\\/starlediluminacion.com\\\/wp-content\\\/uploads\\\/2022\\\/08\\\/foco-led-10w-fenix-negro-carril-trifasico-cri93-factorled.jpg\",\"width\":1000,\"height\":1000},{\"@type\":\"BreadcrumbList\",\"@id\":\"https:\\\/\\\/starlediluminacion.com\\\/producto\\\/foco-led-10w-fenix-negro-carril-trifasico-cri93\\\/#breadcrumb\",\"itemListElement\":[{\"@type\":\"ListItem\",\"position\":1,\"name\":\"Portada\",\"item\":\"https:\\\/\\\/starlediluminacion.com\\\/\"},{\"@type\":\"ListItem\",\"position\":2,\"name\":\"Shop\",\"item\":\"https:\\\/\\\/starlediluminacion.com\\\/shop-2\\\/\"},{\"@type\":\"ListItem\",\"position\":3,\"name\":\"Foco LED 10W FENIX Negro Carril Trif\u00e1sico CRI+93\"}]},{\"@type\":\"WebSite\",\"@id\":\"https:\\\/\\\/starlediluminacion.com\\\/#website\",\"url\":\"https:\\\/\\\/starlediluminacion.com\\\/\",\"name\":\"STARLED Iluminacion\",\"description\":\"\",\"potentialAction\":[{\"@type\":\"SearchAction\",\"target\":{\"@type\":\"EntryPoint\",\"urlTemplate\":\"https:\\\/\\\/starlediluminacion.com\\\/?s={search_term_string}\"},\"query-input\":{\"@type\":\"PropertyValueSpecification\",\"valueRequired\":true,\"valueName\":\"search_term_string\"}}],\"inLanguage\":\"fr-FR\"}]}<\/script>\n<!-- \/ Yoast SEO plugin. -->","yoast_head_json":{"title":"Foco LED 10W FENIX Negro Carril Trif\u00e1sico CRI+93 - STARLED Iluminacion","robots":{"index":"index","follow":"follow","max-snippet":"max-snippet:-1","max-image-preview":"max-image-preview:large","max-video-preview":"max-video-preview:-1"},"canonical":"https:\/\/starlediluminacion.com\/fr\/product\/foco-led-10w-fenix-negro-carril-trifasico-cri93\/","og_locale":"fr_FR","og_type":"article","og_title":"Foco LED 10W FENIX Negro Carril Trif\u00e1sico CRI+93 - STARLED Iluminacion","og_description":"\u00a0Entrega en 24\/48 horas \u00a0Garant\u00eda asegurada \u00a040 unidad(es) por Masterbox TEMPERATURA DE COLOR: 3000K\/4000K","og_url":"https:\/\/starlediluminacion.com\/fr\/product\/foco-led-10w-fenix-negro-carril-trifasico-cri93\/","og_site_name":"STARLED Iluminacion","og_image":[{"width":1000,"height":1000,"url":"https:\/\/starlediluminacion.com\/wp-content\/uploads\/2022\/08\/foco-led-10w-fenix-negro-carril-trifasico-cri93-factorled.jpg","type":"image\/jpeg"}],"twitter_card":"summary_large_image","twitter_misc":{"Dur\u00e9e de lecture estim\u00e9e":"2 minutes"},"schema":{"@context":"https:\/\/schema.org","@graph":[{"@type":"WebPage","@id":"https:\/\/starlediluminacion.com\/producto\/foco-led-10w-fenix-negro-carril-trifasico-cri93\/","url":"https:\/\/starlediluminacion.com\/producto\/foco-led-10w-fenix-negro-carril-trifasico-cri93\/","name":"Foco LED 10W FENIX Negro Carril Trif\u00e1sico CRI+93 - STARLED Iluminacion","isPartOf":{"@id":"https:\/\/starlediluminacion.com\/#website"},"primaryImageOfPage":{"@id":"https:\/\/starlediluminacion.com\/producto\/foco-led-10w-fenix-negro-carril-trifasico-cri93\/#primaryimage"},"image":{"@id":"https:\/\/starlediluminacion.com\/producto\/foco-led-10w-fenix-negro-carril-trifasico-cri93\/#primaryimage"},"thumbnailUrl":"https:\/\/starlediluminacion.com\/wp-content\/uploads\/2022\/08\/foco-led-10w-fenix-negro-carril-trifasico-cri93-factorled.jpg","datePublished":"2022-08-12T11:58:14+00:00","breadcrumb":{"@id":"https:\/\/starlediluminacion.com\/producto\/foco-led-10w-fenix-negro-carril-trifasico-cri93\/#breadcrumb"},"inLanguage":"fr-FR","potentialAction":[{"@type":"ReadAction","target":["https:\/\/starlediluminacion.com\/producto\/foco-led-10w-fenix-negro-carril-trifasico-cri93\/"]}]},{"@type":"ImageObject","inLanguage":"fr-FR","@id":"https:\/\/starlediluminacion.com\/producto\/foco-led-10w-fenix-negro-carril-trifasico-cri93\/#primaryimage","url":"https:\/\/starlediluminacion.com\/wp-content\/uploads\/2022\/08\/foco-led-10w-fenix-negro-carril-trifasico-cri93-factorled.jpg","contentUrl":"https:\/\/starlediluminacion.com\/wp-content\/uploads\/2022\/08\/foco-led-10w-fenix-negro-carril-trifasico-cri93-factorled.jpg","width":1000,"height":1000},{"@type":"BreadcrumbList","@id":"https:\/\/starlediluminacion.com\/producto\/foco-led-10w-fenix-negro-carril-trifasico-cri93\/#breadcrumb","itemListElement":[{"@type":"ListItem","position":1,"name":"Portada","item":"https:\/\/starlediluminacion.com\/"},{"@type":"ListItem","position":2,"name":"Shop","item":"https:\/\/starlediluminacion.com\/shop-2\/"},{"@type":"ListItem","position":3,"name":"Foco LED 10W FENIX Negro Carril Trif\u00e1sico CRI+93"}]},{"@type":"WebSite","@id":"https:\/\/starlediluminacion.com\/#website","url":"https:\/\/starlediluminacion.com\/","name":"STARLED Iluminacion","description":"","potentialAction":[{"@type":"SearchAction","target":{"@type":"EntryPoint","urlTemplate":"https:\/\/starlediluminacion.com\/?s={search_term_string}"},"query-input":{"@type":"PropertyValueSpecification","valueRequired":true,"valueName":"search_term_string"}}],"inLanguage":"fr-FR"}]}},"_links":{"self":[{"href":"https:\/\/starlediluminacion.com\/fr\/wp-json\/wp\/v3\/product\/5346","targetHints":{"allow":["GET"]}}],"collection":[{"href":"https:\/\/starlediluminacion.com\/fr\/wp-json\/wp\/v3\/product"}],"about":[{"href":"https:\/\/starlediluminacion.com\/fr\/wp-json\/wp\/v2\/types\/product"}],"wp:featuredmedia":[{"embeddable":true,"href":"https:\/\/starlediluminacion.com\/fr\/wp-json\/wp\/v2\/media\/5352"}],"wp:attachment":[{"href":"https:\/\/starlediluminacion.com\/fr\/wp-json\/wp\/v2\/media?parent=5346"}],"wp:term":[{"taxonomy":"product_cat","embeddable":true,"href":"https:\/\/starlediluminacion.com\/fr\/wp-json\/wp\/v2\/product_cat?post=5346"},{"taxonomy":"product_tag","embeddable":true,"href":"https:\/\/starlediluminacion.com\/fr\/wp-json\/wp\/v2\/product_tag?post=5346"}],"curies":[{"name":"wp","href":"https:\/\/api.w.org\/{rel}","templated":true}]}}