{"id":5331,"date":"2022-08-12T11:50:35","date_gmt":"2022-08-12T11:50:35","guid":{"rendered":"https:\/\/starlediluminacion.com\/?post_type=product&#038;p=5331"},"modified":"2022-08-12T11:50:35","modified_gmt":"2022-08-12T11:50:35","slug":"foco-led-28w-leipzig-trifasico-driver-vossloh-optica-regulable-36o-60o","status":"publish","type":"product","link":"https:\/\/starlediluminacion.com\/fr\/product\/foco-led-28w-leipzig-trifasico-driver-vossloh-optica-regulable-36o-60o\/","title":{"rendered":"<p>Projecteur LED 28W LEIPZIG 3-Phase - Driver VOSSLOH - Optique dimmable 36\u00ba-60\u00ba<\/p>"},"content":{"rendered":"<p>REFERENCIA: SLVLT227-9040<p><strong>Spotlight pour un usage professionnel et commercial,<\/strong>&nbsp;<strong>MULTI&Aacute;NGULO de 36&ordm; a 60&ordm;.&nbsp;<\/strong>&nbsp;Conducteur triphas\u00e9 de qualit\u00e9 sup\u00e9rieure&nbsp;<strong>VOSSLOH-SCHWABE DEUTSCHLAND GmbH.&nbsp;<\/strong>Fuente lum&iacute;nica COB de alta luminosidad, la lente es regulable y proporciona una luminosidad total de l&uacute;menes concentrada en un haz de apertura de diferentes grados de 36&ordm; a 60&ordm;.&nbsp; Alta calidad de reproducci&oacute;n crom&aacute;tica +90 (IRC).&nbsp;<strong>&nbsp;5 ans de garantie.&nbsp;<\/strong><\/p><h1>Foco LED 40W LEIPZIG Trif&aacute;sico &ndash;&nbsp;<strong>VOSSLOH SCHWABE&nbsp;<\/strong>&nbsp;&ndash; &Oacute;ptica Regulable 36&ordm;-60&ordm;<\/h1><p>Foco proyector trif&aacute;sico de escaparate y uso comercial,&nbsp;<strong>MULTI&Aacute;NGULO,<\/strong>&nbsp;fuente lum&iacute;nica COB muy eficiente. El foco tiene distintos &aacute;ngulos de apertura para sacar el mayor partido de los elementos que que queramos destacar con nuestros focos. El foco LED permite regular sencillamente con el giro en su parte frontal del &aacute;ngulo deseado desde 36&ordm; a 60&ordm;.<\/p><p>Con estos focos de carril podr&aacute;s seleccionar los puntos de luz que m&aacute;s te interese destacar, pudiendo regular 360 grados en horizontal y 180 en vertical. Focos LED de carril perfectos para la iluminaci&oacute;n comercial. Preparado para colocarlo f&aacute;cilmente en un carril trif&aacute;sico. Para uso exclusivo en interiores debido a su grado de protecci&oacute;n IP20.<\/p><p>La lumin&aacute;ria LED incorpora un Driver trif&aacute;sico de m&aacute;xima calidad de&nbsp;<strong>VOSSLOH-SCHWABE DEUTSCHLAND GmbH<\/strong>, que dispone de una vida &uacute;til intensiva de m&aacute;s de 50.000 horas.<\/p><p>El tipo de luz proporciona un clima confortable y adecuado para tus clientes, la luz de gran calidad y reproduce los colores de forma natural, el &iacute;ndice de reproducci&oacute;n crom&aacute;tica es superior a 90. (IRC).<\/p><p>El foco LED esta fabricado en aluminio de gran pureza, lo que le permite una correcta disipaci&oacute;n del calor generado por el diodo LED COB que incorpora de alta calidad.<\/p><p>Debido a su tama&ntilde;o se integra f&aacute;cilmente en cualquier lugar, siendo la iluminaci&oacute;n LED como un objeto decorativo m&aacute;s que realzar&aacute; tus estancias y comercios.<\/p><p>El montaje es muy sencillo colocaremos el foco en un carril trif&aacute;sico instalado anteriormente.<\/p><p>Le pr\u00e9sent&nbsp;<strong>projecteur \u00e0 led<\/strong>&nbsp;dispone de un selector con el cual podemos seleccionar la l&iacute;nea del carril trif&aacute;sico que queramos conectar. (<em>Ver imagen detallada)<\/em><\/p><p>&nbsp;<\/p><h2>Aplicaciones:&nbsp; Foco LED 40W LEIPZIG Trif&aacute;sico &ndash; VOSSLO &ndash; &Oacute;ptica Regulable 36&ordm;-60&ordm;<\/h2><ul>\n<li>Mus\u00e9es<\/li>\n<li>Galeries d'art<\/li>\n<li>Vitrines<\/li>\n<li>Bureaux<\/li>\n<\/ul><h3 class=\"page-product-heading\">DONN\u00c9ES TECHNIQUES<\/h3><div class=\"col-xs-12 col-md-6\">\n<table class=\"table table-data-sheet 1\">\n<tbody>\n<tr class=\"odd\">\n<td valign=\"middle\" width=\"32\"><\/td>\n<td valign=\"middle\">REFERENCE :<\/td>\n<td valign=\"middle\">SLVLT227-9040<\/td>\n<\/tr>\n<tr class=\"even\">\n<td valign=\"middle\" width=\"32\"><\/td>\n<td valign=\"middle\">Puissance nominale :<\/td>\n<td valign=\"middle\">28W<\/td>\n<\/tr>\n<tr class=\"odd\">\n<td valign=\"middle\" width=\"32\"><\/td>\n<td valign=\"middle\">Temp\u00e9rature de la lumi\u00e8re :<\/td>\n<td valign=\"middle\">3000K - 4000K<\/td>\n<\/tr>\n<tr class=\"even\">\n<td valign=\"middle\" width=\"32\"><\/td>\n<td valign=\"middle\">CRI - Indice de rendu des couleurs :<\/td>\n<td valign=\"middle\">90<\/td>\n<\/tr>\n<tr class=\"odd\">\n<td valign=\"middle\" width=\"32\"><\/td>\n<td valign=\"middle\">Mat\u00e9riaux de construction :<\/td>\n<td valign=\"middle\">Aluminium +PMMA<\/td>\n<\/tr>\n<tr class=\"even\">\n<td valign=\"middle\" width=\"32\"><\/td>\n<td valign=\"middle\">Luminosit\u00e9-Lm :<\/td>\n<td valign=\"middle\">3080<\/td>\n<\/tr>\n<tr class=\"odd\">\n<td valign=\"middle\" width=\"32\"><\/td>\n<td valign=\"middle\">Type de DEL :<\/td>\n<td valign=\"middle\">COB<\/td>\n<\/tr>\n<tr class=\"even\">\n<td valign=\"middle\" width=\"32\"><\/td>\n<td valign=\"middle\">Angle d'ouverture (\u00ba) :<\/td>\n<td valign=\"middle\">30\u00ba \u00e0 60\u00ba.<\/td>\n<\/tr>\n<tr class=\"odd\">\n<td valign=\"middle\" width=\"32\"><\/td>\n<td valign=\"middle\">Efficacit\u00e9 de la diode LED (Lm\/W) :<\/td>\n<td valign=\"middle\">120Lm\/W<\/td>\n<\/tr>\n<tr class=\"even\">\n<td valign=\"middle\" width=\"32\"><\/td>\n<td valign=\"middle\">Efficacit\u00e9 lumineuse (Lm\/W) :<\/td>\n<td valign=\"middle\">110Lm\/W<\/td>\n<\/tr>\n<tr class=\"odd\">\n<td valign=\"middle\" width=\"32\"><\/td>\n<td valign=\"middle\">Certificats :<\/td>\n<td valign=\"middle\">CE &ndash; ROHS &ndash; ENEC05<\/td>\n<\/tr>\n<\/tbody>\n<\/table>\n<\/div><div class=\"col-xs-12 col-md-6 2\">\n<table class=\"table table-data-sheet 2\">\n<tbody>\n<tr class=\"odd\">\n<td valign=\"middle\" width=\"32\"><\/td>\n<td valign=\"middle\">Indice de protection IP :<\/td>\n<td valign=\"middle\">IP20<\/td>\n<\/tr>\n<tr class=\"even\">\n<td valign=\"middle\" width=\"32\"><\/td>\n<td valign=\"middle\">Dur\u00e9e de vie estim\u00e9e de la diode LED (H) :<\/td>\n<td valign=\"middle\">50.000<\/td>\n<\/tr>\n<tr class=\"odd\">\n<td valign=\"middle\" width=\"32\"><\/td>\n<td valign=\"middle\">Dimensions (mm) :<\/td>\n<td valign=\"middle\">30x21mm<\/td>\n<\/tr>\n<tr class=\"even\">\n<td valign=\"middle\" width=\"32\"><\/td>\n<td valign=\"middle\">Facteur de puissance (PF) :<\/td>\n<td valign=\"middle\">0.95<\/td>\n<\/tr>\n<tr class=\"odd\">\n<td valign=\"middle\" width=\"32\"><\/td>\n<td valign=\"middle\">Fr\u00e9quence de travail (Hz) :<\/td>\n<td valign=\"middle\">50\/60Hz<\/td>\n<\/tr>\n<tr class=\"even\">\n<td valign=\"middle\" width=\"32\"><\/td>\n<td valign=\"middle\">Plage de temp\u00e9rature (\u00baC) :<\/td>\n<td valign=\"middle\">-20?C ~ +55?C<\/td>\n<\/tr>\n<tr class=\"odd\">\n<td valign=\"middle\" width=\"32\"><\/td>\n<td valign=\"middle\">Cycles d'allumage :<\/td>\n<td valign=\"middle\">100.000<\/td>\n<\/tr>\n<tr class=\"even\">\n<td valign=\"middle\" width=\"32\"><\/td>\n<td valign=\"middle\">Temps de d\u00e9marrage (s) :<\/td>\n<td valign=\"middle\">0,2s<\/td>\n<\/tr>\n<tr class=\"odd\">\n<td valign=\"middle\" width=\"32\"><\/td>\n<td valign=\"middle\">Pilote inclus :<\/td>\n<td valign=\"middle\">OUI<\/td>\n<\/tr>\n<tr class=\"even\">\n<td valign=\"middle\" width=\"32\"><\/td>\n<td valign=\"middle\">Classe \u00e9nerg\u00e9tique (2021-EU-2019\/2015) :<\/td>\n<td valign=\"middle\">A+<\/td>\n<\/tr>\n<tr class=\"odd\">\n<td valign=\"middle\" width=\"32\"><\/td>\n<td valign=\"middle\">Garanta a&ntilde;os:<\/td>\n<td valign=\"middle\">5<\/td>\n<\/tr>\n<\/tbody>\n<\/table>\n<p>&nbsp;<\/p>\n<\/div><\/p>","protected":false},"excerpt":{"rendered":"<div class=\"col-md-12\"><i class=\"fa fa-truck\"><\/i>&nbsp;<span class=\"text-muted textprop\">Livraison dans les 24\/48 heures<\/span><div class=\"col-md-12\"><i class=\"fa fa-exchange\"><\/i>&nbsp;<span class=\"text-muted textprop\">Garantie assur\u00e9e<\/span><\/div><div class=\"col-md-12\"><i class=\"fa fa-box\"><\/i>&nbsp;<span class=\"text-muted textprop\">12 unit\u00e9(s) par bo\u00eete \u00e0 outils<\/span><\/div><div><strong>TEMP\u00c9RATURE DE COULEUR : 3000K\/4000K<\/strong><\/div><\/div>","protected":false},"featured_media":5338,"template":"","meta":{"site-sidebar-layout":"default","site-content-layout":"default","ast-global-header-display":"","ast-main-header-display":"","ast-hfb-above-header-display":"","ast-hfb-below-header-display":"","ast-hfb-mobile-header-display":"","site-post-title":"","ast-breadcrumbs-content":"","ast-featured-img":"","footer-sml-layout":"","theme-transparent-header-meta":"default","adv-header-id-meta":"","stick-header-meta":"","header-above-stick-meta":"","header-main-stick-meta":"","header-below-stick-meta":""},"product_cat":[32,76],"product_tag":[],"class_list":["post-5331","product","type-product","status-publish","has-post-thumbnail","hentry","product_cat-iluminacion-comercial-para-tienda","product_cat-iluminacion-led-carril"],"_links":{"self":[{"href":"https:\/\/starlediluminacion.com\/fr\/wp-json\/wp\/v3\/product\/5331","targetHints":{"allow":["GET"]}}],"collection":[{"href":"https:\/\/starlediluminacion.com\/fr\/wp-json\/wp\/v3\/product"}],"about":[{"href":"https:\/\/starlediluminacion.com\/fr\/wp-json\/wp\/v2\/types\/product"}],"wp:featuredmedia":[{"embeddable":true,"href":"https:\/\/starlediluminacion.com\/fr\/wp-json\/wp\/v2\/media\/5338"}],"wp:attachment":[{"href":"https:\/\/starlediluminacion.com\/fr\/wp-json\/wp\/v2\/media?parent=5331"}],"wp:term":[{"taxonomy":"product_cat","embeddable":true,"href":"https:\/\/starlediluminacion.com\/fr\/wp-json\/wp\/v2\/product_cat?post=5331"},{"taxonomy":"product_tag","embeddable":true,"href":"https:\/\/starlediluminacion.com\/fr\/wp-json\/wp\/v2\/product_tag?post=5331"}],"curies":[{"name":"wp","href":"https:\/\/api.w.org\/{rel}","templated":true}]}}