{"id":5259,"date":"2022-08-12T10:34:37","date_gmt":"2022-08-12T10:34:37","guid":{"rendered":"https:\/\/starlediluminacion.com\/?post_type=product&#038;p=5259"},"modified":"2022-12-18T10:29:41","modified_gmt":"2022-12-18T10:29:41","slug":"foco-led-40w-madrid-blanco-philips-driver-carril-trifasico-especial-para-alimentacion","status":"publish","type":"product","link":"https:\/\/starlediluminacion.com\/fr\/product\/foco-led-40w-madrid-blanco-philips-driver-carril-trifasico-especial-para-alimentacion\/","title":{"rendered":"<p>spot led 40w madrid white triphase track driver special for power supply<\/p>"},"content":{"rendered":"<p>referencia: sltlwphl40w-tri-alim<p>sur&nbsp;<strong>spot led madrid bridgelux chip 40w driver<\/strong>&nbsp;pour&nbsp;<strong>carril trif&aacute;sico&nbsp;especial para alimentaci&oacute;n<\/strong>&nbsp;est parfait comme lumi\u00e8re d'intonation dans tout syst\u00e8me d'\u00e9clairage sur rail, ce qui le rend id\u00e9al pour mettre en valeur des \u00e9l\u00e9ments sp\u00e9cifiques, et il a un angle de&nbsp;<strong>Ouverture \u00e0 60<\/strong>.<\/p><h3><strong>carnicer&iacute;as, pescader&iacute;as, fruter&iacute;as y panader&iacute;as<\/strong><\/h3><h3><strong>periodo de fabricaci&oacute;n de 5 a 7 dias habiles<\/strong><\/h3><h1>spot led 40w driver -<br>\n<strong>madrid - bridgelux chip -<\/strong>&nbsp;blanco para carril trif&aacute;sico&nbsp;&ndash; 60&ordm; &ndash;&nbsp;especial para alimentaci&oacute;n<\/h1><p>sur&nbsp;<strong>madrid bridgelux chip spotlight&nbsp;<\/strong>de&nbsp;<strong>40w<\/strong>&nbsp;se caract\u00e9rise par un design qui s'int\u00e8gre \u00e0 tous les styles et par d'excellentes performances.&nbsp;<strong>spot led madrid&nbsp;<\/strong><strong>puce bridgelux<\/strong>&nbsp;&nbsp; driver es ideal para iluminar cualquier lugar que quieras resaltar, adem&aacute;s tambi&eacute;n es perfecto para situaciones en espacios&nbsp; que se busca&nbsp;clase y distinci&oacute;n en su red de iluminaci&oacute;n adem&aacute;s dispones de el en diferentes temperaturas para&nbsp;<strong>carnicer&iacute;as, panader&iacute;as, fruter&iacute;as y pescader&iacute;as<\/strong><\/p><p>sa conception des couleurs&nbsp;<strong>blanc<\/strong>&nbsp;es ideal para crear ambientes minimalistas mientras resaltas los espacios que necesites destacar. su instalaci&oacute;n es sencilla para ser colocado en carril trif&aacute;sico, ahora la decoraci&oacute;n esta en tus manos y del modo m&aacute;s sencillo.<\/p><p>ce produit a ete fabrique pour une utilisation speciale a l'interieur, par consequent, sa protection doit etre assuree.&nbsp;<strong>ip20<\/strong>.<\/p><p>notre&nbsp;<strong>projecteur \u00e0 led<\/strong>&nbsp;<strong>madrid&nbsp;<\/strong>\u00e9missions&nbsp;<strong>4000 lumens<\/strong>&nbsp;(cob bridgelux chip inside 2240 ds-c30 4000lm) et nous permet d'\u00e9conomiser jusqu'\u00e0&nbsp;<strong>90%<\/strong>&nbsp;L'ampoule est capable de r\u00e9sister \u00e0 une tension de&nbsp;<strong>85v \u00e0 265v.<\/strong><\/p><p>&nbsp;<\/p><ul>\n<li>\n<h4><em>una vez realizado el pedido, el periodo de fabricaci&oacute;n es de 5 a 7 d&iacute;as h&aacute;biles. en algunos casos el tiempo de fabricaci&oacute;n puede verse alterado debido a volumen de pedidos.<\/em><\/h4>\n<\/li>\n<\/ul><h2>usos&nbsp;del&nbsp;foco led&nbsp;madrid  driver&nbsp;<strong>puce bridgelux<\/strong>&nbsp;especial alimentacion<\/h2><ul>\n<li>supermercados<\/li>\n<li>centros comerciales<\/li>\n<li>galer&iacute;as alimentaci&oacute;n<\/li>\n<li>mercados<\/li>\n<li>peque&ntilde;o comercio<\/li>\n<\/ul><h3 class=\"page-product-heading\">d\u00e9tails techniques<\/h3><div class=\"col-xs-12 col-md-6\">\n<table class=\"table table-data-sheet 1\">\n<tbody>\n<tr class=\"odd\">\n<td valign=\"middle\" width=\"32\"><\/td>\n<td valign=\"middle\">r\u00e9f\u00e9rence :<\/td>\n<td valign=\"middle\">sltlwphl40w-tri-alim<\/td>\n<\/tr>\n<tr class=\"even\">\n<td valign=\"middle\" width=\"32\"><\/td>\n<td valign=\"middle\">Puissance nominale :<\/td>\n<td valign=\"middle\">40w<\/td>\n<\/tr>\n<tr class=\"odd\">\n<td valign=\"middle\" width=\"32\"><\/td>\n<td valign=\"middle\">tension nominale :<\/td>\n<td valign=\"middle\">85-265v<\/td>\n<\/tr>\n<tr class=\"even\">\n<td valign=\"middle\" width=\"32\"><\/td>\n<td valign=\"middle\">cri -index de reproduction chromatique :<\/td>\n<td valign=\"middle\">98<\/td>\n<\/tr>\n<tr class=\"odd\">\n<td valign=\"middle\" width=\"32\"><\/td>\n<td valign=\"middle\">mat\u00e9riau de construction :<\/td>\n<td valign=\"middle\">aluminium +pmma<\/td>\n<\/tr>\n<tr class=\"even\">\n<td valign=\"middle\" width=\"32\"><\/td>\n<td valign=\"middle\">luminosit\u00e9-lm :<\/td>\n<td valign=\"middle\">4000<\/td>\n<\/tr>\n<tr class=\"odd\">\n<td valign=\"middle\" width=\"32\"><\/td>\n<td valign=\"middle\">type de LED :<\/td>\n<td valign=\"middle\">cob bridgelux chip inside 2240 ds-c30<\/td>\n<\/tr>\n<tr class=\"even\">\n<td valign=\"middle\" width=\"32\"><\/td>\n<td valign=\"middle\">angle d'ouverture (\u00ba) :<\/td>\n<td valign=\"middle\">60\u00ba<\/td>\n<\/tr>\n<tr class=\"odd\">\n<td valign=\"middle\" width=\"32\"><\/td>\n<td valign=\"middle\">efficacit\u00e9 des diodes LED (lm\/w) :<\/td>\n<td valign=\"middle\">120 lm\/w<\/td>\n<\/tr>\n<tr class=\"even\">\n<td valign=\"middle\" width=\"32\"><\/td>\n<td valign=\"middle\">efficacit\u00e9 lumineuse (lm\/w) :<\/td>\n<td valign=\"middle\">100 lm\/w<\/td>\n<\/tr>\n<tr class=\"odd\">\n<td valign=\"middle\" width=\"32\"><\/td>\n<td valign=\"middle\">certificats :<\/td>\n<td valign=\"middle\">ce - rohs<\/td>\n<\/tr>\n<tr class=\"even\">\n<td valign=\"middle\" width=\"32\"><\/td>\n<td valign=\"middle\">degr\u00e9 d'ip :<\/td>\n<td valign=\"middle\">ip20<\/td>\n<\/tr>\n<tr class=\"odd\">\n<td valign=\"middle\" width=\"32\"><\/td>\n<td valign=\"middle\">dur\u00e9e de vie estim\u00e9e de la diode LED (h) :<\/td>\n<td valign=\"middle\">35.000<\/td>\n<\/tr>\n<\/tbody>\n<\/table>\n<\/div><div class=\"col-xs-12 col-md-6 2\">\n<table class=\"table table-data-sheet 2\">\n<tbody>\n<tr class=\"odd\">\n<td valign=\"middle\" width=\"32\"><\/td>\n<td valign=\"middle\">dimensions (mm) :<\/td>\n<td valign=\"middle\">160*105*190mm<\/td>\n<\/tr>\n<tr class=\"even\">\n<td valign=\"middle\" width=\"32\"><\/td>\n<td valign=\"middle\">facteur de puissance (pf) :<\/td>\n<td valign=\"middle\">0.9<\/td>\n<\/tr>\n<tr class=\"odd\">\n<td valign=\"middle\" width=\"32\"><\/td>\n<td valign=\"middle\">fr\u00e9quence de travail (hz) :<\/td>\n<td valign=\"middle\">50\/60hz<\/td>\n<\/tr>\n<tr class=\"even\">\n<td valign=\"middle\" width=\"32\"><\/td>\n<td valign=\"middle\">plage de temp\u00e9rature (\u00baC) :<\/td>\n<td valign=\"middle\">-20\u00ba ~ +40\u00ba.<\/td>\n<\/tr>\n<tr class=\"odd\">\n<td valign=\"middle\" width=\"32\"><\/td>\n<td valign=\"middle\">les cycles d'allumage :<\/td>\n<td valign=\"middle\">100.000<\/td>\n<\/tr>\n<tr class=\"even\">\n<td valign=\"middle\" width=\"32\"><\/td>\n<td valign=\"middle\">temps de d\u00e9marrage (s) :<\/td>\n<td valign=\"middle\">0,2s<\/td>\n<\/tr>\n<tr class=\"odd\">\n<td valign=\"middle\" width=\"32\"><\/td>\n<td valign=\"middle\">des informations compl\u00e9mentaires :<\/td>\n<td valign=\"middle\">peinture : akzonobel interpon 600 c33883<\/td>\n<\/tr>\n<tr class=\"even\">\n<td valign=\"middle\" width=\"32\"><\/td>\n<td valign=\"middle\">conducteur inclus :<\/td>\n<td valign=\"middle\"> certadrive<\/td>\n<\/tr>\n<tr class=\"odd\">\n<td valign=\"middle\" width=\"32\"><\/td>\n<td valign=\"middle\">classe \u00e9nerg\u00e9tique (2021-EU-2019\/2015) :<\/td>\n<td valign=\"middle\">a+<\/td>\n<\/tr>\n<tr class=\"even\">\n<td valign=\"middle\" width=\"32\"><\/td>\n<td valign=\"middle\">classe \u00e9nerg\u00e9tique (2023 - eu-2019\/2015) :<\/td>\n<td valign=\"middle\">f<\/td>\n<\/tr>\n<tr class=\"odd\">\n<td valign=\"middle\" width=\"32\"><\/td>\n<td valign=\"middle\">ann\u00e9es de garantie :<\/td>\n<td valign=\"middle\">5<\/td>\n<\/tr>\n<tr class=\"even\">\n<td valign=\"middle\" width=\"32\"><\/td>\n<td valign=\"middle\">couleur de la carrosserie :<\/td>\n<td valign=\"middle\">blanc<\/td>\n<\/tr>\n<\/tbody>\n<\/table>\n<p>&nbsp;<\/p>\n<\/div><\/p>","protected":false},"excerpt":{"rendered":"<div class=\"col-md-12\"><i class=\"fa fa-truck\"><\/i>&nbsp;<span class=\"text-muted textprop\">Livraison dans les 24\/48 heures<\/span><div class=\"col-md-12\"><i class=\"fa fa-exchange\"><\/i>&nbsp;<span class=\"text-muted textprop\">Garantie assur\u00e9e<\/span><\/div><div class=\"col-md-12\"><i class=\"fa fa-box\"><\/i>&nbsp;<span class=\"text-muted textprop\">10 unit\u00e9(s) par bo\u00eete \u00e0 outils<\/span><\/div><div><\/div><\/div>","protected":false},"featured_media":5267,"template":"","meta":{"site-sidebar-layout":"default","site-content-layout":"default","ast-global-header-display":"","ast-main-header-display":"","ast-hfb-above-header-display":"","ast-hfb-below-header-display":"","ast-hfb-mobile-header-display":"","site-post-title":"","ast-breadcrumbs-content":"","ast-featured-img":"","footer-sml-layout":"","theme-transparent-header-meta":"default","adv-header-id-meta":"","stick-header-meta":"","header-above-stick-meta":"","header-main-stick-meta":"","header-below-stick-meta":""},"product_cat":[32,76],"product_tag":[],"class_list":["post-5259","product","type-product","status-publish","has-post-thumbnail","hentry","product_cat-iluminacion-comercial-para-tienda","product_cat-iluminacion-led-carril"],"_links":{"self":[{"href":"https:\/\/starlediluminacion.com\/fr\/wp-json\/wp\/v3\/product\/5259","targetHints":{"allow":["GET"]}}],"collection":[{"href":"https:\/\/starlediluminacion.com\/fr\/wp-json\/wp\/v3\/product"}],"about":[{"href":"https:\/\/starlediluminacion.com\/fr\/wp-json\/wp\/v2\/types\/product"}],"wp:featuredmedia":[{"embeddable":true,"href":"https:\/\/starlediluminacion.com\/fr\/wp-json\/wp\/v2\/media\/5267"}],"wp:attachment":[{"href":"https:\/\/starlediluminacion.com\/fr\/wp-json\/wp\/v2\/media?parent=5259"}],"wp:term":[{"taxonomy":"product_cat","embeddable":true,"href":"https:\/\/starlediluminacion.com\/fr\/wp-json\/wp\/v2\/product_cat?post=5259"},{"taxonomy":"product_tag","embeddable":true,"href":"https:\/\/starlediluminacion.com\/fr\/wp-json\/wp\/v2\/product_tag?post=5259"}],"curies":[{"name":"wp","href":"https:\/\/api.w.org\/{rel}","templated":true}]}}