{"id":5219,"date":"2022-08-12T09:59:36","date_gmt":"2022-08-12T09:59:36","guid":{"rendered":"https:\/\/starlediluminacion.com\/?post_type=product&#038;p=5219"},"modified":"2022-12-18T10:42:48","modified_gmt":"2022-12-18T10:42:48","slug":"foco-led-30w-parma-negro-carril-monofasico-cri-92","status":"publish","type":"product","link":"https:\/\/starlediluminacion.com\/fr\/product\/spot-led-30w-parma-parma-noir-rail-monophasique-cri-92\/","title":{"rendered":"<p>Spot LED 30W PARMA Noir Rail monophas\u00e9 IRC +92<\/p>"},"content":{"rendered":"<p>NUM\u00c9RO DE PI\u00c8CE : SLTLB30W-NW-90782<p>Notre&nbsp;<strong>PARMA Spot LED 30W<\/strong>&nbsp;pour&nbsp;<strong>Rail monophas\u00e9<\/strong>&nbsp;est parfait comme lumi\u00e8re d'intonation dans tout syst\u00e8me d'\u00e9clairage sur rail, ce qui le rend id\u00e9al pour mettre en valeur des \u00e9l\u00e9ments sp\u00e9cifiques, et il a un angle de&nbsp;<strong>Ouverture de 48<\/strong>.<\/p><h1>Spot LED 30W PARMA Noir Rail monophas\u00e9 IRC +92<\/h1><p>Les&nbsp;<strong>focus PARMA&nbsp;<\/strong>de&nbsp;<strong>30w<\/strong>&nbsp;se caract\u00e9rise par un design qui s'adapte \u00e0 tous les styles et par d'excellentes performances. Les&nbsp;<strong>Spot PARMA LED&nbsp;<\/strong>est id\u00e9al pour \u00e9clairer n'importe quel endroit que vous souhaitez mettre en valeur, il est \u00e9galement parfait pour les situations dans les espaces qui recherchent la classe et la distinction dans son r\u00e9seau d'\u00e9clairage ont \u00e9galement le dans diff\u00e9rentes temp\u00e9ratures.&nbsp;<strong>3000k et 4000k<\/strong><\/p><p>Son design en couleur&nbsp;<strong>noir&nbsp;<\/strong>est id\u00e9al pour cr\u00e9er des ambiances minimalistes tout en mettant en valeur les espaces que vous souhaitez mettre en valeur. Il est facile \u00e0 installer et peut \u00eatre plac\u00e9 dans les endroits suivants&nbsp;<strong>rail<\/strong>&nbsp;<strong>monophas\u00e9<\/strong>La d\u00e9coration est maintenant entre vos mains et de la mani\u00e8re la plus simple.<\/p><p>Ce produit a \u00e9t\u00e9 fabriqu\u00e9 pour une utilisation sp\u00e9ciale en int\u00e9rieur, c'est pourquoi sa protection est assur\u00e9e.&nbsp;<strong>IP20<\/strong>.<\/p><p>Notre&nbsp;<strong>Spot LED<\/strong>&nbsp;\u00e9missions&nbsp;<strong>3900 lumens<\/strong>&nbsp;et permet d'\u00e9conomiser jusqu'\u00e0&nbsp;<strong>90%<\/strong>&nbsp;sur notre facture. Le Spotlight est capable de r\u00e9sister \u00e0 une tension de&nbsp;<strong>175V \u00e0 265V.<\/strong><\/p><h2>Utilisations du spot Spot LED noir PARMA 30W Track monophas\u00e9 IRC +92<\/h2><ul>\n<li>Vitrines<\/li>\n<li>Bureaux<\/li>\n<li>Galeries d'art<\/li>\n<li>Mus\u00e9es<\/li>\n<\/ul><h3 class=\"page-product-heading\">DONN\u00c9ES TECHNIQUES<\/h3><div class=\"col-xs-12 col-md-6\">\n<table class=\"table table-data-sheet 1\">\n<tbody>\n<tr class=\"odd\">\n<td valign=\"middle\" width=\"32\"><\/td>\n<td valign=\"middle\">REFERENCE :<\/td>\n<td valign=\"middle\">SLTLB30W-NW<\/td>\n<\/tr>\n<tr class=\"even\">\n<td valign=\"middle\" width=\"32\"><\/td>\n<td valign=\"middle\">Puissance nominale :<\/td>\n<td valign=\"middle\">30W<\/td>\n<\/tr>\n<tr class=\"odd\">\n<td valign=\"middle\" width=\"32\"><\/td>\n<td valign=\"middle\">Tension nominale :<\/td>\n<td valign=\"middle\">175-265V<\/td>\n<\/tr>\n<tr class=\"even\">\n<td valign=\"middle\" width=\"32\"><\/td>\n<td valign=\"middle\">Temp\u00e9rature de la lumi\u00e8re :<\/td>\n<td valign=\"middle\">3000K - 4000K<\/td>\n<\/tr>\n<tr class=\"odd\">\n<td valign=\"middle\" width=\"32\"><\/td>\n<td valign=\"middle\">CRI - Indice de rendu des couleurs :<\/td>\n<td valign=\"middle\">92<\/td>\n<\/tr>\n<tr class=\"even\">\n<td valign=\"middle\" width=\"32\"><\/td>\n<td valign=\"middle\">Mat\u00e9riaux de construction :<\/td>\n<td valign=\"middle\">Aluminium +PMMA<\/td>\n<\/tr>\n<tr class=\"odd\">\n<td valign=\"middle\" width=\"32\"><\/td>\n<td valign=\"middle\">Luminosit\u00e9-Lm :<\/td>\n<td valign=\"middle\">3900Lm<\/td>\n<\/tr>\n<tr class=\"even\">\n<td valign=\"middle\" width=\"32\"><\/td>\n<td valign=\"middle\">Type de DEL :<\/td>\n<td valign=\"middle\">COB Bridgelux Chip 1530 DS-C30<\/td>\n<\/tr>\n<tr class=\"odd\">\n<td valign=\"middle\" width=\"32\"><\/td>\n<td valign=\"middle\">Angle d'ouverture (\u00ba) :<\/td>\n<td valign=\"middle\">48\u00ba<\/td>\n<\/tr>\n<tr class=\"even\">\n<td valign=\"middle\" width=\"32\"><\/td>\n<td valign=\"middle\">Efficacit\u00e9 de la diode LED (Lm\/W) :<\/td>\n<td valign=\"middle\">130Lm\/W<\/td>\n<\/tr>\n<tr class=\"odd\">\n<td valign=\"middle\" width=\"32\"><\/td>\n<td valign=\"middle\">Efficacit\u00e9 lumineuse (Lm\/W) :<\/td>\n<td valign=\"middle\">110Lm\/W<\/td>\n<\/tr>\n<\/tbody>\n<\/table>\n<\/div><div class=\"col-xs-12 col-md-6 2\">\n<table class=\"table table-data-sheet 2\">\n<tbody>\n<tr class=\"odd\">\n<td valign=\"middle\" width=\"32\"><\/td>\n<td valign=\"middle\">Certificats :<\/td>\n<td valign=\"middle\">CE - ROHS<\/td>\n<\/tr>\n<tr class=\"even\">\n<td valign=\"middle\" width=\"32\"><\/td>\n<td valign=\"middle\">Indice de protection IP :<\/td>\n<td valign=\"middle\">IP20<\/td>\n<\/tr>\n<tr class=\"odd\">\n<td valign=\"middle\" width=\"32\"><\/td>\n<td valign=\"middle\">Dimensions (mm) :<\/td>\n<td valign=\"middle\">160x90mm<\/td>\n<\/tr>\n<tr class=\"even\">\n<td valign=\"middle\" width=\"32\"><\/td>\n<td valign=\"middle\">Facteur de puissance (PF) :<\/td>\n<td valign=\"middle\">0.92<\/td>\n<\/tr>\n<tr class=\"odd\">\n<td valign=\"middle\" width=\"32\"><\/td>\n<td valign=\"middle\">Fr\u00e9quence de travail (Hz) :<\/td>\n<td valign=\"middle\">50\/60Hz<\/td>\n<\/tr>\n<tr class=\"even\">\n<td valign=\"middle\" width=\"32\"><\/td>\n<td valign=\"middle\">Plage de temp\u00e9rature (\u00baC) :<\/td>\n<td valign=\"middle\">-20\u00b0C ~ +55\u00b0C<\/td>\n<\/tr>\n<tr class=\"odd\">\n<td valign=\"middle\" width=\"32\"><\/td>\n<td valign=\"middle\">Cycles d'allumage :<\/td>\n<td valign=\"middle\">100.000<\/td>\n<\/tr>\n<tr class=\"even\">\n<td valign=\"middle\" width=\"32\"><\/td>\n<td valign=\"middle\">Temps de d\u00e9marrage (s) :<\/td>\n<td valign=\"middle\">0,2s<\/td>\n<\/tr>\n<tr class=\"odd\">\n<td valign=\"middle\" width=\"32\"><\/td>\n<td valign=\"middle\">Pilote inclus :<\/td>\n<td valign=\"middle\">CONDUCTEUR SANS SCINTILLEMENT - SANS SCINTILLEMENT<\/td>\n<\/tr>\n<tr class=\"even\">\n<td valign=\"middle\" width=\"32\"><\/td>\n<td valign=\"middle\">Classe \u00e9nerg\u00e9tique (2021-EU-2019\/2015) :<\/td>\n<td valign=\"middle\">A+<\/td>\n<\/tr>\n<tr class=\"odd\">\n<td valign=\"middle\" width=\"32\"><\/td>\n<td valign=\"middle\">Ann\u00e9es de garantie :<\/td>\n<td valign=\"middle\">3<\/td>\n<\/tr>\n<\/tbody>\n<\/table>\n<\/div><\/p>","protected":false},"excerpt":{"rendered":"<div class=\"col-md-12\"><i class=\"fa fa-truck\"><\/i>&nbsp;<span class=\"text-muted textprop\">Livraison dans les 24\/48 heures<\/span><div class=\"col-md-12\"><i class=\"fa fa-exchange\"><\/i>&nbsp;<span class=\"text-muted textprop\">Garantie assur\u00e9e<\/span><\/div><div class=\"col-md-12\"><i class=\"fa fa-box\"><\/i>&nbsp;<span class=\"text-muted textprop\">20 unit\u00e9(s) par bo\u00eete \u00e0 outils<\/span><\/div><div><strong>TEMP\u00c9RATURE DE COULEUR : 3000K\/4000K<\/strong><\/div><\/div>","protected":false},"featured_media":5224,"template":"","meta":{"site-sidebar-layout":"default","site-content-layout":"default","ast-global-header-display":"","ast-main-header-display":"","ast-hfb-above-header-display":"","ast-hfb-below-header-display":"","ast-hfb-mobile-header-display":"","site-post-title":"","ast-breadcrumbs-content":"","ast-featured-img":"","footer-sml-layout":"","theme-transparent-header-meta":"default","adv-header-id-meta":"","stick-header-meta":"","header-above-stick-meta":"","header-main-stick-meta":"","header-below-stick-meta":""},"product_cat":[32,76],"product_tag":[],"class_list":["post-5219","product","type-product","status-publish","has-post-thumbnail","hentry","product_cat-iluminacion-comercial-para-tienda","product_cat-iluminacion-led-carril"],"_links":{"self":[{"href":"https:\/\/starlediluminacion.com\/fr\/wp-json\/wp\/v3\/product\/5219","targetHints":{"allow":["GET"]}}],"collection":[{"href":"https:\/\/starlediluminacion.com\/fr\/wp-json\/wp\/v3\/product"}],"about":[{"href":"https:\/\/starlediluminacion.com\/fr\/wp-json\/wp\/v2\/types\/product"}],"wp:featuredmedia":[{"embeddable":true,"href":"https:\/\/starlediluminacion.com\/fr\/wp-json\/wp\/v2\/media\/5224"}],"wp:attachment":[{"href":"https:\/\/starlediluminacion.com\/fr\/wp-json\/wp\/v2\/media?parent=5219"}],"wp:term":[{"taxonomy":"product_cat","embeddable":true,"href":"https:\/\/starlediluminacion.com\/fr\/wp-json\/wp\/v2\/product_cat?post=5219"},{"taxonomy":"product_tag","embeddable":true,"href":"https:\/\/starlediluminacion.com\/fr\/wp-json\/wp\/v2\/product_tag?post=5219"}],"curies":[{"name":"wp","href":"https:\/\/api.w.org\/{rel}","templated":true}]}}