{"id":5068,"date":"2022-08-11T20:07:06","date_gmt":"2022-08-11T20:07:06","guid":{"rendered":"https:\/\/starlediluminacion.com\/?post_type=product&#038;p=5068"},"modified":"2022-08-11T20:07:06","modified_gmt":"2022-08-11T20:07:06","slug":"fuente-alimentacion-slim-profesional-slim-24v-30w-ecoled-ip20-tuv","status":"publish","type":"product","link":"https:\/\/starlediluminacion.com\/fr\/product\/fuente-alimentacion-slim-profesional-slim-24v-30w-ecoled-ip20-tuv\/","title":{"rendered":"<p>Bloc d'alimentation SLIM PROFESSIONAL - SLIM - 24V 30W - ECOLED - IP20 - T\u00dcV<\/p>"},"content":{"rendered":"<div class=\"product-info-line\">\n<p id=\"product_reference\"><label>REFERENCIA: SLFAECOLED30W24V-SLIM<br>\n<\/label><\/p>\n<div class=\"hidden-xs parrafo\">\n<p>Transformateur professionnel 30W \u00e0 24 volts, de la prestigieuse marque ECOLED LUZNEGRA avec la capacit\u00e9 de convertir le courant alternatif en courant continu. Il est \u00e9galement certifi\u00e9 T\u00dcV. Produit utilisable 24 heures\/365 jours par an.  Garantie de 5 ans.<\/p>\n<\/div>\n<div id=\"views_block-1\" class=\"clearfix\">\n<div id=\"thumbs_list\">\n<h1>Alimentation 24V 30W - ECOLED - IP20-T\u00dcV<\/h1>\n<p dir=\"ltr\">Le pr\u00e9sent<strong>&nbsp;l'alimentation \u00e9lectrique<\/strong>&nbsp;ECOLED vous permet de convertir le courant alternatif (CA) du r\u00e9seau en courant continu (CC) du r\u00e9seau.&nbsp;<strong>24 volts.<\/strong>&nbsp;Il a une puissance de&nbsp;<strong>30W<\/strong>.<\/p>\n<p dir=\"ltr\">Son bo\u00eetier en fait un produit r\u00e9sistant aux chocs tout en \u00e9tant l\u00e9ger.<\/p>\n<p dir=\"ltr\">Le produit est prot\u00e9g\u00e9 contre les surcharges et les courts-circuits.<\/p>\n<p dir=\"ltr\">Ce produit poss\u00e8de toutes les&nbsp;<strong>Certificats CE, ROHS et T\u00dcV<\/strong>&nbsp;qui garantit la haute qualit\u00e9 du produit : conforme aux normes europ\u00e9ennes d'\u00e9clairage EN-61347-1-2-13, EN-61547, EN-61000-3-2, EN-62384, EN-55015.<\/p>\n<p>&nbsp;<\/p>\n<h2 dir=\"ltr\">Utilisations de l'alimentation 24V 30W - ECOLED - IP20<\/h2>\n<p dir=\"ltr\">Bien que leurs utilisations soient diverses, elles sont le plus souvent utilis\u00e9es dans l'installation de syst\u00e8mes d'\u00e9clairage constitu\u00e9s de bandes.&nbsp;<strong>LED<\/strong>.<\/p>\n<h3 class=\"page-product-heading\">DONN\u00c9ES TECHNIQUES<\/h3>\n<div class=\"col-xs-12 col-md-6\">\n<table class=\"table table-data-sheet 1\">\n<tbody>\n<tr class=\"odd\">\n<td valign=\"middle\" width=\"32\"><\/td>\n<td valign=\"middle\">REFERENCE :<\/td>\n<td valign=\"middle\">SLFAECOLED30W24V-SLIM<\/td>\n<\/tr>\n<tr class=\"even\">\n<td valign=\"middle\" width=\"32\"><\/td>\n<td valign=\"middle\">Puissance nominale :<\/td>\n<td valign=\"middle\">30W<\/td>\n<\/tr>\n<tr class=\"odd\">\n<td valign=\"middle\" width=\"32\"><\/td>\n<td valign=\"middle\">Tension nominale :<\/td>\n<td valign=\"middle\">85V-265V<\/td>\n<\/tr>\n<tr class=\"even\">\n<td valign=\"middle\" width=\"32\"><\/td>\n<td valign=\"middle\">Mat\u00e9riaux de construction :<\/td>\n<td valign=\"middle\">Thermoplastique ignifuge<\/td>\n<\/tr>\n<tr class=\"odd\">\n<td valign=\"middle\" width=\"32\"><\/td>\n<td valign=\"middle\">Certificats :<\/td>\n<td valign=\"middle\">CE - ROHS<\/td>\n<\/tr>\n<tr class=\"even\">\n<td valign=\"middle\" width=\"32\"><\/td>\n<td valign=\"middle\">Indice de protection IP :<\/td>\n<td valign=\"middle\">IP20<\/td>\n<\/tr>\n<tr class=\"odd\">\n<td valign=\"middle\" width=\"32\"><\/td>\n<td valign=\"middle\">Dur\u00e9e de vie estim\u00e9e de la diode LED (H) :<\/td>\n<td valign=\"middle\">50.000<\/td>\n<\/tr>\n<tr class=\"even\">\n<td valign=\"middle\" width=\"32\"><\/td>\n<td valign=\"middle\">Dimensions (mm) :<\/td>\n<td valign=\"middle\">245x30x14mm<\/td>\n<\/tr>\n<\/tbody>\n<\/table>\n<\/div>\n<div class=\"col-xs-12 col-md-6 2\">\n<table class=\"table table-data-sheet 2\">\n<tbody>\n<tr class=\"odd\">\n<td valign=\"middle\" width=\"32\"><\/td>\n<td valign=\"middle\">Facteur de puissance (PF) :<\/td>\n<td valign=\"middle\">0,95<\/td>\n<\/tr>\n<tr class=\"even\">\n<td valign=\"middle\" width=\"32\"><\/td>\n<td valign=\"middle\">Fr\u00e9quence de travail (Hz) :<\/td>\n<td valign=\"middle\">50\/60Hz<\/td>\n<\/tr>\n<tr class=\"odd\">\n<td valign=\"middle\" width=\"32\"><\/td>\n<td valign=\"middle\">Plage de temp\u00e9rature (\u00baC) :<\/td>\n<td valign=\"middle\">-20\u00b0C ~ +55\u00b0C<\/td>\n<\/tr>\n<tr class=\"even\">\n<td valign=\"middle\" width=\"32\"><\/td>\n<td valign=\"middle\">Cycles d'allumage :<\/td>\n<td valign=\"middle\">100.000<\/td>\n<\/tr>\n<tr class=\"odd\">\n<td valign=\"middle\" width=\"32\"><\/td>\n<td valign=\"middle\">Temps de d\u00e9marrage (s) :<\/td>\n<td valign=\"middle\">0,2s<\/td>\n<\/tr>\n<tr class=\"even\">\n<td valign=\"middle\" width=\"32\"><\/td>\n<td valign=\"middle\">Classe \u00e9nerg\u00e9tique (2021-EU-2019\/2015) :<\/td>\n<td valign=\"middle\">A++<\/td>\n<\/tr>\n<tr class=\"odd\">\n<td valign=\"middle\" width=\"32\"><\/td>\n<td valign=\"middle\">Ann\u00e9es de garantie :<\/td>\n<td valign=\"middle\">5<\/td>\n<\/tr>\n<\/tbody>\n<\/table>\n<\/div>\n<\/div>\n<\/div>\n<\/div>","protected":false},"excerpt":{"rendered":"<div class=\"col-md-12\"><i class=\"fa fa-truck\"><\/i>&nbsp;<span class=\"text-muted textprop\">Livraison dans les 24\/48 heures<\/span><div class=\"col-md-12\"><i class=\"fa fa-exchange\"><\/i>&nbsp;<span class=\"text-muted textprop\">Garantie assur\u00e9e<\/span><\/div><div class=\"col-md-12\"><i class=\"fa fa-box\"><\/i>&nbsp;<span class=\"text-muted textprop\">100 unit\u00e9(s) par bo\u00eete \u00e0 outils<\/span><\/div><\/div>","protected":false},"featured_media":5072,"template":"","meta":{"site-sidebar-layout":"default","site-content-layout":"default","ast-global-header-display":"","ast-main-header-display":"","ast-hfb-above-header-display":"","ast-hfb-below-header-display":"","ast-hfb-mobile-header-display":"","site-post-title":"","ast-breadcrumbs-content":"","ast-featured-img":"","footer-sml-layout":"","theme-transparent-header-meta":"default","adv-header-id-meta":"","stick-header-meta":"","header-above-stick-meta":"","header-main-stick-meta":"","header-below-stick-meta":""},"product_cat":[74,35],"product_tag":[],"class_list":["post-5068","product","type-product","status-publish","has-post-thumbnail","hentry","product_cat-fuentes-24v","product_cat-fuentes-de-alimentacion-y-driver"],"yoast_head":"<!-- This site is optimized with the Yoast SEO plugin v27.4 - https:\/\/yoast.com\/product\/yoast-seo-wordpress\/ -->\n<title>Fuente Alimentaci\u00f3n SLIM PROFESIONAL - SLIM - 24V 30W - ECOLED - IP20 - T\u00dcV - STARLED Iluminacion<\/title>\n<meta name=\"robots\" content=\"index, follow, max-snippet:-1, max-image-preview:large, max-video-preview:-1\" \/>\n<link rel=\"canonical\" href=\"https:\/\/starlediluminacion.com\/fr\/product\/fuente-alimentacion-slim-profesional-slim-24v-30w-ecoled-ip20-tuv\/\" \/>\n<meta property=\"og:locale\" content=\"fr_FR\" \/>\n<meta property=\"og:type\" content=\"article\" \/>\n<meta property=\"og:title\" content=\"Fuente Alimentaci\u00f3n SLIM PROFESIONAL - SLIM - 24V 30W - ECOLED - IP20 - T\u00dcV - STARLED Iluminacion\" \/>\n<meta property=\"og:description\" content=\"\u00a0Entrega en 24\/48 horas \u00a0Garant\u00eda asegurada \u00a0100 unidad(es) por Masterbox\" \/>\n<meta property=\"og:url\" content=\"https:\/\/starlediluminacion.com\/fr\/product\/fuente-alimentacion-slim-profesional-slim-24v-30w-ecoled-ip20-tuv\/\" \/>\n<meta property=\"og:site_name\" content=\"STARLED Iluminacion\" \/>\n<meta property=\"og:image\" content=\"https:\/\/starlediluminacion.com\/wp-content\/uploads\/2022\/08\/fuente-alimentacion-slim-profesional-24v-30w-ecoled-ip20-tuev-factorled.webp\" \/>\n\t<meta property=\"og:image:width\" content=\"1000\" \/>\n\t<meta property=\"og:image:height\" content=\"1000\" \/>\n\t<meta property=\"og:image:type\" content=\"image\/webp\" \/>\n<meta name=\"twitter:card\" content=\"summary_large_image\" \/>\n<meta name=\"twitter:label1\" content=\"Dur\u00e9e de lecture estim\u00e9e\" \/>\n\t<meta name=\"twitter:data1\" content=\"1 minute\" \/>\n<script type=\"application\/ld+json\" class=\"yoast-schema-graph\">{\"@context\":\"https:\\\/\\\/schema.org\",\"@graph\":[{\"@type\":\"WebPage\",\"@id\":\"https:\\\/\\\/starlediluminacion.com\\\/producto\\\/fuente-alimentacion-slim-profesional-slim-24v-30w-ecoled-ip20-tuv\\\/\",\"url\":\"https:\\\/\\\/starlediluminacion.com\\\/producto\\\/fuente-alimentacion-slim-profesional-slim-24v-30w-ecoled-ip20-tuv\\\/\",\"name\":\"Fuente Alimentaci\u00f3n SLIM PROFESIONAL - SLIM - 24V 30W - ECOLED - IP20 - T\u00dcV - STARLED Iluminacion\",\"isPartOf\":{\"@id\":\"https:\\\/\\\/starlediluminacion.com\\\/#website\"},\"primaryImageOfPage\":{\"@id\":\"https:\\\/\\\/starlediluminacion.com\\\/producto\\\/fuente-alimentacion-slim-profesional-slim-24v-30w-ecoled-ip20-tuv\\\/#primaryimage\"},\"image\":{\"@id\":\"https:\\\/\\\/starlediluminacion.com\\\/producto\\\/fuente-alimentacion-slim-profesional-slim-24v-30w-ecoled-ip20-tuv\\\/#primaryimage\"},\"thumbnailUrl\":\"https:\\\/\\\/starlediluminacion.com\\\/wp-content\\\/uploads\\\/2022\\\/08\\\/fuente-alimentacion-slim-profesional-24v-30w-ecoled-ip20-tuev-factorled.webp\",\"datePublished\":\"2022-08-11T20:07:06+00:00\",\"breadcrumb\":{\"@id\":\"https:\\\/\\\/starlediluminacion.com\\\/producto\\\/fuente-alimentacion-slim-profesional-slim-24v-30w-ecoled-ip20-tuv\\\/#breadcrumb\"},\"inLanguage\":\"fr-FR\",\"potentialAction\":[{\"@type\":\"ReadAction\",\"target\":[\"https:\\\/\\\/starlediluminacion.com\\\/producto\\\/fuente-alimentacion-slim-profesional-slim-24v-30w-ecoled-ip20-tuv\\\/\"]}]},{\"@type\":\"ImageObject\",\"inLanguage\":\"fr-FR\",\"@id\":\"https:\\\/\\\/starlediluminacion.com\\\/producto\\\/fuente-alimentacion-slim-profesional-slim-24v-30w-ecoled-ip20-tuv\\\/#primaryimage\",\"url\":\"https:\\\/\\\/starlediluminacion.com\\\/wp-content\\\/uploads\\\/2022\\\/08\\\/fuente-alimentacion-slim-profesional-24v-30w-ecoled-ip20-tuev-factorled.webp\",\"contentUrl\":\"https:\\\/\\\/starlediluminacion.com\\\/wp-content\\\/uploads\\\/2022\\\/08\\\/fuente-alimentacion-slim-profesional-24v-30w-ecoled-ip20-tuev-factorled.webp\",\"width\":1000,\"height\":1000},{\"@type\":\"BreadcrumbList\",\"@id\":\"https:\\\/\\\/starlediluminacion.com\\\/producto\\\/fuente-alimentacion-slim-profesional-slim-24v-30w-ecoled-ip20-tuv\\\/#breadcrumb\",\"itemListElement\":[{\"@type\":\"ListItem\",\"position\":1,\"name\":\"Portada\",\"item\":\"https:\\\/\\\/starlediluminacion.com\\\/\"},{\"@type\":\"ListItem\",\"position\":2,\"name\":\"Shop\",\"item\":\"https:\\\/\\\/starlediluminacion.com\\\/shop-2\\\/\"},{\"@type\":\"ListItem\",\"position\":3,\"name\":\"Fuente Alimentaci\u00f3n SLIM PROFESIONAL &#8211; SLIM &#8211; 24V 30W &#8211; ECOLED &#8211; IP20 &#8211; T\u00dcV\"}]},{\"@type\":\"WebSite\",\"@id\":\"https:\\\/\\\/starlediluminacion.com\\\/#website\",\"url\":\"https:\\\/\\\/starlediluminacion.com\\\/\",\"name\":\"STARLED Iluminacion\",\"description\":\"\",\"potentialAction\":[{\"@type\":\"SearchAction\",\"target\":{\"@type\":\"EntryPoint\",\"urlTemplate\":\"https:\\\/\\\/starlediluminacion.com\\\/?s={search_term_string}\"},\"query-input\":{\"@type\":\"PropertyValueSpecification\",\"valueRequired\":true,\"valueName\":\"search_term_string\"}}],\"inLanguage\":\"fr-FR\"}]}<\/script>\n<!-- \/ Yoast SEO plugin. -->","yoast_head_json":{"title":"Fuente Alimentaci\u00f3n SLIM PROFESIONAL - SLIM - 24V 30W - ECOLED - IP20 - T\u00dcV - STARLED Iluminacion","robots":{"index":"index","follow":"follow","max-snippet":"max-snippet:-1","max-image-preview":"max-image-preview:large","max-video-preview":"max-video-preview:-1"},"canonical":"https:\/\/starlediluminacion.com\/fr\/product\/fuente-alimentacion-slim-profesional-slim-24v-30w-ecoled-ip20-tuv\/","og_locale":"fr_FR","og_type":"article","og_title":"Fuente Alimentaci\u00f3n SLIM PROFESIONAL - SLIM - 24V 30W - ECOLED - IP20 - T\u00dcV - STARLED Iluminacion","og_description":"\u00a0Entrega en 24\/48 horas \u00a0Garant\u00eda asegurada \u00a0100 unidad(es) por Masterbox","og_url":"https:\/\/starlediluminacion.com\/fr\/product\/fuente-alimentacion-slim-profesional-slim-24v-30w-ecoled-ip20-tuv\/","og_site_name":"STARLED Iluminacion","og_image":[{"width":1000,"height":1000,"url":"https:\/\/starlediluminacion.com\/wp-content\/uploads\/2022\/08\/fuente-alimentacion-slim-profesional-24v-30w-ecoled-ip20-tuev-factorled.webp","type":"image\/webp"}],"twitter_card":"summary_large_image","twitter_misc":{"Dur\u00e9e de lecture estim\u00e9e":"1 minute"},"schema":{"@context":"https:\/\/schema.org","@graph":[{"@type":"WebPage","@id":"https:\/\/starlediluminacion.com\/producto\/fuente-alimentacion-slim-profesional-slim-24v-30w-ecoled-ip20-tuv\/","url":"https:\/\/starlediluminacion.com\/producto\/fuente-alimentacion-slim-profesional-slim-24v-30w-ecoled-ip20-tuv\/","name":"Fuente Alimentaci\u00f3n SLIM PROFESIONAL - SLIM - 24V 30W - ECOLED - IP20 - T\u00dcV - STARLED Iluminacion","isPartOf":{"@id":"https:\/\/starlediluminacion.com\/#website"},"primaryImageOfPage":{"@id":"https:\/\/starlediluminacion.com\/producto\/fuente-alimentacion-slim-profesional-slim-24v-30w-ecoled-ip20-tuv\/#primaryimage"},"image":{"@id":"https:\/\/starlediluminacion.com\/producto\/fuente-alimentacion-slim-profesional-slim-24v-30w-ecoled-ip20-tuv\/#primaryimage"},"thumbnailUrl":"https:\/\/starlediluminacion.com\/wp-content\/uploads\/2022\/08\/fuente-alimentacion-slim-profesional-24v-30w-ecoled-ip20-tuev-factorled.webp","datePublished":"2022-08-11T20:07:06+00:00","breadcrumb":{"@id":"https:\/\/starlediluminacion.com\/producto\/fuente-alimentacion-slim-profesional-slim-24v-30w-ecoled-ip20-tuv\/#breadcrumb"},"inLanguage":"fr-FR","potentialAction":[{"@type":"ReadAction","target":["https:\/\/starlediluminacion.com\/producto\/fuente-alimentacion-slim-profesional-slim-24v-30w-ecoled-ip20-tuv\/"]}]},{"@type":"ImageObject","inLanguage":"fr-FR","@id":"https:\/\/starlediluminacion.com\/producto\/fuente-alimentacion-slim-profesional-slim-24v-30w-ecoled-ip20-tuv\/#primaryimage","url":"https:\/\/starlediluminacion.com\/wp-content\/uploads\/2022\/08\/fuente-alimentacion-slim-profesional-24v-30w-ecoled-ip20-tuev-factorled.webp","contentUrl":"https:\/\/starlediluminacion.com\/wp-content\/uploads\/2022\/08\/fuente-alimentacion-slim-profesional-24v-30w-ecoled-ip20-tuev-factorled.webp","width":1000,"height":1000},{"@type":"BreadcrumbList","@id":"https:\/\/starlediluminacion.com\/producto\/fuente-alimentacion-slim-profesional-slim-24v-30w-ecoled-ip20-tuv\/#breadcrumb","itemListElement":[{"@type":"ListItem","position":1,"name":"Portada","item":"https:\/\/starlediluminacion.com\/"},{"@type":"ListItem","position":2,"name":"Shop","item":"https:\/\/starlediluminacion.com\/shop-2\/"},{"@type":"ListItem","position":3,"name":"Fuente Alimentaci\u00f3n SLIM PROFESIONAL &#8211; SLIM &#8211; 24V 30W &#8211; ECOLED &#8211; IP20 &#8211; T\u00dcV"}]},{"@type":"WebSite","@id":"https:\/\/starlediluminacion.com\/#website","url":"https:\/\/starlediluminacion.com\/","name":"STARLED Iluminacion","description":"","potentialAction":[{"@type":"SearchAction","target":{"@type":"EntryPoint","urlTemplate":"https:\/\/starlediluminacion.com\/?s={search_term_string}"},"query-input":{"@type":"PropertyValueSpecification","valueRequired":true,"valueName":"search_term_string"}}],"inLanguage":"fr-FR"}]}},"_links":{"self":[{"href":"https:\/\/starlediluminacion.com\/fr\/wp-json\/wp\/v3\/product\/5068","targetHints":{"allow":["GET"]}}],"collection":[{"href":"https:\/\/starlediluminacion.com\/fr\/wp-json\/wp\/v3\/product"}],"about":[{"href":"https:\/\/starlediluminacion.com\/fr\/wp-json\/wp\/v2\/types\/product"}],"wp:featuredmedia":[{"embeddable":true,"href":"https:\/\/starlediluminacion.com\/fr\/wp-json\/wp\/v2\/media\/5072"}],"wp:attachment":[{"href":"https:\/\/starlediluminacion.com\/fr\/wp-json\/wp\/v2\/media?parent=5068"}],"wp:term":[{"taxonomy":"product_cat","embeddable":true,"href":"https:\/\/starlediluminacion.com\/fr\/wp-json\/wp\/v2\/product_cat?post=5068"},{"taxonomy":"product_tag","embeddable":true,"href":"https:\/\/starlediluminacion.com\/fr\/wp-json\/wp\/v2\/product_tag?post=5068"}],"curies":[{"name":"wp","href":"https:\/\/api.w.org\/{rel}","templated":true}]}}