{"id":5058,"date":"2022-08-11T19:52:04","date_gmt":"2022-08-11T19:52:04","guid":{"rendered":"https:\/\/starlediluminacion.com\/?post_type=product&#038;p=5058"},"modified":"2022-08-11T19:52:05","modified_gmt":"2022-08-11T19:52:05","slug":"fuente-alimentacion-profesional-24v-200w-ecoled-ip67-tuv","status":"publish","type":"product","link":"https:\/\/starlediluminacion.com\/fr\/product\/alimentation-professionnelle-24v-200w-ecoled-ip67-tuv\/","title":{"rendered":"<p>ALIMENTATION PROFESSIONNELLE 24V 200W - ECOLED - IP67 - T\u00dcV<\/p>"},"content":{"rendered":"<div class=\"product-info-line\">\n<p id=\"product_reference\"><label>R\u00c9F\u00c9RENCE : SL<span style=\"font-size: 16px;\">FAECOLED200W24V<\/span><\/label><\/p>\n<div class=\"hidden-xs parrafo\">\n<p dir=\"ltr\"><strong>Transformateur professionnel&nbsp;<\/strong>de&nbsp;<strong>200W<\/strong>&nbsp;a&nbsp;<strong>24 volts<\/strong>La lampe ECOLED LUZNEGRA, de la prestigieuse marque ECOLED LUZNEGRA, a la capacit\u00e9 de convertir le courant alternatif en courant continu. Elle a \u00e9galement la capacit\u00e9 de convertir le courant alternatif en courant continu.&nbsp;<strong>Certifi\u00e9 par le T\u00dcV. Produit utilisable 24 heures sur 24 et 365 jours par an.&nbsp;<\/strong>&nbsp;<strong>5 ans de garantie.<\/strong><\/p>\n<h1>Alimentation 24V 200W - ECOLED - IP67-T\u00dcV<\/h1>\n<p dir=\"ltr\">Le pr\u00e9sent<strong>&nbsp;l'alimentation \u00e9lectrique<\/strong>&nbsp;ECOLED vous permet de convertir le courant alternatif (CA) du r\u00e9seau en courant continu (CC) du r\u00e9seau.&nbsp;<strong>24 volts.<\/strong>&nbsp;Il a une puissance de&nbsp;<strong>200W<\/strong>.<\/p>\n<p dir=\"ltr\">Son bo\u00eetier en fait un produit r\u00e9sistant aux chocs tout en \u00e9tant l\u00e9ger.<\/p>\n<p dir=\"ltr\">Le produit est prot\u00e9g\u00e9 contre les surcharges et les courts-circuits.<\/p>\n<p dir=\"ltr\">Ce produit poss\u00e8de toutes les&nbsp;<strong>Certificats CE, ROHS et T\u00dcV<\/strong>&nbsp;qui garantit la haute qualit\u00e9 du produit : conforme aux normes europ\u00e9ennes d'\u00e9clairage EN-61347-1-2-13, EN-61547, EN-61000-3-2, EN-62384, EN-55015.<\/p>\n<p>&nbsp;<\/p>\n<h2 dir=\"ltr\">Utilisations de l'alimentation 24V 200W - ECOLED - IP67<\/h2>\n<p dir=\"ltr\">Bien que leurs utilisations soient diverses, elles sont le plus souvent utilis\u00e9es dans l'installation de syst\u00e8mes d'\u00e9clairage constitu\u00e9s de bandes.&nbsp;<strong>LED<\/strong>.<\/p>\n<h3 class=\"page-product-heading\">DONN\u00c9ES TECHNIQUES<\/h3>\n<div class=\"col-xs-12 col-md-6\">\n<table class=\"table table-data-sheet 1\">\n<tbody>\n<tr class=\"odd\">\n<td valign=\"middle\" width=\"32\"><\/td>\n<td valign=\"middle\">REFERENCE :<\/td>\n<td valign=\"middle\">SLFAECOLED200W24V<\/td>\n<\/tr>\n<tr class=\"even\">\n<td valign=\"middle\" width=\"32\"><\/td>\n<td valign=\"middle\">Puissance nominale :<\/td>\n<td valign=\"middle\">200w<\/td>\n<\/tr>\n<tr class=\"odd\">\n<td valign=\"middle\" width=\"32\"><\/td>\n<td valign=\"middle\">Tension nominale :<\/td>\n<td valign=\"middle\">85V-265V<\/td>\n<\/tr>\n<tr class=\"even\">\n<td valign=\"middle\" width=\"32\"><\/td>\n<td valign=\"middle\">Mat\u00e9riaux de construction :<\/td>\n<td valign=\"middle\">Thermoplastique ignifuge<\/td>\n<\/tr>\n<tr class=\"odd\">\n<td valign=\"middle\" width=\"32\"><\/td>\n<td valign=\"middle\">Certificats :<\/td>\n<td valign=\"middle\">CE - ROHS<\/td>\n<\/tr>\n<tr class=\"even\">\n<td valign=\"middle\" width=\"32\"><\/td>\n<td valign=\"middle\">Indice de protection IP :<\/td>\n<td valign=\"middle\">IP67-Ext\u00e9rieur<\/td>\n<\/tr>\n<tr class=\"odd\">\n<td valign=\"middle\" width=\"32\"><\/td>\n<td valign=\"middle\">Dur\u00e9e de vie estim\u00e9e de la diode LED (H) :<\/td>\n<td valign=\"middle\">50.000<\/td>\n<\/tr>\n<tr class=\"even\">\n<td valign=\"middle\" width=\"32\"><\/td>\n<td valign=\"middle\">Dimensions (mm) :<\/td>\n<td valign=\"middle\">230x90x43mm<\/td>\n<\/tr>\n<\/tbody>\n<\/table>\n<\/div>\n<div class=\"col-xs-12 col-md-6 2\">\n<table class=\"table table-data-sheet 2\">\n<tbody>\n<tr class=\"odd\">\n<td valign=\"middle\" width=\"32\"><\/td>\n<td valign=\"middle\">Facteur de puissance (PF) :<\/td>\n<td valign=\"middle\">0,95<\/td>\n<\/tr>\n<tr class=\"even\">\n<td valign=\"middle\" width=\"32\"><\/td>\n<td valign=\"middle\">Fr\u00e9quence de travail (Hz) :<\/td>\n<td valign=\"middle\">50\/60Hz<\/td>\n<\/tr>\n<tr class=\"odd\">\n<td valign=\"middle\" width=\"32\"><\/td>\n<td valign=\"middle\">Plage de temp\u00e9rature (\u00baC) :<\/td>\n<td valign=\"middle\">-20\u00b0C ~ +55\u00b0C<\/td>\n<\/tr>\n<tr class=\"even\">\n<td valign=\"middle\" width=\"32\"><\/td>\n<td valign=\"middle\">Cycles d'allumage :<\/td>\n<td valign=\"middle\">100.000<\/td>\n<\/tr>\n<tr class=\"odd\">\n<td valign=\"middle\" width=\"32\"><\/td>\n<td valign=\"middle\">Temps de d\u00e9marrage (s) :<\/td>\n<td valign=\"middle\">0,2s<\/td>\n<\/tr>\n<tr class=\"even\">\n<td valign=\"middle\" width=\"32\"><\/td>\n<td valign=\"middle\">Classe \u00e9nerg\u00e9tique (2021-EU-2019\/2015) :<\/td>\n<td valign=\"middle\">A++<\/td>\n<\/tr>\n<tr class=\"odd\">\n<td valign=\"middle\" width=\"32\"><\/td>\n<td valign=\"middle\">Ann\u00e9es de garantie :<\/td>\n<td valign=\"middle\">5<\/td>\n<\/tr>\n<\/tbody>\n<\/table>\n<\/div>\n<\/div>\n<\/div>","protected":false},"excerpt":{"rendered":"<div class=\"col-md-12\"><i class=\"fa fa-truck\"><\/i>&nbsp;<span class=\"text-muted textprop\">Livraison dans les 24\/48 heures<\/span><div class=\"col-md-12\"><i class=\"fa fa-exchange\"><\/i>&nbsp;<span class=\"text-muted textprop\">Garantie assur\u00e9e<\/span><\/div><div class=\"col-md-12\"><i class=\"fa fa-box\"><\/i>&nbsp;<span class=\"text-muted textprop\">12 unit\u00e9(s) par bo\u00eete \u00e0 outils<\/span><\/div><div class=\"col-md-12 certificados\"><\/div><\/div>","protected":false},"featured_media":5064,"template":"","meta":{"site-sidebar-layout":"default","site-content-layout":"default","ast-global-header-display":"","ast-main-header-display":"","ast-hfb-above-header-display":"","ast-hfb-below-header-display":"","ast-hfb-mobile-header-display":"","site-post-title":"","ast-breadcrumbs-content":"","ast-featured-img":"","footer-sml-layout":"","theme-transparent-header-meta":"default","adv-header-id-meta":"","stick-header-meta":"","header-above-stick-meta":"","header-main-stick-meta":"","header-below-stick-meta":""},"product_cat":[74,35],"product_tag":[],"class_list":["post-5058","product","type-product","status-publish","has-post-thumbnail","hentry","product_cat-fuentes-24v","product_cat-fuentes-de-alimentacion-y-driver"],"_links":{"self":[{"href":"https:\/\/starlediluminacion.com\/fr\/wp-json\/wp\/v3\/product\/5058","targetHints":{"allow":["GET"]}}],"collection":[{"href":"https:\/\/starlediluminacion.com\/fr\/wp-json\/wp\/v3\/product"}],"about":[{"href":"https:\/\/starlediluminacion.com\/fr\/wp-json\/wp\/v2\/types\/product"}],"wp:featuredmedia":[{"embeddable":true,"href":"https:\/\/starlediluminacion.com\/fr\/wp-json\/wp\/v2\/media\/5064"}],"wp:attachment":[{"href":"https:\/\/starlediluminacion.com\/fr\/wp-json\/wp\/v2\/media?parent=5058"}],"wp:term":[{"taxonomy":"product_cat","embeddable":true,"href":"https:\/\/starlediluminacion.com\/fr\/wp-json\/wp\/v2\/product_cat?post=5058"},{"taxonomy":"product_tag","embeddable":true,"href":"https:\/\/starlediluminacion.com\/fr\/wp-json\/wp\/v2\/product_tag?post=5058"}],"curies":[{"name":"wp","href":"https:\/\/api.w.org\/{rel}","templated":true}]}}