{"id":4942,"date":"2022-08-11T18:04:49","date_gmt":"2022-08-11T18:04:49","guid":{"rendered":"https:\/\/starlediluminacion.com\/?post_type=product&#038;p=4942"},"modified":"2022-08-11T18:04:49","modified_gmt":"2022-08-11T18:04:49","slug":"fuente-alimentacion-12v-200w-16-6a-aluminio-ip67","status":"publish","type":"product","link":"https:\/\/starlediluminacion.com\/fr\/product\/fuente-alimentacion-12v-200w-16-6a-aluminio-ip67\/","title":{"rendered":"<p>Alimentation 12V 200W 16.6A - Aluminium IP67<\/p>"},"content":{"rendered":"<p>REFERENCIA: SL9116<div class=\"hidden-xs parrafo\">\n<p><strong>Transformateur<\/strong>&nbsp;de&nbsp;<strong>200W<\/strong>&nbsp;a&nbsp;<strong>12 voltios,<\/strong>&nbsp;con la capacidad de convertir la corriente alterna en corriente continua. Su&nbsp;<strong>IP67<\/strong>&nbsp;le rend id\u00e9al pour les espaces&nbsp;<b>\u00e0 l'ext\u00e9rieur<\/b>.<\/p>\n<h2>Fuente Alimentaci&oacute;n 12V 200W&nbsp; 16.6A &ndash; Aluminio IP67<\/h2>\n<p dir=\"ltr\">Le pr\u00e9sent&nbsp;<strong>l'alimentation \u00e9lectrique<\/strong>&nbsp;permet de convertir le courant alternatif provenant du r\u00e9seau en courant continu provenant du r\u00e9seau.&nbsp;<strong>12 voltio<\/strong>s. Cuenta con una potencia de&nbsp;<strong>200W<\/strong>.<\/p>\n<p dir=\"ltr\">Il a une sortie de courant de&nbsp;<strong>16.6 amperios.<\/strong><\/p>\n<p dir=\"ltr\">Son bo\u00eetier est en&nbsp;<strong>aluminium<\/strong>&nbsp;en fait un produit \u00e0 la fois r\u00e9sistant aux chocs et l\u00e9ger.<\/p>\n<p dir=\"ltr\">Ce produit poss\u00e8de les caract\u00e9ristiques suivantes&nbsp;<strong>Certifi\u00e9 CE et ROHS<\/strong>&nbsp;ce qui garantit la qualit\u00e9 du produit.<\/p>\n<p>&nbsp;<\/p>\n<h2 dir=\"ltr\">Usos de la fuente de Alimentaci&oacute;n 12V 200W -16.6A- Aluminio IP67<\/h2>\n<p dir=\"ltr\">Bien que leurs utilisations soient diverses, elles sont le plus souvent utilis\u00e9es dans l'installation de syst\u00e8mes d'\u00e9clairage constitu\u00e9s de bandes.&nbsp;<strong>LED<\/strong>.<\/p>\n<h3 class=\"page-product-heading\">DONN\u00c9ES TECHNIQUES<\/h3>\n<div class=\"col-xs-12 col-md-6\">\n<table class=\"table table-data-sheet 1\">\n<tbody>\n<tr class=\"odd\">\n<td valign=\"middle\" width=\"32\"><\/td>\n<td valign=\"middle\">REFERENCE :<\/td>\n<td valign=\"middle\">SL9116<\/td>\n<\/tr>\n<tr class=\"even\">\n<td valign=\"middle\" width=\"32\"><\/td>\n<td valign=\"middle\">Puissance nominale :<\/td>\n<td valign=\"middle\">200w<\/td>\n<\/tr>\n<tr class=\"odd\">\n<td valign=\"middle\" width=\"32\"><\/td>\n<td valign=\"middle\">Tension nominale :<\/td>\n<td valign=\"middle\">85V-265V<\/td>\n<\/tr>\n<tr class=\"even\">\n<td valign=\"middle\" width=\"32\"><\/td>\n<td valign=\"middle\">Mat\u00e9riaux de construction :<\/td>\n<td valign=\"middle\">Aluminium<\/td>\n<\/tr>\n<tr class=\"odd\">\n<td valign=\"middle\" width=\"32\"><\/td>\n<td valign=\"middle\">Certificats :<\/td>\n<td valign=\"middle\">CE - ROHS<\/td>\n<\/tr>\n<tr class=\"even\">\n<td valign=\"middle\" width=\"32\"><\/td>\n<td valign=\"middle\">Indice de protection IP :<\/td>\n<td valign=\"middle\">IP67-Ext\u00e9rieur<\/td>\n<\/tr>\n<tr class=\"odd\">\n<td valign=\"middle\" width=\"32\"><\/td>\n<td valign=\"middle\">Dur\u00e9e de vie estim\u00e9e de la diode LED (H) :<\/td>\n<td valign=\"middle\">30.000<\/td>\n<\/tr>\n<\/tbody>\n<\/table>\n<\/div>\n<div class=\"col-xs-12 col-md-6 2\">\n<table class=\"table table-data-sheet 2\">\n<tbody>\n<tr class=\"odd\">\n<td valign=\"middle\" width=\"32\"><\/td>\n<td valign=\"middle\">Dimensions (mm) :<\/td>\n<td valign=\"middle\">275x135x56 mm<\/td>\n<\/tr>\n<tr class=\"even\">\n<td valign=\"middle\" width=\"32\"><\/td>\n<td valign=\"middle\">Fr\u00e9quence de travail (Hz) :<\/td>\n<td valign=\"middle\">50\/60Hz<\/td>\n<\/tr>\n<tr class=\"odd\">\n<td valign=\"middle\" width=\"32\"><\/td>\n<td valign=\"middle\">Plage de temp\u00e9rature (\u00baC) :<\/td>\n<td valign=\"middle\">-20\u00b0C ~ +55\u00b0C<\/td>\n<\/tr>\n<tr class=\"even\">\n<td valign=\"middle\" width=\"32\"><\/td>\n<td valign=\"middle\">Cycles d'allumage :<\/td>\n<td valign=\"middle\">100.000<\/td>\n<\/tr>\n<tr class=\"odd\">\n<td valign=\"middle\" width=\"32\"><\/td>\n<td valign=\"middle\">Classe \u00e9nerg\u00e9tique (2021-EU-2019\/2015) :<\/td>\n<td valign=\"middle\">A<\/td>\n<\/tr>\n<tr class=\"even\">\n<td valign=\"middle\" width=\"32\"><\/td>\n<td valign=\"middle\">Ann\u00e9es de garantie :<\/td>\n<td valign=\"middle\">2<\/td>\n<\/tr>\n<\/tbody>\n<\/table>\n<\/div>\n<\/div><\/p>","protected":false},"excerpt":{"rendered":"<div class=\"col-md-12\"><i class=\"fa fa-truck\"><\/i>&nbsp;<span class=\"text-muted textprop\">Livraison dans les 24\/48 heures<\/span><div class=\"col-md-12\"><i class=\"fa fa-exchange\"><\/i>&nbsp;<span class=\"text-muted textprop\">Garantie assur\u00e9e<\/span><\/div><div class=\"col-md-12\"><i class=\"fa fa-box\"><\/i>&nbsp;<span class=\"text-muted textprop\">1 unit\u00e9(s) par bo\u00eete \u00e0 outils<\/span><\/div><div class=\"col-md-12 certificados\"><\/div><\/div>","protected":false},"featured_media":4946,"template":"","meta":{"site-sidebar-layout":"default","site-content-layout":"default","ast-global-header-display":"","ast-main-header-display":"","ast-hfb-above-header-display":"","ast-hfb-below-header-display":"","ast-hfb-mobile-header-display":"","site-post-title":"","ast-breadcrumbs-content":"","ast-featured-img":"","footer-sml-layout":"","theme-transparent-header-meta":"default","adv-header-id-meta":"","stick-header-meta":"","header-above-stick-meta":"","header-main-stick-meta":"","header-below-stick-meta":""},"product_cat":[73,35],"product_tag":[],"class_list":["post-4942","product","type-product","status-publish","has-post-thumbnail","hentry","product_cat-fuentes-12v","product_cat-fuentes-de-alimentacion-y-driver"],"yoast_head":"<!-- This site is optimized with the Yoast SEO plugin v27.4 - https:\/\/yoast.com\/product\/yoast-seo-wordpress\/ -->\n<title>Fuente Alimentaci\u00f3n 12V 200W 16.6A - Aluminio IP67 - STARLED Iluminacion<\/title>\n<meta name=\"robots\" content=\"index, follow, max-snippet:-1, max-image-preview:large, max-video-preview:-1\" \/>\n<link rel=\"canonical\" href=\"https:\/\/starlediluminacion.com\/fr\/product\/fuente-alimentacion-12v-200w-16-6a-aluminio-ip67\/\" \/>\n<meta property=\"og:locale\" content=\"fr_FR\" \/>\n<meta property=\"og:type\" content=\"article\" \/>\n<meta property=\"og:title\" content=\"Fuente Alimentaci\u00f3n 12V 200W 16.6A - Aluminio IP67 - STARLED Iluminacion\" \/>\n<meta property=\"og:description\" content=\"\u00a0Entrega en 24\/48 horas \u00a0Garant\u00eda asegurada \u00a01 unidad(es) por Masterbox\" \/>\n<meta property=\"og:url\" content=\"https:\/\/starlediluminacion.com\/fr\/product\/fuente-alimentacion-12v-200w-16-6a-aluminio-ip67\/\" \/>\n<meta property=\"og:site_name\" content=\"STARLED Iluminacion\" \/>\n<meta property=\"og:image\" content=\"https:\/\/starlediluminacion.com\/wp-content\/uploads\/2022\/08\/fuente-alimentacion-5v-200w-gxtronic-factorled-1-1.jpg\" \/>\n\t<meta property=\"og:image:width\" content=\"1000\" \/>\n\t<meta property=\"og:image:height\" content=\"1000\" \/>\n\t<meta property=\"og:image:type\" content=\"image\/jpeg\" \/>\n<meta name=\"twitter:card\" content=\"summary_large_image\" \/>\n<meta name=\"twitter:label1\" content=\"Dur\u00e9e de lecture estim\u00e9e\" \/>\n\t<meta name=\"twitter:data1\" content=\"1 minute\" \/>\n<script type=\"application\/ld+json\" class=\"yoast-schema-graph\">{\"@context\":\"https:\\\/\\\/schema.org\",\"@graph\":[{\"@type\":\"WebPage\",\"@id\":\"https:\\\/\\\/starlediluminacion.com\\\/producto\\\/fuente-alimentacion-12v-200w-16-6a-aluminio-ip67\\\/\",\"url\":\"https:\\\/\\\/starlediluminacion.com\\\/producto\\\/fuente-alimentacion-12v-200w-16-6a-aluminio-ip67\\\/\",\"name\":\"Fuente Alimentaci\u00f3n 12V 200W 16.6A - Aluminio IP67 - STARLED Iluminacion\",\"isPartOf\":{\"@id\":\"https:\\\/\\\/starlediluminacion.com\\\/#website\"},\"primaryImageOfPage\":{\"@id\":\"https:\\\/\\\/starlediluminacion.com\\\/producto\\\/fuente-alimentacion-12v-200w-16-6a-aluminio-ip67\\\/#primaryimage\"},\"image\":{\"@id\":\"https:\\\/\\\/starlediluminacion.com\\\/producto\\\/fuente-alimentacion-12v-200w-16-6a-aluminio-ip67\\\/#primaryimage\"},\"thumbnailUrl\":\"https:\\\/\\\/starlediluminacion.com\\\/wp-content\\\/uploads\\\/2022\\\/08\\\/fuente-alimentacion-5v-200w-gxtronic-factorled-1-1.jpg\",\"datePublished\":\"2022-08-11T18:04:49+00:00\",\"breadcrumb\":{\"@id\":\"https:\\\/\\\/starlediluminacion.com\\\/producto\\\/fuente-alimentacion-12v-200w-16-6a-aluminio-ip67\\\/#breadcrumb\"},\"inLanguage\":\"fr-FR\",\"potentialAction\":[{\"@type\":\"ReadAction\",\"target\":[\"https:\\\/\\\/starlediluminacion.com\\\/producto\\\/fuente-alimentacion-12v-200w-16-6a-aluminio-ip67\\\/\"]}]},{\"@type\":\"ImageObject\",\"inLanguage\":\"fr-FR\",\"@id\":\"https:\\\/\\\/starlediluminacion.com\\\/producto\\\/fuente-alimentacion-12v-200w-16-6a-aluminio-ip67\\\/#primaryimage\",\"url\":\"https:\\\/\\\/starlediluminacion.com\\\/wp-content\\\/uploads\\\/2022\\\/08\\\/fuente-alimentacion-5v-200w-gxtronic-factorled-1-1.jpg\",\"contentUrl\":\"https:\\\/\\\/starlediluminacion.com\\\/wp-content\\\/uploads\\\/2022\\\/08\\\/fuente-alimentacion-5v-200w-gxtronic-factorled-1-1.jpg\",\"width\":1000,\"height\":1000},{\"@type\":\"BreadcrumbList\",\"@id\":\"https:\\\/\\\/starlediluminacion.com\\\/producto\\\/fuente-alimentacion-12v-200w-16-6a-aluminio-ip67\\\/#breadcrumb\",\"itemListElement\":[{\"@type\":\"ListItem\",\"position\":1,\"name\":\"Portada\",\"item\":\"https:\\\/\\\/starlediluminacion.com\\\/\"},{\"@type\":\"ListItem\",\"position\":2,\"name\":\"Shop\",\"item\":\"https:\\\/\\\/starlediluminacion.com\\\/shop-2\\\/\"},{\"@type\":\"ListItem\",\"position\":3,\"name\":\"Fuente Alimentaci\u00f3n 12V 200W 16.6A &#8211; Aluminio IP67\"}]},{\"@type\":\"WebSite\",\"@id\":\"https:\\\/\\\/starlediluminacion.com\\\/#website\",\"url\":\"https:\\\/\\\/starlediluminacion.com\\\/\",\"name\":\"STARLED Iluminacion\",\"description\":\"\",\"potentialAction\":[{\"@type\":\"SearchAction\",\"target\":{\"@type\":\"EntryPoint\",\"urlTemplate\":\"https:\\\/\\\/starlediluminacion.com\\\/?s={search_term_string}\"},\"query-input\":{\"@type\":\"PropertyValueSpecification\",\"valueRequired\":true,\"valueName\":\"search_term_string\"}}],\"inLanguage\":\"fr-FR\"}]}<\/script>\n<!-- \/ Yoast SEO plugin. -->","yoast_head_json":{"title":"Fuente Alimentaci\u00f3n 12V 200W 16.6A - Aluminio IP67 - STARLED Iluminacion","robots":{"index":"index","follow":"follow","max-snippet":"max-snippet:-1","max-image-preview":"max-image-preview:large","max-video-preview":"max-video-preview:-1"},"canonical":"https:\/\/starlediluminacion.com\/fr\/product\/fuente-alimentacion-12v-200w-16-6a-aluminio-ip67\/","og_locale":"fr_FR","og_type":"article","og_title":"Fuente Alimentaci\u00f3n 12V 200W 16.6A - Aluminio IP67 - STARLED Iluminacion","og_description":"\u00a0Entrega en 24\/48 horas \u00a0Garant\u00eda asegurada \u00a01 unidad(es) por Masterbox","og_url":"https:\/\/starlediluminacion.com\/fr\/product\/fuente-alimentacion-12v-200w-16-6a-aluminio-ip67\/","og_site_name":"STARLED Iluminacion","og_image":[{"width":1000,"height":1000,"url":"https:\/\/starlediluminacion.com\/wp-content\/uploads\/2022\/08\/fuente-alimentacion-5v-200w-gxtronic-factorled-1-1.jpg","type":"image\/jpeg"}],"twitter_card":"summary_large_image","twitter_misc":{"Dur\u00e9e de lecture estim\u00e9e":"1 minute"},"schema":{"@context":"https:\/\/schema.org","@graph":[{"@type":"WebPage","@id":"https:\/\/starlediluminacion.com\/producto\/fuente-alimentacion-12v-200w-16-6a-aluminio-ip67\/","url":"https:\/\/starlediluminacion.com\/producto\/fuente-alimentacion-12v-200w-16-6a-aluminio-ip67\/","name":"Fuente Alimentaci\u00f3n 12V 200W 16.6A - Aluminio IP67 - STARLED Iluminacion","isPartOf":{"@id":"https:\/\/starlediluminacion.com\/#website"},"primaryImageOfPage":{"@id":"https:\/\/starlediluminacion.com\/producto\/fuente-alimentacion-12v-200w-16-6a-aluminio-ip67\/#primaryimage"},"image":{"@id":"https:\/\/starlediluminacion.com\/producto\/fuente-alimentacion-12v-200w-16-6a-aluminio-ip67\/#primaryimage"},"thumbnailUrl":"https:\/\/starlediluminacion.com\/wp-content\/uploads\/2022\/08\/fuente-alimentacion-5v-200w-gxtronic-factorled-1-1.jpg","datePublished":"2022-08-11T18:04:49+00:00","breadcrumb":{"@id":"https:\/\/starlediluminacion.com\/producto\/fuente-alimentacion-12v-200w-16-6a-aluminio-ip67\/#breadcrumb"},"inLanguage":"fr-FR","potentialAction":[{"@type":"ReadAction","target":["https:\/\/starlediluminacion.com\/producto\/fuente-alimentacion-12v-200w-16-6a-aluminio-ip67\/"]}]},{"@type":"ImageObject","inLanguage":"fr-FR","@id":"https:\/\/starlediluminacion.com\/producto\/fuente-alimentacion-12v-200w-16-6a-aluminio-ip67\/#primaryimage","url":"https:\/\/starlediluminacion.com\/wp-content\/uploads\/2022\/08\/fuente-alimentacion-5v-200w-gxtronic-factorled-1-1.jpg","contentUrl":"https:\/\/starlediluminacion.com\/wp-content\/uploads\/2022\/08\/fuente-alimentacion-5v-200w-gxtronic-factorled-1-1.jpg","width":1000,"height":1000},{"@type":"BreadcrumbList","@id":"https:\/\/starlediluminacion.com\/producto\/fuente-alimentacion-12v-200w-16-6a-aluminio-ip67\/#breadcrumb","itemListElement":[{"@type":"ListItem","position":1,"name":"Portada","item":"https:\/\/starlediluminacion.com\/"},{"@type":"ListItem","position":2,"name":"Shop","item":"https:\/\/starlediluminacion.com\/shop-2\/"},{"@type":"ListItem","position":3,"name":"Fuente Alimentaci\u00f3n 12V 200W 16.6A &#8211; Aluminio IP67"}]},{"@type":"WebSite","@id":"https:\/\/starlediluminacion.com\/#website","url":"https:\/\/starlediluminacion.com\/","name":"STARLED Iluminacion","description":"","potentialAction":[{"@type":"SearchAction","target":{"@type":"EntryPoint","urlTemplate":"https:\/\/starlediluminacion.com\/?s={search_term_string}"},"query-input":{"@type":"PropertyValueSpecification","valueRequired":true,"valueName":"search_term_string"}}],"inLanguage":"fr-FR"}]}},"_links":{"self":[{"href":"https:\/\/starlediluminacion.com\/fr\/wp-json\/wp\/v3\/product\/4942","targetHints":{"allow":["GET"]}}],"collection":[{"href":"https:\/\/starlediluminacion.com\/fr\/wp-json\/wp\/v3\/product"}],"about":[{"href":"https:\/\/starlediluminacion.com\/fr\/wp-json\/wp\/v2\/types\/product"}],"wp:featuredmedia":[{"embeddable":true,"href":"https:\/\/starlediluminacion.com\/fr\/wp-json\/wp\/v2\/media\/4946"}],"wp:attachment":[{"href":"https:\/\/starlediluminacion.com\/fr\/wp-json\/wp\/v2\/media?parent=4942"}],"wp:term":[{"taxonomy":"product_cat","embeddable":true,"href":"https:\/\/starlediluminacion.com\/fr\/wp-json\/wp\/v2\/product_cat?post=4942"},{"taxonomy":"product_tag","embeddable":true,"href":"https:\/\/starlediluminacion.com\/fr\/wp-json\/wp\/v2\/product_tag?post=4942"}],"curies":[{"name":"wp","href":"https:\/\/api.w.org\/{rel}","templated":true}]}}