{"id":4893,"date":"2022-08-11T13:55:50","date_gmt":"2022-08-11T13:55:50","guid":{"rendered":"https:\/\/starlediluminacion.com\/?post_type=product&#038;p=4893"},"modified":"2022-08-11T13:55:50","modified_gmt":"2022-08-11T13:55:50","slug":"foco-led-par-54w-austin-rgbw-dmx","status":"publish","type":"product","link":"https:\/\/starlediluminacion.com\/fr\/product\/spot-light-led-par-54w-austin-rgbw-dmx\/","title":{"rendered":"<p>Spot LED PAR 54W AUSTIN RGBW DMX<\/p>"},"content":{"rendered":"<p>R\u00c9F\u00c9RENCE : SL7919<div class=\"hidden-xs parrafo\">\n<p><strong>AUSTIN PROFESSIONAL Projecteur LED 54W&nbsp;<\/strong><strong>RGBW<\/strong>&nbsp;pour les spectacles qui peuvent \u00eatre actionn\u00e9s manuellement, automatiquement ou par&nbsp;<strong>DMX<\/strong>&nbsp;synchronis\u00e9e avec la musique. Le luminaire utilise 54 diodes \u00e0 haute luminosit\u00e9 de 1W avec la technologie LED, d'une puissance de&nbsp;<strong>54W<\/strong>. Entr\u00e9es et sorties XLR \u00e0 3 broches.<\/p>\n<\/div><div id=\"views_block\" class=\"clearfix\">\n<div id=\"thumbs_list\">\n<h1><strong>Spot LED PAR 54W AUSTIN RGBW DMX<\/strong><\/h1>\n<p>Les&nbsp;<strong>Projecteur<\/strong>Le projecteur LED PAR 54W AUSTIN RGBW DMX a un design plat avec un bo\u00eetier ABS de haute qualit\u00e9, robuste et compact.<\/p>\n<p>Il dispose d'entr\u00e9es et de sorties XLR \u00e0 3 broches pour le signal&nbsp;<strong>DMX<\/strong>.<\/p>\n<p>Les&nbsp;<strong>Focus<\/strong>&nbsp;Le spot LED AUSTIN RGBW DMX 54W PAR 54W est \u00e9quip\u00e9 d'un support en aluminium multifonctionnel qui offre une grande vari\u00e9t\u00e9 d'options de montage.<\/p>\n<p>Les 54 LED 1W \u00e0 haute luminosit\u00e9 permettent une large gamme de couleurs RGBW.<\/p>\n<p>&nbsp;<\/p>\n<p>Avec un&nbsp;<strong>angle<\/strong>&nbsp;projection de&nbsp;<strong>24\u00b0<\/strong>&nbsp;et un niveau d'\u00e9clairage \u00e9lev\u00e9 de 28 000 lux.<\/p>\n<p>Le DALLAS PRO 300W offre 2 modes DMX avec de nombreuses fonctions et programmes int\u00e9gr\u00e9s, et dispose \u00e9galement d'un microphone int\u00e9gr\u00e9 pour l'activation du son. Il fonctionne en mode ma\u00eetre, esclave et autonome au rythme de la musique et l'\u00e9cran \u00e9clair\u00e9 facilite le r\u00e9glage des param\u00e8tres \u00e0 l'aide des 4 boutons. Il est c\u00e2bl\u00e9 de mani\u00e8re professionnelle avec une entr\u00e9e et une sortie DMX via XLR 3 broches.<\/p>\n<p>Caract\u00e9ristiques :<\/p>\n<ul>\n<li>54 LED de 1W : 54W<\/li>\n<li>Angle : 24<\/li>\n<li>Entr\u00e9e DMX : XLR m\u00e2le \u00e0 3 broches<\/li>\n<li>Sortie DMX : XLR femelle \u00e0 3 broches<\/li>\n<li>Mode DMX : 8 canaux<\/li>\n<li>Fonctions : DMX512, ma\u00eetre-esclave, rythme musical.<\/li>\n<li>Indication : \u00e9cran r\u00e9tro\u00e9clair\u00e9<\/li>\n<\/ul>\n<p>&nbsp;<\/p>\n<h2>Utilisations du spot LED PAR 54W AUSTIN RGBW DMX<\/h2>\n<ul>\n<li>Bo\u00eetes de nuit<\/li>\n<li>Foires<\/li>\n<li>D\u00e9bits de boissons<\/li>\n<li>Salles de bal<\/li>\n<li>Sc\u00e9narios<\/li>\n<li>Ev\u00e9nements<\/li>\n<\/ul>\n<h3 class=\"page-product-heading\">DONN\u00c9ES TECHNIQUES<\/h3>\n<div class=\"col-xs-12 col-md-6\">\n<table class=\"table table-data-sheet 1\">\n<tbody>\n<tr class=\"odd\">\n<td valign=\"middle\" width=\"32\"><\/td>\n<td valign=\"middle\">REFERENCE :<\/td>\n<td valign=\"middle\">SL7919<\/td>\n<\/tr>\n<tr class=\"even\">\n<td valign=\"middle\" width=\"32\"><\/td>\n<td valign=\"middle\">Puissance nominale :<\/td>\n<td valign=\"middle\">80W<\/td>\n<\/tr>\n<tr class=\"odd\">\n<td valign=\"middle\" width=\"32\"><\/td>\n<td valign=\"middle\">Tension nominale :<\/td>\n<td valign=\"middle\">85V-265V<\/td>\n<\/tr>\n<tr class=\"even\">\n<td valign=\"middle\" width=\"32\"><\/td>\n<td valign=\"middle\">Temp\u00e9rature de la lumi\u00e8re :<\/td>\n<td valign=\"middle\">RGBW<\/td>\n<\/tr>\n<tr class=\"odd\">\n<td valign=\"middle\" width=\"32\"><\/td>\n<td valign=\"middle\">Mat\u00e9riaux de construction :<\/td>\n<td valign=\"middle\">ABS<\/td>\n<\/tr>\n<tr class=\"even\">\n<td valign=\"middle\" width=\"32\"><\/td>\n<td valign=\"middle\">Luminosit\u00e9-Lm :<\/td>\n<td valign=\"middle\">5000<\/td>\n<\/tr>\n<tr class=\"odd\">\n<td valign=\"middle\" width=\"32\"><\/td>\n<td valign=\"middle\">Type de DEL :<\/td>\n<td valign=\"middle\">54x1w LED RGBW<\/td>\n<\/tr>\n<tr class=\"even\">\n<td valign=\"middle\" width=\"32\"><\/td>\n<td valign=\"middle\">Angle d'ouverture (\u00ba) :<\/td>\n<td valign=\"middle\">24\u00ba<\/td>\n<\/tr>\n<tr class=\"odd\">\n<td valign=\"middle\" width=\"32\"><\/td>\n<td valign=\"middle\">Certificats :<\/td>\n<td valign=\"middle\">CE - ROHS<\/td>\n<\/tr>\n<tr class=\"even\">\n<td valign=\"middle\" width=\"32\"><\/td>\n<td valign=\"middle\">Indice de protection IP :<\/td>\n<td valign=\"middle\">IP20<\/td>\n<\/tr>\n<\/tbody>\n<\/table>\n<\/div>\n<div class=\"col-xs-12 col-md-6 2\">\n<table class=\"table table-data-sheet 2\">\n<tbody>\n<tr class=\"odd\">\n<td valign=\"middle\" width=\"32\"><\/td>\n<td valign=\"middle\">Dur\u00e9e de vie estim\u00e9e de la diode LED (H) :<\/td>\n<td valign=\"middle\">50.000<\/td>\n<\/tr>\n<tr class=\"even\">\n<td valign=\"middle\" width=\"32\"><\/td>\n<td valign=\"middle\">Dimensions (mm) :<\/td>\n<td valign=\"middle\">220x245x65mm<\/td>\n<\/tr>\n<tr class=\"odd\">\n<td valign=\"middle\" width=\"32\"><\/td>\n<td valign=\"middle\">Fr\u00e9quence de travail (Hz) :<\/td>\n<td valign=\"middle\">50\/60Hz<\/td>\n<\/tr>\n<tr class=\"even\">\n<td valign=\"middle\" width=\"32\"><\/td>\n<td valign=\"middle\">Plage de temp\u00e9rature (\u00baC) :<\/td>\n<td valign=\"middle\">-20\u00b0C ~ +55\u00b0C<\/td>\n<\/tr>\n<tr class=\"odd\">\n<td valign=\"middle\" width=\"32\"><\/td>\n<td valign=\"middle\">Cycles d'allumage :<\/td>\n<td valign=\"middle\">100.000<\/td>\n<\/tr>\n<tr class=\"even\">\n<td valign=\"middle\" width=\"32\"><\/td>\n<td valign=\"middle\">Temps de d\u00e9marrage (s) :<\/td>\n<td valign=\"middle\">0,2s<\/td>\n<\/tr>\n<tr class=\"odd\">\n<td valign=\"middle\" width=\"32\"><\/td>\n<td valign=\"middle\">Modes de contr\u00f4le :<\/td>\n<td valign=\"middle\">DMX : XLR 3 broches<\/td>\n<\/tr>\n<tr class=\"even\">\n<td valign=\"middle\" width=\"32\"><\/td>\n<td valign=\"middle\">Classe \u00e9nerg\u00e9tique (2021-EU-2019\/2015) :<\/td>\n<td valign=\"middle\">A++<\/td>\n<\/tr>\n<tr class=\"odd\">\n<td valign=\"middle\" width=\"32\"><\/td>\n<td valign=\"middle\">Ann\u00e9es de garantie :<\/td>\n<td valign=\"middle\">2<\/td>\n<\/tr>\n<\/tbody>\n<\/table>\n<\/div>\n<\/div>\n<\/div><\/p>","protected":false},"excerpt":{"rendered":"<div class=\"col-md-12\"><i class=\"fa fa-truck\"><\/i>&nbsp;<span class=\"text-muted textprop\">Livraison dans les 24\/48 heures<\/span><div class=\"col-md-12\"><i class=\"fa fa-exchange\"><\/i>&nbsp;<span class=\"text-muted textprop\">Garantie assur\u00e9e<\/span><\/div><div class=\"col-md-12\"><i class=\"fa fa-box\"><\/i>&nbsp;<span class=\"text-muted textprop\">12 unit\u00e9(s) par bo\u00eete \u00e0 outils<\/span><\/div><\/div>","protected":false},"featured_media":4898,"template":"","meta":{"site-sidebar-layout":"default","site-content-layout":"default","ast-global-header-display":"","ast-main-header-display":"","ast-hfb-above-header-display":"","ast-hfb-below-header-display":"","ast-hfb-mobile-header-display":"","site-post-title":"","ast-breadcrumbs-content":"","ast-featured-img":"","footer-sml-layout":"","theme-transparent-header-meta":"default","adv-header-id-meta":"","stick-header-meta":"","header-above-stick-meta":"","header-main-stick-meta":"","header-below-stick-meta":""},"product_cat":[34],"product_tag":[],"class_list":["post-4893","product","type-product","status-publish","has-post-thumbnail","hentry","product_cat-iluminacion-espectaculos-led"],"_links":{"self":[{"href":"https:\/\/starlediluminacion.com\/fr\/wp-json\/wp\/v3\/product\/4893","targetHints":{"allow":["GET"]}}],"collection":[{"href":"https:\/\/starlediluminacion.com\/fr\/wp-json\/wp\/v3\/product"}],"about":[{"href":"https:\/\/starlediluminacion.com\/fr\/wp-json\/wp\/v2\/types\/product"}],"wp:featuredmedia":[{"embeddable":true,"href":"https:\/\/starlediluminacion.com\/fr\/wp-json\/wp\/v2\/media\/4898"}],"wp:attachment":[{"href":"https:\/\/starlediluminacion.com\/fr\/wp-json\/wp\/v2\/media?parent=4893"}],"wp:term":[{"taxonomy":"product_cat","embeddable":true,"href":"https:\/\/starlediluminacion.com\/fr\/wp-json\/wp\/v2\/product_cat?post=4893"},{"taxonomy":"product_tag","embeddable":true,"href":"https:\/\/starlediluminacion.com\/fr\/wp-json\/wp\/v2\/product_tag?post=4893"}],"curies":[{"name":"wp","href":"https:\/\/api.w.org\/{rel}","templated":true}]}}