{"id":4806,"date":"2022-08-11T13:13:08","date_gmt":"2022-08-11T13:13:08","guid":{"rendered":"https:\/\/starlediluminacion.com\/?post_type=product&#038;p=4806"},"modified":"2022-08-13T17:39:52","modified_gmt":"2022-08-13T17:39:52","slug":"foco-proyector-exterior-led-90w-ip65-rgbw-dmx-water","status":"publish","type":"product","link":"https:\/\/starlediluminacion.com\/fr\/product\/spotlight-projector-outdoor-led-90w-ip65-rgbw-dmx-water\/","title":{"rendered":"<p>Projecteur LED ext\u00e9rieur 90W - IP65 - RGB+W DMX WATER<\/p>"},"content":{"rendered":"<div class=\"product-info-line\">\n<p id=\"product_reference\"><label>R\u00c9F\u00c9RENCE : SL<span style=\"font-size: 16px;\">7906<\/span><\/label><\/p>\n<div class=\"hidden-xs parrafo\">\n<p>Puissant&nbsp;<strong>Projecteur LED 90w<\/strong>&nbsp;<strong>de<\/strong>&nbsp;<strong>EXTERIEUR RGB+W<\/strong>. Vous disposez de 9 LEDs de 10W (RGB+W) avec contr\u00f4le : automatique, par&nbsp;<strong>DMX<\/strong>par son, par ma\u00eetre\/esclave, avec des connecteurs pour l'ext\u00e9rieur&nbsp;<strong>IP65<\/strong>&nbsp;de fixations filet\u00e9es herm\u00e9tiques.<\/p>\n<\/div>\n<div id=\"views_block\" class=\"clearfix\">\n<div id=\"thumbs_list\">\n<h1>Projecteur LED ext\u00e9rieur 90W RGB+W DMX WATER<\/h1>\n<p>L'effet de la lumi\u00e8re&nbsp;<strong>RVB+W<\/strong>&nbsp;de ce type de&nbsp;<strong>Projecteur<\/strong>&nbsp;est un gros canon \u00e0 foudre&nbsp;<strong>Led<\/strong>&nbsp;de&nbsp;<strong>puissance \u00e9lev\u00e9e<\/strong>gr\u00e2ce \u00e0 son&nbsp;<strong>90w<\/strong>&nbsp;et son accord de couleurs m\u00e9lang\u00e9 \u00e0 la douceur des bords, vous pouvez donner un grand spectacle \u00e0 n'importe quel type d'\u00e9v\u00e9nement et dans tous les types d'espaces, en particulier pour&nbsp;<strong>\u00e0 l'ext\u00e9rieur<\/strong>.<\/p>\n<p>Caract\u00e9ristiques :<\/p>\n<ul>\n<li>90W : 9 x 10W RGB+W LEDs<\/li>\n<li>RGBW 4 en 1<\/li>\n<li>DMX : 4\/8 canaux<\/li>\n<li>Modes de fonctionnement : DMX 512, automatique, contr\u00f4l\u00e9 par le son, ma\u00eetre-esclave<\/li>\n<li>C\u00e2bles isol\u00e9s<\/li>\n<li>Connecteurs avec attaches filet\u00e9es.<\/li>\n<li>Protection : IP65<\/li>\n<\/ul>\n<p>Ses 9 LED RGBW 10W efficaces offrent une puissance sup\u00e9rieure, et sont 4 en 1 (chaque LED donne les 4 couleurs).<\/p>\n<p>Il dispose d'un mode automatique,&nbsp;<strong>contr\u00f4l\u00e9<\/strong>&nbsp;par le son, l'esclave, ou il peut \u00e9galement \u00eatre contr\u00f4l\u00e9 par&nbsp;<strong>DMX<\/strong>. Il dispose de deux modes de contr\u00f4le, 4 ou 8 canaux.<\/p>\n<p>Gr\u00e2ce \u00e0 son \u00e9cran \u00e0 trois caract\u00e8res et \u00e0 ses quatre boutons, vous pouvez facilement changer le mode de fonctionnement, ainsi que r\u00e9gler les couleurs et l'intensit\u00e9. Avec le Water 90, vous pouvez \u00e9clairer la terrasse de vos locaux, sans craindre la pluie, ou le jardin de votre maison.<\/p>\n<p>Sa puissance de 90 watts lui permet d'\u00eatre utilis\u00e9 dans un grand nombre de situations, ainsi que sa protection.&nbsp;<strong>IP65<\/strong>La nouvelle conception, qui permet de l'utiliser dans les conditions m\u00e9t\u00e9orologiques les plus d\u00e9favorables.<\/p>\n<h2>Utilisations du projecteur LED ext\u00e9rieur 90W RGB+W DMX WATER<\/h2>\n<ul>\n<li>Bo\u00eetes de nuit<\/li>\n<li>Foires<\/li>\n<li>D\u00e9bits de boissons<\/li>\n<li>Salles de bal<\/li>\n<li>Sc\u00e9narios<\/li>\n<li>Ev\u00e9nements<\/li>\n<\/ul>\n<h3 class=\"page-product-heading\">DONN\u00c9ES TECHNIQUES<\/h3>\n<div class=\"col-xs-12 col-md-6\">\n<table class=\"table table-data-sheet 1\">\n<tbody>\n<tr class=\"odd\">\n<td valign=\"middle\" width=\"32\"><\/td>\n<td valign=\"middle\">REFERENCE :<\/td>\n<td valign=\"middle\">SL7906<\/td>\n<\/tr>\n<tr class=\"even\">\n<td valign=\"middle\" width=\"32\"><\/td>\n<td valign=\"middle\">Puissance nominale :<\/td>\n<td valign=\"middle\">90w<\/td>\n<\/tr>\n<tr class=\"odd\">\n<td valign=\"middle\" width=\"32\"><\/td>\n<td valign=\"middle\">Tension nominale :<\/td>\n<td valign=\"middle\">85V-265V<\/td>\n<\/tr>\n<tr class=\"even\">\n<td valign=\"middle\" width=\"32\"><\/td>\n<td valign=\"middle\">Temp\u00e9rature de la lumi\u00e8re :<\/td>\n<td valign=\"middle\">RGBW<\/td>\n<\/tr>\n<tr class=\"odd\">\n<td valign=\"middle\" width=\"32\"><\/td>\n<td valign=\"middle\">Mat\u00e9riaux de construction :<\/td>\n<td valign=\"middle\">Aluminium +PC<\/td>\n<\/tr>\n<tr class=\"even\">\n<td valign=\"middle\" width=\"32\"><\/td>\n<td valign=\"middle\">Type de DEL :<\/td>\n<td valign=\"middle\">1RGBWx10W<\/td>\n<\/tr>\n<tr class=\"odd\">\n<td valign=\"middle\" width=\"32\"><\/td>\n<td valign=\"middle\">Angle d'ouverture (\u00ba) :<\/td>\n<td valign=\"middle\">20\u00ba<\/td>\n<\/tr>\n<tr class=\"even\">\n<td valign=\"middle\" width=\"32\"><\/td>\n<td valign=\"middle\">Dimmable :<\/td>\n<td valign=\"middle\">DMX<\/td>\n<\/tr>\n<tr class=\"odd\">\n<td valign=\"middle\" width=\"32\"><\/td>\n<td valign=\"middle\">Certificats :<\/td>\n<td valign=\"middle\">CE - ROHS<\/td>\n<\/tr>\n<\/tbody>\n<\/table>\n<\/div>\n<div class=\"col-xs-12 col-md-6 2\">\n<table class=\"table table-data-sheet 2\">\n<tbody>\n<tr class=\"odd\">\n<td valign=\"middle\" width=\"32\"><\/td>\n<td valign=\"middle\">Indice de protection IP :<\/td>\n<td valign=\"middle\">IP65-Ext\u00e9rieur<\/td>\n<\/tr>\n<tr class=\"even\">\n<td valign=\"middle\" width=\"32\"><\/td>\n<td valign=\"middle\">Dur\u00e9e de vie estim\u00e9e de la diode LED (H) :<\/td>\n<td valign=\"middle\">30.000<\/td>\n<\/tr>\n<tr class=\"odd\">\n<td valign=\"middle\" width=\"32\"><\/td>\n<td valign=\"middle\">Fr\u00e9quence de travail (Hz) :<\/td>\n<td valign=\"middle\">50\/60Hz<\/td>\n<\/tr>\n<tr class=\"even\">\n<td valign=\"middle\" width=\"32\"><\/td>\n<td valign=\"middle\">Plage de temp\u00e9rature (\u00baC) :<\/td>\n<td valign=\"middle\">-20\u00b0C ~ +55\u00b0C<\/td>\n<\/tr>\n<tr class=\"odd\">\n<td valign=\"middle\" width=\"32\"><\/td>\n<td valign=\"middle\">Cycles d'allumage :<\/td>\n<td valign=\"middle\">100.000<\/td>\n<\/tr>\n<tr class=\"even\">\n<td valign=\"middle\" width=\"32\"><\/td>\n<td valign=\"middle\">Modes de contr\u00f4le :<\/td>\n<td valign=\"middle\">DMX<\/td>\n<\/tr>\n<tr class=\"odd\">\n<td valign=\"middle\" width=\"32\"><\/td>\n<td valign=\"middle\">Classe \u00e9nerg\u00e9tique (2021-EU-2019\/2015) :<\/td>\n<td valign=\"middle\">A+<\/td>\n<\/tr>\n<tr class=\"even\">\n<td valign=\"middle\" width=\"32\"><\/td>\n<td valign=\"middle\">Ann\u00e9es de garantie :<\/td>\n<td valign=\"middle\">2<\/td>\n<\/tr>\n<\/tbody>\n<\/table>\n<\/div>\n<\/div>\n<\/div>\n<\/div>","protected":false},"excerpt":{"rendered":"<div class=\"col-md-12\"><i class=\"fa fa-truck\"><\/i>&nbsp;<span class=\"text-muted textprop\">Livraison dans les 24\/48 heures<\/span><div class=\"col-md-12\"><i class=\"fa fa-exchange\"><\/i>&nbsp;<span class=\"text-muted textprop\">Garantie assur\u00e9e<\/span><\/div><div class=\"col-md-12\"><i class=\"fa fa-box\"><\/i>&nbsp;<span class=\"text-muted textprop\">1 unit\u00e9(s) par bo\u00eete \u00e0 outils<\/span><\/div><\/div>","protected":false},"featured_media":4812,"template":"","meta":{"site-sidebar-layout":"default","site-content-layout":"default","ast-global-header-display":"","ast-main-header-display":"","ast-hfb-above-header-display":"","ast-hfb-below-header-display":"","ast-hfb-mobile-header-display":"","site-post-title":"","ast-breadcrumbs-content":"","ast-featured-img":"","footer-sml-layout":"","theme-transparent-header-meta":"default","adv-header-id-meta":"","stick-header-meta":"","header-above-stick-meta":"","header-main-stick-meta":"","header-below-stick-meta":""},"product_cat":[83,34,28],"product_tag":[],"class_list":["post-4806","product","type-product","status-publish","has-post-thumbnail","hentry","product_cat-foco-proyector-serie-rgb","product_cat-iluminacion-espectaculos-led","product_cat-proyectores-led-exterior-y-jardin"],"_links":{"self":[{"href":"https:\/\/starlediluminacion.com\/fr\/wp-json\/wp\/v3\/product\/4806","targetHints":{"allow":["GET"]}}],"collection":[{"href":"https:\/\/starlediluminacion.com\/fr\/wp-json\/wp\/v3\/product"}],"about":[{"href":"https:\/\/starlediluminacion.com\/fr\/wp-json\/wp\/v2\/types\/product"}],"wp:featuredmedia":[{"embeddable":true,"href":"https:\/\/starlediluminacion.com\/fr\/wp-json\/wp\/v2\/media\/4812"}],"wp:attachment":[{"href":"https:\/\/starlediluminacion.com\/fr\/wp-json\/wp\/v2\/media?parent=4806"}],"wp:term":[{"taxonomy":"product_cat","embeddable":true,"href":"https:\/\/starlediluminacion.com\/fr\/wp-json\/wp\/v2\/product_cat?post=4806"},{"taxonomy":"product_tag","embeddable":true,"href":"https:\/\/starlediluminacion.com\/fr\/wp-json\/wp\/v2\/product_tag?post=4806"}],"curies":[{"name":"wp","href":"https:\/\/api.w.org\/{rel}","templated":true}]}}