{"id":4677,"date":"2022-08-11T10:48:47","date_gmt":"2022-08-11T10:48:47","guid":{"rendered":"https:\/\/starlediluminacion.com\/?post_type=product&#038;p=4677"},"modified":"2022-08-11T10:48:47","modified_gmt":"2022-08-11T10:48:47","slug":"lampara-lineal-colgante-led-rgbwhite-munich-negro-0-5m-1m-15m-2m-ip54","status":"publish","type":"product","link":"https:\/\/starlediluminacion.com\/fr\/product\/lampara-lineal-colgante-led-rgbwhite-munich-negro-0-5m-1m-15m-2m-ip54\/","title":{"rendered":"<p>Suspension lin\u00e9aire LED RGB+WHITE - MUNICH BLACK - 0.5m - 1m - 1,5m - 2m - IP54<\/p>"},"content":{"rendered":"<p>R\u00c9F\u00c9RENCE : SL16006-N-RGBW<p>Notre&nbsp;<strong>Luminaire professionnel \u00e0 LED<\/strong>&nbsp;lin\u00e9aire<strong>&nbsp;<\/strong>&nbsp;<strong>- RGB+ BLANC - Munich NOIR -<\/strong>&nbsp;est con\u00e7ue pour une utilisation intensive et ininterrompue de 24 heures. Notre lampe suspendue est&nbsp;<strong>fabriqu\u00e9 en Europe<\/strong>pour r\u00e9pondre \u00e0 vos besoins. Aluminium extrud\u00e9 d'une puret\u00e9 de 98%, source lumineuse RVB.&nbsp;&nbsp;<strong>SMD3535 24W\/m\u00e8tre<\/strong>;&nbsp;<strong>224 leds\/m\u00e8tre + SMD2835 -20W\/m. 140 leds\/m.<\/strong>&nbsp;Le luminaire LED comprend un contr\u00f4leur + une t\u00e9l\u00e9commande Mi-light de haute qualit\u00e9.&nbsp;&nbsp;<strong>5 ans de garantie. 5 ans de garantie.&nbsp;<\/strong><\/p><p><strong>Le d\u00e9lai de production est de 5 \u00e0 7 jours ouvrables.<\/strong><strong>&nbsp;<\/strong>(du lundi au vendredi).<\/p><p>Notre diffuseur est blanc opale<\/p><h1>Lampe pendante LED lin\u00e9aire&nbsp;<strong>RVB+BLANC<br>\n<\/strong><\/h1><h1><\/h1><p>Nos \u00e9tag\u00e8res&nbsp;<strong>LED RGB+W4K<\/strong>&nbsp;-&nbsp;<strong>MUNICH&nbsp;<\/strong>- est une gamme polyvalente et intemporelle, qui peut \u00eatre le protagoniste de la d\u00e9coration int\u00e9rieure d'un espace ou s'y adapter. Gr\u00e2ce aux diff\u00e9rents formats et couleurs disponibles, elle peut offrir une grande vari\u00e9t\u00e9 de sensations visuelles qui d\u00e9finiront l'espace d'une nouvelle perspective.<\/p><p>Disponibles en diff\u00e9rentes longueurs et en versions suspendues ou mont\u00e9es au plafond pour r\u00e9pondre aux diff\u00e9rents besoins et hauteurs d'installation. Les luminaires, qui peuvent atteindre 2 m\u00e8tres de long, deviennent de belles traces de lumi\u00e8re qui fa\u00e7onnent l'espace.<\/p><p>La LED lin\u00e9aire<strong>&nbsp;-MUNICH-<\/strong>&nbsp;&nbsp;dessine des lignes lumineuses homog\u00e8nes qui s'adaptent \u00e0 une grande vari\u00e9t\u00e9 d'espaces avec un impact visuel minimal, r\u00e9pondant \u00e0 la fois aux besoins d'\u00e9clairage g\u00e9n\u00e9ral et \u00e0 l'\u00e9clairage par projecteurs des plans verticaux.<\/p><p>Son design associe un diffuseur opalin noir qui laisse passer la lumi\u00e8re du luminaire lorsqu'il est allum\u00e9, offrant ainsi un grand confort visuel et un design exclusif.<\/p><p>L'accessoire de c\u00e2ble suspendu mesure 2 m\u00e8tres de long, ce qui permet de l'ajuster \u00e0 la hauteur souhait\u00e9e. Le luminaire est \u00e9quip\u00e9 d'un c\u00e2ble de 2 m\u00e8tres de long pour faciliter le raccordement.<\/p><p>Notre&nbsp;<strong>luminaire lin\u00e9aire professionnel \u00e0 LED<\/strong>&nbsp;a une puissance de 24W\/m\u00e8tre RGB +6000k 20W\/m\u00e8tre<\/p><p>La source lumineuse de notre luminaire lin\u00e9aire \u00e0 LED incorpore :<\/p><ul>\n<li>224 LED SMD3535 RVB haute luminosit\u00e9\/m\u00e8tre d\u00e9livrant 1150Lm\/m\u00e8tre.<\/li>\n<li>140 Leds\/m\u00e8tre - Couleur 4000K - SMD2835 d\u00e9livrant 2050Lm\/m\u00e8tre<\/li>\n<\/ul><p>Le luminaire int\u00e8gre une alimentation \u00e0 l'int\u00e9rieur du profil\u00e9 en aluminium 24 volts de la prestigieuse marque Ecoled (qualit\u00e9 sup\u00e9rieure), ainsi que le contr\u00f4leur RGB. La consommation \u00e9lectrique du luminaire est de 12W pour 50cm ; 24W pour 100cm ; 36W pour 150cm ; et 48W pour 200cm.  Le luminaire LED est fabriqu\u00e9 en aluminium 6063\/6060 de grande puret\u00e9 (98%), avec traitement thermique UNE EN 755 et UNE EN 12020-1.<\/p><p>Le rev\u00eatement du luminaire est en&nbsp;<strong>haute r\u00e9sistance et qualit\u00e9<\/strong>&nbsp;et est textur\u00e9 en noir et blanc - Qualicoat -, et anodis\u00e9 argent - Qualanod - avec une \u00e9paisseur de 15 microns pour une longue dur\u00e9e de vie.<\/p><p>Notre luminaire lin\u00e9aire \u00e0 LED -<strong>MUNICH -<\/strong>&nbsp; Comme il est fabriqu\u00e9 sur mesure, il offre plusieurs possibilit\u00e9s de choisir entre un \u00e9clairage plus chaud, neutre ou froid, et des finitions anodis\u00e9es en argent, blanc et noir. Le luminaire est fabriqu\u00e9 \u00e0 la main en Europe aux dimensions souhait\u00e9es par le client. Ce produit ne peut donc pas faire l'objet d'un retour, puisqu'il s'agit d'un produit sur mesure.<\/p><p><strong>Le d\u00e9lai de production est de 5 \u00e0 7 jours ouvrables.<\/strong><\/p><p>Nos luminaires lin\u00e9aires peuvent \u00eatre assembl\u00e9s pour former un ensemble.&nbsp;<strong>luminaire \u00e0 effet continu<\/strong>&nbsp;avec l'accessoire correspondant.<\/p><p>&nbsp;<\/p><h2>Utilisations de la lampe suspendue lin\u00e9aire \u00e0 LED&nbsp;<strong>RVB+ BLANC<\/strong>&nbsp;- MUNICH NOIR<\/h2><ul>\n<li>Magasins<\/li>\n<li>Expositions<\/li>\n<li>Industries<\/li>\n<li>Bureaux<\/li>\n<li>M\u00e9nages<\/li>\n<\/ul><h3 class=\"page-product-heading\">DONN\u00c9ES TECHNIQUES<\/h3><div class=\"col-xs-12 col-md-6\">\n<table class=\"table table-data-sheet 1\">\n<tbody>\n<tr class=\"odd\">\n<td valign=\"middle\" width=\"32\"><\/td>\n<td valign=\"middle\">REFERENCE :<\/td>\n<td valign=\"middle\">SL16006-N-RGBW<\/td>\n<\/tr>\n<tr class=\"even\">\n<td valign=\"middle\" width=\"32\"><\/td>\n<td valign=\"middle\">Puissance nominale :<\/td>\n<td valign=\"middle\">12W+10W 0,5m - 24W + 20W 1m -36W+30W 1,5m-48W+40W 2m<\/td>\n<\/tr>\n<tr class=\"odd\">\n<td valign=\"middle\" width=\"32\"><\/td>\n<td valign=\"middle\">Tension nominale :<\/td>\n<td valign=\"middle\">85-265V<\/td>\n<\/tr>\n<tr class=\"even\">\n<td valign=\"middle\" width=\"32\"><\/td>\n<td valign=\"middle\">Temp\u00e9rature de la lumi\u00e8re :<\/td>\n<td valign=\"middle\">RVB<\/td>\n<\/tr>\n<tr class=\"odd\">\n<td valign=\"middle\" width=\"32\"><\/td>\n<td valign=\"middle\">CRI - Indice de rendu des couleurs :<\/td>\n<td valign=\"middle\">80<\/td>\n<\/tr>\n<tr class=\"even\">\n<td valign=\"middle\" width=\"32\"><\/td>\n<td valign=\"middle\">Mat\u00e9riaux de construction :<\/td>\n<td valign=\"middle\">Aluminium +PC<\/td>\n<\/tr>\n<tr class=\"odd\">\n<td valign=\"middle\" width=\"32\"><\/td>\n<td valign=\"middle\">Luminosit\u00e9-Lm :<\/td>\n<td valign=\"middle\">1150 Lm\/m (RGB blanc)+ 2050Lm\/m (4000K)<\/td>\n<\/tr>\n<tr class=\"even\">\n<td valign=\"middle\" width=\"32\"><\/td>\n<td valign=\"middle\">Type de DEL :<\/td>\n<td valign=\"middle\">RVB : SMD3535 - 224 Chips\/M + 4K : SMD2835 -140 Chips\/M<\/td>\n<\/tr>\n<tr class=\"odd\">\n<td valign=\"middle\" width=\"32\"><\/td>\n<td valign=\"middle\">Angle d'ouverture (\u00ba) :<\/td>\n<td valign=\"middle\">120\u00ba<\/td>\n<\/tr>\n<tr class=\"even\">\n<td valign=\"middle\" width=\"32\"><\/td>\n<td valign=\"middle\">Certificats :<\/td>\n<td valign=\"middle\">CE - ROHS<\/td>\n<\/tr>\n<tr class=\"odd\">\n<td valign=\"middle\" width=\"32\"><\/td>\n<td valign=\"middle\">Indice de protection IP :<\/td>\n<td valign=\"middle\">IP54<\/td>\n<\/tr>\n<\/tbody>\n<\/table>\n<\/div><div class=\"col-xs-12 col-md-6 2\">\n<table class=\"table table-data-sheet 2\">\n<tbody>\n<tr class=\"odd\">\n<td valign=\"middle\" width=\"32\"><\/td>\n<td valign=\"middle\">Dur\u00e9e de vie estim\u00e9e de la diode LED (H) :<\/td>\n<td valign=\"middle\">50.000<\/td>\n<\/tr>\n<tr class=\"even\">\n<td valign=\"middle\" width=\"32\"><\/td>\n<td valign=\"middle\">Dimensions (mm) :<\/td>\n<td valign=\"middle\">L : 0,50m - 1,00m - 1,50m - 2,00m<\/td>\n<\/tr>\n<tr class=\"odd\">\n<td valign=\"middle\" width=\"32\"><\/td>\n<td valign=\"middle\">Facteur de puissance (PF) :<\/td>\n<td valign=\"middle\">0.97<\/td>\n<\/tr>\n<tr class=\"even\">\n<td valign=\"middle\" width=\"32\"><\/td>\n<td valign=\"middle\">Fr\u00e9quence de travail (Hz) :<\/td>\n<td valign=\"middle\">50\/60Hz<\/td>\n<\/tr>\n<tr class=\"odd\">\n<td valign=\"middle\" width=\"32\"><\/td>\n<td valign=\"middle\">Plage de temp\u00e9rature (\u00baC) :<\/td>\n<td valign=\"middle\">-20\u00b0C ~ +55\u00b0C<\/td>\n<\/tr>\n<tr class=\"even\">\n<td valign=\"middle\" width=\"32\"><\/td>\n<td valign=\"middle\">Cycles d'allumage :<\/td>\n<td valign=\"middle\">100.000<\/td>\n<\/tr>\n<tr class=\"odd\">\n<td valign=\"middle\" width=\"32\"><\/td>\n<td valign=\"middle\">Temps de d\u00e9marrage (s) :<\/td>\n<td valign=\"middle\">0,2s<\/td>\n<\/tr>\n<tr class=\"odd\">\n<td valign=\"middle\" width=\"32\"><\/td>\n<td valign=\"middle\">Classe \u00e9nerg\u00e9tique (2021-EU-2019\/2015) :<\/td>\n<td valign=\"middle\">A+<\/td>\n<\/tr>\n<tr class=\"even\">\n<td valign=\"middle\" width=\"32\"><\/td>\n<td valign=\"middle\">Ann\u00e9es de garantie :<\/td>\n<td valign=\"middle\">5<\/td>\n<\/tr>\n<tr class=\"odd\">\n<td valign=\"middle\" width=\"32\"><\/td>\n<td valign=\"middle\">Port\u00e9e (m) :<\/td>\n<td valign=\"middle\">12 m.<\/td>\n<\/tr>\n<\/tbody>\n<\/table>\n<\/div><\/p>","protected":false},"excerpt":{"rendered":"<div class=\"col-md-12\"><i class=\"fa fa-truck\"><\/i>&nbsp;<span class=\"text-muted textprop\">Livraison dans les 24\/48 heures<\/span><div class=\"col-md-12\"><i class=\"fa fa-exchange\"><\/i>&nbsp;<span class=\"text-muted textprop\">Garantie assur\u00e9e<\/span><\/div><div class=\"col-md-12\"><i class=\"fa fa-box\"><\/i>&nbsp;<span class=\"text-muted textprop\">20 unit\u00e9(s) par bo\u00eete \u00e0 outils<\/span><\/div><\/div>","protected":false},"featured_media":4685,"template":"","meta":{"site-sidebar-layout":"default","site-content-layout":"default","ast-global-header-display":"","ast-main-header-display":"","ast-hfb-above-header-display":"","ast-hfb-below-header-display":"","ast-hfb-mobile-header-display":"","site-post-title":"","ast-breadcrumbs-content":"","ast-featured-img":"","footer-sml-layout":"","theme-transparent-header-meta":"default","adv-header-id-meta":"","stick-header-meta":"","header-above-stick-meta":"","header-main-stick-meta":"","header-below-stick-meta":""},"product_cat":[33],"product_tag":[],"class_list":["post-4677","product","type-product","status-publish","has-post-thumbnail","hentry","product_cat-barras-lineales-led"],"_links":{"self":[{"href":"https:\/\/starlediluminacion.com\/fr\/wp-json\/wp\/v3\/product\/4677","targetHints":{"allow":["GET"]}}],"collection":[{"href":"https:\/\/starlediluminacion.com\/fr\/wp-json\/wp\/v3\/product"}],"about":[{"href":"https:\/\/starlediluminacion.com\/fr\/wp-json\/wp\/v2\/types\/product"}],"wp:featuredmedia":[{"embeddable":true,"href":"https:\/\/starlediluminacion.com\/fr\/wp-json\/wp\/v2\/media\/4685"}],"wp:attachment":[{"href":"https:\/\/starlediluminacion.com\/fr\/wp-json\/wp\/v2\/media?parent=4677"}],"wp:term":[{"taxonomy":"product_cat","embeddable":true,"href":"https:\/\/starlediluminacion.com\/fr\/wp-json\/wp\/v2\/product_cat?post=4677"},{"taxonomy":"product_tag","embeddable":true,"href":"https:\/\/starlediluminacion.com\/fr\/wp-json\/wp\/v2\/product_tag?post=4677"}],"curies":[{"name":"wp","href":"https:\/\/api.w.org\/{rel}","templated":true}]}}