{"id":4466,"date":"2022-08-10T21:13:49","date_gmt":"2022-08-10T21:13:49","guid":{"rendered":"https:\/\/starlediluminacion.com\/?post_type=product&#038;p=4466"},"modified":"2022-12-18T10:11:39","modified_gmt":"2022-12-18T10:11:39","slug":"lampara-lineal-colgante-led-ricardo-amarillo-pastel-0-5m-1m-15m-2m","status":"publish","type":"product","link":"https:\/\/starlediluminacion.com\/fr\/product\/lampara-lineal-colgante-led-ricardo-amarillo-pastel-0-5m-1m-15m-2m\/","title":{"rendered":"<p>Suspension lin\u00e9aire LED - RICARDO Jaune pastel - 0.5m - 1m - 1,5m - 2m<\/p>"},"content":{"rendered":"<p>REFERENCIA: SL17057-AM<p>Notre&nbsp;<strong>Luminaire professionnel<\/strong>&nbsp;lin\u00e9aire<strong>&nbsp;<\/strong>&nbsp;<strong>&ndash; RICARDO Amarillo pastel-<\/strong>&nbsp;est con\u00e7u pour une utilisation intensive et ininterrompue de 24 heures. Nos&nbsp;<strong>lampe suspendue<\/strong>&nbsp;est&nbsp;<strong>fabriqu\u00e9 en Europe<\/strong>La source lumineuse est adapt\u00e9e \u00e0 vos besoins. En aluminium extrud\u00e9 d'une puret\u00e9 de 98%, la source lumineuse est&nbsp;<strong>40W\/M SMD3040<\/strong>&nbsp;livraison<strong>&nbsp;5732 lumens par m\u00e8tre<\/strong>&nbsp;- 192 leds\/m\u00e8tre<strong>.  Garantie de 5 ans.&nbsp;&nbsp;<\/strong>D\u00e9lai de production : 5 \u00e0 7 jours ouvrables<strong>&nbsp;<\/strong>(du lundi au vendredi).<\/p><p>Notre diffuseur est un microprisme avec UGR&lt;19<\/p><h1>L&aacute;mpara Lineal Colgante LED &ndash; RICARDO Amarillo pastel- 0.5m &ndash; 1m &ndash; 1,5m &ndash; 2m<\/h1><p>&nbsp;<\/p><p>Nos \u00e9crans lin\u00e9aires LED -&nbsp;<strong>RICARDO&nbsp;<\/strong>- est une gamme polyvalente et intemporelle, qui peut \u00eatre le protagoniste de la d\u00e9coration int\u00e9rieure d'un espace ou s'y adapter. Gr\u00e2ce aux diff\u00e9rents formats et couleurs disponibles, elle peut offrir une grande vari\u00e9t\u00e9 de sensations visuelles qui d\u00e9finiront l'espace d'une nouvelle perspective.<\/p><p>Disponibles en diff\u00e9rentes longueurs et en versions suspendues ou mont\u00e9es au plafond pour r\u00e9pondre aux diff\u00e9rents besoins et hauteurs d'installation. Les luminaires, qui peuvent atteindre 2 m\u00e8tres de long, deviennent de belles traces de lumi\u00e8re qui fa\u00e7onnent l'espace.<\/p><p>La LED lin\u00e9aire<strong>&nbsp;-RICARDO-<\/strong>&nbsp;&nbsp;dessine des lignes lumineuses homog\u00e8nes qui s'adaptent \u00e0 une grande vari\u00e9t\u00e9 d'espaces avec un impact visuel minimal, r\u00e9pondant \u00e0 la fois aux besoins d'\u00e9clairage g\u00e9n\u00e9ral et \u00e0 l'\u00e9clairage par projecteurs des plans verticaux.<\/p><p>Sa conception combine des diffuseurs \u00e0 haute transmission qui offrent un confort visuel \u00e9lev\u00e9 et une grande efficacit\u00e9 \u00e9nerg\u00e9tique.<\/p><p>L'accessoire de c\u00e2ble suspendu mesure 2 m\u00e8tres de long, ce qui permet de l'ajuster \u00e0 la hauteur souhait\u00e9e. Le luminaire est \u00e9quip\u00e9 d'un c\u00e2ble de 2 m\u00e8tres de long pour faciliter le raccordement.<\/p><p>Notre<strong>&nbsp;luminaire lin\u00e9aire professionnel \u00e0 LED<\/strong>&nbsp;a une puissance de&nbsp;<strong>40W\/m\u00e8tre.<\/strong><\/p><p>Le luminaire int\u00e8gre une alimentation \u00e0 l'int\u00e9rieur du profil\u00e9 en aluminium 24 volts de la prestigieuse marque Ecoled (Highest quality).<\/p><p>La consommation du luminaire est de 20W pour 50cm ; 40W pour 100cm ; 60W pour 150cm ; et 40W pour 200cm. Le luminaire LED est fabriqu\u00e9 en aluminium 6063\/6060 de grande puret\u00e9 (98%), avec traitement thermique UNE EN 755 et UNE EN 12020-1.<\/p><p>La source lumineuse de notre luminaire lin\u00e9aire \u00e0 LED incorpore 192 LED\/m\u00e8tre de&nbsp;<strong>forte luminosit\u00e9<\/strong>&nbsp;SMD3040 d\u00e9livrant 5700Lm\/m\u00e8tre ; les diodes LED int\u00e8grent une soudure au fil d'or pour une plus longue dur\u00e9e de vie, avec un renforcement en acier pour plus de fiabilit\u00e9.<\/p><p>&nbsp;<\/p><p>Le rev\u00eatement du luminaire est en&nbsp;<strong>haute r\u00e9sistance et qualit\u00e9<\/strong>&nbsp;et est textur\u00e9 en noir et blanc - Qualicoat -, et anodis\u00e9 argent - Qualanod - avec une \u00e9paisseur de 15 microns pour une longue dur\u00e9e de vie.<\/p><p>Le luminaire int\u00e8gre notre diffuseur : Micro Prism transparent (UGR&lt;19),<\/p><p>Notre luminaire lin\u00e9aire \u00e0 LED -<strong>RICARDO-<\/strong>&nbsp; Comme il est fabriqu\u00e9 sur mesure, il offre plusieurs possibilit\u00e9s de choisir entre un \u00e9clairage plus chaud, neutre ou froid, et des finitions anodis\u00e9es en argent, blanc et noir. Le luminaire est fabriqu\u00e9 \u00e0 la main en Europe aux dimensions souhait\u00e9es par le client, ce qui fait que ce produit n'admet pas les retours, puisqu'il s'agit d'un produit sur mesure.  Notre d\u00e9lai de fabrication est de 48 heures ouvrables.<\/p><p>Nos luminaires lin\u00e9aires peuvent \u00eatre assembl\u00e9s par le haut et transform\u00e9s en une structure \u00e0 deux \u00e9tages.&nbsp;<strong>luminaire \u00e0 effet continu des m\u00e8tres dont vous avez besoin.<\/strong><\/p><p>&nbsp;<\/p><p>Couleurs disponibles pour nos luminaires&nbsp;<strong>RICARDO :<\/strong><\/p><p>- Bleu azur textur\u00e9 -RAL 5009<\/p><p>- Blanc textur\u00e9 -RAL 9003<\/p><p>- Noir textur\u00e9 -RAL 9005<\/p><p>- Vert patin\u00e9 textur\u00e9 -RAL 6000<\/p><p>- Gris pierre textur\u00e9 -RAL 7030<\/p><p>- Jaune pastel textur\u00e9 -RAL 1034<\/p><p>- Rouge tomate textur\u00e9 -RAL 3013<\/p><p>- Ivoire textur\u00e9 -RAL 1014<\/p><p>&nbsp;<\/p><h2>Usos de la L&aacute;mpara Lineal Colgante LED &ndash;&nbsp;RICARDO Amarillo pastel- 0.5m &ndash; 1m &ndash; 1,5m &ndash; 2m:<\/h2><p>&nbsp;<\/p><ul>\n<li>Magasins<\/li>\n<li>Expositions<\/li>\n<li>Industries<\/li>\n<li>Bureaux<\/li>\n<li>M\u00e9nages<\/li>\n<\/ul><h3 class=\"page-product-heading\">DONN\u00c9ES TECHNIQUES<\/h3><div class=\"col-xs-12 col-md-6\">\n<table class=\"table table-data-sheet 1\">\n<tbody>\n<tr class=\"odd\">\n<td valign=\"middle\" width=\"32\"><\/td>\n<td valign=\"middle\">REFERENCE :<\/td>\n<td valign=\"middle\">SL17057-AM<\/td>\n<\/tr>\n<tr class=\"even\">\n<td valign=\"middle\" width=\"32\"><\/td>\n<td valign=\"middle\">Puissance nominale :<\/td>\n<td valign=\"middle\">-20W 0.5m - 40W 1m -60W 1,5m -80W 2m<\/td>\n<\/tr>\n<tr class=\"odd\">\n<td valign=\"middle\" width=\"32\"><\/td>\n<td valign=\"middle\">Tension nominale :<\/td>\n<td valign=\"middle\">85-265V<\/td>\n<\/tr>\n<tr class=\"even\">\n<td valign=\"middle\" width=\"32\"><\/td>\n<td valign=\"middle\">Temp\u00e9rature de la lumi\u00e8re :<\/td>\n<td valign=\"middle\">2700K -4000K -6000K<\/td>\n<\/tr>\n<tr class=\"odd\">\n<td valign=\"middle\" width=\"32\"><\/td>\n<td valign=\"middle\">CRI - Indice de rendu des couleurs :<\/td>\n<td valign=\"middle\">82<\/td>\n<\/tr>\n<tr class=\"even\">\n<td valign=\"middle\" width=\"32\"><\/td>\n<td valign=\"middle\">Mat\u00e9riaux de construction :<\/td>\n<td valign=\"middle\">Aluminium +PC<\/td>\n<\/tr>\n<tr class=\"odd\">\n<td valign=\"middle\" width=\"32\"><\/td>\n<td valign=\"middle\">Type de DEL :<\/td>\n<td valign=\"middle\">SMD3040 - 192 Chips\/M<\/td>\n<\/tr>\n<tr class=\"even\">\n<td valign=\"middle\" width=\"32\"><\/td>\n<td valign=\"middle\">Angle d'ouverture (\u00ba) :<\/td>\n<td valign=\"middle\">60\u00ba<\/td>\n<\/tr>\n<tr class=\"odd\">\n<td valign=\"middle\" width=\"32\"><\/td>\n<td valign=\"middle\">Efficacit\u00e9 de la diode LED (Lm\/W) :<\/td>\n<td valign=\"middle\">160 Lm\/w<\/td>\n<\/tr>\n<tr class=\"even\">\n<td valign=\"middle\" width=\"32\"><\/td>\n<td valign=\"middle\">Efficacit\u00e9 lumineuse (Lm\/W) :<\/td>\n<td valign=\"middle\">110 Lm\/W<\/td>\n<\/tr>\n<tr class=\"odd\">\n<td valign=\"middle\" width=\"32\"><\/td>\n<td valign=\"middle\">Certificats :<\/td>\n<td valign=\"middle\">CE - ROHS<\/td>\n<\/tr>\n<\/tbody>\n<\/table>\n<\/div><div class=\"col-xs-12 col-md-6 2\">\n<table class=\"table table-data-sheet 2\">\n<tbody>\n<tr class=\"odd\">\n<td valign=\"middle\" width=\"32\"><\/td>\n<td valign=\"middle\">Indice de protection IP :<\/td>\n<td valign=\"middle\">IP20<\/td>\n<\/tr>\n<tr class=\"even\">\n<td valign=\"middle\" width=\"32\"><\/td>\n<td valign=\"middle\">Dur\u00e9e de vie estim\u00e9e de la diode LED (H) :<\/td>\n<td valign=\"middle\">50.000<\/td>\n<\/tr>\n<tr class=\"odd\">\n<td valign=\"middle\" width=\"32\"><\/td>\n<td valign=\"middle\">Dimensions (mm) :<\/td>\n<td valign=\"middle\">L : 0,5m - 1m - 1,50m - 2m<\/td>\n<\/tr>\n<tr class=\"even\">\n<td valign=\"middle\" width=\"32\"><\/td>\n<td valign=\"middle\">Facteur de puissance (PF) :<\/td>\n<td valign=\"middle\">0.97<\/td>\n<\/tr>\n<tr class=\"odd\">\n<td valign=\"middle\" width=\"32\"><\/td>\n<td valign=\"middle\">Fr\u00e9quence de travail (Hz) :<\/td>\n<td valign=\"middle\">50\/60Hz<\/td>\n<\/tr>\n<tr class=\"even\">\n<td valign=\"middle\" width=\"32\"><\/td>\n<td valign=\"middle\">Plage de temp\u00e9rature (\u00baC) :<\/td>\n<td valign=\"middle\">-20\u00b0C ~ +55\u00b0C<\/td>\n<\/tr>\n<tr class=\"odd\">\n<td valign=\"middle\" width=\"32\"><\/td>\n<td valign=\"middle\">Cycles d'allumage :<\/td>\n<td valign=\"middle\">100.000<\/td>\n<\/tr>\n<tr class=\"even\">\n<td valign=\"middle\" width=\"32\"><\/td>\n<td valign=\"middle\">Temps de d\u00e9marrage (s) :<\/td>\n<td valign=\"middle\">0,2s<\/td>\n<\/tr>\n<tr class=\"even\">\n<td valign=\"middle\" width=\"32\"><\/td>\n<td valign=\"middle\">Classe \u00e9nerg\u00e9tique (2021-EU-2019\/2015) :<\/td>\n<td valign=\"middle\">A+<\/td>\n<\/tr>\n<tr class=\"odd\">\n<td valign=\"middle\" width=\"32\"><\/td>\n<td valign=\"middle\">Ann\u00e9es de garantie :<\/td>\n<td valign=\"middle\">5<\/td>\n<\/tr>\n<\/tbody>\n<\/table>\n<\/div><\/p>","protected":false},"excerpt":{"rendered":"<div class=\"col-md-12\"><i class=\"fa fa-truck\"><\/i>&nbsp;<span class=\"text-muted textprop\">Livraison dans les 24\/48 heures<\/span><div class=\"col-md-12\"><i class=\"fa fa-exchange\"><\/i>&nbsp;<span class=\"text-muted textprop\">Garantie assur\u00e9e<\/span><\/div><div class=\"col-md-12\"><i class=\"fa fa-box\"><\/i>&nbsp;<span class=\"text-muted textprop\">20 unit\u00e9(s) par bo\u00eete \u00e0 outils<\/span><\/div><div><strong>TEMP\u00c9RATURE DE COULEUR : 2700K\/4000K\/6000K<\/strong><\/div><\/div>","protected":false},"featured_media":4469,"template":"","meta":{"site-sidebar-layout":"default","site-content-layout":"default","ast-global-header-display":"","ast-main-header-display":"","ast-hfb-above-header-display":"","ast-hfb-below-header-display":"","ast-hfb-mobile-header-display":"","site-post-title":"","ast-breadcrumbs-content":"","ast-featured-img":"","footer-sml-layout":"","theme-transparent-header-meta":"default","adv-header-id-meta":"","stick-header-meta":"","header-above-stick-meta":"","header-main-stick-meta":"","header-below-stick-meta":""},"product_cat":[33],"product_tag":[],"class_list":["post-4466","product","type-product","status-publish","has-post-thumbnail","hentry","product_cat-barras-lineales-led"],"_links":{"self":[{"href":"https:\/\/starlediluminacion.com\/fr\/wp-json\/wp\/v3\/product\/4466","targetHints":{"allow":["GET"]}}],"collection":[{"href":"https:\/\/starlediluminacion.com\/fr\/wp-json\/wp\/v3\/product"}],"about":[{"href":"https:\/\/starlediluminacion.com\/fr\/wp-json\/wp\/v2\/types\/product"}],"wp:featuredmedia":[{"embeddable":true,"href":"https:\/\/starlediluminacion.com\/fr\/wp-json\/wp\/v2\/media\/4469"}],"wp:attachment":[{"href":"https:\/\/starlediluminacion.com\/fr\/wp-json\/wp\/v2\/media?parent=4466"}],"wp:term":[{"taxonomy":"product_cat","embeddable":true,"href":"https:\/\/starlediluminacion.com\/fr\/wp-json\/wp\/v2\/product_cat?post=4466"},{"taxonomy":"product_tag","embeddable":true,"href":"https:\/\/starlediluminacion.com\/fr\/wp-json\/wp\/v2\/product_tag?post=4466"}],"curies":[{"name":"wp","href":"https:\/\/api.w.org\/{rel}","templated":true}]}}