{"id":43694,"date":"2025-10-17T10:51:37","date_gmt":"2025-10-17T10:51:37","guid":{"rendered":"https:\/\/starlediluminacion.com\/?post_type=product&#038;p=43694"},"modified":"2025-10-17T10:52:57","modified_gmt":"2025-10-17T10:52:57","slug":"lampara-led-decorativa-80w-oslo-cct-control-remoto","status":"publish","type":"product","link":"https:\/\/starlediluminacion.com\/fr\/product\/lampara-led-decorativa-80w-oslo-cct-control-remoto\/","title":{"rendered":"<p>Lampe LED d\u00e9corative 80W Oslo - CCT - T\u00e9l\u00e9commande<\/p>"},"content":{"rendered":"<h1>Lampe LED d\u00e9corative 80W - CCT - t\u00e9l\u00e9command\u00e9e<p>Les&nbsp;<strong>Lampe d\u00e9corative LED 80W avec technologie CCT et t\u00e9l\u00e9commande<\/strong>&nbsp;est la solution parfaite pour ceux qui cherchent \u00e0 combiner design, fonctionnalit\u00e9 et efficacit\u00e9 en un seul produit. Sa structure moderne et \u00e9l\u00e9gante s'adapte facilement aux espaces int\u00e9rieurs tels que les salons, les salles \u00e0 manger, les chambres \u00e0 coucher, les bureaux ou les \u00e9tablissements commerciaux, en ajoutant une touche d\u00e9corative gr\u00e2ce \u00e0 un \u00e9clairage enti\u00e8rement personnalisable.<\/p><p>Gr\u00e2ce \u00e0 son&nbsp;<strong>Technologie CCT (temp\u00e9rature de couleur corr\u00e9l\u00e9e)<\/strong>Cette lampe permet de s\u00e9lectionner diff\u00e9rentes temp\u00e9ratures de couleur, de la lumi\u00e8re chaude (id\u00e9ale pour les ambiances chaleureuses) \u00e0 la lumi\u00e8re blanche neutre ou froide (parfaite pour les zones de lecture, de travail ou d'activit\u00e9). De plus, gr\u00e2ce \u00e0 la fonction&nbsp;<strong>t\u00e9l\u00e9commande incluse<\/strong>Vous pouvez r\u00e9gler confortablement non seulement la couleur de la lumi\u00e8re, mais aussi la couleur de la lumi\u00e8re.&nbsp;<strong>l'intensit\u00e9<\/strong>La luminosit\u00e9 peut \u00eatre r\u00e9gl\u00e9e en fonction de l'heure de la journ\u00e9e ou de l'ambiance souhait\u00e9e.<\/p><p>L'un de ses grands avantages est la&nbsp;<strong>liaison facile entre la lampe et l'unit\u00e9 de contr\u00f4le<\/strong>. Pour appairer correctement les deux appareils, il suffit de s'assurer que la lampe est \u00e9teinte. Ensuite,&nbsp;<strong>appuyez sur la touche \"SETUP\" de la t\u00e9l\u00e9commande et maintenez-la enfonc\u00e9e.<\/strong>&nbsp;tout en allumant la lampe. Apr\u00e8s quelques secondes, l'appairage est termin\u00e9 et vous pouvez profiter d'un contr\u00f4le total en un seul clic.<\/p><hr><p>?&nbsp;<strong>Avantages :<\/strong><\/p><p>&nbsp;<\/p><ol>\n<li><strong>Puissance et efficacit\u00e9<\/strong>80W d'\u00e9clairage LED de haute qualit\u00e9 combinant performance et faible consommation d'\u00e9nergie.<\/li>\n<li><strong>CCT r\u00e9glable<\/strong>Vous pouvez choisir entre une lumi\u00e8re chaude, neutre ou froide pour cr\u00e9er l'atmosph\u00e8re parfaite \u00e0 chaque fois.<\/li>\n<li><strong>Contr\u00f4le de l'intensit\u00e9<\/strong>La t\u00e9l\u00e9commande permet de r\u00e9gler facilement la luminosit\u00e9 pour l'adapter \u00e0 chaque pi\u00e8ce.<\/li>\n<li><strong>Synchronisation facile avec le contr\u00f4leur<\/strong>Il suffit d'appuyer sur SETUP lors de l'allumage de la lampe pour la relier.<\/li>\n<li><strong>Design d\u00e9coratif et moderne<\/strong>Parfait pour s'int\u00e9grer dans n'importe quel style de d\u00e9coration d'int\u00e9rieur.<\/li>\n<li><strong>Id\u00e9al pour une utilisation domestique ou commerciale<\/strong>La lumi\u00e8re du jour : assure le confort visuel et la flexibilit\u00e9 de l'\u00e9clairage dans les salles de s\u00e9jour, les bureaux, les magasins, etc.<\/li>\n<\/ol><h3 class=\"h6\">Fiche technique du produit<\/h3><dl class=\"data-sheet\">\n<dt class=\"name\"><img loading=\"lazy\" decoding=\"async\" src=\"https:\/\/www.factorled.com\/modules\/oa_features\/img\/2-default.jpg\" width=\"32\" height=\"32\">&nbsp;R\u00c9F\u00c9RENCE<\/dt>\n<dd class=\"value\">91412<\/dd>\n<dt class=\"name\"><img loading=\"lazy\" decoding=\"async\" src=\"https:\/\/www.factorled.com\/modules\/oa_features\/img\/3-default.jpg\" width=\"32\" height=\"32\">&nbsp;Puissance nominale<\/dt>\n<dd class=\"value\">80W<\/dd>\n<dt class=\"name\"><img loading=\"lazy\" decoding=\"async\" src=\"https:\/\/www.factorled.com\/modules\/oa_features\/img\/4-default.jpg\" width=\"32\" height=\"32\">&nbsp;Tension nominale<\/dt>\n<dd class=\"value\">AC170-265V<\/dd>\n<dt class=\"name\"><img loading=\"lazy\" decoding=\"async\" src=\"https:\/\/www.factorled.com\/modules\/oa_features\/img\/5-default.jpg\" width=\"32\" height=\"32\">&nbsp;Temp\u00e9rature de la lumi\u00e8re<\/dt>\n<dd class=\"value\">3CCT SELECT 3000K-4000K-5700K<\/dd>\n<dt class=\"name\"><img loading=\"lazy\" decoding=\"async\" src=\"https:\/\/www.factorled.com\/modules\/oa_features\/img\/18-default.jpg\" width=\"32\" height=\"32\">&nbsp;Dimensions (mm)<\/dt>\n<dd class=\"value\">&Oslash;480 x 150mm<\/dd>\n<dt class=\"name\"><img loading=\"lazy\" decoding=\"async\" src=\"https:\/\/www.factorled.com\/modules\/oa_features\/img\/37-default.jpg\" width=\"32\" height=\"32\">&nbsp;Modes de contr\u00f4le<\/dt>\n<dd class=\"value\">T\u00c9L\u00c9COMMANDE<\/dd>\n<\/dl><\/h1>","protected":false},"excerpt":{"rendered":"<div class=\"product-reference\"><strong><label class=\"label\">R\u00e9f\u00e9rence :<\/label> SL91412<\/strong>\n<div><\/div>\n<div class=\"product-description-short\">\n<div id=\"product-description-short-3954\">\n<p>Illuminez avec style et contr\u00f4le total. Cette lampe LED d\u00e9corative de&nbsp;<strong>80W<\/strong>&nbsp;combine un design moderne avec&nbsp;<strong>Technologie CCT<\/strong>qui vous permet de r\u00e9gler la temp\u00e9rature de couleur en fonction de l'ambiance que vous souhaitez cr\u00e9er. Gr\u00e2ce \u00e0 la t\u00e9l\u00e9commande fournie, vous pouvez passer d'une lumi\u00e8re chaude, neutre ou froide d'un simple clic - \u00e9l\u00e9gance, puissance et polyvalence dans un seul luminaire !<\/p>\n<\/div>\n<\/div><\/div>","protected":false},"featured_media":43698,"template":"","meta":{"site-sidebar-layout":"default","site-content-layout":"default","ast-global-header-display":"","ast-main-header-display":"","ast-hfb-above-header-display":"","ast-hfb-below-header-display":"","ast-hfb-mobile-header-display":"","site-post-title":"","ast-breadcrumbs-content":"","ast-featured-img":"","footer-sml-layout":"","theme-transparent-header-meta":"default","adv-header-id-meta":"","stick-header-meta":"","header-above-stick-meta":"","header-main-stick-meta":"","header-below-stick-meta":""},"product_cat":[36,65,24],"product_tag":[],"class_list":["post-43694","product","type-product","status-publish","has-post-thumbnail","hentry","product_cat-apliques-led-y-decoracion","product_cat-decoracion-led","product_cat-novedades"],"yoast_head":"<!-- This site is optimized with the Yoast SEO plugin v27.4 - https:\/\/yoast.com\/product\/yoast-seo-wordpress\/ -->\n<title>L\u00e1mpara LED decorativa 80W Oslo - CCT - Control Remoto - STARLED Iluminacion<\/title>\n<meta name=\"robots\" content=\"index, follow, max-snippet:-1, max-image-preview:large, max-video-preview:-1\" \/>\n<link rel=\"canonical\" href=\"https:\/\/starlediluminacion.com\/fr\/product\/lampara-led-decorativa-80w-oslo-cct-control-remoto\/\" \/>\n<meta property=\"og:locale\" content=\"fr_FR\" \/>\n<meta property=\"og:type\" content=\"article\" \/>\n<meta property=\"og:title\" content=\"L\u00e1mpara LED decorativa 80W Oslo - CCT - Control Remoto - STARLED Iluminacion\" \/>\n<meta property=\"og:description\" content=\"Referencia: SL91412      Ilumina con estilo y total control. Esta l\u00e1mpara LED decorativa de\u00a080W\u00a0combina un dise\u00f1o moderno con\u00a0tecnolog\u00eda CCT, que te permite ajustar la temperatura de color seg\u00fan el ambiente que desees crear. Con el mando a distancia incluido, cambia entre luz c\u00e1lida, neutra o fr\u00eda con un solo clic. \u00a1Elegancia, potencia y versatilidad en una sola luminaria!\" \/>\n<meta property=\"og:url\" content=\"https:\/\/starlediluminacion.com\/fr\/product\/lampara-led-decorativa-80w-oslo-cct-control-remoto\/\" \/>\n<meta property=\"og:site_name\" content=\"STARLED Iluminacion\" \/>\n<meta property=\"article:modified_time\" content=\"2025-10-17T10:52:57+00:00\" \/>\n<meta property=\"og:image\" content=\"https:\/\/starlediluminacion.com\/wp-content\/uploads\/2025\/10\/lampara-led-decorativa-80w-oslo-cct-control-remoto.png\" \/>\n\t<meta property=\"og:image:width\" content=\"744\" \/>\n\t<meta property=\"og:image:height\" content=\"800\" \/>\n\t<meta property=\"og:image:type\" content=\"image\/png\" \/>\n<meta name=\"twitter:card\" content=\"summary_large_image\" \/>\n<meta name=\"twitter:label1\" content=\"Dur\u00e9e de lecture estim\u00e9e\" \/>\n\t<meta name=\"twitter:data1\" content=\"2 minutes\" \/>\n<script type=\"application\/ld+json\" class=\"yoast-schema-graph\">{\"@context\":\"https:\\\/\\\/schema.org\",\"@graph\":[{\"@type\":\"WebPage\",\"@id\":\"https:\\\/\\\/starlediluminacion.com\\\/pt\\\/product\\\/lampara-led-decorativa-80w-oslo-cct-control-remoto\\\/\",\"url\":\"https:\\\/\\\/starlediluminacion.com\\\/pt\\\/product\\\/lampara-led-decorativa-80w-oslo-cct-control-remoto\\\/\",\"name\":\"L\u00e1mpara LED decorativa 80W Oslo - CCT - Control Remoto - STARLED Iluminacion\",\"isPartOf\":{\"@id\":\"https:\\\/\\\/starlediluminacion.com\\\/#website\"},\"primaryImageOfPage\":{\"@id\":\"https:\\\/\\\/starlediluminacion.com\\\/pt\\\/product\\\/lampara-led-decorativa-80w-oslo-cct-control-remoto\\\/#primaryimage\"},\"image\":{\"@id\":\"https:\\\/\\\/starlediluminacion.com\\\/pt\\\/product\\\/lampara-led-decorativa-80w-oslo-cct-control-remoto\\\/#primaryimage\"},\"thumbnailUrl\":\"https:\\\/\\\/starlediluminacion.com\\\/wp-content\\\/uploads\\\/2025\\\/10\\\/lampara-led-decorativa-80w-oslo-cct-control-remoto.png\",\"datePublished\":\"2025-10-17T10:51:37+00:00\",\"dateModified\":\"2025-10-17T10:52:57+00:00\",\"breadcrumb\":{\"@id\":\"https:\\\/\\\/starlediluminacion.com\\\/pt\\\/product\\\/lampara-led-decorativa-80w-oslo-cct-control-remoto\\\/#breadcrumb\"},\"inLanguage\":\"fr-FR\",\"potentialAction\":[{\"@type\":\"ReadAction\",\"target\":[\"https:\\\/\\\/starlediluminacion.com\\\/pt\\\/product\\\/lampara-led-decorativa-80w-oslo-cct-control-remoto\\\/\"]}]},{\"@type\":\"ImageObject\",\"inLanguage\":\"fr-FR\",\"@id\":\"https:\\\/\\\/starlediluminacion.com\\\/pt\\\/product\\\/lampara-led-decorativa-80w-oslo-cct-control-remoto\\\/#primaryimage\",\"url\":\"https:\\\/\\\/starlediluminacion.com\\\/wp-content\\\/uploads\\\/2025\\\/10\\\/lampara-led-decorativa-80w-oslo-cct-control-remoto.png\",\"contentUrl\":\"https:\\\/\\\/starlediluminacion.com\\\/wp-content\\\/uploads\\\/2025\\\/10\\\/lampara-led-decorativa-80w-oslo-cct-control-remoto.png\",\"width\":744,\"height\":800},{\"@type\":\"BreadcrumbList\",\"@id\":\"https:\\\/\\\/starlediluminacion.com\\\/pt\\\/product\\\/lampara-led-decorativa-80w-oslo-cct-control-remoto\\\/#breadcrumb\",\"itemListElement\":[{\"@type\":\"ListItem\",\"position\":1,\"name\":\"Portada\",\"item\":\"https:\\\/\\\/starlediluminacion.com\\\/\"},{\"@type\":\"ListItem\",\"position\":2,\"name\":\"Shop\",\"item\":\"https:\\\/\\\/starlediluminacion.com\\\/shop-2\\\/\"},{\"@type\":\"ListItem\",\"position\":3,\"name\":\"L\u00e1mpara LED decorativa 80W Oslo &#8211; CCT &#8211; Control Remoto\"}]},{\"@type\":\"WebSite\",\"@id\":\"https:\\\/\\\/starlediluminacion.com\\\/#website\",\"url\":\"https:\\\/\\\/starlediluminacion.com\\\/\",\"name\":\"STARLED Iluminacion\",\"description\":\"\",\"potentialAction\":[{\"@type\":\"SearchAction\",\"target\":{\"@type\":\"EntryPoint\",\"urlTemplate\":\"https:\\\/\\\/starlediluminacion.com\\\/?s={search_term_string}\"},\"query-input\":{\"@type\":\"PropertyValueSpecification\",\"valueRequired\":true,\"valueName\":\"search_term_string\"}}],\"inLanguage\":\"fr-FR\"}]}<\/script>\n<!-- \/ Yoast SEO plugin. -->","yoast_head_json":{"title":"L\u00e1mpara LED decorativa 80W Oslo - CCT - Control Remoto - STARLED Iluminacion","robots":{"index":"index","follow":"follow","max-snippet":"max-snippet:-1","max-image-preview":"max-image-preview:large","max-video-preview":"max-video-preview:-1"},"canonical":"https:\/\/starlediluminacion.com\/fr\/product\/lampara-led-decorativa-80w-oslo-cct-control-remoto\/","og_locale":"fr_FR","og_type":"article","og_title":"L\u00e1mpara LED decorativa 80W Oslo - CCT - Control Remoto - STARLED Iluminacion","og_description":"Referencia: SL91412      Ilumina con estilo y total control. Esta l\u00e1mpara LED decorativa de\u00a080W\u00a0combina un dise\u00f1o moderno con\u00a0tecnolog\u00eda CCT, que te permite ajustar la temperatura de color seg\u00fan el ambiente que desees crear. Con el mando a distancia incluido, cambia entre luz c\u00e1lida, neutra o fr\u00eda con un solo clic. \u00a1Elegancia, potencia y versatilidad en una sola luminaria!","og_url":"https:\/\/starlediluminacion.com\/fr\/product\/lampara-led-decorativa-80w-oslo-cct-control-remoto\/","og_site_name":"STARLED Iluminacion","article_modified_time":"2025-10-17T10:52:57+00:00","og_image":[{"width":744,"height":800,"url":"https:\/\/starlediluminacion.com\/wp-content\/uploads\/2025\/10\/lampara-led-decorativa-80w-oslo-cct-control-remoto.png","type":"image\/png"}],"twitter_card":"summary_large_image","twitter_misc":{"Dur\u00e9e de lecture estim\u00e9e":"2 minutes"},"schema":{"@context":"https:\/\/schema.org","@graph":[{"@type":"WebPage","@id":"https:\/\/starlediluminacion.com\/pt\/product\/lampara-led-decorativa-80w-oslo-cct-control-remoto\/","url":"https:\/\/starlediluminacion.com\/pt\/product\/lampara-led-decorativa-80w-oslo-cct-control-remoto\/","name":"L\u00e1mpara LED decorativa 80W Oslo - CCT - Control Remoto - STARLED Iluminacion","isPartOf":{"@id":"https:\/\/starlediluminacion.com\/#website"},"primaryImageOfPage":{"@id":"https:\/\/starlediluminacion.com\/pt\/product\/lampara-led-decorativa-80w-oslo-cct-control-remoto\/#primaryimage"},"image":{"@id":"https:\/\/starlediluminacion.com\/pt\/product\/lampara-led-decorativa-80w-oslo-cct-control-remoto\/#primaryimage"},"thumbnailUrl":"https:\/\/starlediluminacion.com\/wp-content\/uploads\/2025\/10\/lampara-led-decorativa-80w-oslo-cct-control-remoto.png","datePublished":"2025-10-17T10:51:37+00:00","dateModified":"2025-10-17T10:52:57+00:00","breadcrumb":{"@id":"https:\/\/starlediluminacion.com\/pt\/product\/lampara-led-decorativa-80w-oslo-cct-control-remoto\/#breadcrumb"},"inLanguage":"fr-FR","potentialAction":[{"@type":"ReadAction","target":["https:\/\/starlediluminacion.com\/pt\/product\/lampara-led-decorativa-80w-oslo-cct-control-remoto\/"]}]},{"@type":"ImageObject","inLanguage":"fr-FR","@id":"https:\/\/starlediluminacion.com\/pt\/product\/lampara-led-decorativa-80w-oslo-cct-control-remoto\/#primaryimage","url":"https:\/\/starlediluminacion.com\/wp-content\/uploads\/2025\/10\/lampara-led-decorativa-80w-oslo-cct-control-remoto.png","contentUrl":"https:\/\/starlediluminacion.com\/wp-content\/uploads\/2025\/10\/lampara-led-decorativa-80w-oslo-cct-control-remoto.png","width":744,"height":800},{"@type":"BreadcrumbList","@id":"https:\/\/starlediluminacion.com\/pt\/product\/lampara-led-decorativa-80w-oslo-cct-control-remoto\/#breadcrumb","itemListElement":[{"@type":"ListItem","position":1,"name":"Portada","item":"https:\/\/starlediluminacion.com\/"},{"@type":"ListItem","position":2,"name":"Shop","item":"https:\/\/starlediluminacion.com\/shop-2\/"},{"@type":"ListItem","position":3,"name":"L\u00e1mpara LED decorativa 80W Oslo &#8211; CCT &#8211; Control Remoto"}]},{"@type":"WebSite","@id":"https:\/\/starlediluminacion.com\/#website","url":"https:\/\/starlediluminacion.com\/","name":"STARLED Iluminacion","description":"","potentialAction":[{"@type":"SearchAction","target":{"@type":"EntryPoint","urlTemplate":"https:\/\/starlediluminacion.com\/?s={search_term_string}"},"query-input":{"@type":"PropertyValueSpecification","valueRequired":true,"valueName":"search_term_string"}}],"inLanguage":"fr-FR"}]}},"_links":{"self":[{"href":"https:\/\/starlediluminacion.com\/fr\/wp-json\/wp\/v3\/product\/43694","targetHints":{"allow":["GET"]}}],"collection":[{"href":"https:\/\/starlediluminacion.com\/fr\/wp-json\/wp\/v3\/product"}],"about":[{"href":"https:\/\/starlediluminacion.com\/fr\/wp-json\/wp\/v2\/types\/product"}],"wp:featuredmedia":[{"embeddable":true,"href":"https:\/\/starlediluminacion.com\/fr\/wp-json\/wp\/v2\/media\/43698"}],"wp:attachment":[{"href":"https:\/\/starlediluminacion.com\/fr\/wp-json\/wp\/v2\/media?parent=43694"}],"wp:term":[{"taxonomy":"product_cat","embeddable":true,"href":"https:\/\/starlediluminacion.com\/fr\/wp-json\/wp\/v2\/product_cat?post=43694"},{"taxonomy":"product_tag","embeddable":true,"href":"https:\/\/starlediluminacion.com\/fr\/wp-json\/wp\/v2\/product_tag?post=43694"}],"curies":[{"name":"wp","href":"https:\/\/api.w.org\/{rel}","templated":true}]}}